{"id":93,"date":"2013-12-11T08:49:00","date_gmt":"2013-12-11T07:49:00","guid":{"rendered":"http:\/\/123.30.143.210\/web\/?page_id=93"},"modified":"2025-05-02T21:06:23","modified_gmt":"2025-05-02T14:06:23","slug":"moteurs-de-recherche","status":"publish","type":"page","link":"https:\/\/efip.ctu.edu.vn\/web\/ressources\/moteurs-de-recherche\/","title":{"rendered":"Moteurs de recherche"},"content":{"rendered":"<p style=\"text-align: center;\"><a href=\"https:\/\/efip.ctu.edu.vn\/web\/wp-content\/uploads\/2020\/05\/Capture-d\u2019\u00e9cran-2020-05-15-\u00e0-10.04.19.png\"><img decoding=\"async\" class=\"alignnone size-medium wp-image-1008\" src=\"https:\/\/efip.ctu.edu.vn\/web\/wp-content\/uploads\/2020\/05\/Capture-d\u2019\u00e9cran-2020-05-15-\u00e0-10.04.19-300x78.png\" alt=\"\" width=\"300\" height=\"78\" \/><\/a><a href=\"https:\/\/efip.ctu.edu.vn\/web\/wp-content\/uploads\/2025\/05\/PubMed.png\"><img decoding=\"async\" class=\"alignnone size-medium wp-image-4232\" src=\"https:\/\/efip.ctu.edu.vn\/web\/wp-content\/uploads\/2025\/05\/PubMed-300x78.png\" alt=\"\" width=\"300\" height=\"78\" srcset=\"https:\/\/efip.ctu.edu.vn\/web\/wp-content\/uploads\/2025\/05\/PubMed-300x78.png 300w, https:\/\/efip.ctu.edu.vn\/web\/wp-content\/uploads\/2025\/05\/PubMed-1024x267.png 1024w, https:\/\/efip.ctu.edu.vn\/web\/wp-content\/uploads\/2025\/05\/PubMed-768x201.png 768w, https:\/\/efip.ctu.edu.vn\/web\/wp-content\/uploads\/2025\/05\/PubMed.png 1038w\" sizes=\"(max-width: 300px) 100vw, 300px\" \/><\/a><\/p>\n<p style=\"text-align: right;\"><strong>\u00a0 \u00a0 \u00a0 \u00a0 \u00a0 \u00a0 PUBMED :\u00a0<a href=\"http:\/\/www.ncbi.nlm.nih.gov\/pubmed\" target=\"_blank\" rel=\"noopener noreferrer\">http:\/\/www.ncbi.nlm.nih.gov\/pubmed<\/a>\u00a0ou <a href=\"https:\/\/pubmed.ncbi.nlm.nih.gov\" target=\"_blank\" rel=\"noopener noreferrer\">https:\/\/pubmed.ncbi.nlm.nih.gov<\/a><\/strong><\/p>\n<p style=\"text-align: justify;\">PubMed comprend plus de 30 millions de citations de litt\u00e9rature biom\u00e9dicale de MEDLINE, revues de sciences de la vie, et des livres en ligne. Citations peuvent inclure des liens vers le contenu en texte int\u00e9gral \u00e0 partir de PubMed Central et les sites Web des \u00e9diteurs.<\/p>\n<p style=\"text-align: center;\"><a href=\"https:\/\/efip.ctu.edu.vn\/web\/wp-content\/uploads\/2020\/05\/Capture-d\u2019\u00e9cran-2020-05-15-\u00e0-10.08.39.png\"><img decoding=\"async\" class=\"alignnone size-medium wp-image-1012\" src=\"https:\/\/efip.ctu.edu.vn\/web\/wp-content\/uploads\/2020\/05\/Capture-d\u2019\u00e9cran-2020-05-15-\u00e0-10.08.39-300x58.png\" alt=\"\" width=\"300\" height=\"58\" srcset=\"https:\/\/efip.ctu.edu.vn\/web\/wp-content\/uploads\/2020\/05\/Capture-d\u2019\u00e9cran-2020-05-15-\u00e0-10.08.39-300x58.png 300w, https:\/\/efip.ctu.edu.vn\/web\/wp-content\/uploads\/2020\/05\/Capture-d\u2019\u00e9cran-2020-05-15-\u00e0-10.08.39-768x149.png 768w, https:\/\/efip.ctu.edu.vn\/web\/wp-content\/uploads\/2020\/05\/Capture-d\u2019\u00e9cran-2020-05-15-\u00e0-10.08.39-110x21.png 110w, https:\/\/efip.ctu.edu.vn\/web\/wp-content\/uploads\/2020\/05\/Capture-d\u2019\u00e9cran-2020-05-15-\u00e0-10.08.39-420x82.png 420w, https:\/\/efip.ctu.edu.vn\/web\/wp-content\/uploads\/2020\/05\/Capture-d\u2019\u00e9cran-2020-05-15-\u00e0-10.08.39-770x150.png 770w, https:\/\/efip.ctu.edu.vn\/web\/wp-content\/uploads\/2020\/05\/Capture-d\u2019\u00e9cran-2020-05-15-\u00e0-10.08.39.png 999w\" sizes=\"(max-width: 300px) 100vw, 300px\" \/><\/a><a href=\"https:\/\/efip.ctu.edu.vn\/web\/wp-content\/uploads\/2025\/05\/ScienceDirect.png\"><img loading=\"lazy\" decoding=\"async\" class=\"alignnone size-medium wp-image-4233\" src=\"https:\/\/efip.ctu.edu.vn\/web\/wp-content\/uploads\/2025\/05\/ScienceDirect-300x58.png\" alt=\"\" width=\"300\" height=\"58\" srcset=\"https:\/\/efip.ctu.edu.vn\/web\/wp-content\/uploads\/2025\/05\/ScienceDirect-300x58.png 300w, https:\/\/efip.ctu.edu.vn\/web\/wp-content\/uploads\/2025\/05\/ScienceDirect-768x149.png 768w, https:\/\/efip.ctu.edu.vn\/web\/wp-content\/uploads\/2025\/05\/ScienceDirect.png 999w\" sizes=\"(max-width: 300px) 100vw, 300px\" \/><\/a><\/p>\n<p style=\"text-align: right;\"><strong>SCIENCE DIRECT:\u00a0<a href=\"http:\/\/www.sciencedirect.com\/\" target=\"_blank\" rel=\"noopener noreferrer\">http:\/\/www.sciencedirect.com\/<\/a><\/strong><\/p>\n<p style=\"text-align: justify;\">ScienceDirect est un leader en texte int\u00e9gral qui\u00a0 base sur des donn\u00e9es des articles scientifiques, offre de revues et de chapitres de livres de plus de 2 500 revues et plus de 11.000 livres . Il y a actuellement plus de 11 millions d\u2019articles \/ chapitres, une base de contenu qui cro\u00eet \u00e0 un taux de pr\u00e8s de 0,5 millions de clients suppl\u00e9mentaires par an .<\/p>\n<p style=\"text-align: justify;\">La plate-forme offre recherche sophistiqu\u00e9 et la fonctionnalit\u00e9 de recherche qui permet \u00e0 l\u2019 utilisateur afin de maximiser l\u2019efficacit\u00e9 de leur processus de d\u00e9couverte de connaissances . De nouveaux outils facilitent la recherche des agents d\u2019\u00e9coulement de travail tels que l\u2019acc\u00e8s au contenu \u00e0 un stade de la publication anticip\u00e9e et efficace document de plusieurs t\u00e9l\u00e9chargement de contenu qui peut \u00eatre stock , imprim\u00e9 et transmis \u00e0 ses coll\u00e8gues .<\/p>\n<p style=\"text-align: justify;\">L\u2019environnement Web offre de nouvelles fa\u00e7ons de pr\u00e9senter l\u2019information ainsi que l\u2019am\u00e9lioration avec d\u2019autres sources de contenu bas\u00e9 sur les technologies s\u00e9mantiques , par exemple, NextBio . En outre, depuis 2003 , de nombreux auteurs ont soumis le contenu suppl\u00e9mentaire de la valeur ajout\u00e9e associ\u00e9e \u00e0 la recherche, tels que des fichiers audio et vid\u00e9o, les jeux et autres contenus suppl\u00e9mentaires, acc\u00e9l\u00e9rant efficacement la recherche au-del\u00e0 du format d\u2019impression.<\/p>\n<p style=\"text-align: center;\"><a href=\"https:\/\/efip.ctu.edu.vn\/web\/wp-content\/uploads\/2020\/05\/Capture-d\u2019\u00e9cran-2020-05-15-\u00e0-10.00.08.png\"><img loading=\"lazy\" decoding=\"async\" class=\"alignnone size-medium wp-image-1005\" src=\"https:\/\/efip.ctu.edu.vn\/web\/wp-content\/uploads\/2020\/05\/Capture-d\u2019\u00e9cran-2020-05-15-\u00e0-10.00.08-300x96.png\" alt=\"\" width=\"300\" height=\"96\" srcset=\"https:\/\/efip.ctu.edu.vn\/web\/wp-content\/uploads\/2020\/05\/Capture-d\u2019\u00e9cran-2020-05-15-\u00e0-10.00.08-300x96.png 300w, https:\/\/efip.ctu.edu.vn\/web\/wp-content\/uploads\/2020\/05\/Capture-d\u2019\u00e9cran-2020-05-15-\u00e0-10.00.08-110x35.png 110w, https:\/\/efip.ctu.edu.vn\/web\/wp-content\/uploads\/2020\/05\/Capture-d\u2019\u00e9cran-2020-05-15-\u00e0-10.00.08-420x135.png 420w, https:\/\/efip.ctu.edu.vn\/web\/wp-content\/uploads\/2020\/05\/Capture-d\u2019\u00e9cran-2020-05-15-\u00e0-10.00.08.png 649w\" sizes=\"(max-width: 300px) 100vw, 300px\" \/><\/a><a href=\"https:\/\/efip.ctu.edu.vn\/web\/wp-content\/uploads\/2025\/05\/GoogleScholar.png\"><img loading=\"lazy\" decoding=\"async\" class=\"alignnone size-medium wp-image-4235\" src=\"https:\/\/efip.ctu.edu.vn\/web\/wp-content\/uploads\/2025\/05\/GoogleScholar-300x96.png\" alt=\"\" width=\"300\" height=\"96\" srcset=\"https:\/\/efip.ctu.edu.vn\/web\/wp-content\/uploads\/2025\/05\/GoogleScholar-300x96.png 300w, https:\/\/efip.ctu.edu.vn\/web\/wp-content\/uploads\/2025\/05\/GoogleScholar.png 649w\" sizes=\"(max-width: 300px) 100vw, 300px\" \/><\/a><\/p>\n<p style=\"text-align: right;\"><strong>\u00a0 \u00a0 \u00a0GOOGLE SCHOLAR :\u00a0<a href=\"http:\/\/scholar.google.com.vn\/\" target=\"_blank\" rel=\"noopener noreferrer\">http:\/\/scholar.google.com.vn\/<\/a><\/strong><\/p>\n<p>Google Scholar est un moteur de recherche qui inventorie des articles universitaires (approuv\u00e9s ou non par un comit\u00e9 de lecture), des th\u00e8ses de type universitaires, des citations et des livres scientifiques. Dans une \u00e9tude publi\u00e9e en 2019, Michael Gusenbauer estimait le nombre de r\u00e9f\u00e9rences totales \u00e0 environ 389 millions d&#8217;entr\u00e9es<sup id=\"cite_ref-:0_1-0\" class=\"reference\"><a href=\"https:\/\/fr.wikipedia.org\/wiki\/Google_Scholar#cite_note-:0-1\" target=\"_blank\" rel=\"noopener noreferrer\">1.<\/a><\/sup><\/p>\n\n\n<p class=\"has-text-align-right\">Page mise \u00e0 jour le 02 mai 2025.<\/p>\n","protected":false},"excerpt":{"rendered":"<p>\u00a0 \u00a0 \u00a0 \u00a0 \u00a0 \u00a0 PUBMED :\u00a0http:\/\/www.ncbi.nlm.nih.gov\/pubmed\u00a0ou https:\/\/pubmed.ncbi.nlm.nih.gov PubMed comprend plus de 30 millions de citations de litt\u00e9rature biom\u00e9dicale &hellip; <br \/><a href=\"https:\/\/efip.ctu.edu.vn\/web\/ressources\/moteurs-de-recherche\/\" class=\"more-link\">Continue reading <span class=\"screen-reader-text\">Moteurs de recherche<\/span><\/a><\/p>\n","protected":false},"author":1,"featured_media":4310,"parent":62,"menu_order":2,"comment_status":"closed","ping_status":"open","template":"","meta":{"footnotes":""},"class_list":["post-93","page","type-page","status-publish","has-post-thumbnail","hentry"],"yoast_head":"<!-- This site is optimized with the Yoast SEO plugin v25.0 - https:\/\/yoast.com\/wordpress\/plugins\/seo\/ -->\n<title>Moteurs de recherche scientifique - EFIP de Can Tho<\/title>\n<meta name=\"description\" content=\"Vous trouverez ici quelques moteurs de recherche scientifique qui vous permettront de trouver des articles, revues et livres en lien avec vos \u00e9tudes.\" \/>\n<meta name=\"robots\" content=\"index, follow, max-snippet:-1, max-image-preview:large, max-video-preview:-1\" \/>\n<link rel=\"canonical\" href=\"https:\/\/efip.ctu.edu.vn\/web\/ressources\/moteurs-de-recherche\/\" \/>\n<meta property=\"og:locale\" content=\"en_US\" \/>\n<meta property=\"og:type\" content=\"article\" \/>\n<meta property=\"og:title\" content=\"Moteurs de recherche scientifique - EFIP de Can Tho\" \/>\n<meta property=\"og:description\" content=\"Vous trouverez ici quelques moteurs de recherche scientifique qui vous permettront de trouver des articles, revues et livres en lien avec vos \u00e9tudes.\" \/>\n<meta property=\"og:url\" content=\"https:\/\/efip.ctu.edu.vn\/web\/ressources\/moteurs-de-recherche\/\" \/>\n<meta property=\"og:site_name\" content=\"EFIP\" \/>\n<meta property=\"article:publisher\" content=\"https:\/\/www.facebook.com\/efipCanTho\" \/>\n<meta property=\"article:modified_time\" content=\"2025-05-02T14:06:23+00:00\" \/>\n<meta property=\"og:image\" content=\"https:\/\/efip.ctu.edu.vn\/web\/wp-content\/uploads\/2020\/05\/Capture-d\u2019\u00e9cran-2020-05-15-\u00e0-10.04.19.png\" \/>\n\t<meta property=\"og:image:width\" content=\"1038\" \/>\n\t<meta property=\"og:image:height\" content=\"271\" \/>\n\t<meta property=\"og:image:type\" content=\"image\/png\" \/>\n<meta name=\"twitter:card\" content=\"summary_large_image\" \/>\n<meta name=\"twitter:label1\" content=\"Est. reading time\" \/>\n\t<meta name=\"twitter:data1\" content=\"3 minutes\" \/>\n<script type=\"application\/ld+json\" class=\"yoast-schema-graph\">{\"@context\":\"https:\/\/schema.org\",\"@graph\":[{\"@type\":\"WebPage\",\"@id\":\"https:\/\/efip.ctu.edu.vn\/web\/ressources\/moteurs-de-recherche\/\",\"url\":\"https:\/\/efip.ctu.edu.vn\/web\/ressources\/moteurs-de-recherche\/\",\"name\":\"Moteurs de recherche scientifique - EFIP de Can Tho\",\"isPartOf\":{\"@id\":\"https:\/\/efip.ctu.edu.vn\/web\/#website\"},\"primaryImageOfPage\":{\"@id\":\"https:\/\/efip.ctu.edu.vn\/web\/ressources\/moteurs-de-recherche\/#primaryimage\"},\"image\":{\"@id\":\"https:\/\/efip.ctu.edu.vn\/web\/ressources\/moteurs-de-recherche\/#primaryimage\"},\"thumbnailUrl\":\"https:\/\/efip.ctu.edu.vn\/web\/wp-content\/uploads\/2025\/05\/milad-fakurian-ePAL0f6jjr0-unsplash-scaled.jpg\",\"datePublished\":\"2013-12-11T07:49:00+00:00\",\"dateModified\":\"2025-05-02T14:06:23+00:00\",\"description\":\"Vous trouverez ici quelques moteurs de recherche scientifique qui vous permettront de trouver des articles, revues et livres en lien avec vos \u00e9tudes.\",\"breadcrumb\":{\"@id\":\"https:\/\/efip.ctu.edu.vn\/web\/ressources\/moteurs-de-recherche\/#breadcrumb\"},\"inLanguage\":\"en-US\",\"potentialAction\":[{\"@type\":\"ReadAction\",\"target\":[\"https:\/\/efip.ctu.edu.vn\/web\/ressources\/moteurs-de-recherche\/\"]}]},{\"@type\":\"ImageObject\",\"inLanguage\":\"en-US\",\"@id\":\"https:\/\/efip.ctu.edu.vn\/web\/ressources\/moteurs-de-recherche\/#primaryimage\",\"url\":\"https:\/\/efip.ctu.edu.vn\/web\/wp-content\/uploads\/2025\/05\/milad-fakurian-ePAL0f6jjr0-unsplash-scaled.jpg\",\"contentUrl\":\"https:\/\/efip.ctu.edu.vn\/web\/wp-content\/uploads\/2025\/05\/milad-fakurian-ePAL0f6jjr0-unsplash-scaled.jpg\",\"width\":2560,\"height\":1709},{\"@type\":\"BreadcrumbList\",\"@id\":\"https:\/\/efip.ctu.edu.vn\/web\/ressources\/moteurs-de-recherche\/#breadcrumb\",\"itemListElement\":[{\"@type\":\"ListItem\",\"position\":1,\"name\":\"Accueil\",\"item\":\"https:\/\/efip.ctu.edu.vn\/web\/\"},{\"@type\":\"ListItem\",\"position\":2,\"name\":\"Ressources en ligne\",\"item\":\"https:\/\/efip.ctu.edu.vn\/web\/ressources\/\"},{\"@type\":\"ListItem\",\"position\":3,\"name\":\"Moteurs de recherche\"}]},{\"@type\":\"WebSite\",\"@id\":\"https:\/\/efip.ctu.edu.vn\/web\/#website\",\"url\":\"https:\/\/efip.ctu.edu.vn\/web\/\",\"name\":\"EFIP de Can Tho\",\"description\":\"Espace Francophone d&#039;Innovation et de Partenariat\",\"publisher\":{\"@id\":\"https:\/\/efip.ctu.edu.vn\/web\/#organization\"},\"potentialAction\":[{\"@type\":\"SearchAction\",\"target\":{\"@type\":\"EntryPoint\",\"urlTemplate\":\"https:\/\/efip.ctu.edu.vn\/web\/?s={search_term_string}\"},\"query-input\":{\"@type\":\"PropertyValueSpecification\",\"valueRequired\":true,\"valueName\":\"search_term_string\"}}],\"inLanguage\":\"en-US\"},{\"@type\":\"Organization\",\"@id\":\"https:\/\/efip.ctu.edu.vn\/web\/#organization\",\"name\":\"EFIP\",\"url\":\"https:\/\/efip.ctu.edu.vn\/web\/\",\"logo\":{\"@type\":\"ImageObject\",\"inLanguage\":\"en-US\",\"@id\":\"https:\/\/efip.ctu.edu.vn\/web\/#\/schema\/logo\/image\/\",\"url\":\"https:\/\/efip.ctu.edu.vn\/web\/wp-content\/uploads\/2025\/05\/efip2-150x89-1.jpg\",\"contentUrl\":\"https:\/\/efip.ctu.edu.vn\/web\/wp-content\/uploads\/2025\/05\/efip2-150x89-1.jpg\",\"width\":150,\"height\":89,\"caption\":\"EFIP\"},\"image\":{\"@id\":\"https:\/\/efip.ctu.edu.vn\/web\/#\/schema\/logo\/image\/\"},\"sameAs\":[\"https:\/\/www.facebook.com\/efipCanTho\"]}]}<\/script>\n<!-- \/ Yoast SEO plugin. -->","yoast_head_json":{"title":"Moteurs de recherche scientifique - EFIP de Can Tho","description":"Vous trouverez ici quelques moteurs de recherche scientifique qui vous permettront de trouver des articles, revues et livres en lien avec vos \u00e9tudes.","robots":{"index":"index","follow":"follow","max-snippet":"max-snippet:-1","max-image-preview":"max-image-preview:large","max-video-preview":"max-video-preview:-1"},"canonical":"https:\/\/efip.ctu.edu.vn\/web\/ressources\/moteurs-de-recherche\/","og_locale":"en_US","og_type":"article","og_title":"Moteurs de recherche scientifique - EFIP de Can Tho","og_description":"Vous trouverez ici quelques moteurs de recherche scientifique qui vous permettront de trouver des articles, revues et livres en lien avec vos \u00e9tudes.","og_url":"https:\/\/efip.ctu.edu.vn\/web\/ressources\/moteurs-de-recherche\/","og_site_name":"EFIP","article_publisher":"https:\/\/www.facebook.com\/efipCanTho","article_modified_time":"2025-05-02T14:06:23+00:00","og_image":[{"width":1038,"height":271,"url":"https:\/\/efip.ctu.edu.vn\/web\/wp-content\/uploads\/2020\/05\/Capture-d\u2019\u00e9cran-2020-05-15-\u00e0-10.04.19.png","type":"image\/png"}],"twitter_card":"summary_large_image","twitter_misc":{"Est. reading time":"3 minutes"},"schema":{"@context":"https:\/\/schema.org","@graph":[{"@type":"WebPage","@id":"https:\/\/efip.ctu.edu.vn\/web\/ressources\/moteurs-de-recherche\/","url":"https:\/\/efip.ctu.edu.vn\/web\/ressources\/moteurs-de-recherche\/","name":"Moteurs de recherche scientifique - EFIP de Can Tho","isPartOf":{"@id":"https:\/\/efip.ctu.edu.vn\/web\/#website"},"primaryImageOfPage":{"@id":"https:\/\/efip.ctu.edu.vn\/web\/ressources\/moteurs-de-recherche\/#primaryimage"},"image":{"@id":"https:\/\/efip.ctu.edu.vn\/web\/ressources\/moteurs-de-recherche\/#primaryimage"},"thumbnailUrl":"https:\/\/efip.ctu.edu.vn\/web\/wp-content\/uploads\/2025\/05\/milad-fakurian-ePAL0f6jjr0-unsplash-scaled.jpg","datePublished":"2013-12-11T07:49:00+00:00","dateModified":"2025-05-02T14:06:23+00:00","description":"Vous trouverez ici quelques moteurs de recherche scientifique qui vous permettront de trouver des articles, revues et livres en lien avec vos \u00e9tudes.","breadcrumb":{"@id":"https:\/\/efip.ctu.edu.vn\/web\/ressources\/moteurs-de-recherche\/#breadcrumb"},"inLanguage":"en-US","potentialAction":[{"@type":"ReadAction","target":["https:\/\/efip.ctu.edu.vn\/web\/ressources\/moteurs-de-recherche\/"]}]},{"@type":"ImageObject","inLanguage":"en-US","@id":"https:\/\/efip.ctu.edu.vn\/web\/ressources\/moteurs-de-recherche\/#primaryimage","url":"https:\/\/efip.ctu.edu.vn\/web\/wp-content\/uploads\/2025\/05\/milad-fakurian-ePAL0f6jjr0-unsplash-scaled.jpg","contentUrl":"https:\/\/efip.ctu.edu.vn\/web\/wp-content\/uploads\/2025\/05\/milad-fakurian-ePAL0f6jjr0-unsplash-scaled.jpg","width":2560,"height":1709},{"@type":"BreadcrumbList","@id":"https:\/\/efip.ctu.edu.vn\/web\/ressources\/moteurs-de-recherche\/#breadcrumb","itemListElement":[{"@type":"ListItem","position":1,"name":"Accueil","item":"https:\/\/efip.ctu.edu.vn\/web\/"},{"@type":"ListItem","position":2,"name":"Ressources en ligne","item":"https:\/\/efip.ctu.edu.vn\/web\/ressources\/"},{"@type":"ListItem","position":3,"name":"Moteurs de recherche"}]},{"@type":"WebSite","@id":"https:\/\/efip.ctu.edu.vn\/web\/#website","url":"https:\/\/efip.ctu.edu.vn\/web\/","name":"EFIP de Can Tho","description":"Espace Francophone d&#039;Innovation et de Partenariat","publisher":{"@id":"https:\/\/efip.ctu.edu.vn\/web\/#organization"},"potentialAction":[{"@type":"SearchAction","target":{"@type":"EntryPoint","urlTemplate":"https:\/\/efip.ctu.edu.vn\/web\/?s={search_term_string}"},"query-input":{"@type":"PropertyValueSpecification","valueRequired":true,"valueName":"search_term_string"}}],"inLanguage":"en-US"},{"@type":"Organization","@id":"https:\/\/efip.ctu.edu.vn\/web\/#organization","name":"EFIP","url":"https:\/\/efip.ctu.edu.vn\/web\/","logo":{"@type":"ImageObject","inLanguage":"en-US","@id":"https:\/\/efip.ctu.edu.vn\/web\/#\/schema\/logo\/image\/","url":"https:\/\/efip.ctu.edu.vn\/web\/wp-content\/uploads\/2025\/05\/efip2-150x89-1.jpg","contentUrl":"https:\/\/efip.ctu.edu.vn\/web\/wp-content\/uploads\/2025\/05\/efip2-150x89-1.jpg","width":150,"height":89,"caption":"EFIP"},"image":{"@id":"https:\/\/efip.ctu.edu.vn\/web\/#\/schema\/logo\/image\/"},"sameAs":["https:\/\/www.facebook.com\/efipCanTho"]}]}},"_links":{"self":[{"href":"https:\/\/efip.ctu.edu.vn\/web\/wp-json\/wp\/v2\/pages\/93","targetHints":{"allow":["GET"]}}],"collection":[{"href":"https:\/\/efip.ctu.edu.vn\/web\/wp-json\/wp\/v2\/pages"}],"about":[{"href":"https:\/\/efip.ctu.edu.vn\/web\/wp-json\/wp\/v2\/types\/page"}],"author":[{"embeddable":true,"href":"https:\/\/efip.ctu.edu.vn\/web\/wp-json\/wp\/v2\/users\/1"}],"replies":[{"embeddable":true,"href":"https:\/\/efip.ctu.edu.vn\/web\/wp-json\/wp\/v2\/comments?post=93"}],"version-history":[{"count":12,"href":"https:\/\/efip.ctu.edu.vn\/web\/wp-json\/wp\/v2\/pages\/93\/revisions"}],"predecessor-version":[{"id":4236,"href":"https:\/\/efip.ctu.edu.vn\/web\/wp-json\/wp\/v2\/pages\/93\/revisions\/4236"}],"up":[{"embeddable":true,"href":"https:\/\/efip.ctu.edu.vn\/web\/wp-json\/wp\/v2\/pages\/62"}],"wp:featuredmedia":[{"embeddable":true,"href":"https:\/\/efip.ctu.edu.vn\/web\/wp-json\/wp\/v2\/media\/4310"}],"wp:attachment":[{"href":"https:\/\/efip.ctu.edu.vn\/web\/wp-json\/wp\/v2\/media?parent=93"}],"curies":[{"name":"wp","href":"https:\/\/api.w.org\/{rel}","templated":true}]}}