{"id":9,"date":"2013-12-11T03:58:15","date_gmt":"2013-12-11T02:58:15","guid":{"rendered":"http:\/\/123.30.143.210\/web\/?page_id=9"},"modified":"2025-05-02T10:22:00","modified_gmt":"2025-05-02T03:22:00","slug":"lauf-et-le-bureau-asie-pacifique","status":"publish","type":"page","link":"https:\/\/efip.ctu.edu.vn\/web\/presentation\/lauf-et-le-bureau-asie-pacifique\/","title":{"rendered":"L&#8217;AUF et le Bureau Asie-Pacifique"},"content":{"rendered":"<h2 style=\"text-align: justify;\"><b>L<\/b><b>\u2018Agence universitaire de la francophonie<\/b><\/h2>\n<p style=\"text-align: justify;\"><a href=\"https:\/\/efip.ctu.edu.vn\/web\/wp-content\/uploads\/2025\/05\/LOGO-AUF2023.png\"><img decoding=\"async\" class=\"wp-image-4184 size-medium aligncenter\" title=\"AUF\" src=\"https:\/\/efip.ctu.edu.vn\/web\/wp-content\/uploads\/2025\/05\/LOGO-AUF2023-300x147.png\" alt=\"\" width=\"300\" height=\"147\" srcset=\"https:\/\/efip.ctu.edu.vn\/web\/wp-content\/uploads\/2025\/05\/LOGO-AUF2023-300x147.png 300w, https:\/\/efip.ctu.edu.vn\/web\/wp-content\/uploads\/2025\/05\/LOGO-AUF2023-1024x501.png 1024w, https:\/\/efip.ctu.edu.vn\/web\/wp-content\/uploads\/2025\/05\/LOGO-AUF2023-768x376.png 768w, https:\/\/efip.ctu.edu.vn\/web\/wp-content\/uploads\/2025\/05\/LOGO-AUF2023-1536x752.png 1536w, https:\/\/efip.ctu.edu.vn\/web\/wp-content\/uploads\/2025\/05\/LOGO-AUF2023-2048x1003.png 2048w\" sizes=\"(max-width: 300px) 100vw, 300px\" \/><\/a><\/p>\n<p style=\"text-align: justify;\">L\u2019Agence universitaire de la francophonie (AUF) est un r\u00e9seau mondial d\u2019\u00e9tablissements d\u2019enseignement sup\u00e9rieur et de recherche francophones. Avec plus de 1 200<b>\u00a0membres<\/b> pr\u00e9sents dans <strong>120<\/strong><b>\u00a0pays<\/b>, c\u2019est l\u2019une des plus grandes associations d\u2019universit\u00e9s utilisant une langue commune pour l\u2019enseignement et la recherche.<\/p>\n<p style=\"text-align: justify;\">L\u2019AUF est pr\u00e9sente dans <b>43 pays<\/b> avec <strong>41<\/strong><b>\u00a0bureaux nationaux, 27 Centres num\u00e9riques francophones, 32 Centres d&#8217;employabilit\u00e9 francophone <\/b>. Son si\u00e8ge est situ\u00e9 sur le\u00a0campus\u00a0de l\u2019Universit\u00e9 de Montr\u00e9al, ses services centraux \u00e0 Paris.<\/p>\n<p style=\"text-align: justify;\">L\u2019AUF a pour mission de contribuer \u00e0 la <b>solidarit\u00e9 entre les \u00e9tablissements universitaires francophones<\/b> et au <b>d\u00e9veloppement d\u2019un espace scientifique<\/b> en fran\u00e7ais dans le respect de la diversit\u00e9 des cultures et des langues. Selon sa strat\u00e9gie 2021-2025, <strong>elle accompagne les \u00e9tablissements d&#8217;enseignement sup\u00e9rieur et de recherche autour de 5 grands axes <\/strong>: <strong>Transformation num\u00e9rique et gouvernance universitaire, Employabilit\u00e9 &amp; entrepreneuriat, R\u00e9seautage et coop\u00e9ration internationale, Formations des formateurs et innovation p\u00e9dagogique et Recherche et valorisation<\/strong>.<\/p>\n<p style=\"text-align: justify;\">Parmi les activit\u00e9s de l\u2019AUF, <b>la cr\u00e9ation et l\u2019animation de campus num\u00e9riques (CNF) et de centres d&#8217;employabilit\u00e9 francophone (CEF)<\/b>\u00a0sur de nombreux campus francophones.<\/p>\n<p style=\"text-align: justify;\">Elle offre \u00e9galement aux publics universitaires la possibilit\u00e9 de se former aux technologies de l\u2019information et de la communication ; d\u00e9veloppe un dispositif technologique d\u2019appui \u00e0 l\u2019enseignement sup\u00e9rieur et propose des formations de niveau licences et master \u00e0 distance ou bien en pr\u00e9sentiel en coop\u00e9ration avec des universit\u00e9s membres.<\/p>\n<p style=\"text-align: right;\" align=\"right\"><b>En savoir plus :<\/b><b>\u00a0<\/b><a href=\"http:\/\/www.auf.org\/\"><b>http:\/\/www.auf.org\/<\/b><\/a><\/p>\n<h2 style=\"text-align: justify;\"><b>Le Bureau Asie-Pacifique de l\u2019AUF<\/b><\/h2>\n<blockquote>\n<p>&#8220;Le Fran\u00e7ais, langue de r\u00e9ussite en Asie&#8221;<\/p>\n<\/blockquote>\n<p style=\"text-align: justify;\">L\u2019Agence universitaire de la Francophonie (AUF) est install\u00e9e dans la r\u00e9gion Asie-Pacifique depuis 1993, date d\u2019ouverture de son bureau r\u00e9gional pour l\u2019Asie-Pacifique, au Vietnam, \u00e0 Hano\u00ef.<\/p>\n<p style=\"text-align: justify;\">Elle compte aujourd\u2019hui <strong>90<\/strong><b>\u00a0\u00e9tablissements<\/b> membres\u00a0r\u00e9partis dans <b>15 \u00c9tats de la r\u00e9gion <\/b>(Cambodge, Chine, Cor\u00e9e du Sud, Inde, Indon\u00e9sie, Fidji, Laos, Malaisie, Mongolie, Myanmar, Tha\u00eflande, Vanuatu et Vietnam) ainsi que <b>2 Collectivit\u00e9s d\u2019Outre-Mer<\/b> de la R\u00e9publique Fran\u00e7aise : la Nouvelle Cal\u00e9donie et la Polyn\u00e9sie fran\u00e7aise.<\/p>\n<p style=\"text-align: justify;\">L\u2019Agence concentre ses actions dans les th\u00e9matiques importantes pour la Francophonie :<\/p>\n<ul>\n<li>Favoriser l\u2019employabilit\u00e9 et l\u2019insertion professionnelle par un renforcement des partenariats avec les acteurs socio-\u00e9conomiques.<\/li>\n<li>Accompagner la cr\u00e9ation de formations professionnalisantes et le renforcement des d\u00e9partements universitaires de fran\u00e7ais.<\/li>\n<li>Structurer et d\u00e9velopper une offre de formation hybride \u00e0 partir de formations pr\u00e9sentielles existantes.<\/li>\n<li>Accompagner la cr\u00e9ation d\u2019un enseignement sup\u00e9rieur dans le Pacifique.<\/li>\n<li>Accompagner des projets de recherche au service du d\u00e9veloppement local et global.<\/li>\n<li>Accompagner la structuration et le d\u00e9veloppement des projets innovants de formation doctorale.<\/li>\n<li>Accompagner les institutions dans la mise en place de leurs plans strat\u00e9giques de d\u00e9veloppement au service des d\u00e9fis qu\u2019elles doivent relever.<\/li>\n<\/ul>\n<p style=\"text-align: justify;\">Pour concr\u00e9tiser son ambition, l\u2019AUF en Asie-Pacifique d\u00e9veloppe des partenariats avec des op\u00e9rateurs techniques et financiers et le monde socio-\u00e9conomique\u00a0: Banque mondiale, associations d\u2019universit\u00e9s, chambres de commerce, etc.<\/p>\n<p style=\"text-align: right;\" align=\"right\"><b>En savoir plus :<\/b><b>\u00a0<\/b><b><a href=\"http:\/\/www.auf.org\/bureau-asie-pacifique\/\">http:\/\/www.auf.org\/bureau-asie-pacifique\/<\/a><\/b><\/p>\n\n\n<p class=\"has-text-align-right\"><em>Page mise \u00e0 jour le 02 mai 2025.<\/em><\/p>\n","protected":false},"excerpt":{"rendered":"<p>L\u2018Agence universitaire de la francophonie L\u2019Agence universitaire de la francophonie (AUF) est un r\u00e9seau mondial d\u2019\u00e9tablissements d\u2019enseignement sup\u00e9rieur et de &hellip; <br \/><a href=\"https:\/\/efip.ctu.edu.vn\/web\/presentation\/lauf-et-le-bureau-asie-pacifique\/\" class=\"more-link\">Continue reading <span class=\"screen-reader-text\">L&#8217;AUF et le Bureau Asie-Pacifique<\/span><\/a><\/p>\n","protected":false},"author":1,"featured_media":4184,"parent":7,"menu_order":1,"comment_status":"closed","ping_status":"open","template":"","meta":{"footnotes":""},"class_list":["post-9","page","type-page","status-publish","has-post-thumbnail","hentry"],"yoast_head":"<!-- This site is optimized with the Yoast SEO plugin v25.0 - https:\/\/yoast.com\/wordpress\/plugins\/seo\/ -->\n<title>L&#039;AUF et le Bureau Asie-Pacifique - EFIP<\/title>\n<meta name=\"description\" content=\"L&#039;EFIP a \u00e9t\u00e9 cr\u00e9\u00e9 en partenariat avec L&#039;AUF et son bureau Asie-Pacifique. L&#039;Agence Universitaire de la Francophonie rassemble 990 \u00e9tablissements universitaires dans 118 pays.\" \/>\n<meta name=\"robots\" content=\"index, follow, max-snippet:-1, max-image-preview:large, max-video-preview:-1\" \/>\n<link rel=\"canonical\" href=\"https:\/\/efip.ctu.edu.vn\/web\/presentation\/lauf-et-le-bureau-asie-pacifique\/\" \/>\n<meta property=\"og:locale\" content=\"en_US\" \/>\n<meta property=\"og:type\" content=\"article\" \/>\n<meta property=\"og:title\" content=\"L&#039;AUF et le Bureau Asie-Pacifique - EFIP\" \/>\n<meta property=\"og:description\" content=\"L&#039;EFIP a \u00e9t\u00e9 cr\u00e9\u00e9 en partenariat avec L&#039;AUF et son bureau Asie-Pacifique. L&#039;Agence Universitaire de la Francophonie rassemble 990 \u00e9tablissements universitaires dans 118 pays.\" \/>\n<meta property=\"og:url\" content=\"https:\/\/efip.ctu.edu.vn\/web\/presentation\/lauf-et-le-bureau-asie-pacifique\/\" \/>\n<meta property=\"og:site_name\" content=\"EFIP\" \/>\n<meta property=\"article:publisher\" content=\"https:\/\/www.facebook.com\/efipCanTho\" \/>\n<meta property=\"article:modified_time\" content=\"2025-05-02T03:22:00+00:00\" \/>\n<meta property=\"og:image\" content=\"http:\/\/123.30.143.210\/web\/wp-content\/uploads\/2013\/12\/logodefaut.jpg\" \/>\n<meta name=\"twitter:card\" content=\"summary_large_image\" \/>\n<meta name=\"twitter:label1\" content=\"Est. reading time\" \/>\n\t<meta name=\"twitter:data1\" content=\"3 minutes\" \/>\n<script type=\"application\/ld+json\" class=\"yoast-schema-graph\">{\"@context\":\"https:\/\/schema.org\",\"@graph\":[{\"@type\":\"WebPage\",\"@id\":\"https:\/\/efip.ctu.edu.vn\/web\/presentation\/lauf-et-le-bureau-asie-pacifique\/\",\"url\":\"https:\/\/efip.ctu.edu.vn\/web\/presentation\/lauf-et-le-bureau-asie-pacifique\/\",\"name\":\"L'AUF et le Bureau Asie-Pacifique - EFIP\",\"isPartOf\":{\"@id\":\"https:\/\/efip.ctu.edu.vn\/web\/#website\"},\"primaryImageOfPage\":{\"@id\":\"https:\/\/efip.ctu.edu.vn\/web\/presentation\/lauf-et-le-bureau-asie-pacifique\/#primaryimage\"},\"image\":{\"@id\":\"https:\/\/efip.ctu.edu.vn\/web\/presentation\/lauf-et-le-bureau-asie-pacifique\/#primaryimage\"},\"thumbnailUrl\":\"https:\/\/efip.ctu.edu.vn\/web\/wp-content\/uploads\/2025\/05\/LOGO-AUF2023.png\",\"datePublished\":\"2013-12-11T02:58:15+00:00\",\"dateModified\":\"2025-05-02T03:22:00+00:00\",\"description\":\"L'EFIP a \u00e9t\u00e9 cr\u00e9\u00e9 en partenariat avec L'AUF et son bureau Asie-Pacifique. L'Agence Universitaire de la Francophonie rassemble 990 \u00e9tablissements universitaires dans 118 pays.\",\"breadcrumb\":{\"@id\":\"https:\/\/efip.ctu.edu.vn\/web\/presentation\/lauf-et-le-bureau-asie-pacifique\/#breadcrumb\"},\"inLanguage\":\"en-US\",\"potentialAction\":[{\"@type\":\"ReadAction\",\"target\":[\"https:\/\/efip.ctu.edu.vn\/web\/presentation\/lauf-et-le-bureau-asie-pacifique\/\"]}]},{\"@type\":\"ImageObject\",\"inLanguage\":\"en-US\",\"@id\":\"https:\/\/efip.ctu.edu.vn\/web\/presentation\/lauf-et-le-bureau-asie-pacifique\/#primaryimage\",\"url\":\"https:\/\/efip.ctu.edu.vn\/web\/wp-content\/uploads\/2025\/05\/LOGO-AUF2023.png\",\"contentUrl\":\"https:\/\/efip.ctu.edu.vn\/web\/wp-content\/uploads\/2025\/05\/LOGO-AUF2023.png\",\"width\":2724,\"height\":1334},{\"@type\":\"BreadcrumbList\",\"@id\":\"https:\/\/efip.ctu.edu.vn\/web\/presentation\/lauf-et-le-bureau-asie-pacifique\/#breadcrumb\",\"itemListElement\":[{\"@type\":\"ListItem\",\"position\":1,\"name\":\"Accueil\",\"item\":\"https:\/\/efip.ctu.edu.vn\/web\/\"},{\"@type\":\"ListItem\",\"position\":2,\"name\":\"Pr\u00e9sentation\",\"item\":\"https:\/\/efip.ctu.edu.vn\/web\/presentation\/\"},{\"@type\":\"ListItem\",\"position\":3,\"name\":\"L&#8217;AUF et le Bureau Asie-Pacifique\"}]},{\"@type\":\"WebSite\",\"@id\":\"https:\/\/efip.ctu.edu.vn\/web\/#website\",\"url\":\"https:\/\/efip.ctu.edu.vn\/web\/\",\"name\":\"EFIP de Can Tho\",\"description\":\"Espace Francophone d&#039;Innovation et de Partenariat\",\"publisher\":{\"@id\":\"https:\/\/efip.ctu.edu.vn\/web\/#organization\"},\"potentialAction\":[{\"@type\":\"SearchAction\",\"target\":{\"@type\":\"EntryPoint\",\"urlTemplate\":\"https:\/\/efip.ctu.edu.vn\/web\/?s={search_term_string}\"},\"query-input\":{\"@type\":\"PropertyValueSpecification\",\"valueRequired\":true,\"valueName\":\"search_term_string\"}}],\"inLanguage\":\"en-US\"},{\"@type\":\"Organization\",\"@id\":\"https:\/\/efip.ctu.edu.vn\/web\/#organization\",\"name\":\"EFIP\",\"url\":\"https:\/\/efip.ctu.edu.vn\/web\/\",\"logo\":{\"@type\":\"ImageObject\",\"inLanguage\":\"en-US\",\"@id\":\"https:\/\/efip.ctu.edu.vn\/web\/#\/schema\/logo\/image\/\",\"url\":\"https:\/\/efip.ctu.edu.vn\/web\/wp-content\/uploads\/2025\/05\/efip2-150x89-1.jpg\",\"contentUrl\":\"https:\/\/efip.ctu.edu.vn\/web\/wp-content\/uploads\/2025\/05\/efip2-150x89-1.jpg\",\"width\":150,\"height\":89,\"caption\":\"EFIP\"},\"image\":{\"@id\":\"https:\/\/efip.ctu.edu.vn\/web\/#\/schema\/logo\/image\/\"},\"sameAs\":[\"https:\/\/www.facebook.com\/efipCanTho\"]}]}<\/script>\n<!-- \/ Yoast SEO plugin. -->","yoast_head_json":{"title":"L'AUF et le Bureau Asie-Pacifique - EFIP","description":"L'EFIP a \u00e9t\u00e9 cr\u00e9\u00e9 en partenariat avec L'AUF et son bureau Asie-Pacifique. L'Agence Universitaire de la Francophonie rassemble 990 \u00e9tablissements universitaires dans 118 pays.","robots":{"index":"index","follow":"follow","max-snippet":"max-snippet:-1","max-image-preview":"max-image-preview:large","max-video-preview":"max-video-preview:-1"},"canonical":"https:\/\/efip.ctu.edu.vn\/web\/presentation\/lauf-et-le-bureau-asie-pacifique\/","og_locale":"en_US","og_type":"article","og_title":"L'AUF et le Bureau Asie-Pacifique - EFIP","og_description":"L'EFIP a \u00e9t\u00e9 cr\u00e9\u00e9 en partenariat avec L'AUF et son bureau Asie-Pacifique. L'Agence Universitaire de la Francophonie rassemble 990 \u00e9tablissements universitaires dans 118 pays.","og_url":"https:\/\/efip.ctu.edu.vn\/web\/presentation\/lauf-et-le-bureau-asie-pacifique\/","og_site_name":"EFIP","article_publisher":"https:\/\/www.facebook.com\/efipCanTho","article_modified_time":"2025-05-02T03:22:00+00:00","og_image":[{"url":"http:\/\/123.30.143.210\/web\/wp-content\/uploads\/2013\/12\/logodefaut.jpg","type":"","width":"","height":""}],"twitter_card":"summary_large_image","twitter_misc":{"Est. reading time":"3 minutes"},"schema":{"@context":"https:\/\/schema.org","@graph":[{"@type":"WebPage","@id":"https:\/\/efip.ctu.edu.vn\/web\/presentation\/lauf-et-le-bureau-asie-pacifique\/","url":"https:\/\/efip.ctu.edu.vn\/web\/presentation\/lauf-et-le-bureau-asie-pacifique\/","name":"L'AUF et le Bureau Asie-Pacifique - EFIP","isPartOf":{"@id":"https:\/\/efip.ctu.edu.vn\/web\/#website"},"primaryImageOfPage":{"@id":"https:\/\/efip.ctu.edu.vn\/web\/presentation\/lauf-et-le-bureau-asie-pacifique\/#primaryimage"},"image":{"@id":"https:\/\/efip.ctu.edu.vn\/web\/presentation\/lauf-et-le-bureau-asie-pacifique\/#primaryimage"},"thumbnailUrl":"https:\/\/efip.ctu.edu.vn\/web\/wp-content\/uploads\/2025\/05\/LOGO-AUF2023.png","datePublished":"2013-12-11T02:58:15+00:00","dateModified":"2025-05-02T03:22:00+00:00","description":"L'EFIP a \u00e9t\u00e9 cr\u00e9\u00e9 en partenariat avec L'AUF et son bureau Asie-Pacifique. L'Agence Universitaire de la Francophonie rassemble 990 \u00e9tablissements universitaires dans 118 pays.","breadcrumb":{"@id":"https:\/\/efip.ctu.edu.vn\/web\/presentation\/lauf-et-le-bureau-asie-pacifique\/#breadcrumb"},"inLanguage":"en-US","potentialAction":[{"@type":"ReadAction","target":["https:\/\/efip.ctu.edu.vn\/web\/presentation\/lauf-et-le-bureau-asie-pacifique\/"]}]},{"@type":"ImageObject","inLanguage":"en-US","@id":"https:\/\/efip.ctu.edu.vn\/web\/presentation\/lauf-et-le-bureau-asie-pacifique\/#primaryimage","url":"https:\/\/efip.ctu.edu.vn\/web\/wp-content\/uploads\/2025\/05\/LOGO-AUF2023.png","contentUrl":"https:\/\/efip.ctu.edu.vn\/web\/wp-content\/uploads\/2025\/05\/LOGO-AUF2023.png","width":2724,"height":1334},{"@type":"BreadcrumbList","@id":"https:\/\/efip.ctu.edu.vn\/web\/presentation\/lauf-et-le-bureau-asie-pacifique\/#breadcrumb","itemListElement":[{"@type":"ListItem","position":1,"name":"Accueil","item":"https:\/\/efip.ctu.edu.vn\/web\/"},{"@type":"ListItem","position":2,"name":"Pr\u00e9sentation","item":"https:\/\/efip.ctu.edu.vn\/web\/presentation\/"},{"@type":"ListItem","position":3,"name":"L&#8217;AUF et le Bureau Asie-Pacifique"}]},{"@type":"WebSite","@id":"https:\/\/efip.ctu.edu.vn\/web\/#website","url":"https:\/\/efip.ctu.edu.vn\/web\/","name":"EFIP de Can Tho","description":"Espace Francophone d&#039;Innovation et de Partenariat","publisher":{"@id":"https:\/\/efip.ctu.edu.vn\/web\/#organization"},"potentialAction":[{"@type":"SearchAction","target":{"@type":"EntryPoint","urlTemplate":"https:\/\/efip.ctu.edu.vn\/web\/?s={search_term_string}"},"query-input":{"@type":"PropertyValueSpecification","valueRequired":true,"valueName":"search_term_string"}}],"inLanguage":"en-US"},{"@type":"Organization","@id":"https:\/\/efip.ctu.edu.vn\/web\/#organization","name":"EFIP","url":"https:\/\/efip.ctu.edu.vn\/web\/","logo":{"@type":"ImageObject","inLanguage":"en-US","@id":"https:\/\/efip.ctu.edu.vn\/web\/#\/schema\/logo\/image\/","url":"https:\/\/efip.ctu.edu.vn\/web\/wp-content\/uploads\/2025\/05\/efip2-150x89-1.jpg","contentUrl":"https:\/\/efip.ctu.edu.vn\/web\/wp-content\/uploads\/2025\/05\/efip2-150x89-1.jpg","width":150,"height":89,"caption":"EFIP"},"image":{"@id":"https:\/\/efip.ctu.edu.vn\/web\/#\/schema\/logo\/image\/"},"sameAs":["https:\/\/www.facebook.com\/efipCanTho"]}]}},"_links":{"self":[{"href":"https:\/\/efip.ctu.edu.vn\/web\/wp-json\/wp\/v2\/pages\/9","targetHints":{"allow":["GET"]}}],"collection":[{"href":"https:\/\/efip.ctu.edu.vn\/web\/wp-json\/wp\/v2\/pages"}],"about":[{"href":"https:\/\/efip.ctu.edu.vn\/web\/wp-json\/wp\/v2\/types\/page"}],"author":[{"embeddable":true,"href":"https:\/\/efip.ctu.edu.vn\/web\/wp-json\/wp\/v2\/users\/1"}],"replies":[{"embeddable":true,"href":"https:\/\/efip.ctu.edu.vn\/web\/wp-json\/wp\/v2\/comments?post=9"}],"version-history":[{"count":14,"href":"https:\/\/efip.ctu.edu.vn\/web\/wp-json\/wp\/v2\/pages\/9\/revisions"}],"predecessor-version":[{"id":4185,"href":"https:\/\/efip.ctu.edu.vn\/web\/wp-json\/wp\/v2\/pages\/9\/revisions\/4185"}],"up":[{"embeddable":true,"href":"https:\/\/efip.ctu.edu.vn\/web\/wp-json\/wp\/v2\/pages\/7"}],"wp:featuredmedia":[{"embeddable":true,"href":"https:\/\/efip.ctu.edu.vn\/web\/wp-json\/wp\/v2\/media\/4184"}],"wp:attachment":[{"href":"https:\/\/efip.ctu.edu.vn\/web\/wp-json\/wp\/v2\/media?parent=9"}],"curies":[{"name":"wp","href":"https:\/\/api.w.org\/{rel}","templated":true}]}}