{"id":7,"date":"2013-12-11T03:57:58","date_gmt":"2013-12-11T02:57:58","guid":{"rendered":"http:\/\/123.30.143.210\/web\/?page_id=7"},"modified":"2025-05-02T20:49:19","modified_gmt":"2025-05-02T13:49:19","slug":"presentation","status":"publish","type":"page","link":"https:\/\/efip.ctu.edu.vn\/web\/presentation\/","title":{"rendered":"Pr\u00e9sentation"},"content":{"rendered":"<p><a href=\"https:\/\/efip.ctu.edu.vn\/web\" target=\"_blank\" rel=\"noopener noreferrer\">L&#8217;Espace Francophone d&#8217;Innovation et de Partenariat<\/a> (EFIP de Can Tho) est \u00e9tabli au sein de l&#8217;universit\u00e9 de Can Tho, en plein centre-ville de Can Tho, dans le delta du M\u00e9kong, au Vietnam. Voici une rapide pr\u00e9sentation :<\/p>\n<p style=\"text-align: center;\"><a href=\"https:\/\/efip.ctu.edu.vn\/web\/wp-content\/uploads\/2025\/05\/EFIPInternet.png\"><img fetchpriority=\"high\" decoding=\"async\" class=\"alignnone wp-image-4156 size-full\" src=\"https:\/\/efip.ctu.edu.vn\/web\/wp-content\/uploads\/2025\/05\/EFIPInternet.png\" alt=\"\" width=\"819\" height=\"311\" srcset=\"https:\/\/efip.ctu.edu.vn\/web\/wp-content\/uploads\/2025\/05\/EFIPInternet.png 819w, https:\/\/efip.ctu.edu.vn\/web\/wp-content\/uploads\/2025\/05\/EFIPInternet-300x114.png 300w, https:\/\/efip.ctu.edu.vn\/web\/wp-content\/uploads\/2025\/05\/EFIPInternet-768x292.png 768w\" sizes=\"(max-width: 819px) 100vw, 819px\" \/><\/a><\/p>\n<p>Inaugur\u00e9 en d\u00e9cembre 2018,\u00a0l&#8217;Espace Francophone d&#8217;Innovation et de Partenariat (EFIP) s&#8217;inscrit dans la continuit\u00e9 du Campus Num\u00e9rique Francophone partenaire (CNFp). C&#8217;est un lieu de rencontre convivial destin\u00e9 aux enseignants, aux chercheurs, aux partenaires institutionnels et professionnels, aux \u00e9tudiants afin d&#8217;\u00e9changer et partager leurs exp\u00e9riences, apprendre, innover et d\u00e9velopper des projets collaboratifs. Ces missions sont plurielles:<\/p>\n<ul>\n<li>renforcer la coop\u00e9ration avec les entreprises,<\/li>\n<li>poursuivre les formations en mati\u00e8re d&#8217;application des technologies num\u00e9riques dans l&#8217;\u00e9ducation et la recherche scientifique,<\/li>\n<li>accueillir des formations en ligne,<\/li>\n<li>favoriser l&#8217;innovation num\u00e9rique,<\/li>\n<li>&#8230;.<\/li>\n<\/ul>\n<p>Ainsi l&#8217;EFIP est le fruit du partenariat et du soutien entre plusieurs institutions :<\/p>\n<ul>\n<li>L\u2019<a href=\"https:\/\/www.auf.org\" target=\"_blank\" rel=\"noopener noreferrer\">Agence universitaire de la Francophonie<\/a> (AUF) et, en particulier, le <a href=\"https:\/\/www.auf.org\/asie-pacifique\/a-propos\/qui-nous-sommes\/\" target=\"_blank\" rel=\"noopener noreferrer\">Bureau Asie-Pacifique de l\u2019AUF<\/a>,<\/li>\n<li>L&#8217;<a href=\"https:\/\/en.ctu.edu.vn\" target=\"_blank\" rel=\"noopener noreferrer\">Universit\u00e9 de Can Tho<\/a>,<\/li>\n<li>Le Campus Num\u00e9rique Francophone (CNF) r\u00e9f\u00e9rent d\u2019H\u00f4 Chi Minh Ville.<\/li>\n<\/ul>\n\n\n<p><\/p>\n","protected":false},"excerpt":{"rendered":"<p>L&#8217;Espace Francophone d&#8217;Innovation et de Partenariat (EFIP de Can Tho) est \u00e9tabli au sein de l&#8217;universit\u00e9 de Can Tho, en &hellip; <br \/><a href=\"https:\/\/efip.ctu.edu.vn\/web\/presentation\/\" class=\"more-link\">Continue reading <span class=\"screen-reader-text\">Pr\u00e9sentation<\/span><\/a><\/p>\n","protected":false},"author":1,"featured_media":4156,"parent":0,"menu_order":1,"comment_status":"closed","ping_status":"open","template":"","meta":{"footnotes":""},"class_list":["post-7","page","type-page","status-publish","has-post-thumbnail","hentry"],"yoast_head":"<!-- This site is optimized with the Yoast SEO plugin v25.0 - https:\/\/yoast.com\/wordpress\/plugins\/seo\/ -->\n<title>Pr\u00e9sentation de l&#039;EFIP - EFIP de Can Tho<\/title>\n<meta name=\"description\" content=\"L&#039;EFIP de Can Tho, au Vietnam, vous propose des ressources et des formations en lien avec l&#039;innovation et l&#039;entrepreunariat. Pr\u00e9sentation.\" \/>\n<meta name=\"robots\" content=\"index, follow, max-snippet:-1, max-image-preview:large, max-video-preview:-1\" \/>\n<link rel=\"canonical\" href=\"https:\/\/efip.ctu.edu.vn\/web\/presentation\/\" \/>\n<meta property=\"og:locale\" content=\"en_US\" \/>\n<meta property=\"og:type\" content=\"article\" \/>\n<meta property=\"og:title\" content=\"Pr\u00e9sentation de l&#039;EFIP - EFIP de Can Tho\" \/>\n<meta property=\"og:description\" content=\"L&#039;EFIP de Can Tho, au Vietnam, vous propose des ressources et des formations en lien avec l&#039;innovation et l&#039;entrepreunariat. Pr\u00e9sentation.\" \/>\n<meta property=\"og:url\" content=\"https:\/\/efip.ctu.edu.vn\/web\/presentation\/\" \/>\n<meta property=\"og:site_name\" content=\"EFIP\" \/>\n<meta property=\"article:publisher\" content=\"https:\/\/www.facebook.com\/efipCanTho\" \/>\n<meta property=\"article:modified_time\" content=\"2025-05-02T13:49:19+00:00\" \/>\n<meta property=\"og:image\" content=\"https:\/\/efip.ctu.edu.vn\/web\/wp-content\/uploads\/2020\/05\/Nouvelle-couverture-Site-3.png\" \/>\n\t<meta property=\"og:image:width\" content=\"820\" \/>\n\t<meta property=\"og:image:height\" content=\"312\" \/>\n\t<meta property=\"og:image:type\" content=\"image\/png\" \/>\n<meta name=\"twitter:card\" content=\"summary_large_image\" \/>\n<meta name=\"twitter:label1\" content=\"Est. reading time\" \/>\n\t<meta name=\"twitter:data1\" content=\"1 minute\" \/>\n<script type=\"application\/ld+json\" class=\"yoast-schema-graph\">{\"@context\":\"https:\/\/schema.org\",\"@graph\":[{\"@type\":\"WebPage\",\"@id\":\"https:\/\/efip.ctu.edu.vn\/web\/presentation\/\",\"url\":\"https:\/\/efip.ctu.edu.vn\/web\/presentation\/\",\"name\":\"Pr\u00e9sentation de l'EFIP - EFIP de Can Tho\",\"isPartOf\":{\"@id\":\"https:\/\/efip.ctu.edu.vn\/web\/#website\"},\"primaryImageOfPage\":{\"@id\":\"https:\/\/efip.ctu.edu.vn\/web\/presentation\/#primaryimage\"},\"image\":{\"@id\":\"https:\/\/efip.ctu.edu.vn\/web\/presentation\/#primaryimage\"},\"thumbnailUrl\":\"https:\/\/efip.ctu.edu.vn\/web\/wp-content\/uploads\/2025\/05\/EFIPInternet.png\",\"datePublished\":\"2013-12-11T02:57:58+00:00\",\"dateModified\":\"2025-05-02T13:49:19+00:00\",\"description\":\"L'EFIP de Can Tho, au Vietnam, vous propose des ressources et des formations en lien avec l'innovation et l'entrepreunariat. Pr\u00e9sentation.\",\"breadcrumb\":{\"@id\":\"https:\/\/efip.ctu.edu.vn\/web\/presentation\/#breadcrumb\"},\"inLanguage\":\"en-US\",\"potentialAction\":[{\"@type\":\"ReadAction\",\"target\":[\"https:\/\/efip.ctu.edu.vn\/web\/presentation\/\"]}]},{\"@type\":\"ImageObject\",\"inLanguage\":\"en-US\",\"@id\":\"https:\/\/efip.ctu.edu.vn\/web\/presentation\/#primaryimage\",\"url\":\"https:\/\/efip.ctu.edu.vn\/web\/wp-content\/uploads\/2025\/05\/EFIPInternet.png\",\"contentUrl\":\"https:\/\/efip.ctu.edu.vn\/web\/wp-content\/uploads\/2025\/05\/EFIPInternet.png\",\"width\":819,\"height\":311},{\"@type\":\"BreadcrumbList\",\"@id\":\"https:\/\/efip.ctu.edu.vn\/web\/presentation\/#breadcrumb\",\"itemListElement\":[{\"@type\":\"ListItem\",\"position\":1,\"name\":\"Accueil\",\"item\":\"https:\/\/efip.ctu.edu.vn\/web\/\"},{\"@type\":\"ListItem\",\"position\":2,\"name\":\"Pr\u00e9sentation\"}]},{\"@type\":\"WebSite\",\"@id\":\"https:\/\/efip.ctu.edu.vn\/web\/#website\",\"url\":\"https:\/\/efip.ctu.edu.vn\/web\/\",\"name\":\"EFIP de Can Tho\",\"description\":\"Espace Francophone d&#039;Innovation et de Partenariat\",\"publisher\":{\"@id\":\"https:\/\/efip.ctu.edu.vn\/web\/#organization\"},\"potentialAction\":[{\"@type\":\"SearchAction\",\"target\":{\"@type\":\"EntryPoint\",\"urlTemplate\":\"https:\/\/efip.ctu.edu.vn\/web\/?s={search_term_string}\"},\"query-input\":{\"@type\":\"PropertyValueSpecification\",\"valueRequired\":true,\"valueName\":\"search_term_string\"}}],\"inLanguage\":\"en-US\"},{\"@type\":\"Organization\",\"@id\":\"https:\/\/efip.ctu.edu.vn\/web\/#organization\",\"name\":\"EFIP\",\"url\":\"https:\/\/efip.ctu.edu.vn\/web\/\",\"logo\":{\"@type\":\"ImageObject\",\"inLanguage\":\"en-US\",\"@id\":\"https:\/\/efip.ctu.edu.vn\/web\/#\/schema\/logo\/image\/\",\"url\":\"https:\/\/efip.ctu.edu.vn\/web\/wp-content\/uploads\/2025\/05\/efip2-150x89-1.jpg\",\"contentUrl\":\"https:\/\/efip.ctu.edu.vn\/web\/wp-content\/uploads\/2025\/05\/efip2-150x89-1.jpg\",\"width\":150,\"height\":89,\"caption\":\"EFIP\"},\"image\":{\"@id\":\"https:\/\/efip.ctu.edu.vn\/web\/#\/schema\/logo\/image\/\"},\"sameAs\":[\"https:\/\/www.facebook.com\/efipCanTho\"]}]}<\/script>\n<!-- \/ Yoast SEO plugin. -->","yoast_head_json":{"title":"Pr\u00e9sentation de l'EFIP - EFIP de Can Tho","description":"L'EFIP de Can Tho, au Vietnam, vous propose des ressources et des formations en lien avec l'innovation et l'entrepreunariat. Pr\u00e9sentation.","robots":{"index":"index","follow":"follow","max-snippet":"max-snippet:-1","max-image-preview":"max-image-preview:large","max-video-preview":"max-video-preview:-1"},"canonical":"https:\/\/efip.ctu.edu.vn\/web\/presentation\/","og_locale":"en_US","og_type":"article","og_title":"Pr\u00e9sentation de l'EFIP - EFIP de Can Tho","og_description":"L'EFIP de Can Tho, au Vietnam, vous propose des ressources et des formations en lien avec l'innovation et l'entrepreunariat. Pr\u00e9sentation.","og_url":"https:\/\/efip.ctu.edu.vn\/web\/presentation\/","og_site_name":"EFIP","article_publisher":"https:\/\/www.facebook.com\/efipCanTho","article_modified_time":"2025-05-02T13:49:19+00:00","og_image":[{"width":820,"height":312,"url":"https:\/\/efip.ctu.edu.vn\/web\/wp-content\/uploads\/2020\/05\/Nouvelle-couverture-Site-3.png","type":"image\/png"}],"twitter_card":"summary_large_image","twitter_misc":{"Est. reading time":"1 minute"},"schema":{"@context":"https:\/\/schema.org","@graph":[{"@type":"WebPage","@id":"https:\/\/efip.ctu.edu.vn\/web\/presentation\/","url":"https:\/\/efip.ctu.edu.vn\/web\/presentation\/","name":"Pr\u00e9sentation de l'EFIP - EFIP de Can Tho","isPartOf":{"@id":"https:\/\/efip.ctu.edu.vn\/web\/#website"},"primaryImageOfPage":{"@id":"https:\/\/efip.ctu.edu.vn\/web\/presentation\/#primaryimage"},"image":{"@id":"https:\/\/efip.ctu.edu.vn\/web\/presentation\/#primaryimage"},"thumbnailUrl":"https:\/\/efip.ctu.edu.vn\/web\/wp-content\/uploads\/2025\/05\/EFIPInternet.png","datePublished":"2013-12-11T02:57:58+00:00","dateModified":"2025-05-02T13:49:19+00:00","description":"L'EFIP de Can Tho, au Vietnam, vous propose des ressources et des formations en lien avec l'innovation et l'entrepreunariat. Pr\u00e9sentation.","breadcrumb":{"@id":"https:\/\/efip.ctu.edu.vn\/web\/presentation\/#breadcrumb"},"inLanguage":"en-US","potentialAction":[{"@type":"ReadAction","target":["https:\/\/efip.ctu.edu.vn\/web\/presentation\/"]}]},{"@type":"ImageObject","inLanguage":"en-US","@id":"https:\/\/efip.ctu.edu.vn\/web\/presentation\/#primaryimage","url":"https:\/\/efip.ctu.edu.vn\/web\/wp-content\/uploads\/2025\/05\/EFIPInternet.png","contentUrl":"https:\/\/efip.ctu.edu.vn\/web\/wp-content\/uploads\/2025\/05\/EFIPInternet.png","width":819,"height":311},{"@type":"BreadcrumbList","@id":"https:\/\/efip.ctu.edu.vn\/web\/presentation\/#breadcrumb","itemListElement":[{"@type":"ListItem","position":1,"name":"Accueil","item":"https:\/\/efip.ctu.edu.vn\/web\/"},{"@type":"ListItem","position":2,"name":"Pr\u00e9sentation"}]},{"@type":"WebSite","@id":"https:\/\/efip.ctu.edu.vn\/web\/#website","url":"https:\/\/efip.ctu.edu.vn\/web\/","name":"EFIP de Can Tho","description":"Espace Francophone d&#039;Innovation et de Partenariat","publisher":{"@id":"https:\/\/efip.ctu.edu.vn\/web\/#organization"},"potentialAction":[{"@type":"SearchAction","target":{"@type":"EntryPoint","urlTemplate":"https:\/\/efip.ctu.edu.vn\/web\/?s={search_term_string}"},"query-input":{"@type":"PropertyValueSpecification","valueRequired":true,"valueName":"search_term_string"}}],"inLanguage":"en-US"},{"@type":"Organization","@id":"https:\/\/efip.ctu.edu.vn\/web\/#organization","name":"EFIP","url":"https:\/\/efip.ctu.edu.vn\/web\/","logo":{"@type":"ImageObject","inLanguage":"en-US","@id":"https:\/\/efip.ctu.edu.vn\/web\/#\/schema\/logo\/image\/","url":"https:\/\/efip.ctu.edu.vn\/web\/wp-content\/uploads\/2025\/05\/efip2-150x89-1.jpg","contentUrl":"https:\/\/efip.ctu.edu.vn\/web\/wp-content\/uploads\/2025\/05\/efip2-150x89-1.jpg","width":150,"height":89,"caption":"EFIP"},"image":{"@id":"https:\/\/efip.ctu.edu.vn\/web\/#\/schema\/logo\/image\/"},"sameAs":["https:\/\/www.facebook.com\/efipCanTho"]}]}},"_links":{"self":[{"href":"https:\/\/efip.ctu.edu.vn\/web\/wp-json\/wp\/v2\/pages\/7","targetHints":{"allow":["GET"]}}],"collection":[{"href":"https:\/\/efip.ctu.edu.vn\/web\/wp-json\/wp\/v2\/pages"}],"about":[{"href":"https:\/\/efip.ctu.edu.vn\/web\/wp-json\/wp\/v2\/types\/page"}],"author":[{"embeddable":true,"href":"https:\/\/efip.ctu.edu.vn\/web\/wp-json\/wp\/v2\/users\/1"}],"replies":[{"embeddable":true,"href":"https:\/\/efip.ctu.edu.vn\/web\/wp-json\/wp\/v2\/comments?post=7"}],"version-history":[{"count":11,"href":"https:\/\/efip.ctu.edu.vn\/web\/wp-json\/wp\/v2\/pages\/7\/revisions"}],"predecessor-version":[{"id":4161,"href":"https:\/\/efip.ctu.edu.vn\/web\/wp-json\/wp\/v2\/pages\/7\/revisions\/4161"}],"wp:featuredmedia":[{"embeddable":true,"href":"https:\/\/efip.ctu.edu.vn\/web\/wp-json\/wp\/v2\/media\/4156"}],"wp:attachment":[{"href":"https:\/\/efip.ctu.edu.vn\/web\/wp-json\/wp\/v2\/media?parent=7"}],"curies":[{"name":"wp","href":"https:\/\/api.w.org\/{rel}","templated":true}]}}