{"id":466,"date":"2014-10-15T10:20:22","date_gmt":"2014-10-15T03:20:22","guid":{"rendered":"http:\/\/cnfp.hcmv.vn.refer.org\/web\/?page_id=466"},"modified":"2014-10-15T10:27:54","modified_gmt":"2014-10-15T03:27:54","slug":"archives-selection-du-cnfp","status":"publish","type":"page","link":"https:\/\/efip.ctu.edu.vn\/web\/archives-selection-du-cnfp\/","title":{"rendered":"Archives S\u00e9lection du CNFp"},"content":{"rendered":"<p style=\"text-align: justify;\"><strong>LIRE, APPRENDRE ET D\u00c9COUVRIR LE FRAN\u00c7AIS :<\/strong> d\u00e9couvrez chaque mois une s\u00e9lection d&#8217;auteurs et d&#8217;ouvrages disponibles au Centre documentaire du CNFp \u00e0 l&#8217;Universit\u00e9 de Can Tho. Inscrivez-vous aupr\u00e8s de la documentaliste, du lundi au vendredi, entre 8h et 11h ou 14h et 17h et b\u00e9n\u00e9ficiez des services du CNFp \u00e0 l&#8217;Universit\u00e9 de Can Tho !<\/p>\n<h1>2014 :<\/h1>\n<h2>#1 OCTOBRE 2014 : Bien d\u00e9buter en fran\u00e7ais !<\/h2>\n<p style=\"padding-left: 30px;\">T\u00e9l\u00e9charger en pdf :\u00a0<a href=\"http:\/\/cnfp.hcmv.vn.refer.org\/web\/wp-content\/uploads\/2014\/10\/2014-10_01_Bien-d\u00e9buter-en-fran\u00e7ais-.pdf\">2014-10_01_Bien d\u00e9buter en fran\u00e7ais !<\/a><\/p>\n","protected":false},"excerpt":{"rendered":"<p>LIRE, APPRENDRE ET D\u00c9COUVRIR LE FRAN\u00c7AIS : d\u00e9couvrez chaque mois une s\u00e9lection d&#8217;auteurs et d&#8217;ouvrages disponibles au Centre documentaire du &hellip; <br \/><a href=\"https:\/\/efip.ctu.edu.vn\/web\/archives-selection-du-cnfp\/\" class=\"more-link\">Continue reading <span class=\"screen-reader-text\">Archives S\u00e9lection du CNFp<\/span><\/a><\/p>\n","protected":false},"author":1,"featured_media":0,"parent":0,"menu_order":4,"comment_status":"closed","ping_status":"open","template":"","meta":{"footnotes":""},"class_list":["post-466","page","type-page","status-publish","hentry"],"yoast_head":"<!-- This site is optimized with the Yoast SEO plugin v25.0 - https:\/\/yoast.com\/wordpress\/plugins\/seo\/ -->\n<title>Archives S\u00e9lection du CNFp - EFIP<\/title>\n<meta name=\"robots\" content=\"index, follow, max-snippet:-1, max-image-preview:large, max-video-preview:-1\" \/>\n<link rel=\"canonical\" href=\"https:\/\/efip.ctu.edu.vn\/web\/archives-selection-du-cnfp\/\" \/>\n<meta property=\"og:locale\" content=\"en_US\" \/>\n<meta property=\"og:type\" content=\"article\" \/>\n<meta property=\"og:title\" content=\"Archives S\u00e9lection du CNFp - EFIP\" \/>\n<meta property=\"og:description\" content=\"LIRE, APPRENDRE ET D\u00c9COUVRIR LE FRAN\u00c7AIS : d\u00e9couvrez chaque mois une s\u00e9lection d&#8217;auteurs et d&#8217;ouvrages disponibles au Centre documentaire du &hellip; Continue reading Archives S\u00e9lection du CNFp\" \/>\n<meta property=\"og:url\" content=\"https:\/\/efip.ctu.edu.vn\/web\/archives-selection-du-cnfp\/\" \/>\n<meta property=\"og:site_name\" content=\"EFIP\" \/>\n<meta property=\"article:publisher\" content=\"https:\/\/www.facebook.com\/efipCanTho\" \/>\n<meta property=\"article:modified_time\" content=\"2014-10-15T03:27:54+00:00\" \/>\n<meta property=\"og:image\" content=\"https:\/\/efip.ctu.edu.vn\/web\/wp-content\/uploads\/2020\/05\/EFIP-512x512-1.png\" \/>\n\t<meta property=\"og:image:width\" content=\"512\" \/>\n\t<meta property=\"og:image:height\" content=\"512\" \/>\n\t<meta property=\"og:image:type\" content=\"image\/png\" \/>\n<meta name=\"twitter:card\" content=\"summary_large_image\" \/>\n<script type=\"application\/ld+json\" class=\"yoast-schema-graph\">{\"@context\":\"https:\/\/schema.org\",\"@graph\":[{\"@type\":\"WebPage\",\"@id\":\"https:\/\/efip.ctu.edu.vn\/web\/archives-selection-du-cnfp\/\",\"url\":\"https:\/\/efip.ctu.edu.vn\/web\/archives-selection-du-cnfp\/\",\"name\":\"Archives S\u00e9lection du CNFp - EFIP\",\"isPartOf\":{\"@id\":\"https:\/\/efip.ctu.edu.vn\/web\/#website\"},\"datePublished\":\"2014-10-15T03:20:22+00:00\",\"dateModified\":\"2014-10-15T03:27:54+00:00\",\"breadcrumb\":{\"@id\":\"https:\/\/efip.ctu.edu.vn\/web\/archives-selection-du-cnfp\/#breadcrumb\"},\"inLanguage\":\"en-US\",\"potentialAction\":[{\"@type\":\"ReadAction\",\"target\":[\"https:\/\/efip.ctu.edu.vn\/web\/archives-selection-du-cnfp\/\"]}]},{\"@type\":\"BreadcrumbList\",\"@id\":\"https:\/\/efip.ctu.edu.vn\/web\/archives-selection-du-cnfp\/#breadcrumb\",\"itemListElement\":[{\"@type\":\"ListItem\",\"position\":1,\"name\":\"Accueil\",\"item\":\"https:\/\/efip.ctu.edu.vn\/web\/\"},{\"@type\":\"ListItem\",\"position\":2,\"name\":\"Archives S\u00e9lection du CNFp\"}]},{\"@type\":\"WebSite\",\"@id\":\"https:\/\/efip.ctu.edu.vn\/web\/#website\",\"url\":\"https:\/\/efip.ctu.edu.vn\/web\/\",\"name\":\"EFIP de Can Tho\",\"description\":\"Espace Francophone d&#039;Innovation et de Partenariat\",\"publisher\":{\"@id\":\"https:\/\/efip.ctu.edu.vn\/web\/#organization\"},\"potentialAction\":[{\"@type\":\"SearchAction\",\"target\":{\"@type\":\"EntryPoint\",\"urlTemplate\":\"https:\/\/efip.ctu.edu.vn\/web\/?s={search_term_string}\"},\"query-input\":{\"@type\":\"PropertyValueSpecification\",\"valueRequired\":true,\"valueName\":\"search_term_string\"}}],\"inLanguage\":\"en-US\"},{\"@type\":\"Organization\",\"@id\":\"https:\/\/efip.ctu.edu.vn\/web\/#organization\",\"name\":\"EFIP\",\"url\":\"https:\/\/efip.ctu.edu.vn\/web\/\",\"logo\":{\"@type\":\"ImageObject\",\"inLanguage\":\"en-US\",\"@id\":\"https:\/\/efip.ctu.edu.vn\/web\/#\/schema\/logo\/image\/\",\"url\":\"https:\/\/efip.ctu.edu.vn\/web\/wp-content\/uploads\/2025\/05\/efip2-150x89-1.jpg\",\"contentUrl\":\"https:\/\/efip.ctu.edu.vn\/web\/wp-content\/uploads\/2025\/05\/efip2-150x89-1.jpg\",\"width\":150,\"height\":89,\"caption\":\"EFIP\"},\"image\":{\"@id\":\"https:\/\/efip.ctu.edu.vn\/web\/#\/schema\/logo\/image\/\"},\"sameAs\":[\"https:\/\/www.facebook.com\/efipCanTho\"]}]}<\/script>\n<!-- \/ Yoast SEO plugin. -->","yoast_head_json":{"title":"Archives S\u00e9lection du CNFp - EFIP","robots":{"index":"index","follow":"follow","max-snippet":"max-snippet:-1","max-image-preview":"max-image-preview:large","max-video-preview":"max-video-preview:-1"},"canonical":"https:\/\/efip.ctu.edu.vn\/web\/archives-selection-du-cnfp\/","og_locale":"en_US","og_type":"article","og_title":"Archives S\u00e9lection du CNFp - EFIP","og_description":"LIRE, APPRENDRE ET D\u00c9COUVRIR LE FRAN\u00c7AIS : d\u00e9couvrez chaque mois une s\u00e9lection d&#8217;auteurs et d&#8217;ouvrages disponibles au Centre documentaire du &hellip; Continue reading Archives S\u00e9lection du CNFp","og_url":"https:\/\/efip.ctu.edu.vn\/web\/archives-selection-du-cnfp\/","og_site_name":"EFIP","article_publisher":"https:\/\/www.facebook.com\/efipCanTho","article_modified_time":"2014-10-15T03:27:54+00:00","og_image":[{"width":512,"height":512,"url":"https:\/\/efip.ctu.edu.vn\/web\/wp-content\/uploads\/2020\/05\/EFIP-512x512-1.png","type":"image\/png"}],"twitter_card":"summary_large_image","schema":{"@context":"https:\/\/schema.org","@graph":[{"@type":"WebPage","@id":"https:\/\/efip.ctu.edu.vn\/web\/archives-selection-du-cnfp\/","url":"https:\/\/efip.ctu.edu.vn\/web\/archives-selection-du-cnfp\/","name":"Archives S\u00e9lection du CNFp - EFIP","isPartOf":{"@id":"https:\/\/efip.ctu.edu.vn\/web\/#website"},"datePublished":"2014-10-15T03:20:22+00:00","dateModified":"2014-10-15T03:27:54+00:00","breadcrumb":{"@id":"https:\/\/efip.ctu.edu.vn\/web\/archives-selection-du-cnfp\/#breadcrumb"},"inLanguage":"en-US","potentialAction":[{"@type":"ReadAction","target":["https:\/\/efip.ctu.edu.vn\/web\/archives-selection-du-cnfp\/"]}]},{"@type":"BreadcrumbList","@id":"https:\/\/efip.ctu.edu.vn\/web\/archives-selection-du-cnfp\/#breadcrumb","itemListElement":[{"@type":"ListItem","position":1,"name":"Accueil","item":"https:\/\/efip.ctu.edu.vn\/web\/"},{"@type":"ListItem","position":2,"name":"Archives S\u00e9lection du CNFp"}]},{"@type":"WebSite","@id":"https:\/\/efip.ctu.edu.vn\/web\/#website","url":"https:\/\/efip.ctu.edu.vn\/web\/","name":"EFIP de Can Tho","description":"Espace Francophone d&#039;Innovation et de Partenariat","publisher":{"@id":"https:\/\/efip.ctu.edu.vn\/web\/#organization"},"potentialAction":[{"@type":"SearchAction","target":{"@type":"EntryPoint","urlTemplate":"https:\/\/efip.ctu.edu.vn\/web\/?s={search_term_string}"},"query-input":{"@type":"PropertyValueSpecification","valueRequired":true,"valueName":"search_term_string"}}],"inLanguage":"en-US"},{"@type":"Organization","@id":"https:\/\/efip.ctu.edu.vn\/web\/#organization","name":"EFIP","url":"https:\/\/efip.ctu.edu.vn\/web\/","logo":{"@type":"ImageObject","inLanguage":"en-US","@id":"https:\/\/efip.ctu.edu.vn\/web\/#\/schema\/logo\/image\/","url":"https:\/\/efip.ctu.edu.vn\/web\/wp-content\/uploads\/2025\/05\/efip2-150x89-1.jpg","contentUrl":"https:\/\/efip.ctu.edu.vn\/web\/wp-content\/uploads\/2025\/05\/efip2-150x89-1.jpg","width":150,"height":89,"caption":"EFIP"},"image":{"@id":"https:\/\/efip.ctu.edu.vn\/web\/#\/schema\/logo\/image\/"},"sameAs":["https:\/\/www.facebook.com\/efipCanTho"]}]}},"_links":{"self":[{"href":"https:\/\/efip.ctu.edu.vn\/web\/wp-json\/wp\/v2\/pages\/466","targetHints":{"allow":["GET"]}}],"collection":[{"href":"https:\/\/efip.ctu.edu.vn\/web\/wp-json\/wp\/v2\/pages"}],"about":[{"href":"https:\/\/efip.ctu.edu.vn\/web\/wp-json\/wp\/v2\/types\/page"}],"author":[{"embeddable":true,"href":"https:\/\/efip.ctu.edu.vn\/web\/wp-json\/wp\/v2\/users\/1"}],"replies":[{"embeddable":true,"href":"https:\/\/efip.ctu.edu.vn\/web\/wp-json\/wp\/v2\/comments?post=466"}],"version-history":[{"count":1,"href":"https:\/\/efip.ctu.edu.vn\/web\/wp-json\/wp\/v2\/pages\/466\/revisions"}],"predecessor-version":[{"id":469,"href":"https:\/\/efip.ctu.edu.vn\/web\/wp-json\/wp\/v2\/pages\/466\/revisions\/469"}],"wp:attachment":[{"href":"https:\/\/efip.ctu.edu.vn\/web\/wp-json\/wp\/v2\/media?parent=466"}],"curies":[{"name":"wp","href":"https:\/\/api.w.org\/{rel}","templated":true}]}}