{"id":3714,"date":"2022-11-07T09:52:22","date_gmt":"2022-11-07T02:52:22","guid":{"rendered":"https:\/\/efip.ctu.edu.vn\/web\/?page_id=3714"},"modified":"2025-05-02T21:37:58","modified_gmt":"2025-05-02T14:37:58","slug":"tutoriels-etre-prof","status":"publish","type":"page","link":"https:\/\/efip.ctu.edu.vn\/web\/tutoriels-etre-prof\/","title":{"rendered":"Tutoriels \u00catre prof"},"content":{"rendered":"<div class=\"wp-block-image\">\n<figure class=\"aligncenter size-medium\"><a href=\"https:\/\/efip.ctu.edu.vn\/web\/wp-content\/uploads\/2025\/05\/EtreProfYouTube.png\"><img decoding=\"async\" width=\"300\" height=\"74\" src=\"https:\/\/efip.ctu.edu.vn\/web\/wp-content\/uploads\/2025\/05\/EtreProfYouTube-300x74.png\" alt=\"\" class=\"wp-image-4337\" srcset=\"https:\/\/efip.ctu.edu.vn\/web\/wp-content\/uploads\/2025\/05\/EtreProfYouTube-300x74.png 300w, https:\/\/efip.ctu.edu.vn\/web\/wp-content\/uploads\/2025\/05\/EtreProfYouTube-1024x253.png 1024w, https:\/\/efip.ctu.edu.vn\/web\/wp-content\/uploads\/2025\/05\/EtreProfYouTube-768x190.png 768w, https:\/\/efip.ctu.edu.vn\/web\/wp-content\/uploads\/2025\/05\/EtreProfYouTube.png 1198w\" sizes=\"(max-width: 300px) 100vw, 300px\" \/><\/a><\/figure><\/div>\n\n\n<p>La cha\u00eene YouTube du collectif \u00catre prof propose de nombreux tutoriels vid\u00e9o pour am\u00e9liorer l&#8217;enseignement en g\u00e9n\u00e9ral en partageant des pratiques professionnelles, des trucs et astuces, en favorisant l&#8217;\u00e9change autour des strat\u00e9gies pour enseigner de mani\u00e8re ambitieuse et pragmatique dans le respect des besoins, des expertises et des rythmes de chacun. Vous pouvez aussi les retrouver sur leur site Internet : <a href=\"https:\/\/etreprof.fr\" target=\"_blank\" rel=\"noreferrer noopener\">https:\/\/etreprof.fr<\/a> .<\/p>\n\n\n\n<p>Voici les tutoriels vid\u00e9o \u00catre prof d\u00e9di\u00e9s aux technologies num\u00e9riques, cliquez sur le lien pour acc\u00e9der \u00e0 la vid\u00e9o :<\/p>\n\n\n\n<ul class=\"wp-block-list\">\n<li><a href=\"https:\/\/youtu.be\/wUI4lERE3SA\" target=\"_blank\" rel=\"noreferrer noopener\">Utiliser Genially en classe<\/a><\/li>\n\n\n\n<li><a href=\"https:\/\/youtu.be\/Vt0GQjVx4nw\" target=\"_blank\" rel=\"noreferrer noopener\">Faire un livre m\u00e9thodologique avec Bookcreator<\/a><\/li>\n\n\n\n<li><a href=\"https:\/\/youtu.be\/RcJvAwKTHHk\">Quels outils possibles pour faire une capsule vid\u00e9o ?<\/a>\n<ul class=\"wp-block-list\">\n<li>Et avant de faire sa capsule vid\u00e9o, quelques conseils m\u00e9thodologiques avec <a href=\"https:\/\/youtu.be\/b2ch9bOZWWg\" target=\"_blank\" rel=\"noreferrer noopener\">Les diff\u00e9rents types de capsules vid\u00e9o<\/a>;<\/li>\n\n\n\n<li><a href=\"https:\/\/youtu.be\/ejjjK87fbCI\" target=\"_blank\" rel=\"noreferrer noopener\">Rythmer une capsule vid\u00e9o<\/a>,<\/li>\n\n\n\n<li>et <a href=\"https:\/\/youtu.be\/dMP1NBMgp9s\" target=\"_blank\" rel=\"noreferrer noopener\">Les bons usages pour se filmer dans les capsules vid\u00e9os<\/a>.<\/li>\n<\/ul>\n<\/li>\n\n\n\n<li><a href=\"https:\/\/youtu.be\/Ti84tJqr7vE\" target=\"_blank\" rel=\"noreferrer noopener\">Cr\u00e9er des tutos vid\u00e9o pour aider les \u00e9l\u00e8ves \u00e0 besoins sp\u00e9cifiques <\/a><\/li>\n\n\n\n<li><a href=\"https:\/\/youtu.be\/LdqNl0KV1_o\" target=\"_blank\" rel=\"noreferrer noopener\">Recr\u00e9er un espace &#8220;classe&#8221; virtuel avec Padlet<\/a><\/li>\n\n\n\n<li><a href=\"https:\/\/youtu.be\/549SYQ736uQ\" target=\"_blank\" rel=\"noreferrer noopener\">D\u00e9couvrir AgoraQuiz, l&#8217;exerciseur qui rend les \u00e9l\u00e8ves acteurs<\/a><\/li>\n<\/ul>\n\n\n\n<p><\/p>\n\n\n\n<p>Pour retrouver d\u2019autres tutoriels vid\u00e9o :&nbsp;<a href=\"https:\/\/efip.ctu.edu.vn\/web\/tutoriels-video\/\">https:\/\/efip.ctu.edu.vn\/web\/tutoriels-video\/<\/a><\/p>\n\n\n\n<p class=\"has-text-align-right\"><em>Page cr\u00e9\u00e9e le 07 novembre 2022<\/em><\/p>\n","protected":false},"excerpt":{"rendered":"<p>La cha\u00eene YouTube du collectif \u00catre prof propose de nombreux tutoriels vid\u00e9o pour am\u00e9liorer l&#8217;enseignement en g\u00e9n\u00e9ral en partageant des &hellip; <br \/><a href=\"https:\/\/efip.ctu.edu.vn\/web\/tutoriels-etre-prof\/\" class=\"more-link\">Continue reading <span class=\"screen-reader-text\">Tutoriels \u00catre prof<\/span><\/a><\/p>\n","protected":false},"author":3,"featured_media":4337,"parent":0,"menu_order":0,"comment_status":"closed","ping_status":"closed","template":"","meta":{"footnotes":""},"class_list":["post-3714","page","type-page","status-publish","has-post-thumbnail","hentry"],"yoast_head":"<!-- This site is optimized with the Yoast SEO plugin v25.0 - https:\/\/yoast.com\/wordpress\/plugins\/seo\/ -->\n<title>Tutoriels \u00catre prof - EFIP de Can Tho<\/title>\n<meta name=\"description\" content=\"La cha\u00eene YouTube du collectif \u00catre prof propose des tutoriels vid\u00e9os pour am\u00e9liorer l&#039;enseignement en g\u00e9n\u00e9ral en partageant des pratiques professionnelles, des trucs et astuces.\" \/>\n<meta name=\"robots\" content=\"index, follow, max-snippet:-1, max-image-preview:large, max-video-preview:-1\" \/>\n<link rel=\"canonical\" href=\"https:\/\/efip.ctu.edu.vn\/web\/tutoriels-etre-prof\/\" \/>\n<meta property=\"og:locale\" content=\"en_US\" \/>\n<meta property=\"og:type\" content=\"article\" \/>\n<meta property=\"og:title\" content=\"Tutoriels \u00catre prof - EFIP de Can Tho\" \/>\n<meta property=\"og:description\" content=\"La cha\u00eene YouTube du collectif \u00catre prof propose des tutoriels vid\u00e9os pour am\u00e9liorer l&#039;enseignement en g\u00e9n\u00e9ral en partageant des pratiques professionnelles, des trucs et astuces.\" \/>\n<meta property=\"og:url\" content=\"https:\/\/efip.ctu.edu.vn\/web\/tutoriels-etre-prof\/\" \/>\n<meta property=\"og:site_name\" content=\"EFIP\" \/>\n<meta property=\"article:publisher\" content=\"https:\/\/www.facebook.com\/efipCanTho\" \/>\n<meta property=\"article:modified_time\" content=\"2025-05-02T14:37:58+00:00\" \/>\n<meta property=\"og:image\" content=\"https:\/\/efip.ctu.edu.vn\/web\/wp-content\/uploads\/2022\/11\/EtreProfYouTube.png\" \/>\n\t<meta property=\"og:image:width\" content=\"1198\" \/>\n\t<meta property=\"og:image:height\" content=\"296\" \/>\n\t<meta property=\"og:image:type\" content=\"image\/png\" \/>\n<meta name=\"twitter:card\" content=\"summary_large_image\" \/>\n<meta name=\"twitter:label1\" content=\"Est. reading time\" \/>\n\t<meta name=\"twitter:data1\" content=\"1 minute\" \/>\n<script type=\"application\/ld+json\" class=\"yoast-schema-graph\">{\"@context\":\"https:\/\/schema.org\",\"@graph\":[{\"@type\":\"WebPage\",\"@id\":\"https:\/\/efip.ctu.edu.vn\/web\/tutoriels-etre-prof\/\",\"url\":\"https:\/\/efip.ctu.edu.vn\/web\/tutoriels-etre-prof\/\",\"name\":\"Tutoriels \u00catre prof - EFIP de Can Tho\",\"isPartOf\":{\"@id\":\"https:\/\/efip.ctu.edu.vn\/web\/#website\"},\"primaryImageOfPage\":{\"@id\":\"https:\/\/efip.ctu.edu.vn\/web\/tutoriels-etre-prof\/#primaryimage\"},\"image\":{\"@id\":\"https:\/\/efip.ctu.edu.vn\/web\/tutoriels-etre-prof\/#primaryimage\"},\"thumbnailUrl\":\"https:\/\/efip.ctu.edu.vn\/web\/wp-content\/uploads\/2025\/05\/EtreProfYouTube.png\",\"datePublished\":\"2022-11-07T02:52:22+00:00\",\"dateModified\":\"2025-05-02T14:37:58+00:00\",\"description\":\"La cha\u00eene YouTube du collectif \u00catre prof propose des tutoriels vid\u00e9os pour am\u00e9liorer l'enseignement en g\u00e9n\u00e9ral en partageant des pratiques professionnelles, des trucs et astuces.\",\"breadcrumb\":{\"@id\":\"https:\/\/efip.ctu.edu.vn\/web\/tutoriels-etre-prof\/#breadcrumb\"},\"inLanguage\":\"en-US\",\"potentialAction\":[{\"@type\":\"ReadAction\",\"target\":[\"https:\/\/efip.ctu.edu.vn\/web\/tutoriels-etre-prof\/\"]}]},{\"@type\":\"ImageObject\",\"inLanguage\":\"en-US\",\"@id\":\"https:\/\/efip.ctu.edu.vn\/web\/tutoriels-etre-prof\/#primaryimage\",\"url\":\"https:\/\/efip.ctu.edu.vn\/web\/wp-content\/uploads\/2025\/05\/EtreProfYouTube.png\",\"contentUrl\":\"https:\/\/efip.ctu.edu.vn\/web\/wp-content\/uploads\/2025\/05\/EtreProfYouTube.png\",\"width\":1198,\"height\":296},{\"@type\":\"BreadcrumbList\",\"@id\":\"https:\/\/efip.ctu.edu.vn\/web\/tutoriels-etre-prof\/#breadcrumb\",\"itemListElement\":[{\"@type\":\"ListItem\",\"position\":1,\"name\":\"Accueil\",\"item\":\"https:\/\/efip.ctu.edu.vn\/web\/\"},{\"@type\":\"ListItem\",\"position\":2,\"name\":\"Tutoriels \u00catre prof\"}]},{\"@type\":\"WebSite\",\"@id\":\"https:\/\/efip.ctu.edu.vn\/web\/#website\",\"url\":\"https:\/\/efip.ctu.edu.vn\/web\/\",\"name\":\"EFIP de Can Tho\",\"description\":\"Espace Francophone d&#039;Innovation et de Partenariat\",\"publisher\":{\"@id\":\"https:\/\/efip.ctu.edu.vn\/web\/#organization\"},\"potentialAction\":[{\"@type\":\"SearchAction\",\"target\":{\"@type\":\"EntryPoint\",\"urlTemplate\":\"https:\/\/efip.ctu.edu.vn\/web\/?s={search_term_string}\"},\"query-input\":{\"@type\":\"PropertyValueSpecification\",\"valueRequired\":true,\"valueName\":\"search_term_string\"}}],\"inLanguage\":\"en-US\"},{\"@type\":\"Organization\",\"@id\":\"https:\/\/efip.ctu.edu.vn\/web\/#organization\",\"name\":\"EFIP\",\"url\":\"https:\/\/efip.ctu.edu.vn\/web\/\",\"logo\":{\"@type\":\"ImageObject\",\"inLanguage\":\"en-US\",\"@id\":\"https:\/\/efip.ctu.edu.vn\/web\/#\/schema\/logo\/image\/\",\"url\":\"https:\/\/efip.ctu.edu.vn\/web\/wp-content\/uploads\/2025\/05\/efip2-150x89-1.jpg\",\"contentUrl\":\"https:\/\/efip.ctu.edu.vn\/web\/wp-content\/uploads\/2025\/05\/efip2-150x89-1.jpg\",\"width\":150,\"height\":89,\"caption\":\"EFIP\"},\"image\":{\"@id\":\"https:\/\/efip.ctu.edu.vn\/web\/#\/schema\/logo\/image\/\"},\"sameAs\":[\"https:\/\/www.facebook.com\/efipCanTho\"]}]}<\/script>\n<!-- \/ Yoast SEO plugin. -->","yoast_head_json":{"title":"Tutoriels \u00catre prof - EFIP de Can Tho","description":"La cha\u00eene YouTube du collectif \u00catre prof propose des tutoriels vid\u00e9os pour am\u00e9liorer l'enseignement en g\u00e9n\u00e9ral en partageant des pratiques professionnelles, des trucs et astuces.","robots":{"index":"index","follow":"follow","max-snippet":"max-snippet:-1","max-image-preview":"max-image-preview:large","max-video-preview":"max-video-preview:-1"},"canonical":"https:\/\/efip.ctu.edu.vn\/web\/tutoriels-etre-prof\/","og_locale":"en_US","og_type":"article","og_title":"Tutoriels \u00catre prof - EFIP de Can Tho","og_description":"La cha\u00eene YouTube du collectif \u00catre prof propose des tutoriels vid\u00e9os pour am\u00e9liorer l'enseignement en g\u00e9n\u00e9ral en partageant des pratiques professionnelles, des trucs et astuces.","og_url":"https:\/\/efip.ctu.edu.vn\/web\/tutoriels-etre-prof\/","og_site_name":"EFIP","article_publisher":"https:\/\/www.facebook.com\/efipCanTho","article_modified_time":"2025-05-02T14:37:58+00:00","og_image":[{"width":1198,"height":296,"url":"https:\/\/efip.ctu.edu.vn\/web\/wp-content\/uploads\/2022\/11\/EtreProfYouTube.png","type":"image\/png"}],"twitter_card":"summary_large_image","twitter_misc":{"Est. reading time":"1 minute"},"schema":{"@context":"https:\/\/schema.org","@graph":[{"@type":"WebPage","@id":"https:\/\/efip.ctu.edu.vn\/web\/tutoriels-etre-prof\/","url":"https:\/\/efip.ctu.edu.vn\/web\/tutoriels-etre-prof\/","name":"Tutoriels \u00catre prof - EFIP de Can Tho","isPartOf":{"@id":"https:\/\/efip.ctu.edu.vn\/web\/#website"},"primaryImageOfPage":{"@id":"https:\/\/efip.ctu.edu.vn\/web\/tutoriels-etre-prof\/#primaryimage"},"image":{"@id":"https:\/\/efip.ctu.edu.vn\/web\/tutoriels-etre-prof\/#primaryimage"},"thumbnailUrl":"https:\/\/efip.ctu.edu.vn\/web\/wp-content\/uploads\/2025\/05\/EtreProfYouTube.png","datePublished":"2022-11-07T02:52:22+00:00","dateModified":"2025-05-02T14:37:58+00:00","description":"La cha\u00eene YouTube du collectif \u00catre prof propose des tutoriels vid\u00e9os pour am\u00e9liorer l'enseignement en g\u00e9n\u00e9ral en partageant des pratiques professionnelles, des trucs et astuces.","breadcrumb":{"@id":"https:\/\/efip.ctu.edu.vn\/web\/tutoriels-etre-prof\/#breadcrumb"},"inLanguage":"en-US","potentialAction":[{"@type":"ReadAction","target":["https:\/\/efip.ctu.edu.vn\/web\/tutoriels-etre-prof\/"]}]},{"@type":"ImageObject","inLanguage":"en-US","@id":"https:\/\/efip.ctu.edu.vn\/web\/tutoriels-etre-prof\/#primaryimage","url":"https:\/\/efip.ctu.edu.vn\/web\/wp-content\/uploads\/2025\/05\/EtreProfYouTube.png","contentUrl":"https:\/\/efip.ctu.edu.vn\/web\/wp-content\/uploads\/2025\/05\/EtreProfYouTube.png","width":1198,"height":296},{"@type":"BreadcrumbList","@id":"https:\/\/efip.ctu.edu.vn\/web\/tutoriels-etre-prof\/#breadcrumb","itemListElement":[{"@type":"ListItem","position":1,"name":"Accueil","item":"https:\/\/efip.ctu.edu.vn\/web\/"},{"@type":"ListItem","position":2,"name":"Tutoriels \u00catre prof"}]},{"@type":"WebSite","@id":"https:\/\/efip.ctu.edu.vn\/web\/#website","url":"https:\/\/efip.ctu.edu.vn\/web\/","name":"EFIP de Can Tho","description":"Espace Francophone d&#039;Innovation et de Partenariat","publisher":{"@id":"https:\/\/efip.ctu.edu.vn\/web\/#organization"},"potentialAction":[{"@type":"SearchAction","target":{"@type":"EntryPoint","urlTemplate":"https:\/\/efip.ctu.edu.vn\/web\/?s={search_term_string}"},"query-input":{"@type":"PropertyValueSpecification","valueRequired":true,"valueName":"search_term_string"}}],"inLanguage":"en-US"},{"@type":"Organization","@id":"https:\/\/efip.ctu.edu.vn\/web\/#organization","name":"EFIP","url":"https:\/\/efip.ctu.edu.vn\/web\/","logo":{"@type":"ImageObject","inLanguage":"en-US","@id":"https:\/\/efip.ctu.edu.vn\/web\/#\/schema\/logo\/image\/","url":"https:\/\/efip.ctu.edu.vn\/web\/wp-content\/uploads\/2025\/05\/efip2-150x89-1.jpg","contentUrl":"https:\/\/efip.ctu.edu.vn\/web\/wp-content\/uploads\/2025\/05\/efip2-150x89-1.jpg","width":150,"height":89,"caption":"EFIP"},"image":{"@id":"https:\/\/efip.ctu.edu.vn\/web\/#\/schema\/logo\/image\/"},"sameAs":["https:\/\/www.facebook.com\/efipCanTho"]}]}},"_links":{"self":[{"href":"https:\/\/efip.ctu.edu.vn\/web\/wp-json\/wp\/v2\/pages\/3714","targetHints":{"allow":["GET"]}}],"collection":[{"href":"https:\/\/efip.ctu.edu.vn\/web\/wp-json\/wp\/v2\/pages"}],"about":[{"href":"https:\/\/efip.ctu.edu.vn\/web\/wp-json\/wp\/v2\/types\/page"}],"author":[{"embeddable":true,"href":"https:\/\/efip.ctu.edu.vn\/web\/wp-json\/wp\/v2\/users\/3"}],"replies":[{"embeddable":true,"href":"https:\/\/efip.ctu.edu.vn\/web\/wp-json\/wp\/v2\/comments?post=3714"}],"version-history":[{"count":2,"href":"https:\/\/efip.ctu.edu.vn\/web\/wp-json\/wp\/v2\/pages\/3714\/revisions"}],"predecessor-version":[{"id":4338,"href":"https:\/\/efip.ctu.edu.vn\/web\/wp-json\/wp\/v2\/pages\/3714\/revisions\/4338"}],"wp:featuredmedia":[{"embeddable":true,"href":"https:\/\/efip.ctu.edu.vn\/web\/wp-json\/wp\/v2\/media\/4337"}],"wp:attachment":[{"href":"https:\/\/efip.ctu.edu.vn\/web\/wp-json\/wp\/v2\/media?parent=3714"}],"curies":[{"name":"wp","href":"https:\/\/api.w.org\/{rel}","templated":true}]}}