{"id":3467,"date":"2021-12-15T10:03:37","date_gmt":"2021-12-15T03:03:37","guid":{"rendered":"https:\/\/efip.ctu.edu.vn\/web\/?page_id=3467"},"modified":"2021-12-15T10:03:38","modified_gmt":"2021-12-15T03:03:38","slug":"ressources-webinaires-cursus","status":"publish","type":"page","link":"https:\/\/efip.ctu.edu.vn\/web\/ressources-webinaires-cursus\/","title":{"rendered":"CURSUS+"},"content":{"rendered":"\n<p>Le cycle de conf\u00e9rences CURSUS+ &#8220;R\u00e9ussites \u00e9tudiantes&#8221; a pour objectif de susciter la r\u00e9flexion autour des r\u00e9ussites \u00e9tudiantes lors du 1er cycle universitaire \u00e0 tous les niveaux de l&#8217;universit\u00e9. Chaque conf\u00e9rence est pr\u00e9sent\u00e9e par un chercheur en sciences de l&#8217;\u00e9ducation.<\/p>\n\n\n\n<h4 class=\"has-vivid-cyan-blue-color has-text-color wp-block-heading\"><strong>Premi\u00e8re conf\u00e9rence CURSUS+ : Les dimensions et les facteurs de la \u00ab r\u00e9ussite \u00bb \u00e0 l\u2019universit\u00e9<\/strong><\/h4>\n\n\n\n<figure class=\"wp-block-embed is-type-video is-provider-youtube wp-block-embed-youtube wp-embed-aspect-16-9 wp-has-aspect-ratio\"><div class=\"wp-block-embed__wrapper\">\n<iframe title=\"Premi\u00e8re conf\u00e9rence CURSUS+ : Les dimensions et les facteurs de la \u00ab r\u00e9ussite \u00bb \u00e0 l\u2019universit\u00e9\" width=\"660\" height=\"371\" src=\"https:\/\/www.youtube.com\/embed\/CWT9XaAWU-o?feature=oembed\" frameborder=\"0\" allow=\"accelerometer; autoplay; clipboard-write; encrypted-media; gyroscope; picture-in-picture; web-share\" referrerpolicy=\"strict-origin-when-cross-origin\" allowfullscreen><\/iframe>\n<\/div><\/figure>\n\n\n\n<p><em>&#8220;Qu&#8217;est-ce que r\u00e9ussir, \u00e9chouer, abandonner ou pers\u00e9v\u00e9rer dans l&#8217;enseignement sup\u00e9rieur ? Dans sa conf\u00e9rence, <strong>Marc Romainville<\/strong>, professeur en sciences de l\u2019\u00e9ducation \u00e0 l\u2019Universit\u00e9 de Namur en Belgique, vous propose <strong>une mod\u00e9lisation mettant en \u00e9vidence les dimensions de ces diff\u00e9rents ph\u00e9nom\u00e8nes<\/strong>. Cette conf\u00e9rence se cl\u00f4turera par un \u00e9tat de l&#8217;art des principaux facteurs associ\u00e9s \u00e0 la r\u00e9ussite universitaire, de mani\u00e8re \u00e0 ouvrir des pistes p\u00e9dagogiques en mati\u00e8re de dispositifs de lutte contre l&#8217;\u00e9chec.&#8221;<\/em><\/p>\n\n\n\n<p>Cette 1\u00e8re conf\u00e9rence s&#8217;est tenue en novembre 2020 et \u00e9tait anim\u00e9e par <strong>Catherine Loisy<\/strong>, ma\u00eetre de conf\u00e9rences (HDR) en sciences de l\u2019\u00e9ducation \u00e0 l\u2019Institut fran\u00e7ais de l\u2019\u00e9ducation \u2013 ENS de Lyon, apr\u00e8s une introduction de <strong>Philippe Poncharal<\/strong>, professeur de physique \u00e0 l\u2019Universit\u00e9 Claude Bernard Lyon 1 et responsable op\u00e9rationnel du projet CURSUS+.<\/p>\n\n\n\n<h4 class=\"has-vivid-cyan-blue-color has-text-color wp-block-heading\">Deuxi\u00e8me conf\u00e9rence CURSUS+ : L\u2019approche par comp\u00e9tences, tout un programme !<\/h4>\n\n\n\n<figure class=\"wp-block-embed is-type-video is-provider-youtube wp-block-embed-youtube wp-embed-aspect-16-9 wp-has-aspect-ratio\"><div class=\"wp-block-embed__wrapper\">\n<iframe title=\"Deuxi\u00e8me conf\u00e9rence CURSUS+ : L\u2019approche par comp\u00e9tences, tout un programme !\" width=\"660\" height=\"371\" src=\"https:\/\/www.youtube.com\/embed\/LGI4pbjIVL4?feature=oembed\" frameborder=\"0\" allow=\"accelerometer; autoplay; clipboard-write; encrypted-media; gyroscope; picture-in-picture; web-share\" referrerpolicy=\"strict-origin-when-cross-origin\" allowfullscreen><\/iframe>\n<\/div><\/figure>\n\n\n\n<p>Cette deuxi\u00e8me conf\u00e9rence s&#8217;est tenue en d\u00e9cembre 2021. Cette intervention du professeur Philippe Parmentier,\u00a0<strong>\u00ab L\u2019approche par comp\u00e9tences, tout un programme ! \u00bb<\/strong>, anim\u00e9e par Catherine Loisy (ma\u00eetre de conf\u00e9rences (HDR) en sciences de l\u2019\u00e9ducation \u00e0 l\u2019Institut fran\u00e7ais de l\u2019\u00e9ducation \u2013 ENS de Lyon), offre\u00a0<strong>l\u2019\u00e9clairage de la recherche en sciences de l\u2019\u00e9ducation sur ce sujet complexe de la d\u00e9marche comp\u00e9tences<\/strong>. <\/p>\n\n\n\n<p><\/p>\n\n\n\n<p>Si les vid\u00e9os ne s&#8217;affichent pas, vous pouvez les retrouver ici : <a href=\"https:\/\/youtube.com\/playlist?list=PLleLO21NXvotrhqzmXxEjroJz_AFt7RXd\" target=\"_blank\" rel=\"noreferrer noopener\">https:\/\/youtube.com\/playlist?list=PLleLO21NXvotrhqzmXxEjroJz_AFt7RXd<\/a><\/p>\n\n\n\n<p>Pour d&#8217;autres webinaires : <a href=\"https:\/\/efip.ctu.edu.vn\/web\/webinaires\/\">https:\/\/efip.ctu.edu.vn\/web\/webinaires\/<\/a><\/p>\n","protected":false},"excerpt":{"rendered":"<p>Le cycle de conf\u00e9rences CURSUS+ &#8220;R\u00e9ussites \u00e9tudiantes&#8221; a pour objectif de susciter la r\u00e9flexion autour des r\u00e9ussites \u00e9tudiantes lors du &hellip; <br \/><a href=\"https:\/\/efip.ctu.edu.vn\/web\/ressources-webinaires-cursus\/\" class=\"more-link\">Continue reading <span class=\"screen-reader-text\">CURSUS+<\/span><\/a><\/p>\n","protected":false},"author":3,"featured_media":3468,"parent":0,"menu_order":0,"comment_status":"closed","ping_status":"closed","template":"","meta":{"footnotes":""},"class_list":["post-3467","page","type-page","status-publish","has-post-thumbnail","hentry"],"yoast_head":"<!-- This site is optimized with the Yoast SEO plugin v25.0 - https:\/\/yoast.com\/wordpress\/plugins\/seo\/ -->\n<title>Webinaires CURSUS+ - EFIP de Can Tho<\/title>\n<meta name=\"description\" content=\"Le cycle de conf\u00e9rences CURSUS+ &quot;R\u00e9ussites \u00e9tudiantes&quot; a pour objectif de susciter la r\u00e9flexion autour des r\u00e9ussites \u00e9tudiantes lors du 1er cycle universitaire \u00e0 tous les niveaux de l&#039;universit\u00e9.\" \/>\n<meta name=\"robots\" content=\"index, follow, max-snippet:-1, max-image-preview:large, max-video-preview:-1\" \/>\n<link rel=\"canonical\" href=\"https:\/\/efip.ctu.edu.vn\/web\/ressources-webinaires-cursus\/\" \/>\n<meta property=\"og:locale\" content=\"en_US\" \/>\n<meta property=\"og:type\" content=\"article\" \/>\n<meta property=\"og:title\" content=\"Webinaires CURSUS+ - EFIP de Can Tho\" \/>\n<meta property=\"og:description\" content=\"Le cycle de conf\u00e9rences CURSUS+ &quot;R\u00e9ussites \u00e9tudiantes&quot; a pour objectif de susciter la r\u00e9flexion autour des r\u00e9ussites \u00e9tudiantes lors du 1er cycle universitaire \u00e0 tous les niveaux de l&#039;universit\u00e9.\" \/>\n<meta property=\"og:url\" content=\"https:\/\/efip.ctu.edu.vn\/web\/ressources-webinaires-cursus\/\" \/>\n<meta property=\"og:site_name\" content=\"EFIP\" \/>\n<meta property=\"article:publisher\" content=\"https:\/\/www.facebook.com\/efipCanTho\" \/>\n<meta property=\"article:modified_time\" content=\"2021-12-15T03:03:38+00:00\" \/>\n<meta property=\"og:image\" content=\"https:\/\/efip.ctu.edu.vn\/web\/wp-content\/uploads\/2021\/12\/CURSUS.jpg\" \/>\n\t<meta property=\"og:image:width\" content=\"960\" \/>\n\t<meta property=\"og:image:height\" content=\"540\" \/>\n\t<meta property=\"og:image:type\" content=\"image\/jpeg\" \/>\n<meta name=\"twitter:card\" content=\"summary_large_image\" \/>\n<meta name=\"twitter:label1\" content=\"Est. reading time\" \/>\n\t<meta name=\"twitter:data1\" content=\"2 minutes\" \/>\n<script type=\"application\/ld+json\" class=\"yoast-schema-graph\">{\"@context\":\"https:\/\/schema.org\",\"@graph\":[{\"@type\":\"WebPage\",\"@id\":\"https:\/\/efip.ctu.edu.vn\/web\/ressources-webinaires-cursus\/\",\"url\":\"https:\/\/efip.ctu.edu.vn\/web\/ressources-webinaires-cursus\/\",\"name\":\"Webinaires CURSUS+ - EFIP de Can Tho\",\"isPartOf\":{\"@id\":\"https:\/\/efip.ctu.edu.vn\/web\/#website\"},\"primaryImageOfPage\":{\"@id\":\"https:\/\/efip.ctu.edu.vn\/web\/ressources-webinaires-cursus\/#primaryimage\"},\"image\":{\"@id\":\"https:\/\/efip.ctu.edu.vn\/web\/ressources-webinaires-cursus\/#primaryimage\"},\"thumbnailUrl\":\"https:\/\/efip.ctu.edu.vn\/web\/wp-content\/uploads\/2021\/12\/CURSUS.jpg\",\"datePublished\":\"2021-12-15T03:03:37+00:00\",\"dateModified\":\"2021-12-15T03:03:38+00:00\",\"description\":\"Le cycle de conf\u00e9rences CURSUS+ \\\"R\u00e9ussites \u00e9tudiantes\\\" a pour objectif de susciter la r\u00e9flexion autour des r\u00e9ussites \u00e9tudiantes lors du 1er cycle universitaire \u00e0 tous les niveaux de l'universit\u00e9.\",\"breadcrumb\":{\"@id\":\"https:\/\/efip.ctu.edu.vn\/web\/ressources-webinaires-cursus\/#breadcrumb\"},\"inLanguage\":\"en-US\",\"potentialAction\":[{\"@type\":\"ReadAction\",\"target\":[\"https:\/\/efip.ctu.edu.vn\/web\/ressources-webinaires-cursus\/\"]}]},{\"@type\":\"ImageObject\",\"inLanguage\":\"en-US\",\"@id\":\"https:\/\/efip.ctu.edu.vn\/web\/ressources-webinaires-cursus\/#primaryimage\",\"url\":\"https:\/\/efip.ctu.edu.vn\/web\/wp-content\/uploads\/2021\/12\/CURSUS.jpg\",\"contentUrl\":\"https:\/\/efip.ctu.edu.vn\/web\/wp-content\/uploads\/2021\/12\/CURSUS.jpg\",\"width\":960,\"height\":540},{\"@type\":\"BreadcrumbList\",\"@id\":\"https:\/\/efip.ctu.edu.vn\/web\/ressources-webinaires-cursus\/#breadcrumb\",\"itemListElement\":[{\"@type\":\"ListItem\",\"position\":1,\"name\":\"Accueil\",\"item\":\"https:\/\/efip.ctu.edu.vn\/web\/\"},{\"@type\":\"ListItem\",\"position\":2,\"name\":\"CURSUS+\"}]},{\"@type\":\"WebSite\",\"@id\":\"https:\/\/efip.ctu.edu.vn\/web\/#website\",\"url\":\"https:\/\/efip.ctu.edu.vn\/web\/\",\"name\":\"EFIP de Can Tho\",\"description\":\"Espace Francophone d&#039;Innovation et de Partenariat\",\"publisher\":{\"@id\":\"https:\/\/efip.ctu.edu.vn\/web\/#organization\"},\"potentialAction\":[{\"@type\":\"SearchAction\",\"target\":{\"@type\":\"EntryPoint\",\"urlTemplate\":\"https:\/\/efip.ctu.edu.vn\/web\/?s={search_term_string}\"},\"query-input\":{\"@type\":\"PropertyValueSpecification\",\"valueRequired\":true,\"valueName\":\"search_term_string\"}}],\"inLanguage\":\"en-US\"},{\"@type\":\"Organization\",\"@id\":\"https:\/\/efip.ctu.edu.vn\/web\/#organization\",\"name\":\"EFIP\",\"url\":\"https:\/\/efip.ctu.edu.vn\/web\/\",\"logo\":{\"@type\":\"ImageObject\",\"inLanguage\":\"en-US\",\"@id\":\"https:\/\/efip.ctu.edu.vn\/web\/#\/schema\/logo\/image\/\",\"url\":\"https:\/\/efip.ctu.edu.vn\/web\/wp-content\/uploads\/2025\/05\/efip2-150x89-1.jpg\",\"contentUrl\":\"https:\/\/efip.ctu.edu.vn\/web\/wp-content\/uploads\/2025\/05\/efip2-150x89-1.jpg\",\"width\":150,\"height\":89,\"caption\":\"EFIP\"},\"image\":{\"@id\":\"https:\/\/efip.ctu.edu.vn\/web\/#\/schema\/logo\/image\/\"},\"sameAs\":[\"https:\/\/www.facebook.com\/efipCanTho\"]}]}<\/script>\n<!-- \/ Yoast SEO plugin. -->","yoast_head_json":{"title":"Webinaires CURSUS+ - EFIP de Can Tho","description":"Le cycle de conf\u00e9rences CURSUS+ \"R\u00e9ussites \u00e9tudiantes\" a pour objectif de susciter la r\u00e9flexion autour des r\u00e9ussites \u00e9tudiantes lors du 1er cycle universitaire \u00e0 tous les niveaux de l'universit\u00e9.","robots":{"index":"index","follow":"follow","max-snippet":"max-snippet:-1","max-image-preview":"max-image-preview:large","max-video-preview":"max-video-preview:-1"},"canonical":"https:\/\/efip.ctu.edu.vn\/web\/ressources-webinaires-cursus\/","og_locale":"en_US","og_type":"article","og_title":"Webinaires CURSUS+ - EFIP de Can Tho","og_description":"Le cycle de conf\u00e9rences CURSUS+ \"R\u00e9ussites \u00e9tudiantes\" a pour objectif de susciter la r\u00e9flexion autour des r\u00e9ussites \u00e9tudiantes lors du 1er cycle universitaire \u00e0 tous les niveaux de l'universit\u00e9.","og_url":"https:\/\/efip.ctu.edu.vn\/web\/ressources-webinaires-cursus\/","og_site_name":"EFIP","article_publisher":"https:\/\/www.facebook.com\/efipCanTho","article_modified_time":"2021-12-15T03:03:38+00:00","og_image":[{"width":960,"height":540,"url":"https:\/\/efip.ctu.edu.vn\/web\/wp-content\/uploads\/2021\/12\/CURSUS.jpg","type":"image\/jpeg"}],"twitter_card":"summary_large_image","twitter_misc":{"Est. reading time":"2 minutes"},"schema":{"@context":"https:\/\/schema.org","@graph":[{"@type":"WebPage","@id":"https:\/\/efip.ctu.edu.vn\/web\/ressources-webinaires-cursus\/","url":"https:\/\/efip.ctu.edu.vn\/web\/ressources-webinaires-cursus\/","name":"Webinaires CURSUS+ - EFIP de Can Tho","isPartOf":{"@id":"https:\/\/efip.ctu.edu.vn\/web\/#website"},"primaryImageOfPage":{"@id":"https:\/\/efip.ctu.edu.vn\/web\/ressources-webinaires-cursus\/#primaryimage"},"image":{"@id":"https:\/\/efip.ctu.edu.vn\/web\/ressources-webinaires-cursus\/#primaryimage"},"thumbnailUrl":"https:\/\/efip.ctu.edu.vn\/web\/wp-content\/uploads\/2021\/12\/CURSUS.jpg","datePublished":"2021-12-15T03:03:37+00:00","dateModified":"2021-12-15T03:03:38+00:00","description":"Le cycle de conf\u00e9rences CURSUS+ \"R\u00e9ussites \u00e9tudiantes\" a pour objectif de susciter la r\u00e9flexion autour des r\u00e9ussites \u00e9tudiantes lors du 1er cycle universitaire \u00e0 tous les niveaux de l'universit\u00e9.","breadcrumb":{"@id":"https:\/\/efip.ctu.edu.vn\/web\/ressources-webinaires-cursus\/#breadcrumb"},"inLanguage":"en-US","potentialAction":[{"@type":"ReadAction","target":["https:\/\/efip.ctu.edu.vn\/web\/ressources-webinaires-cursus\/"]}]},{"@type":"ImageObject","inLanguage":"en-US","@id":"https:\/\/efip.ctu.edu.vn\/web\/ressources-webinaires-cursus\/#primaryimage","url":"https:\/\/efip.ctu.edu.vn\/web\/wp-content\/uploads\/2021\/12\/CURSUS.jpg","contentUrl":"https:\/\/efip.ctu.edu.vn\/web\/wp-content\/uploads\/2021\/12\/CURSUS.jpg","width":960,"height":540},{"@type":"BreadcrumbList","@id":"https:\/\/efip.ctu.edu.vn\/web\/ressources-webinaires-cursus\/#breadcrumb","itemListElement":[{"@type":"ListItem","position":1,"name":"Accueil","item":"https:\/\/efip.ctu.edu.vn\/web\/"},{"@type":"ListItem","position":2,"name":"CURSUS+"}]},{"@type":"WebSite","@id":"https:\/\/efip.ctu.edu.vn\/web\/#website","url":"https:\/\/efip.ctu.edu.vn\/web\/","name":"EFIP de Can Tho","description":"Espace Francophone d&#039;Innovation et de Partenariat","publisher":{"@id":"https:\/\/efip.ctu.edu.vn\/web\/#organization"},"potentialAction":[{"@type":"SearchAction","target":{"@type":"EntryPoint","urlTemplate":"https:\/\/efip.ctu.edu.vn\/web\/?s={search_term_string}"},"query-input":{"@type":"PropertyValueSpecification","valueRequired":true,"valueName":"search_term_string"}}],"inLanguage":"en-US"},{"@type":"Organization","@id":"https:\/\/efip.ctu.edu.vn\/web\/#organization","name":"EFIP","url":"https:\/\/efip.ctu.edu.vn\/web\/","logo":{"@type":"ImageObject","inLanguage":"en-US","@id":"https:\/\/efip.ctu.edu.vn\/web\/#\/schema\/logo\/image\/","url":"https:\/\/efip.ctu.edu.vn\/web\/wp-content\/uploads\/2025\/05\/efip2-150x89-1.jpg","contentUrl":"https:\/\/efip.ctu.edu.vn\/web\/wp-content\/uploads\/2025\/05\/efip2-150x89-1.jpg","width":150,"height":89,"caption":"EFIP"},"image":{"@id":"https:\/\/efip.ctu.edu.vn\/web\/#\/schema\/logo\/image\/"},"sameAs":["https:\/\/www.facebook.com\/efipCanTho"]}]}},"_links":{"self":[{"href":"https:\/\/efip.ctu.edu.vn\/web\/wp-json\/wp\/v2\/pages\/3467","targetHints":{"allow":["GET"]}}],"collection":[{"href":"https:\/\/efip.ctu.edu.vn\/web\/wp-json\/wp\/v2\/pages"}],"about":[{"href":"https:\/\/efip.ctu.edu.vn\/web\/wp-json\/wp\/v2\/types\/page"}],"author":[{"embeddable":true,"href":"https:\/\/efip.ctu.edu.vn\/web\/wp-json\/wp\/v2\/users\/3"}],"replies":[{"embeddable":true,"href":"https:\/\/efip.ctu.edu.vn\/web\/wp-json\/wp\/v2\/comments?post=3467"}],"version-history":[{"count":1,"href":"https:\/\/efip.ctu.edu.vn\/web\/wp-json\/wp\/v2\/pages\/3467\/revisions"}],"predecessor-version":[{"id":3469,"href":"https:\/\/efip.ctu.edu.vn\/web\/wp-json\/wp\/v2\/pages\/3467\/revisions\/3469"}],"wp:featuredmedia":[{"embeddable":true,"href":"https:\/\/efip.ctu.edu.vn\/web\/wp-json\/wp\/v2\/media\/3468"}],"wp:attachment":[{"href":"https:\/\/efip.ctu.edu.vn\/web\/wp-json\/wp\/v2\/media?parent=3467"}],"curies":[{"name":"wp","href":"https:\/\/api.w.org\/{rel}","templated":true}]}}