{"id":3355,"date":"2021-11-02T11:05:55","date_gmt":"2021-11-02T04:05:55","guid":{"rendered":"https:\/\/efip.ctu.edu.vn\/web\/?page_id=3355"},"modified":"2021-11-02T11:05:55","modified_gmt":"2021-11-02T04:05:55","slug":"webinaire-la-communication-interculturelle","status":"publish","type":"page","link":"https:\/\/efip.ctu.edu.vn\/web\/webinaire-la-communication-interculturelle\/","title":{"rendered":"Webinaire : la communication interculturelle"},"content":{"rendered":"\n<figure class=\"wp-block-embed is-type-video is-provider-youtube wp-block-embed-youtube wp-embed-aspect-4-3 wp-has-aspect-ratio\"><div class=\"wp-block-embed__wrapper\">\n<iframe title=\"Webinaire Communication Interculturelle - version int\u00e9grale\" width=\"660\" height=\"495\" src=\"https:\/\/www.youtube.com\/embed\/mywR5k4_f0E?feature=oembed\" frameborder=\"0\" allow=\"accelerometer; autoplay; clipboard-write; encrypted-media; gyroscope; picture-in-picture; web-share\" referrerpolicy=\"strict-origin-when-cross-origin\" allowfullscreen><\/iframe>\n<\/div><\/figure>\n\n\n\n<p>Le 1er novembre 2021, la Facult\u00e9 des Langues \u00c9trang\u00e8res de l&#8217;Universit\u00e9 de Can Tho a organis\u00e9 un webinaire sur le th\u00e8me de la communication interculturelle. Les deux intervenantes, Emilie NGUYEN HUU et Huynh Mai NGUYEN TRAN, sont enseignantes de fran\u00e7ais \u00e0 l&#8217;Universit\u00e9 de Can Tho. <\/p>\n\n\n\n<p>Le webinaire est constitu\u00e9 de deux parties : un expos\u00e9 et une discussion avec le public. L&#8217;expos\u00e9 se compose d&#8217;une partie th\u00e9orique (d\u00e9finition, objectifs et enjeux de la communication interculturelle) et une partie pratique (Exemples d&#8217;activit\u00e9s th\u00e9oriques et pratiques en classe).<\/p>\n\n\n\n<p>Si la vid\u00e9o ne s&#8217;affiche pas : <a href=\"https:\/\/youtu.be\/mywR5k4_f0E\" target=\"_blank\" rel=\"noreferrer noopener\">https:\/\/youtu.be\/mywR5k4_f0E<\/a><\/p>\n\n\n\n<p>Pour d\u2019autres webinaires :\u00a0<a rel=\"noreferrer noopener\" href=\"https:\/\/efip.ctu.edu.vn\/web\/webinaires\/\" target=\"_blank\">https:\/\/efip.ctu.edu.vn\/web\/webinaires\/<\/a><\/p>\n","protected":false},"excerpt":{"rendered":"<p>Le 1er novembre 2021, la Facult\u00e9 des Langues \u00c9trang\u00e8res de l&#8217;Universit\u00e9 de Can Tho a organis\u00e9 un webinaire sur le &hellip; <br \/><a href=\"https:\/\/efip.ctu.edu.vn\/web\/webinaire-la-communication-interculturelle\/\" class=\"more-link\">Continue reading <span class=\"screen-reader-text\">Webinaire : la communication interculturelle<\/span><\/a><\/p>\n","protected":false},"author":3,"featured_media":3350,"parent":0,"menu_order":0,"comment_status":"closed","ping_status":"closed","template":"","meta":{"footnotes":""},"class_list":["post-3355","page","type-page","status-publish","has-post-thumbnail","hentry"],"yoast_head":"<!-- This site is optimized with the Yoast SEO plugin v25.0 - https:\/\/yoast.com\/wordpress\/plugins\/seo\/ -->\n<title>Webinaire : la communication interculturelle - EFIP de Can Tho<\/title>\n<meta name=\"description\" content=\"La Facult\u00e9 des Langues \u00c9trang\u00e8res de l&#039;Universit\u00e9 de Can Tho a organis\u00e9 un webinaire sur le th\u00e8me de la communication interculturelle.\" \/>\n<meta name=\"robots\" content=\"index, follow, max-snippet:-1, max-image-preview:large, max-video-preview:-1\" \/>\n<link rel=\"canonical\" href=\"https:\/\/efip.ctu.edu.vn\/web\/webinaire-la-communication-interculturelle\/\" \/>\n<meta property=\"og:locale\" content=\"en_US\" \/>\n<meta property=\"og:type\" content=\"article\" \/>\n<meta property=\"og:title\" content=\"Webinaire : la communication interculturelle - EFIP de Can Tho\" \/>\n<meta property=\"og:description\" content=\"La Facult\u00e9 des Langues \u00c9trang\u00e8res de l&#039;Universit\u00e9 de Can Tho a organis\u00e9 un webinaire sur le th\u00e8me de la communication interculturelle.\" \/>\n<meta property=\"og:url\" content=\"https:\/\/efip.ctu.edu.vn\/web\/webinaire-la-communication-interculturelle\/\" \/>\n<meta property=\"og:site_name\" content=\"EFIP\" \/>\n<meta property=\"article:publisher\" content=\"https:\/\/www.facebook.com\/efipCanTho\" \/>\n<meta property=\"og:image\" content=\"https:\/\/efip.ctu.edu.vn\/web\/wp-content\/uploads\/2021\/11\/Capture-decran-2021-11-01-a-09.03.09.png\" \/>\n\t<meta property=\"og:image:width\" content=\"1420\" \/>\n\t<meta property=\"og:image:height\" content=\"794\" \/>\n\t<meta property=\"og:image:type\" content=\"image\/png\" \/>\n<meta name=\"twitter:card\" content=\"summary_large_image\" \/>\n<meta name=\"twitter:label1\" content=\"Est. reading time\" \/>\n\t<meta name=\"twitter:data1\" content=\"1 minute\" \/>\n<script type=\"application\/ld+json\" class=\"yoast-schema-graph\">{\"@context\":\"https:\/\/schema.org\",\"@graph\":[{\"@type\":\"WebPage\",\"@id\":\"https:\/\/efip.ctu.edu.vn\/web\/webinaire-la-communication-interculturelle\/\",\"url\":\"https:\/\/efip.ctu.edu.vn\/web\/webinaire-la-communication-interculturelle\/\",\"name\":\"Webinaire : la communication interculturelle - EFIP de Can Tho\",\"isPartOf\":{\"@id\":\"https:\/\/efip.ctu.edu.vn\/web\/#website\"},\"primaryImageOfPage\":{\"@id\":\"https:\/\/efip.ctu.edu.vn\/web\/webinaire-la-communication-interculturelle\/#primaryimage\"},\"image\":{\"@id\":\"https:\/\/efip.ctu.edu.vn\/web\/webinaire-la-communication-interculturelle\/#primaryimage\"},\"thumbnailUrl\":\"https:\/\/efip.ctu.edu.vn\/web\/wp-content\/uploads\/2021\/11\/Capture-decran-2021-11-01-a-09.03.09.png\",\"datePublished\":\"2021-11-02T04:05:55+00:00\",\"description\":\"La Facult\u00e9 des Langues \u00c9trang\u00e8res de l'Universit\u00e9 de Can Tho a organis\u00e9 un webinaire sur le th\u00e8me de la communication interculturelle.\",\"breadcrumb\":{\"@id\":\"https:\/\/efip.ctu.edu.vn\/web\/webinaire-la-communication-interculturelle\/#breadcrumb\"},\"inLanguage\":\"en-US\",\"potentialAction\":[{\"@type\":\"ReadAction\",\"target\":[\"https:\/\/efip.ctu.edu.vn\/web\/webinaire-la-communication-interculturelle\/\"]}]},{\"@type\":\"ImageObject\",\"inLanguage\":\"en-US\",\"@id\":\"https:\/\/efip.ctu.edu.vn\/web\/webinaire-la-communication-interculturelle\/#primaryimage\",\"url\":\"https:\/\/efip.ctu.edu.vn\/web\/wp-content\/uploads\/2021\/11\/Capture-decran-2021-11-01-a-09.03.09.png\",\"contentUrl\":\"https:\/\/efip.ctu.edu.vn\/web\/wp-content\/uploads\/2021\/11\/Capture-decran-2021-11-01-a-09.03.09.png\",\"width\":1420,\"height\":794,\"caption\":\"Webinaire Communication Interculturelle\"},{\"@type\":\"BreadcrumbList\",\"@id\":\"https:\/\/efip.ctu.edu.vn\/web\/webinaire-la-communication-interculturelle\/#breadcrumb\",\"itemListElement\":[{\"@type\":\"ListItem\",\"position\":1,\"name\":\"Accueil\",\"item\":\"https:\/\/efip.ctu.edu.vn\/web\/\"},{\"@type\":\"ListItem\",\"position\":2,\"name\":\"Webinaire : la communication interculturelle\"}]},{\"@type\":\"WebSite\",\"@id\":\"https:\/\/efip.ctu.edu.vn\/web\/#website\",\"url\":\"https:\/\/efip.ctu.edu.vn\/web\/\",\"name\":\"EFIP de Can Tho\",\"description\":\"Espace Francophone d&#039;Innovation et de Partenariat\",\"publisher\":{\"@id\":\"https:\/\/efip.ctu.edu.vn\/web\/#organization\"},\"potentialAction\":[{\"@type\":\"SearchAction\",\"target\":{\"@type\":\"EntryPoint\",\"urlTemplate\":\"https:\/\/efip.ctu.edu.vn\/web\/?s={search_term_string}\"},\"query-input\":{\"@type\":\"PropertyValueSpecification\",\"valueRequired\":true,\"valueName\":\"search_term_string\"}}],\"inLanguage\":\"en-US\"},{\"@type\":\"Organization\",\"@id\":\"https:\/\/efip.ctu.edu.vn\/web\/#organization\",\"name\":\"EFIP\",\"url\":\"https:\/\/efip.ctu.edu.vn\/web\/\",\"logo\":{\"@type\":\"ImageObject\",\"inLanguage\":\"en-US\",\"@id\":\"https:\/\/efip.ctu.edu.vn\/web\/#\/schema\/logo\/image\/\",\"url\":\"https:\/\/efip.ctu.edu.vn\/web\/wp-content\/uploads\/2025\/05\/efip2-150x89-1.jpg\",\"contentUrl\":\"https:\/\/efip.ctu.edu.vn\/web\/wp-content\/uploads\/2025\/05\/efip2-150x89-1.jpg\",\"width\":150,\"height\":89,\"caption\":\"EFIP\"},\"image\":{\"@id\":\"https:\/\/efip.ctu.edu.vn\/web\/#\/schema\/logo\/image\/\"},\"sameAs\":[\"https:\/\/www.facebook.com\/efipCanTho\"]}]}<\/script>\n<!-- \/ Yoast SEO plugin. -->","yoast_head_json":{"title":"Webinaire : la communication interculturelle - EFIP de Can Tho","description":"La Facult\u00e9 des Langues \u00c9trang\u00e8res de l'Universit\u00e9 de Can Tho a organis\u00e9 un webinaire sur le th\u00e8me de la communication interculturelle.","robots":{"index":"index","follow":"follow","max-snippet":"max-snippet:-1","max-image-preview":"max-image-preview:large","max-video-preview":"max-video-preview:-1"},"canonical":"https:\/\/efip.ctu.edu.vn\/web\/webinaire-la-communication-interculturelle\/","og_locale":"en_US","og_type":"article","og_title":"Webinaire : la communication interculturelle - EFIP de Can Tho","og_description":"La Facult\u00e9 des Langues \u00c9trang\u00e8res de l'Universit\u00e9 de Can Tho a organis\u00e9 un webinaire sur le th\u00e8me de la communication interculturelle.","og_url":"https:\/\/efip.ctu.edu.vn\/web\/webinaire-la-communication-interculturelle\/","og_site_name":"EFIP","article_publisher":"https:\/\/www.facebook.com\/efipCanTho","og_image":[{"width":1420,"height":794,"url":"https:\/\/efip.ctu.edu.vn\/web\/wp-content\/uploads\/2021\/11\/Capture-decran-2021-11-01-a-09.03.09.png","type":"image\/png"}],"twitter_card":"summary_large_image","twitter_misc":{"Est. reading time":"1 minute"},"schema":{"@context":"https:\/\/schema.org","@graph":[{"@type":"WebPage","@id":"https:\/\/efip.ctu.edu.vn\/web\/webinaire-la-communication-interculturelle\/","url":"https:\/\/efip.ctu.edu.vn\/web\/webinaire-la-communication-interculturelle\/","name":"Webinaire : la communication interculturelle - EFIP de Can Tho","isPartOf":{"@id":"https:\/\/efip.ctu.edu.vn\/web\/#website"},"primaryImageOfPage":{"@id":"https:\/\/efip.ctu.edu.vn\/web\/webinaire-la-communication-interculturelle\/#primaryimage"},"image":{"@id":"https:\/\/efip.ctu.edu.vn\/web\/webinaire-la-communication-interculturelle\/#primaryimage"},"thumbnailUrl":"https:\/\/efip.ctu.edu.vn\/web\/wp-content\/uploads\/2021\/11\/Capture-decran-2021-11-01-a-09.03.09.png","datePublished":"2021-11-02T04:05:55+00:00","description":"La Facult\u00e9 des Langues \u00c9trang\u00e8res de l'Universit\u00e9 de Can Tho a organis\u00e9 un webinaire sur le th\u00e8me de la communication interculturelle.","breadcrumb":{"@id":"https:\/\/efip.ctu.edu.vn\/web\/webinaire-la-communication-interculturelle\/#breadcrumb"},"inLanguage":"en-US","potentialAction":[{"@type":"ReadAction","target":["https:\/\/efip.ctu.edu.vn\/web\/webinaire-la-communication-interculturelle\/"]}]},{"@type":"ImageObject","inLanguage":"en-US","@id":"https:\/\/efip.ctu.edu.vn\/web\/webinaire-la-communication-interculturelle\/#primaryimage","url":"https:\/\/efip.ctu.edu.vn\/web\/wp-content\/uploads\/2021\/11\/Capture-decran-2021-11-01-a-09.03.09.png","contentUrl":"https:\/\/efip.ctu.edu.vn\/web\/wp-content\/uploads\/2021\/11\/Capture-decran-2021-11-01-a-09.03.09.png","width":1420,"height":794,"caption":"Webinaire Communication Interculturelle"},{"@type":"BreadcrumbList","@id":"https:\/\/efip.ctu.edu.vn\/web\/webinaire-la-communication-interculturelle\/#breadcrumb","itemListElement":[{"@type":"ListItem","position":1,"name":"Accueil","item":"https:\/\/efip.ctu.edu.vn\/web\/"},{"@type":"ListItem","position":2,"name":"Webinaire : la communication interculturelle"}]},{"@type":"WebSite","@id":"https:\/\/efip.ctu.edu.vn\/web\/#website","url":"https:\/\/efip.ctu.edu.vn\/web\/","name":"EFIP de Can Tho","description":"Espace Francophone d&#039;Innovation et de Partenariat","publisher":{"@id":"https:\/\/efip.ctu.edu.vn\/web\/#organization"},"potentialAction":[{"@type":"SearchAction","target":{"@type":"EntryPoint","urlTemplate":"https:\/\/efip.ctu.edu.vn\/web\/?s={search_term_string}"},"query-input":{"@type":"PropertyValueSpecification","valueRequired":true,"valueName":"search_term_string"}}],"inLanguage":"en-US"},{"@type":"Organization","@id":"https:\/\/efip.ctu.edu.vn\/web\/#organization","name":"EFIP","url":"https:\/\/efip.ctu.edu.vn\/web\/","logo":{"@type":"ImageObject","inLanguage":"en-US","@id":"https:\/\/efip.ctu.edu.vn\/web\/#\/schema\/logo\/image\/","url":"https:\/\/efip.ctu.edu.vn\/web\/wp-content\/uploads\/2025\/05\/efip2-150x89-1.jpg","contentUrl":"https:\/\/efip.ctu.edu.vn\/web\/wp-content\/uploads\/2025\/05\/efip2-150x89-1.jpg","width":150,"height":89,"caption":"EFIP"},"image":{"@id":"https:\/\/efip.ctu.edu.vn\/web\/#\/schema\/logo\/image\/"},"sameAs":["https:\/\/www.facebook.com\/efipCanTho"]}]}},"_links":{"self":[{"href":"https:\/\/efip.ctu.edu.vn\/web\/wp-json\/wp\/v2\/pages\/3355","targetHints":{"allow":["GET"]}}],"collection":[{"href":"https:\/\/efip.ctu.edu.vn\/web\/wp-json\/wp\/v2\/pages"}],"about":[{"href":"https:\/\/efip.ctu.edu.vn\/web\/wp-json\/wp\/v2\/types\/page"}],"author":[{"embeddable":true,"href":"https:\/\/efip.ctu.edu.vn\/web\/wp-json\/wp\/v2\/users\/3"}],"replies":[{"embeddable":true,"href":"https:\/\/efip.ctu.edu.vn\/web\/wp-json\/wp\/v2\/comments?post=3355"}],"version-history":[{"count":1,"href":"https:\/\/efip.ctu.edu.vn\/web\/wp-json\/wp\/v2\/pages\/3355\/revisions"}],"predecessor-version":[{"id":3356,"href":"https:\/\/efip.ctu.edu.vn\/web\/wp-json\/wp\/v2\/pages\/3355\/revisions\/3356"}],"wp:featuredmedia":[{"embeddable":true,"href":"https:\/\/efip.ctu.edu.vn\/web\/wp-json\/wp\/v2\/media\/3350"}],"wp:attachment":[{"href":"https:\/\/efip.ctu.edu.vn\/web\/wp-json\/wp\/v2\/media?parent=3355"}],"curies":[{"name":"wp","href":"https:\/\/api.w.org\/{rel}","templated":true}]}}