{"id":268,"date":"2013-12-27T08:30:19","date_gmt":"2013-12-27T07:30:19","guid":{"rendered":"http:\/\/123.30.143.210\/web\/?page_id=268"},"modified":"2025-05-02T11:34:22","modified_gmt":"2025-05-02T04:34:22","slug":"portails-du-fle","status":"publish","type":"page","link":"https:\/\/efip.ctu.edu.vn\/web\/ressources\/annuaire-de-sites\/portails-du-fle\/","title":{"rendered":"Portails du FLE"},"content":{"rendered":"\n<p>Voici une liste de portails du FLE (Fran\u00e7ais Langue \u00c9trang\u00e8re). Ces sites proposent des activit\u00e9s et ressources p\u00e9dagogiques pour les enseignants de FLE.<\/p>\n\n\n<hr width=\"100{5cef8cb26ec0cf0cbc2bf93f1561460fb5a03d2eaee977874fea98e9d15bcda9}\" \/>\n<p style=\"text-align: center;\"><a href=\"https:\/\/www.lepointdufle.net\" target=\"_blank\" rel=\"noopener\"><img decoding=\"async\" class=\"alignnone wp-image-4202 size-medium\" src=\"https:\/\/efip.ctu.edu.vn\/web\/wp-content\/uploads\/2025\/05\/lepointdufle-300x105.png\" alt=\"\" width=\"300\" height=\"105\" srcset=\"https:\/\/efip.ctu.edu.vn\/web\/wp-content\/uploads\/2025\/05\/lepointdufle-300x105.png 300w, https:\/\/efip.ctu.edu.vn\/web\/wp-content\/uploads\/2025\/05\/lepointdufle-1024x358.png 1024w, https:\/\/efip.ctu.edu.vn\/web\/wp-content\/uploads\/2025\/05\/lepointdufle-768x269.png 768w, https:\/\/efip.ctu.edu.vn\/web\/wp-content\/uploads\/2025\/05\/lepointdufle.png 1280w\" sizes=\"(max-width: 300px) 100vw, 300px\" \/><\/a><\/p>\n<p>Lien vers le site : \u00a0<a href=\"https:\/\/www.lepointdufle.net\" target=\"_blank\" rel=\"noopener\">https:\/\/www.lepointdufle.net<\/a><\/p>\n<p style=\"text-align: justify;\"><em>Portail tr\u00e8s complet recensant des liens tant vers des activit\u00e9s p\u00e9dagogiques, que des ressources documentaires. Indispensable \u00e0 son r\u00e9pertoire de bonnes adresses.\u00a0<\/em><\/p>\n<hr width=\"100{5cef8cb26ec0cf0cbc2bf93f1561460fb5a03d2eaee977874fea98e9d15bcda9}\" \/>\n<p style=\"text-align: center;\"><a href=\"http:\/\/www.fle.fr\/\" target=\"_blank\" rel=\"noopener\"><img decoding=\"async\" class=\"alignnone wp-image-4203 size-medium\" src=\"https:\/\/efip.ctu.edu.vn\/web\/wp-content\/uploads\/2025\/05\/Fle-fr-300x100.png\" alt=\"\" width=\"300\" height=\"100\" srcset=\"https:\/\/efip.ctu.edu.vn\/web\/wp-content\/uploads\/2025\/05\/Fle-fr-300x100.png 300w, https:\/\/efip.ctu.edu.vn\/web\/wp-content\/uploads\/2025\/05\/Fle-fr.png 588w\" sizes=\"(max-width: 300px) 100vw, 300px\" \/><\/a><\/p>\n<p>Lien vers le site :\u00a0<a href=\"http:\/\/www.fle.fr\/\" target=\"_blank\" rel=\"noopener\">http:\/\/www.fle.fr\/<\/a><\/p>\n<p style=\"text-align: justify;\"><em>Agence de promotion du FLE, regroupant des\u00a0informations utiles pour \u00e9tudier le fran\u00e7ais en France, des\u00a0ressources p\u00e9dagogiques pour les professeurs (cartable\u00a0connect\u00e9),&#8230;<\/em><\/p>\n<hr width=\"100{5cef8cb26ec0cf0cbc2bf93f1561460fb5a03d2eaee977874fea98e9d15bcda9}\" \/>\n<p style=\"text-align: center;\"><a href=\"http:\/\/francaisenligne.free.fr\" target=\"_blank\" rel=\"noopener\"><img decoding=\"async\" class=\"alignnone wp-image-4207 size-medium\" src=\"https:\/\/efip.ctu.edu.vn\/web\/wp-content\/uploads\/2025\/05\/Fr-en-ligne-300x68.png\" alt=\"\" width=\"300\" height=\"68\" srcset=\"https:\/\/efip.ctu.edu.vn\/web\/wp-content\/uploads\/2025\/05\/Fr-en-ligne-300x68.png 300w, https:\/\/efip.ctu.edu.vn\/web\/wp-content\/uploads\/2025\/05\/Fr-en-ligne-1024x231.png 1024w, https:\/\/efip.ctu.edu.vn\/web\/wp-content\/uploads\/2025\/05\/Fr-en-ligne-768x173.png 768w, https:\/\/efip.ctu.edu.vn\/web\/wp-content\/uploads\/2025\/05\/Fr-en-ligne.png 1340w\" sizes=\"(max-width: 300px) 100vw, 300px\" \/><\/a><\/p>\n<p style=\"text-align: justify;\"><em>Lien vers le site : <a href=\"http:\/\/francaisenligne.free.fr\" target=\"_blank\" rel=\"noopener\">http:\/\/francaisenligne.free.fr<\/a>\u00a0<\/em><\/p>\n<p style=\"text-align: justify;\"><em>Liens vers des exercices, des conseils,\u00a0des outils, des documents authentiques&#8230;<\/em><\/p>\n<hr width=\"100{5cef8cb26ec0cf0cbc2bf93f1561460fb5a03d2eaee977874fea98e9d15bcda9}\" \/>\n<p style=\"text-align: center;\"><a href=\"http:\/\/www.bonjourdefrance.com\/\" target=\"_blank\" rel=\"noopener\"><img loading=\"lazy\" decoding=\"async\" class=\"alignnone wp-image-4210 size-full\" title=\"Bonjour de France\" src=\"https:\/\/efip.ctu.edu.vn\/web\/wp-content\/uploads\/2025\/05\/BonjourDeFr.png\" alt=\"\" width=\"150\" height=\"70\" \/><\/a><\/p>\n<p>Lien vers le site :\u00a0<a href=\"http:\/\/www.bonjourdefrance.com\/\" target=\"_blank\" rel=\"noopener\">http:\/\/www.bonjourdefrance.com\/<\/a><\/p>\n<p><em>Bonjour de France est une plateforme \u00e9ducative contenant des exercices, des tests et des jeux pour apprendre le fran\u00e7ais<\/em><br \/><em> ainsi que des fiches p\u00e9dagogiques \u00e0 l&#8217;attention des enseignants de FLE. Il propose des cours en ligne payants, mais aussi des ressources gratuites.<\/em><\/p>\n<hr width=\"100{5cef8cb26ec0cf0cbc2bf93f1561460fb5a03d2eaee977874fea98e9d15bcda9}\" \/>\n<p style=\"text-align: center;\"><a href=\"https:\/\/www.ressourcesfle.fr\" target=\"_blank\" rel=\"noopener\"><img loading=\"lazy\" decoding=\"async\" class=\"alignnone wp-image-4212 size-medium\" title=\"Ressources FLE et langue fran\u00e7aise : ressources Internet pour la classe FLE\" src=\"https:\/\/efip.ctu.edu.vn\/web\/wp-content\/uploads\/2025\/05\/RessourcesFLE-300x75.png\" alt=\"\" width=\"300\" height=\"75\" srcset=\"https:\/\/efip.ctu.edu.vn\/web\/wp-content\/uploads\/2025\/05\/RessourcesFLE-300x75.png 300w, https:\/\/efip.ctu.edu.vn\/web\/wp-content\/uploads\/2025\/05\/RessourcesFLE-768x191.png 768w, https:\/\/efip.ctu.edu.vn\/web\/wp-content\/uploads\/2025\/05\/RessourcesFLE.png 831w\" sizes=\"(max-width: 300px) 100vw, 300px\" \/><\/a><\/p>\n<p>Lien vers le site :\u00a0<a href=\"https:\/\/www.ressourcesfle.fr\" target=\"_blank\" rel=\"noopener\">https:\/\/www.ressourcesfle.fr<\/a><\/p>\n<p><em>Ressources FLE et langue fran\u00e7aise : ressources Internet pour la\u00a0classe de FLE.<\/em><\/p>\n<hr width=\"100{5cef8cb26ec0cf0cbc2bf93f1561460fb5a03d2eaee977874fea98e9d15bcda9}\" \/>\n<p>\u00a0<\/p>\n<p style=\"text-align: right;\"><em>Derni\u00e8re mise \u00e0 jour : 02\/05\/2025<\/em><\/p>\n\n\n<p><\/p>\n","protected":false},"excerpt":{"rendered":"<p>Voici une liste de portails du FLE (Fran\u00e7ais Langue \u00c9trang\u00e8re). Ces sites proposent des activit\u00e9s et ressources p\u00e9dagogiques pour les &hellip; <br \/><a href=\"https:\/\/efip.ctu.edu.vn\/web\/ressources\/annuaire-de-sites\/portails-du-fle\/\" class=\"more-link\">Continue reading <span class=\"screen-reader-text\">Portails du FLE<\/span><\/a><\/p>\n","protected":false},"author":1,"featured_media":0,"parent":66,"menu_order":1,"comment_status":"closed","ping_status":"open","template":"","meta":{"footnotes":""},"class_list":["post-268","page","type-page","status-publish","hentry"],"yoast_head":"<!-- This site is optimized with the Yoast SEO plugin v25.0 - https:\/\/yoast.com\/wordpress\/plugins\/seo\/ -->\n<title>Liste de {5cef8cb26ec0cf0cbc2bf93f1561460fb5a03d2eaee977874fea98e9d15bcda9}{5cef8cb26ec0cf0cbc2bf93f1561460fb5a03d2eaee977874fea98e9d15bcda9}title{5cef8cb26ec0cf0cbc2bf93f1561460fb5a03d2eaee977874fea98e9d15bcda9}{5cef8cb26ec0cf0cbc2bf93f1561460fb5a03d2eaee977874fea98e9d15bcda9} {5cef8cb26ec0cf0cbc2bf93f1561460fb5a03d2eaee977874fea98e9d15bcda9}{5cef8cb26ec0cf0cbc2bf93f1561460fb5a03d2eaee977874fea98e9d15bcda9}page{5cef8cb26ec0cf0cbc2bf93f1561460fb5a03d2eaee977874fea98e9d15bcda9}{5cef8cb26ec0cf0cbc2bf93f1561460fb5a03d2eaee977874fea98e9d15bcda9} {5cef8cb26ec0cf0cbc2bf93f1561460fb5a03d2eaee977874fea98e9d15bcda9}{5cef8cb26ec0cf0cbc2bf93f1561460fb5a03d2eaee977874fea98e9d15bcda9}sep{5cef8cb26ec0cf0cbc2bf93f1561460fb5a03d2eaee977874fea98e9d15bcda9}{5cef8cb26ec0cf0cbc2bf93f1561460fb5a03d2eaee977874fea98e9d15bcda9} {5cef8cb26ec0cf0cbc2bf93f1561460fb5a03d2eaee977874fea98e9d15bcda9}{5cef8cb26ec0cf0cbc2bf93f1561460fb5a03d2eaee977874fea98e9d15bcda9}sitename{5cef8cb26ec0cf0cbc2bf93f1561460fb5a03d2eaee977874fea98e9d15bcda9}{5cef8cb26ec0cf0cbc2bf93f1561460fb5a03d2eaee977874fea98e9d15bcda9} de Can Tho<\/title>\n<meta name=\"description\" content=\"Voici une liste de portails du FLE (Fran\u00e7ais Langue \u00c9trang\u00e8re). Ces sites proposent des activit\u00e9s et ressources p\u00e9dagogiques pour les enseignants de FLE.\" \/>\n<meta name=\"robots\" content=\"index, follow, max-snippet:-1, max-image-preview:large, max-video-preview:-1\" \/>\n<link rel=\"canonical\" href=\"https:\/\/efip.ctu.edu.vn\/web\/ressources\/annuaire-de-sites\/portails-du-fle\/\" \/>\n<meta property=\"og:locale\" content=\"en_US\" \/>\n<meta property=\"og:type\" content=\"article\" \/>\n<meta property=\"og:title\" content=\"Liste de {5cef8cb26ec0cf0cbc2bf93f1561460fb5a03d2eaee977874fea98e9d15bcda9}{5cef8cb26ec0cf0cbc2bf93f1561460fb5a03d2eaee977874fea98e9d15bcda9}title{5cef8cb26ec0cf0cbc2bf93f1561460fb5a03d2eaee977874fea98e9d15bcda9}{5cef8cb26ec0cf0cbc2bf93f1561460fb5a03d2eaee977874fea98e9d15bcda9} {5cef8cb26ec0cf0cbc2bf93f1561460fb5a03d2eaee977874fea98e9d15bcda9}{5cef8cb26ec0cf0cbc2bf93f1561460fb5a03d2eaee977874fea98e9d15bcda9}page{5cef8cb26ec0cf0cbc2bf93f1561460fb5a03d2eaee977874fea98e9d15bcda9}{5cef8cb26ec0cf0cbc2bf93f1561460fb5a03d2eaee977874fea98e9d15bcda9} {5cef8cb26ec0cf0cbc2bf93f1561460fb5a03d2eaee977874fea98e9d15bcda9}{5cef8cb26ec0cf0cbc2bf93f1561460fb5a03d2eaee977874fea98e9d15bcda9}sep{5cef8cb26ec0cf0cbc2bf93f1561460fb5a03d2eaee977874fea98e9d15bcda9}{5cef8cb26ec0cf0cbc2bf93f1561460fb5a03d2eaee977874fea98e9d15bcda9} {5cef8cb26ec0cf0cbc2bf93f1561460fb5a03d2eaee977874fea98e9d15bcda9}{5cef8cb26ec0cf0cbc2bf93f1561460fb5a03d2eaee977874fea98e9d15bcda9}sitename{5cef8cb26ec0cf0cbc2bf93f1561460fb5a03d2eaee977874fea98e9d15bcda9}{5cef8cb26ec0cf0cbc2bf93f1561460fb5a03d2eaee977874fea98e9d15bcda9} de Can Tho\" \/>\n<meta property=\"og:description\" content=\"Voici une liste de portails du FLE (Fran\u00e7ais Langue \u00c9trang\u00e8re). Ces sites proposent des activit\u00e9s et ressources p\u00e9dagogiques pour les enseignants de FLE.\" \/>\n<meta property=\"og:url\" content=\"https:\/\/efip.ctu.edu.vn\/web\/ressources\/annuaire-de-sites\/portails-du-fle\/\" \/>\n<meta property=\"og:site_name\" content=\"EFIP\" \/>\n<meta property=\"article:publisher\" content=\"https:\/\/www.facebook.com\/efipCanTho\" \/>\n<meta property=\"article:modified_time\" content=\"2025-05-02T04:34:22+00:00\" \/>\n<meta property=\"og:image\" content=\"https:\/\/efip.ctu.edu.vn\/web\/wp-content\/uploads\/2013\/12\/PointduFLE.png\" \/>\n<meta name=\"twitter:card\" content=\"summary_large_image\" \/>\n<meta name=\"twitter:label1\" content=\"Est. reading time\" \/>\n\t<meta name=\"twitter:data1\" content=\"1 minute\" \/>\n<script type=\"application\/ld+json\" class=\"yoast-schema-graph\">{\"@context\":\"https:\/\/schema.org\",\"@graph\":[{\"@type\":\"WebPage\",\"@id\":\"https:\/\/efip.ctu.edu.vn\/web\/ressources\/annuaire-de-sites\/portails-du-fle\/\",\"url\":\"https:\/\/efip.ctu.edu.vn\/web\/ressources\/annuaire-de-sites\/portails-du-fle\/\",\"name\":\"Liste de {5cef8cb26ec0cf0cbc2bf93f1561460fb5a03d2eaee977874fea98e9d15bcda9}{5cef8cb26ec0cf0cbc2bf93f1561460fb5a03d2eaee977874fea98e9d15bcda9}title{5cef8cb26ec0cf0cbc2bf93f1561460fb5a03d2eaee977874fea98e9d15bcda9}{5cef8cb26ec0cf0cbc2bf93f1561460fb5a03d2eaee977874fea98e9d15bcda9} {5cef8cb26ec0cf0cbc2bf93f1561460fb5a03d2eaee977874fea98e9d15bcda9}{5cef8cb26ec0cf0cbc2bf93f1561460fb5a03d2eaee977874fea98e9d15bcda9}page{5cef8cb26ec0cf0cbc2bf93f1561460fb5a03d2eaee977874fea98e9d15bcda9}{5cef8cb26ec0cf0cbc2bf93f1561460fb5a03d2eaee977874fea98e9d15bcda9} {5cef8cb26ec0cf0cbc2bf93f1561460fb5a03d2eaee977874fea98e9d15bcda9}{5cef8cb26ec0cf0cbc2bf93f1561460fb5a03d2eaee977874fea98e9d15bcda9}sep{5cef8cb26ec0cf0cbc2bf93f1561460fb5a03d2eaee977874fea98e9d15bcda9}{5cef8cb26ec0cf0cbc2bf93f1561460fb5a03d2eaee977874fea98e9d15bcda9} {5cef8cb26ec0cf0cbc2bf93f1561460fb5a03d2eaee977874fea98e9d15bcda9}{5cef8cb26ec0cf0cbc2bf93f1561460fb5a03d2eaee977874fea98e9d15bcda9}sitename{5cef8cb26ec0cf0cbc2bf93f1561460fb5a03d2eaee977874fea98e9d15bcda9}{5cef8cb26ec0cf0cbc2bf93f1561460fb5a03d2eaee977874fea98e9d15bcda9} de Can Tho\",\"isPartOf\":{\"@id\":\"https:\/\/efip.ctu.edu.vn\/web\/#website\"},\"primaryImageOfPage\":{\"@id\":\"https:\/\/efip.ctu.edu.vn\/web\/ressources\/annuaire-de-sites\/portails-du-fle\/#primaryimage\"},\"image\":{\"@id\":\"https:\/\/efip.ctu.edu.vn\/web\/ressources\/annuaire-de-sites\/portails-du-fle\/#primaryimage\"},\"thumbnailUrl\":\"https:\/\/efip.ctu.edu.vn\/web\/wp-content\/uploads\/2025\/05\/lepointdufle-300x105.png\",\"datePublished\":\"2013-12-27T07:30:19+00:00\",\"dateModified\":\"2025-05-02T04:34:22+00:00\",\"description\":\"Voici une liste de portails du FLE (Fran\u00e7ais Langue \u00c9trang\u00e8re). Ces sites proposent des activit\u00e9s et ressources p\u00e9dagogiques pour les enseignants de FLE.\",\"breadcrumb\":{\"@id\":\"https:\/\/efip.ctu.edu.vn\/web\/ressources\/annuaire-de-sites\/portails-du-fle\/#breadcrumb\"},\"inLanguage\":\"en-US\",\"potentialAction\":[{\"@type\":\"ReadAction\",\"target\":[\"https:\/\/efip.ctu.edu.vn\/web\/ressources\/annuaire-de-sites\/portails-du-fle\/\"]}]},{\"@type\":\"ImageObject\",\"inLanguage\":\"en-US\",\"@id\":\"https:\/\/efip.ctu.edu.vn\/web\/ressources\/annuaire-de-sites\/portails-du-fle\/#primaryimage\",\"url\":\"https:\/\/efip.ctu.edu.vn\/web\/wp-content\/uploads\/2025\/05\/lepointdufle.png\",\"contentUrl\":\"https:\/\/efip.ctu.edu.vn\/web\/wp-content\/uploads\/2025\/05\/lepointdufle.png\",\"width\":1280,\"height\":448},{\"@type\":\"BreadcrumbList\",\"@id\":\"https:\/\/efip.ctu.edu.vn\/web\/ressources\/annuaire-de-sites\/portails-du-fle\/#breadcrumb\",\"itemListElement\":[{\"@type\":\"ListItem\",\"position\":1,\"name\":\"Accueil\",\"item\":\"https:\/\/efip.ctu.edu.vn\/web\/\"},{\"@type\":\"ListItem\",\"position\":2,\"name\":\"Ressources en ligne\",\"item\":\"https:\/\/efip.ctu.edu.vn\/web\/ressources\/\"},{\"@type\":\"ListItem\",\"position\":3,\"name\":\"Annuaire de sites\",\"item\":\"https:\/\/efip.ctu.edu.vn\/web\/ressources\/annuaire-de-sites\/\"},{\"@type\":\"ListItem\",\"position\":4,\"name\":\"Portails du FLE\"}]},{\"@type\":\"WebSite\",\"@id\":\"https:\/\/efip.ctu.edu.vn\/web\/#website\",\"url\":\"https:\/\/efip.ctu.edu.vn\/web\/\",\"name\":\"EFIP de Can Tho\",\"description\":\"Espace Francophone d&#039;Innovation et de Partenariat\",\"publisher\":{\"@id\":\"https:\/\/efip.ctu.edu.vn\/web\/#organization\"},\"potentialAction\":[{\"@type\":\"SearchAction\",\"target\":{\"@type\":\"EntryPoint\",\"urlTemplate\":\"https:\/\/efip.ctu.edu.vn\/web\/?s={search_term_string}\"},\"query-input\":{\"@type\":\"PropertyValueSpecification\",\"valueRequired\":true,\"valueName\":\"search_term_string\"}}],\"inLanguage\":\"en-US\"},{\"@type\":\"Organization\",\"@id\":\"https:\/\/efip.ctu.edu.vn\/web\/#organization\",\"name\":\"EFIP\",\"url\":\"https:\/\/efip.ctu.edu.vn\/web\/\",\"logo\":{\"@type\":\"ImageObject\",\"inLanguage\":\"en-US\",\"@id\":\"https:\/\/efip.ctu.edu.vn\/web\/#\/schema\/logo\/image\/\",\"url\":\"https:\/\/efip.ctu.edu.vn\/web\/wp-content\/uploads\/2025\/05\/efip2-150x89-1.jpg\",\"contentUrl\":\"https:\/\/efip.ctu.edu.vn\/web\/wp-content\/uploads\/2025\/05\/efip2-150x89-1.jpg\",\"width\":150,\"height\":89,\"caption\":\"EFIP\"},\"image\":{\"@id\":\"https:\/\/efip.ctu.edu.vn\/web\/#\/schema\/logo\/image\/\"},\"sameAs\":[\"https:\/\/www.facebook.com\/efipCanTho\"]}]}<\/script>\n<!-- \/ Yoast SEO plugin. -->","yoast_head_json":{"title":"Liste de {5cef8cb26ec0cf0cbc2bf93f1561460fb5a03d2eaee977874fea98e9d15bcda9}{5cef8cb26ec0cf0cbc2bf93f1561460fb5a03d2eaee977874fea98e9d15bcda9}title{5cef8cb26ec0cf0cbc2bf93f1561460fb5a03d2eaee977874fea98e9d15bcda9}{5cef8cb26ec0cf0cbc2bf93f1561460fb5a03d2eaee977874fea98e9d15bcda9} {5cef8cb26ec0cf0cbc2bf93f1561460fb5a03d2eaee977874fea98e9d15bcda9}{5cef8cb26ec0cf0cbc2bf93f1561460fb5a03d2eaee977874fea98e9d15bcda9}page{5cef8cb26ec0cf0cbc2bf93f1561460fb5a03d2eaee977874fea98e9d15bcda9}{5cef8cb26ec0cf0cbc2bf93f1561460fb5a03d2eaee977874fea98e9d15bcda9} {5cef8cb26ec0cf0cbc2bf93f1561460fb5a03d2eaee977874fea98e9d15bcda9}{5cef8cb26ec0cf0cbc2bf93f1561460fb5a03d2eaee977874fea98e9d15bcda9}sep{5cef8cb26ec0cf0cbc2bf93f1561460fb5a03d2eaee977874fea98e9d15bcda9}{5cef8cb26ec0cf0cbc2bf93f1561460fb5a03d2eaee977874fea98e9d15bcda9} {5cef8cb26ec0cf0cbc2bf93f1561460fb5a03d2eaee977874fea98e9d15bcda9}{5cef8cb26ec0cf0cbc2bf93f1561460fb5a03d2eaee977874fea98e9d15bcda9}sitename{5cef8cb26ec0cf0cbc2bf93f1561460fb5a03d2eaee977874fea98e9d15bcda9}{5cef8cb26ec0cf0cbc2bf93f1561460fb5a03d2eaee977874fea98e9d15bcda9} de Can Tho","description":"Voici une liste de portails du FLE (Fran\u00e7ais Langue \u00c9trang\u00e8re). Ces sites proposent des activit\u00e9s et ressources p\u00e9dagogiques pour les enseignants de FLE.","robots":{"index":"index","follow":"follow","max-snippet":"max-snippet:-1","max-image-preview":"max-image-preview:large","max-video-preview":"max-video-preview:-1"},"canonical":"https:\/\/efip.ctu.edu.vn\/web\/ressources\/annuaire-de-sites\/portails-du-fle\/","og_locale":"en_US","og_type":"article","og_title":"Liste de {5cef8cb26ec0cf0cbc2bf93f1561460fb5a03d2eaee977874fea98e9d15bcda9}{5cef8cb26ec0cf0cbc2bf93f1561460fb5a03d2eaee977874fea98e9d15bcda9}title{5cef8cb26ec0cf0cbc2bf93f1561460fb5a03d2eaee977874fea98e9d15bcda9}{5cef8cb26ec0cf0cbc2bf93f1561460fb5a03d2eaee977874fea98e9d15bcda9} {5cef8cb26ec0cf0cbc2bf93f1561460fb5a03d2eaee977874fea98e9d15bcda9}{5cef8cb26ec0cf0cbc2bf93f1561460fb5a03d2eaee977874fea98e9d15bcda9}page{5cef8cb26ec0cf0cbc2bf93f1561460fb5a03d2eaee977874fea98e9d15bcda9}{5cef8cb26ec0cf0cbc2bf93f1561460fb5a03d2eaee977874fea98e9d15bcda9} {5cef8cb26ec0cf0cbc2bf93f1561460fb5a03d2eaee977874fea98e9d15bcda9}{5cef8cb26ec0cf0cbc2bf93f1561460fb5a03d2eaee977874fea98e9d15bcda9}sep{5cef8cb26ec0cf0cbc2bf93f1561460fb5a03d2eaee977874fea98e9d15bcda9}{5cef8cb26ec0cf0cbc2bf93f1561460fb5a03d2eaee977874fea98e9d15bcda9} {5cef8cb26ec0cf0cbc2bf93f1561460fb5a03d2eaee977874fea98e9d15bcda9}{5cef8cb26ec0cf0cbc2bf93f1561460fb5a03d2eaee977874fea98e9d15bcda9}sitename{5cef8cb26ec0cf0cbc2bf93f1561460fb5a03d2eaee977874fea98e9d15bcda9}{5cef8cb26ec0cf0cbc2bf93f1561460fb5a03d2eaee977874fea98e9d15bcda9} de Can Tho","og_description":"Voici une liste de portails du FLE (Fran\u00e7ais Langue \u00c9trang\u00e8re). Ces sites proposent des activit\u00e9s et ressources p\u00e9dagogiques pour les enseignants de FLE.","og_url":"https:\/\/efip.ctu.edu.vn\/web\/ressources\/annuaire-de-sites\/portails-du-fle\/","og_site_name":"EFIP","article_publisher":"https:\/\/www.facebook.com\/efipCanTho","article_modified_time":"2025-05-02T04:34:22+00:00","og_image":[{"url":"https:\/\/efip.ctu.edu.vn\/web\/wp-content\/uploads\/2013\/12\/PointduFLE.png","type":"","width":"","height":""}],"twitter_card":"summary_large_image","twitter_misc":{"Est. reading time":"1 minute"},"schema":{"@context":"https:\/\/schema.org","@graph":[{"@type":"WebPage","@id":"https:\/\/efip.ctu.edu.vn\/web\/ressources\/annuaire-de-sites\/portails-du-fle\/","url":"https:\/\/efip.ctu.edu.vn\/web\/ressources\/annuaire-de-sites\/portails-du-fle\/","name":"Liste de {5cef8cb26ec0cf0cbc2bf93f1561460fb5a03d2eaee977874fea98e9d15bcda9}{5cef8cb26ec0cf0cbc2bf93f1561460fb5a03d2eaee977874fea98e9d15bcda9}title{5cef8cb26ec0cf0cbc2bf93f1561460fb5a03d2eaee977874fea98e9d15bcda9}{5cef8cb26ec0cf0cbc2bf93f1561460fb5a03d2eaee977874fea98e9d15bcda9} {5cef8cb26ec0cf0cbc2bf93f1561460fb5a03d2eaee977874fea98e9d15bcda9}{5cef8cb26ec0cf0cbc2bf93f1561460fb5a03d2eaee977874fea98e9d15bcda9}page{5cef8cb26ec0cf0cbc2bf93f1561460fb5a03d2eaee977874fea98e9d15bcda9}{5cef8cb26ec0cf0cbc2bf93f1561460fb5a03d2eaee977874fea98e9d15bcda9} {5cef8cb26ec0cf0cbc2bf93f1561460fb5a03d2eaee977874fea98e9d15bcda9}{5cef8cb26ec0cf0cbc2bf93f1561460fb5a03d2eaee977874fea98e9d15bcda9}sep{5cef8cb26ec0cf0cbc2bf93f1561460fb5a03d2eaee977874fea98e9d15bcda9}{5cef8cb26ec0cf0cbc2bf93f1561460fb5a03d2eaee977874fea98e9d15bcda9} {5cef8cb26ec0cf0cbc2bf93f1561460fb5a03d2eaee977874fea98e9d15bcda9}{5cef8cb26ec0cf0cbc2bf93f1561460fb5a03d2eaee977874fea98e9d15bcda9}sitename{5cef8cb26ec0cf0cbc2bf93f1561460fb5a03d2eaee977874fea98e9d15bcda9}{5cef8cb26ec0cf0cbc2bf93f1561460fb5a03d2eaee977874fea98e9d15bcda9} de Can Tho","isPartOf":{"@id":"https:\/\/efip.ctu.edu.vn\/web\/#website"},"primaryImageOfPage":{"@id":"https:\/\/efip.ctu.edu.vn\/web\/ressources\/annuaire-de-sites\/portails-du-fle\/#primaryimage"},"image":{"@id":"https:\/\/efip.ctu.edu.vn\/web\/ressources\/annuaire-de-sites\/portails-du-fle\/#primaryimage"},"thumbnailUrl":"https:\/\/efip.ctu.edu.vn\/web\/wp-content\/uploads\/2025\/05\/lepointdufle-300x105.png","datePublished":"2013-12-27T07:30:19+00:00","dateModified":"2025-05-02T04:34:22+00:00","description":"Voici une liste de portails du FLE (Fran\u00e7ais Langue \u00c9trang\u00e8re). Ces sites proposent des activit\u00e9s et ressources p\u00e9dagogiques pour les enseignants de FLE.","breadcrumb":{"@id":"https:\/\/efip.ctu.edu.vn\/web\/ressources\/annuaire-de-sites\/portails-du-fle\/#breadcrumb"},"inLanguage":"en-US","potentialAction":[{"@type":"ReadAction","target":["https:\/\/efip.ctu.edu.vn\/web\/ressources\/annuaire-de-sites\/portails-du-fle\/"]}]},{"@type":"ImageObject","inLanguage":"en-US","@id":"https:\/\/efip.ctu.edu.vn\/web\/ressources\/annuaire-de-sites\/portails-du-fle\/#primaryimage","url":"https:\/\/efip.ctu.edu.vn\/web\/wp-content\/uploads\/2025\/05\/lepointdufle.png","contentUrl":"https:\/\/efip.ctu.edu.vn\/web\/wp-content\/uploads\/2025\/05\/lepointdufle.png","width":1280,"height":448},{"@type":"BreadcrumbList","@id":"https:\/\/efip.ctu.edu.vn\/web\/ressources\/annuaire-de-sites\/portails-du-fle\/#breadcrumb","itemListElement":[{"@type":"ListItem","position":1,"name":"Accueil","item":"https:\/\/efip.ctu.edu.vn\/web\/"},{"@type":"ListItem","position":2,"name":"Ressources en ligne","item":"https:\/\/efip.ctu.edu.vn\/web\/ressources\/"},{"@type":"ListItem","position":3,"name":"Annuaire de sites","item":"https:\/\/efip.ctu.edu.vn\/web\/ressources\/annuaire-de-sites\/"},{"@type":"ListItem","position":4,"name":"Portails du FLE"}]},{"@type":"WebSite","@id":"https:\/\/efip.ctu.edu.vn\/web\/#website","url":"https:\/\/efip.ctu.edu.vn\/web\/","name":"EFIP de Can Tho","description":"Espace Francophone d&#039;Innovation et de Partenariat","publisher":{"@id":"https:\/\/efip.ctu.edu.vn\/web\/#organization"},"potentialAction":[{"@type":"SearchAction","target":{"@type":"EntryPoint","urlTemplate":"https:\/\/efip.ctu.edu.vn\/web\/?s={search_term_string}"},"query-input":{"@type":"PropertyValueSpecification","valueRequired":true,"valueName":"search_term_string"}}],"inLanguage":"en-US"},{"@type":"Organization","@id":"https:\/\/efip.ctu.edu.vn\/web\/#organization","name":"EFIP","url":"https:\/\/efip.ctu.edu.vn\/web\/","logo":{"@type":"ImageObject","inLanguage":"en-US","@id":"https:\/\/efip.ctu.edu.vn\/web\/#\/schema\/logo\/image\/","url":"https:\/\/efip.ctu.edu.vn\/web\/wp-content\/uploads\/2025\/05\/efip2-150x89-1.jpg","contentUrl":"https:\/\/efip.ctu.edu.vn\/web\/wp-content\/uploads\/2025\/05\/efip2-150x89-1.jpg","width":150,"height":89,"caption":"EFIP"},"image":{"@id":"https:\/\/efip.ctu.edu.vn\/web\/#\/schema\/logo\/image\/"},"sameAs":["https:\/\/www.facebook.com\/efipCanTho"]}]}},"_links":{"self":[{"href":"https:\/\/efip.ctu.edu.vn\/web\/wp-json\/wp\/v2\/pages\/268","targetHints":{"allow":["GET"]}}],"collection":[{"href":"https:\/\/efip.ctu.edu.vn\/web\/wp-json\/wp\/v2\/pages"}],"about":[{"href":"https:\/\/efip.ctu.edu.vn\/web\/wp-json\/wp\/v2\/types\/page"}],"author":[{"embeddable":true,"href":"https:\/\/efip.ctu.edu.vn\/web\/wp-json\/wp\/v2\/users\/1"}],"replies":[{"embeddable":true,"href":"https:\/\/efip.ctu.edu.vn\/web\/wp-json\/wp\/v2\/comments?post=268"}],"version-history":[{"count":26,"href":"https:\/\/efip.ctu.edu.vn\/web\/wp-json\/wp\/v2\/pages\/268\/revisions"}],"predecessor-version":[{"id":4216,"href":"https:\/\/efip.ctu.edu.vn\/web\/wp-json\/wp\/v2\/pages\/268\/revisions\/4216"}],"up":[{"embeddable":true,"href":"https:\/\/efip.ctu.edu.vn\/web\/wp-json\/wp\/v2\/pages\/66"}],"wp:attachment":[{"href":"https:\/\/efip.ctu.edu.vn\/web\/wp-json\/wp\/v2\/media?parent=268"}],"curies":[{"name":"wp","href":"https:\/\/api.w.org\/{rel}","templated":true}]}}