{"id":2567,"date":"2020-12-15T10:32:54","date_gmt":"2020-12-15T03:32:54","guid":{"rendered":"https:\/\/efip.ctu.edu.vn\/web\/?page_id=2567"},"modified":"2021-10-28T09:12:23","modified_gmt":"2021-10-28T02:12:23","slug":"liseo","status":"publish","type":"page","link":"https:\/\/efip.ctu.edu.vn\/web\/liseo\/","title":{"rendered":"LISEO"},"content":{"rendered":"\n<figure class=\"wp-block-image size-large\"><a href=\"https:\/\/efip.ctu.edu.vn\/web\/wp-content\/uploads\/2020\/12\/Liseo.png\"><img fetchpriority=\"high\" decoding=\"async\" width=\"1024\" height=\"322\" src=\"https:\/\/efip.ctu.edu.vn\/web\/wp-content\/uploads\/2020\/12\/Liseo-1024x322.png\" alt=\"Liseo\" class=\"wp-image-2560\" srcset=\"https:\/\/efip.ctu.edu.vn\/web\/wp-content\/uploads\/2020\/12\/Liseo-1024x322.png 1024w, https:\/\/efip.ctu.edu.vn\/web\/wp-content\/uploads\/2020\/12\/Liseo-300x94.png 300w, https:\/\/efip.ctu.edu.vn\/web\/wp-content\/uploads\/2020\/12\/Liseo-768x241.png 768w, https:\/\/efip.ctu.edu.vn\/web\/wp-content\/uploads\/2020\/12\/Liseo-110x35.png 110w, https:\/\/efip.ctu.edu.vn\/web\/wp-content\/uploads\/2020\/12\/Liseo-420x132.png 420w, https:\/\/efip.ctu.edu.vn\/web\/wp-content\/uploads\/2020\/12\/Liseo-770x242.png 770w, https:\/\/efip.ctu.edu.vn\/web\/wp-content\/uploads\/2020\/12\/Liseo.png 1146w\" sizes=\"(max-width: 1024px) 100vw, 1024px\" \/><\/a><\/figure>\n\n\n\n<p><em>Connaissez-vous LISEO de France Education International ? Il s&#8217;agit du fonds documentaire en \u00e9ducation et FLE de France Education International, anciennement CIEP.<\/em><\/p>\n\n\n\n<p>\u00c0 travers trois rubriques principales, son site Internet vous propose aujourd\u2019hui plus de 40 000 documents de toute nature exploitables et accessibles.<\/p>\n\n\n\n<h4 class=\"has-vivid-cyan-blue-color has-text-color wp-block-heading\">Ses origines<\/h4>\n\n\n\n<p>C&#8217;est en 2018 que le projet LISEO est n\u00e9. Son sigle au d\u00e9part signifiait \u00ab&nbsp;LANGUES \u2219 INTERNATIONAL \u2219 SYST\u00c8MES \u00c9DUCATIFS \u2219 OBSERVATOIRE&nbsp;\u00bb. Son objectif est de r\u00e9unir, d\u2019organiser et de signaler la production documentaire en \u00e9ducation et en langues.&nbsp;<\/p>\n\n\n\n<h4 class=\"has-vivid-cyan-blue-color has-text-color wp-block-heading\">Ses ressources en ligne<\/h4>\n\n\n\n<p>Ses ressources sont multiples. <strong>LISEO rassemble<\/strong> \u00e0 la fois <strong>des informations <\/strong>concernant les politiques \u00e9ducatives ou plus g\u00e9n\u00e9ralement l&#8217;actualit\u00e9 des syst\u00e8mes \u00e9ducatifs et en FLE, les colloques, les publications de m\u00e9thodes FLE\/FOS ou de documents sp\u00e9cialis\u00e9s, <strong>r\u00e9f\u00e9rence des ressources<\/strong> utiles aux enseignants.<\/p>\n\n\n\n<p>Ces ressources sont en lien avec l\u2019enseignement du fran\u00e7ais (FLE, FOS, enseignement bi-plurilingue), la didactique des langues, l\u2019\u00e9valuation et la certification. En \u00e9ducation, les documents s\u00e9lectionn\u00e9s couvrent l\u2019ensemble des niveaux d\u2019enseignement, du pr\u00e9scolaire&nbsp;\u00e0 l\u2019enseignement sup\u00e9rieur y compris l\u2019enseignement et la formation technique et professionnel mais aussi les th\u00e9matiques d\u2019actualit\u00e9 (le num\u00e9rique \u00e9ducatif, les comp\u00e9tences de vie, l\u2019\u00e9ducation inclusive, l\u2019\u00e9galit\u00e9 filles-gar\u00e7ons\u2026).&nbsp;<\/p>\n\n\n\n<h5 class=\"has-vivid-green-cyan-color has-text-color wp-block-heading\">Ses dossiers th\u00e9matiques<\/h5>\n\n\n\n<p><strong>LISEO c&#8217;est aussi des dossiers th\u00e9matiques<\/strong> destin\u00e9s aux enseignants de FLE\/FOS mais aussi aux professeurs de discipline non linguistique (DNL). Cinq dossiers th\u00e9matiques sont pour le moment disponibles :<\/p>\n\n\n\n<ul class=\"wp-block-list\"><li><a href=\"https:\/\/liseo.france-education-international.fr\/index.php?lvl=cmspage&amp;pageid=6&amp;id_rubrique=175\" target=\"_blank\" rel=\"noreferrer noopener\">Enseigner le fran\u00e7ais aux enfants<\/a>;<\/li><li><a href=\"https:\/\/liseo.france-education-international.fr\/index.php?lvl=cmspage&amp;pageid=6&amp;id_rubrique=220\" target=\"_blank\" rel=\"noreferrer noopener\">Enseigner les Sciences de la Vie et de la Terre (SVT) en fran\u00e7ais<\/a>;<\/li><li><a href=\"https:\/\/liseo.france-education-international.fr\/index.php?lvl=cmspage&amp;pageid=6&amp;id_rubrique=214\" target=\"_blank\" rel=\"noreferrer noopener\">Enseigner les math\u00e9matiques en fran\u00e7ais<\/a>;<\/li><li><a href=\"https:\/\/liseo.france-education-international.fr\/index.php?lvl=cmspage&amp;pageid=6&amp;id_rubrique=206\" target=\"_blank\" rel=\"noreferrer noopener\">Enseigner le fran\u00e7ais des m\u00e9tiers<\/a>;<\/li><li><a href=\"https:\/\/liseo.france-education-international.fr\/index.php?lvl=cmspage&amp;pageid=6&amp;id_rubrique=194\" target=\"_blank\" rel=\"noreferrer noopener\">Enseigner l&#8217;histoire en fran\u00e7ais<\/a>.<\/li><\/ul>\n\n\n\n<p>Vous y trouverez aussi <strong>une sitographie<\/strong> via le fil plurilingue pour les domaines suivants :<\/p>\n\n\n\n<ul class=\"wp-block-list\"><li><a href=\"https:\/\/enseigner-la-physique-chimie.zeef.com\/fr\/crid?ref=crid&amp;share=db5f762ff0a04f68ad926c918632d066\" target=\"_blank\" rel=\"noreferrer noopener\">Enseigner la physique-chimie<\/a>;<\/li><li><a href=\"https:\/\/enseigner-les-sciences-economiques.zeef.com\/fr\/crid?ref=crid&amp;share=54cacddc608e4e81986349e8bce01683\" target=\"_blank\" rel=\"noreferrer noopener\">Enseigner les sciences \u00e9conomiques<\/a>;<\/li><li><a href=\"https:\/\/enseigner-leps.zeef.com\/fr\/crid?ref=crid&amp;share=45bdd03c70274b02a7d214d5d24a5bd4\" target=\"_blank\" rel=\"noreferrer noopener\">Enseigner l&#8217;\u00e9ducation sportive et physique (EPS) en fran\u00e7ais<\/a>;<\/li><li><a href=\"https:\/\/enseigner-la-geographie.zeef.com\/crid?ref=crid&amp;share=e1560fbb5606478f8478bd2a11b32543\" target=\"_blank\" rel=\"noreferrer noopener\">Enseigner la g\u00e9ographie en fran\u00e7ais<\/a>;<\/li><li><a href=\"https:\/\/enseignement-artistique.zeef.com\/fr\/crid?ref=crid&amp;share=048179ea0f004e829778d82d08d3c070\" target=\"_blank\" rel=\"noreferrer noopener\">Enseigner une discipline artistique<\/a>;<\/li><li><a href=\"https:\/\/enseignement-de-la-philosophie.zeef.com\/fr\/crid?ref=crid&amp;share=d9370c8877a64ad793694c5abea4a1bf\" target=\"_blank\" rel=\"noreferrer noopener\">Enseigner la philosophie en fran\u00e7ais<\/a>;<\/li><li><a href=\"https:\/\/enseigner-la-litterature.zeef.com\/fr\/crid?ref=crid&amp;share=6166a8213b7047c9b05adc0a73107776\" target=\"_blank\" rel=\"noreferrer noopener\">Enseigner la litt\u00e9rature<\/a>.<\/li><\/ul>\n\n\n\n<p>Pour vous aider dans vos recherches, retrouvez<a href=\"https:\/\/liseo.france-education-international.fr\/index.php?lvl=cmspage&amp;pageid=6&amp;id_rubrique=190\" target=\"_blank\" rel=\"noreferrer noopener\"> les minutes LISEO<\/a>, des tutoriels vid\u00e9o qui vous expliquent comment optimiser vos recherches, cr\u00e9er des alertes&#8230;<\/p>\n\n\n\n<h4 class=\"has-vivid-cyan-blue-color has-text-color wp-block-heading\" id=\"block-7eaba2ec-29f9-4e4d-84bf-d64007def4d4\">Ses ressources physiques<\/h4>\n\n\n\n<p>Mais c&#8217;est aussi une vraie biblioth\u00e8que forte d&#8217;un fonds documentaire multilingue d\u2019une tr\u00e8s grande richesse. Leurs collections s\u2019organisent autour de deux th\u00e9matiques :<\/p>\n\n\n\n<ul class=\"wp-block-list\"><li>Un&nbsp;<strong>fonds de r\u00e9f\u00e9rence sur l\u2019enseignement du fran\u00e7ais langue \u00e9trang\u00e8re<\/strong>&nbsp;(FLE, FLS, FOS, didactique des langues, enseignement bilingue et plurilingue, francophonie).<\/li><li>Un&nbsp;<strong>fonds d\u2019actualit\u00e9 sur les politiques&nbsp;\u00e9ducatives dans le monde<\/strong>, couvrant tous les niveaux d\u2019enseignement et toutes les zones g\u00e9ographiques.<\/li><\/ul>\n\n\n\n<p>Les documents et ouvrages de la biblioth\u00e8que ne peuvent \u00eatre consult\u00e9s que sur place du mercredi au vendredi. Aucun pr\u00eat \u00e0 domicile n&#8217;est possible.<\/p>\n\n\n\n<p><strong>Retrouvez le portail LISEO sur <a href=\"https:\/\/liseo.france-education-international.fr\" target=\"_blank\" rel=\"noreferrer noopener\">https:\/\/liseo.france-education-international.fr<\/a><\/strong><\/p>\n\n\n\n<p>Pour d&#8217;autres actualit\u00e9s de l&#8217;EFIP : <a href=\"https:\/\/efip.ctu.edu.vn\/web\/\">https:\/\/efip.ctu.edu.vn\/web\/<\/a><\/p>\n","protected":false},"excerpt":{"rendered":"<p>Connaissez-vous LISEO de France Education International ? Il s&#8217;agit du fonds documentaire en \u00e9ducation et FLE de France Education International, &hellip; <br \/><a href=\"https:\/\/efip.ctu.edu.vn\/web\/liseo\/\" class=\"more-link\">Continue reading <span class=\"screen-reader-text\">LISEO<\/span><\/a><\/p>\n","protected":false},"author":3,"featured_media":2560,"parent":0,"menu_order":0,"comment_status":"closed","ping_status":"closed","template":"","meta":{"footnotes":""},"class_list":["post-2567","page","type-page","status-publish","has-post-thumbnail","hentry"],"yoast_head":"<!-- This site is optimized with the Yoast SEO plugin v25.0 - https:\/\/yoast.com\/wordpress\/plugins\/seo\/ -->\n<title>LISEO - Ressources - Portails FLE - EFIP de Can Tho<\/title>\n<meta name=\"description\" content=\"Connaissez-vous LISEO ? Il s&#039;agit du fonds documentaire en \u00e9ducation et FLE de France Education International, anciennement CIEP.\" \/>\n<meta name=\"robots\" content=\"index, follow, max-snippet:-1, max-image-preview:large, max-video-preview:-1\" \/>\n<link rel=\"canonical\" href=\"https:\/\/efip.ctu.edu.vn\/web\/liseo\/\" \/>\n<meta property=\"og:locale\" content=\"en_US\" \/>\n<meta property=\"og:type\" content=\"article\" \/>\n<meta property=\"og:title\" content=\"LISEO - Ressources - Portails FLE - EFIP de Can Tho\" \/>\n<meta property=\"og:description\" content=\"Connaissez-vous LISEO ? Il s&#039;agit du fonds documentaire en \u00e9ducation et FLE de France Education International, anciennement CIEP.\" \/>\n<meta property=\"og:url\" content=\"https:\/\/efip.ctu.edu.vn\/web\/liseo\/\" \/>\n<meta property=\"og:site_name\" content=\"EFIP\" \/>\n<meta property=\"article:publisher\" content=\"https:\/\/www.facebook.com\/efipCanTho\" \/>\n<meta property=\"article:modified_time\" content=\"2021-10-28T02:12:23+00:00\" \/>\n<meta property=\"og:image\" content=\"https:\/\/efip.ctu.edu.vn\/web\/wp-content\/uploads\/2020\/12\/Liseo.png\" \/>\n\t<meta property=\"og:image:width\" content=\"1146\" \/>\n\t<meta property=\"og:image:height\" content=\"360\" \/>\n\t<meta property=\"og:image:type\" content=\"image\/png\" \/>\n<meta name=\"twitter:card\" content=\"summary_large_image\" \/>\n<meta name=\"twitter:label1\" content=\"Est. reading time\" \/>\n\t<meta name=\"twitter:data1\" content=\"3 minutes\" \/>\n<script type=\"application\/ld+json\" class=\"yoast-schema-graph\">{\"@context\":\"https:\/\/schema.org\",\"@graph\":[{\"@type\":\"WebPage\",\"@id\":\"https:\/\/efip.ctu.edu.vn\/web\/liseo\/\",\"url\":\"https:\/\/efip.ctu.edu.vn\/web\/liseo\/\",\"name\":\"LISEO - Ressources - Portails FLE - EFIP de Can Tho\",\"isPartOf\":{\"@id\":\"https:\/\/efip.ctu.edu.vn\/web\/#website\"},\"primaryImageOfPage\":{\"@id\":\"https:\/\/efip.ctu.edu.vn\/web\/liseo\/#primaryimage\"},\"image\":{\"@id\":\"https:\/\/efip.ctu.edu.vn\/web\/liseo\/#primaryimage\"},\"thumbnailUrl\":\"https:\/\/efip.ctu.edu.vn\/web\/wp-content\/uploads\/2020\/12\/Liseo.png\",\"datePublished\":\"2020-12-15T03:32:54+00:00\",\"dateModified\":\"2021-10-28T02:12:23+00:00\",\"description\":\"Connaissez-vous LISEO ? Il s'agit du fonds documentaire en \u00e9ducation et FLE de France Education International, anciennement CIEP.\",\"breadcrumb\":{\"@id\":\"https:\/\/efip.ctu.edu.vn\/web\/liseo\/#breadcrumb\"},\"inLanguage\":\"en-US\",\"potentialAction\":[{\"@type\":\"ReadAction\",\"target\":[\"https:\/\/efip.ctu.edu.vn\/web\/liseo\/\"]}]},{\"@type\":\"ImageObject\",\"inLanguage\":\"en-US\",\"@id\":\"https:\/\/efip.ctu.edu.vn\/web\/liseo\/#primaryimage\",\"url\":\"https:\/\/efip.ctu.edu.vn\/web\/wp-content\/uploads\/2020\/12\/Liseo.png\",\"contentUrl\":\"https:\/\/efip.ctu.edu.vn\/web\/wp-content\/uploads\/2020\/12\/Liseo.png\",\"width\":1146,\"height\":360,\"caption\":\"Liseo\"},{\"@type\":\"BreadcrumbList\",\"@id\":\"https:\/\/efip.ctu.edu.vn\/web\/liseo\/#breadcrumb\",\"itemListElement\":[{\"@type\":\"ListItem\",\"position\":1,\"name\":\"Accueil\",\"item\":\"https:\/\/efip.ctu.edu.vn\/web\/\"},{\"@type\":\"ListItem\",\"position\":2,\"name\":\"LISEO\"}]},{\"@type\":\"WebSite\",\"@id\":\"https:\/\/efip.ctu.edu.vn\/web\/#website\",\"url\":\"https:\/\/efip.ctu.edu.vn\/web\/\",\"name\":\"EFIP de Can Tho\",\"description\":\"Espace Francophone d&#039;Innovation et de Partenariat\",\"publisher\":{\"@id\":\"https:\/\/efip.ctu.edu.vn\/web\/#organization\"},\"potentialAction\":[{\"@type\":\"SearchAction\",\"target\":{\"@type\":\"EntryPoint\",\"urlTemplate\":\"https:\/\/efip.ctu.edu.vn\/web\/?s={search_term_string}\"},\"query-input\":{\"@type\":\"PropertyValueSpecification\",\"valueRequired\":true,\"valueName\":\"search_term_string\"}}],\"inLanguage\":\"en-US\"},{\"@type\":\"Organization\",\"@id\":\"https:\/\/efip.ctu.edu.vn\/web\/#organization\",\"name\":\"EFIP\",\"url\":\"https:\/\/efip.ctu.edu.vn\/web\/\",\"logo\":{\"@type\":\"ImageObject\",\"inLanguage\":\"en-US\",\"@id\":\"https:\/\/efip.ctu.edu.vn\/web\/#\/schema\/logo\/image\/\",\"url\":\"https:\/\/efip.ctu.edu.vn\/web\/wp-content\/uploads\/2025\/05\/efip2-150x89-1.jpg\",\"contentUrl\":\"https:\/\/efip.ctu.edu.vn\/web\/wp-content\/uploads\/2025\/05\/efip2-150x89-1.jpg\",\"width\":150,\"height\":89,\"caption\":\"EFIP\"},\"image\":{\"@id\":\"https:\/\/efip.ctu.edu.vn\/web\/#\/schema\/logo\/image\/\"},\"sameAs\":[\"https:\/\/www.facebook.com\/efipCanTho\"]}]}<\/script>\n<!-- \/ Yoast SEO plugin. -->","yoast_head_json":{"title":"LISEO - Ressources - Portails FLE - EFIP de Can Tho","description":"Connaissez-vous LISEO ? Il s'agit du fonds documentaire en \u00e9ducation et FLE de France Education International, anciennement CIEP.","robots":{"index":"index","follow":"follow","max-snippet":"max-snippet:-1","max-image-preview":"max-image-preview:large","max-video-preview":"max-video-preview:-1"},"canonical":"https:\/\/efip.ctu.edu.vn\/web\/liseo\/","og_locale":"en_US","og_type":"article","og_title":"LISEO - Ressources - Portails FLE - EFIP de Can Tho","og_description":"Connaissez-vous LISEO ? Il s'agit du fonds documentaire en \u00e9ducation et FLE de France Education International, anciennement CIEP.","og_url":"https:\/\/efip.ctu.edu.vn\/web\/liseo\/","og_site_name":"EFIP","article_publisher":"https:\/\/www.facebook.com\/efipCanTho","article_modified_time":"2021-10-28T02:12:23+00:00","og_image":[{"width":1146,"height":360,"url":"https:\/\/efip.ctu.edu.vn\/web\/wp-content\/uploads\/2020\/12\/Liseo.png","type":"image\/png"}],"twitter_card":"summary_large_image","twitter_misc":{"Est. reading time":"3 minutes"},"schema":{"@context":"https:\/\/schema.org","@graph":[{"@type":"WebPage","@id":"https:\/\/efip.ctu.edu.vn\/web\/liseo\/","url":"https:\/\/efip.ctu.edu.vn\/web\/liseo\/","name":"LISEO - Ressources - Portails FLE - EFIP de Can Tho","isPartOf":{"@id":"https:\/\/efip.ctu.edu.vn\/web\/#website"},"primaryImageOfPage":{"@id":"https:\/\/efip.ctu.edu.vn\/web\/liseo\/#primaryimage"},"image":{"@id":"https:\/\/efip.ctu.edu.vn\/web\/liseo\/#primaryimage"},"thumbnailUrl":"https:\/\/efip.ctu.edu.vn\/web\/wp-content\/uploads\/2020\/12\/Liseo.png","datePublished":"2020-12-15T03:32:54+00:00","dateModified":"2021-10-28T02:12:23+00:00","description":"Connaissez-vous LISEO ? Il s'agit du fonds documentaire en \u00e9ducation et FLE de France Education International, anciennement CIEP.","breadcrumb":{"@id":"https:\/\/efip.ctu.edu.vn\/web\/liseo\/#breadcrumb"},"inLanguage":"en-US","potentialAction":[{"@type":"ReadAction","target":["https:\/\/efip.ctu.edu.vn\/web\/liseo\/"]}]},{"@type":"ImageObject","inLanguage":"en-US","@id":"https:\/\/efip.ctu.edu.vn\/web\/liseo\/#primaryimage","url":"https:\/\/efip.ctu.edu.vn\/web\/wp-content\/uploads\/2020\/12\/Liseo.png","contentUrl":"https:\/\/efip.ctu.edu.vn\/web\/wp-content\/uploads\/2020\/12\/Liseo.png","width":1146,"height":360,"caption":"Liseo"},{"@type":"BreadcrumbList","@id":"https:\/\/efip.ctu.edu.vn\/web\/liseo\/#breadcrumb","itemListElement":[{"@type":"ListItem","position":1,"name":"Accueil","item":"https:\/\/efip.ctu.edu.vn\/web\/"},{"@type":"ListItem","position":2,"name":"LISEO"}]},{"@type":"WebSite","@id":"https:\/\/efip.ctu.edu.vn\/web\/#website","url":"https:\/\/efip.ctu.edu.vn\/web\/","name":"EFIP de Can Tho","description":"Espace Francophone d&#039;Innovation et de Partenariat","publisher":{"@id":"https:\/\/efip.ctu.edu.vn\/web\/#organization"},"potentialAction":[{"@type":"SearchAction","target":{"@type":"EntryPoint","urlTemplate":"https:\/\/efip.ctu.edu.vn\/web\/?s={search_term_string}"},"query-input":{"@type":"PropertyValueSpecification","valueRequired":true,"valueName":"search_term_string"}}],"inLanguage":"en-US"},{"@type":"Organization","@id":"https:\/\/efip.ctu.edu.vn\/web\/#organization","name":"EFIP","url":"https:\/\/efip.ctu.edu.vn\/web\/","logo":{"@type":"ImageObject","inLanguage":"en-US","@id":"https:\/\/efip.ctu.edu.vn\/web\/#\/schema\/logo\/image\/","url":"https:\/\/efip.ctu.edu.vn\/web\/wp-content\/uploads\/2025\/05\/efip2-150x89-1.jpg","contentUrl":"https:\/\/efip.ctu.edu.vn\/web\/wp-content\/uploads\/2025\/05\/efip2-150x89-1.jpg","width":150,"height":89,"caption":"EFIP"},"image":{"@id":"https:\/\/efip.ctu.edu.vn\/web\/#\/schema\/logo\/image\/"},"sameAs":["https:\/\/www.facebook.com\/efipCanTho"]}]}},"_links":{"self":[{"href":"https:\/\/efip.ctu.edu.vn\/web\/wp-json\/wp\/v2\/pages\/2567","targetHints":{"allow":["GET"]}}],"collection":[{"href":"https:\/\/efip.ctu.edu.vn\/web\/wp-json\/wp\/v2\/pages"}],"about":[{"href":"https:\/\/efip.ctu.edu.vn\/web\/wp-json\/wp\/v2\/types\/page"}],"author":[{"embeddable":true,"href":"https:\/\/efip.ctu.edu.vn\/web\/wp-json\/wp\/v2\/users\/3"}],"replies":[{"embeddable":true,"href":"https:\/\/efip.ctu.edu.vn\/web\/wp-json\/wp\/v2\/comments?post=2567"}],"version-history":[{"count":2,"href":"https:\/\/efip.ctu.edu.vn\/web\/wp-json\/wp\/v2\/pages\/2567\/revisions"}],"predecessor-version":[{"id":3348,"href":"https:\/\/efip.ctu.edu.vn\/web\/wp-json\/wp\/v2\/pages\/2567\/revisions\/3348"}],"wp:featuredmedia":[{"embeddable":true,"href":"https:\/\/efip.ctu.edu.vn\/web\/wp-json\/wp\/v2\/media\/2560"}],"wp:attachment":[{"href":"https:\/\/efip.ctu.edu.vn\/web\/wp-json\/wp\/v2\/media?parent=2567"}],"curies":[{"name":"wp","href":"https:\/\/api.w.org\/{rel}","templated":true}]}}