{"id":2535,"date":"2020-12-11T11:20:29","date_gmt":"2020-12-11T04:20:29","guid":{"rendered":"https:\/\/efip.ctu.edu.vn\/web\/?page_id=2535"},"modified":"2025-05-03T10:06:11","modified_gmt":"2025-05-03T03:06:11","slug":"webinaires-de-france-education-international","status":"publish","type":"page","link":"https:\/\/efip.ctu.edu.vn\/web\/webinaires-de-france-education-international\/","title":{"rendered":"Webinaires de France Education International"},"content":{"rendered":"<div class=\"wp-block-image\">\n<figure class=\"aligncenter size-large\"><a href=\"https:\/\/efip.ctu.edu.vn\/web\/wp-content\/uploads\/2025\/05\/FranceEducationInternational-YouTube.png\"><img fetchpriority=\"high\" decoding=\"async\" width=\"1024\" height=\"365\" src=\"https:\/\/efip.ctu.edu.vn\/web\/wp-content\/uploads\/2025\/05\/FranceEducationInternational-YouTube-1024x365.png\" alt=\"\" class=\"wp-image-4381\" srcset=\"https:\/\/efip.ctu.edu.vn\/web\/wp-content\/uploads\/2025\/05\/FranceEducationInternational-YouTube-1024x365.png 1024w, https:\/\/efip.ctu.edu.vn\/web\/wp-content\/uploads\/2025\/05\/FranceEducationInternational-YouTube-300x107.png 300w, https:\/\/efip.ctu.edu.vn\/web\/wp-content\/uploads\/2025\/05\/FranceEducationInternational-YouTube-768x273.png 768w, https:\/\/efip.ctu.edu.vn\/web\/wp-content\/uploads\/2025\/05\/FranceEducationInternational-YouTube-1536x547.png 1536w, https:\/\/efip.ctu.edu.vn\/web\/wp-content\/uploads\/2025\/05\/FranceEducationInternational-YouTube-2048x729.png 2048w\" sizes=\"(max-width: 1024px) 100vw, 1024px\" \/><\/a><\/figure><\/div>\n\n\n<p> \u00c0 l&#8217;occasion de ses 75 ans, France \u00c9ducation international, anciennement CIEP, a organis\u00e9 du 30 novembre au 4 d\u00e9cembre une s\u00e9rie de cinq webinaires, autour de th\u00e9matiques li\u00e9es \u00e0 l&#8217;actualit\u00e9 \u00e9ducative :<\/p>\n\n\n\n<ul class=\"wp-block-list\">\n<li>WEBINAIRE &#8211; Comp\u00e9tences du XXIe si\u00e8cle : enjeux et pratiques (30 novembre 2020) &#8211; Page 1;<\/li>\n\n\n\n<li>WEBINAIRE &#8211; Passer les \u00e9preuves du DELF, du DALF ou du TCF depuis son domicile : enjeux et d\u00e9fis (1er d\u00e9cembre 2020) &#8211; <a href=\"https:\/\/efip.ctu.edu.vn\/web\/webinaires-de-france-education-international\/2\/\">Page 2<\/a>;<\/li>\n\n\n\n<li>WEBINAIRE &#8211; Assistants de langue : vivre l&#8217;international (3 d\u00e9cembre 2020) &#8211; <a href=\"https:\/\/efip.ctu.edu.vn\/web\/webinaires-de-france-education-international\/3\/\">Page 3<\/a>;<\/li>\n\n\n\n<li>WEBINAIRE &#8211; Former \u00e0 distance les enseignants de fran\u00e7ais : la r\u00e9ponse du secteur public (4 d\u00e9cembre 2020) &#8211; <a href=\"https:\/\/efip.ctu.edu.vn\/web\/webinaires-de-france-education-international\/4\/\">Page 4<\/a>;<\/li>\n\n\n\n<li>WEBINAIRE &#8211; Reconna\u00eetre les dipl\u00f4mes \u00e9trangers en France : un enjeu national et europ\u00e9en (2 d\u00e9cembre 2020) &#8211; <a href=\"https:\/\/efip.ctu.edu.vn\/web\/webinaires-de-france-education-international\/5\/\">Page 5<\/a>.<\/li>\n<\/ul>\n\n\n\n<hr class=\"wp-block-separator has-css-opacity is-style-dots\"\/>\n\n\n\n<figure class=\"wp-block-embed is-type-video is-provider-youtube wp-block-embed-youtube aligncenter wp-embed-aspect-16-9 wp-has-aspect-ratio\"><div class=\"wp-block-embed__wrapper\">\n<iframe title=\"WEBINAIRE - Comp\u00e9tences du XXIe si\u00e8cle : enjeux et pratiques\" width=\"660\" height=\"371\" src=\"https:\/\/www.youtube.com\/embed\/2p-CualfLyQ?feature=oembed\" frameborder=\"0\" allow=\"accelerometer; autoplay; clipboard-write; encrypted-media; gyroscope; picture-in-picture; web-share\" referrerpolicy=\"strict-origin-when-cross-origin\" allowfullscreen><\/iframe>\n<\/div><figcaption class=\"wp-element-caption\">WEBINAIRE &#8211; Comp\u00e9tences du XXIe si\u00e8cle : enjeux et pratiques<\/figcaption><\/figure>\n\n\n\n<p> La table-ronde &#8220;Comp\u00e9tences du XXIe si\u00e8cle : enjeux et pratiques&#8221;, anim\u00e9e par St\u00e9phanie Ermini (charg\u00e9e de programmes au d\u00e9partement de la coop\u00e9ration en \u00e9ducation de FEI), a donn\u00e9 la parole \u00e0 : <\/p>\n\n\n\n<ul class=\"wp-block-list\">\n<li>Michel Develay et Denis Paget, experts associ\u00e9s \u00e0 FEI;<\/li>\n\n\n\n<li>Catherine de Vulpilli\u00e8res, co-fondatrice de EvidenceB;<\/li>\n\n\n\n<li>Rachid Bechbella, inspecteur d\u2019\u00e9ducation physique et sportive (minist\u00e8re marocain de l\u2019\u00e9ducation).<\/li>\n<\/ul>\n\n\n\n<p>Pour voir la vid\u00e9o sur YouTube : <a href=\"https:\/\/youtu.be\/2p-CualfLyQ\" target=\"_blank\" rel=\"noreferrer noopener\">https:\/\/youtu.be\/2p-CualfLyQ <\/a><\/p>\n\n\n\n<p><em>Cliquez sur la page suivante pour voir le prochain webinaire.<\/em><\/p>\n\n\n\n<!--nextpage-->\n\n\n\n<figure class=\"wp-block-embed is-type-video is-provider-youtube wp-block-embed-youtube aligncenter wp-embed-aspect-16-9 wp-has-aspect-ratio\"><div class=\"wp-block-embed__wrapper\">\n<iframe title=\"WEBINAIRE - Passer les \u00e9preuves du DELF, du DALF ou du TCF depuis son domicile : enjeux et d\u00e9fis\" width=\"660\" height=\"371\" src=\"https:\/\/www.youtube.com\/embed\/0fl_eJA-YUg?feature=oembed\" frameborder=\"0\" allow=\"accelerometer; autoplay; clipboard-write; encrypted-media; gyroscope; picture-in-picture; web-share\" referrerpolicy=\"strict-origin-when-cross-origin\" allowfullscreen><\/iframe>\n<\/div><figcaption class=\"wp-element-caption\">WEBINAIRE &#8211; Passer les \u00e9preuves du DELF, du DALF ou du TCF depuis son domicile : enjeux et d\u00e9fis<\/figcaption><\/figure>\n\n\n\n<p>Revisionnez l&#8217;intervention de Bruno M\u00e8gre, directeur du d\u00e9partement \u00e9valuation et certifications, dans ce webinaire anim\u00e9 par Romain Chr\u00e9tien, charg\u00e9 de communication et promotion.<\/p>\n\n\n\n<p>Pour voir la vid\u00e9o sur YouTube : <a href=\"https:\/\/youtu.be\/0fl_eJA-YUg\" target=\"_blank\" rel=\"noreferrer noopener\">https:\/\/youtu.be\/0fl_eJA-YUg<\/a><\/p>\n\n\n\n<p><em>Cliquez sur la page suivante pour voir le prochain webinaire.<\/em><\/p>\n\n\n\n<!--nextpage-->\n\n\n\n<figure class=\"wp-block-embed is-type-video is-provider-youtube wp-block-embed-youtube aligncenter wp-embed-aspect-16-9 wp-has-aspect-ratio\"><div class=\"wp-block-embed__wrapper\">\n<iframe title=\"WEBINAIRE - Assistants de langue : vivre l&#039;international\" width=\"660\" height=\"371\" src=\"https:\/\/www.youtube.com\/embed\/UHiXHJLVnD4?feature=oembed\" frameborder=\"0\" allow=\"accelerometer; autoplay; clipboard-write; encrypted-media; gyroscope; picture-in-picture; web-share\" referrerpolicy=\"strict-origin-when-cross-origin\" allowfullscreen><\/iframe>\n<\/div><figcaption class=\"wp-element-caption\">WEBINAIRE &#8211; Assistants de langue : vivre l&#8217;international<\/figcaption><\/figure>\n\n\n\n<p><\/p>\n\n\n\n<p>Pour voir la vid\u00e9o sur YouTube : <a href=\"https:\/\/youtu.be\/UHiXHJLVnD4\" target=\"_blank\" rel=\"noreferrer noopener\">https:\/\/youtu.be\/UHiXHJLVnD4<\/a><\/p>\n\n\n\n<p><em>Cliquez sur la page suivante pour voir le prochain webinaire.<\/em><\/p>\n\n\n\n<!--nextpage-->\n\n\n\n<figure class=\"wp-block-embed is-type-video is-provider-youtube wp-block-embed-youtube aligncenter wp-embed-aspect-16-9 wp-has-aspect-ratio\"><div class=\"wp-block-embed__wrapper\">\n<iframe title=\"WEBINAIRE - Former \u00e0 distance les enseignants de fran\u00e7ais : la r\u00e9ponse du secteur public\" width=\"660\" height=\"371\" src=\"https:\/\/www.youtube.com\/embed\/4lBWYEbia1Q?feature=oembed\" frameborder=\"0\" allow=\"accelerometer; autoplay; clipboard-write; encrypted-media; gyroscope; picture-in-picture; web-share\" referrerpolicy=\"strict-origin-when-cross-origin\" allowfullscreen><\/iframe>\n<\/div><figcaption class=\"wp-element-caption\">WEBINAIRE &#8211; Former \u00e0 distance les enseignants de fran\u00e7ais : la r\u00e9ponse du secteur public<\/figcaption><\/figure>\n\n\n\n<p>La table-ronde &#8220;Former \u00e0 distance les enseignants de fran\u00e7ais : la r\u00e9ponse du secteur public&#8221;, anim\u00e9e par Juliette Salabert, directrice du d\u00e9partement de la langue fran\u00e7aise, a donn\u00e9 la parole \u00e0 : <\/p>\n\n\n\n<ul class=\"wp-block-list\">\n<li>C\u00e9lestine Bianchetti, responsable du p\u00f4le Langue fran\u00e7aise de l\u2019Institut fran\u00e7ais, <\/li>\n\n\n\n<li>Arnaud Pannier, directeur du Centre de linguistique appliqu\u00e9e de l\u2019Universit\u00e9 de Franche-Comt\u00e9, <\/li>\n\n\n\n<li>Val\u00e9rie Lemeunier, responsable de l\u2019unit\u00e9 formation du d\u00e9partement langue fran\u00e7aise de FEI.<\/li>\n<\/ul>\n\n\n\n<p>Pour voir la vid\u00e9o sur YouTube : <a href=\"https:\/\/youtu.be\/4lBWYEbia1Q\" target=\"_blank\" rel=\"noreferrer noopener\">https:\/\/youtu.be\/4lBWYEbia1Q<\/a><\/p>\n\n\n\n<p><em>Cliquez sur la page suivante pour voir le prochain webinaire.<\/em><\/p>\n\n\n\n<!--nextpage-->\n\n\n\n<figure class=\"wp-block-embed is-type-video is-provider-youtube wp-block-embed-youtube aligncenter wp-embed-aspect-16-9 wp-has-aspect-ratio\"><div class=\"wp-block-embed__wrapper\">\n<iframe title=\"WEBINAIRE - Reconna\u00eetre les dipl\u00f4mes \u00e9trangers en France : un enjeu national et europ\u00e9en\" width=\"660\" height=\"371\" src=\"https:\/\/www.youtube.com\/embed\/RJNyCNZoRkY?feature=oembed\" frameborder=\"0\" allow=\"accelerometer; autoplay; clipboard-write; encrypted-media; gyroscope; picture-in-picture; web-share\" referrerpolicy=\"strict-origin-when-cross-origin\" allowfullscreen><\/iframe>\n<\/div><figcaption class=\"wp-element-caption\">WEBINAIRE &#8211; Reconna\u00eetre les dipl\u00f4mes \u00e9trangers en France : un enjeu national et europ\u00e9en<\/figcaption><\/figure>\n\n\n\n<p>Pour voir la vid\u00e9o sur YouTube : <a href=\"https:\/\/youtu.be\/RJNyCNZoRkY\" target=\"_blank\" rel=\"noreferrer noopener\">https:\/\/youtu.be\/RJNyCNZoRkY<\/a><\/p>\n\n\n\n<p>Pour d&#8217;autres webinaires : <a href=\"https:\/\/efip.ctu.edu.vn\/web\/webinaires\/\">https:\/\/efip.ctu.edu.vn\/web\/webinaires\/<\/a><\/p>\n","protected":false},"excerpt":{"rendered":"<p>\u00c0 l&#8217;occasion de ses 75 ans, France \u00c9ducation international, anciennement CIEP, a organis\u00e9 du 30 novembre au 4 d\u00e9cembre une &hellip; <br \/><a href=\"https:\/\/efip.ctu.edu.vn\/web\/webinaires-de-france-education-international\/\" class=\"more-link\">Continue reading <span class=\"screen-reader-text\">Webinaires de France Education International<\/span><\/a><\/p>\n","protected":false},"author":3,"featured_media":4381,"parent":0,"menu_order":0,"comment_status":"closed","ping_status":"closed","template":"","meta":{"footnotes":""},"class_list":["post-2535","page","type-page","status-publish","has-post-thumbnail","hentry"],"yoast_head":"<!-- This site is optimized with the Yoast SEO plugin v25.0 - https:\/\/yoast.com\/wordpress\/plugins\/seo\/ -->\n<title>{5cef8cb26ec0cf0cbc2bf93f1561460fb5a03d2eaee977874fea98e9d15bcda9}{5cef8cb26ec0cf0cbc2bf93f1561460fb5a03d2eaee977874fea98e9d15bcda9}title{5cef8cb26ec0cf0cbc2bf93f1561460fb5a03d2eaee977874fea98e9d15bcda9}{5cef8cb26ec0cf0cbc2bf93f1561460fb5a03d2eaee977874fea98e9d15bcda9} {5cef8cb26ec0cf0cbc2bf93f1561460fb5a03d2eaee977874fea98e9d15bcda9}{5cef8cb26ec0cf0cbc2bf93f1561460fb5a03d2eaee977874fea98e9d15bcda9}page{5cef8cb26ec0cf0cbc2bf93f1561460fb5a03d2eaee977874fea98e9d15bcda9}{5cef8cb26ec0cf0cbc2bf93f1561460fb5a03d2eaee977874fea98e9d15bcda9} {5cef8cb26ec0cf0cbc2bf93f1561460fb5a03d2eaee977874fea98e9d15bcda9}{5cef8cb26ec0cf0cbc2bf93f1561460fb5a03d2eaee977874fea98e9d15bcda9}sep{5cef8cb26ec0cf0cbc2bf93f1561460fb5a03d2eaee977874fea98e9d15bcda9}{5cef8cb26ec0cf0cbc2bf93f1561460fb5a03d2eaee977874fea98e9d15bcda9} {5cef8cb26ec0cf0cbc2bf93f1561460fb5a03d2eaee977874fea98e9d15bcda9}{5cef8cb26ec0cf0cbc2bf93f1561460fb5a03d2eaee977874fea98e9d15bcda9}sitename{5cef8cb26ec0cf0cbc2bf93f1561460fb5a03d2eaee977874fea98e9d15bcda9}{5cef8cb26ec0cf0cbc2bf93f1561460fb5a03d2eaee977874fea98e9d15bcda9} de Can Tho<\/title>\n<meta name=\"description\" content=\"Pour ses 75 ans, France \u00c9ducation international, anciennement CIEP, a organis\u00e9 du 30 novembre au 4 d\u00e9cembre une s\u00e9rie de cinq webinaires.\" \/>\n<meta name=\"robots\" content=\"index, follow, max-snippet:-1, max-image-preview:large, max-video-preview:-1\" \/>\n<link rel=\"canonical\" href=\"https:\/\/efip.ctu.edu.vn\/web\/webinaires-de-france-education-international\/\" \/>\n<link rel=\"next\" href=\"https:\/\/efip.ctu.edu.vn\/web\/webinaires-de-france-education-international\/2\/\" \/>\n<meta property=\"og:locale\" content=\"en_US\" \/>\n<meta property=\"og:type\" content=\"article\" \/>\n<meta property=\"og:title\" content=\"{5cef8cb26ec0cf0cbc2bf93f1561460fb5a03d2eaee977874fea98e9d15bcda9}{5cef8cb26ec0cf0cbc2bf93f1561460fb5a03d2eaee977874fea98e9d15bcda9}title{5cef8cb26ec0cf0cbc2bf93f1561460fb5a03d2eaee977874fea98e9d15bcda9}{5cef8cb26ec0cf0cbc2bf93f1561460fb5a03d2eaee977874fea98e9d15bcda9} {5cef8cb26ec0cf0cbc2bf93f1561460fb5a03d2eaee977874fea98e9d15bcda9}{5cef8cb26ec0cf0cbc2bf93f1561460fb5a03d2eaee977874fea98e9d15bcda9}page{5cef8cb26ec0cf0cbc2bf93f1561460fb5a03d2eaee977874fea98e9d15bcda9}{5cef8cb26ec0cf0cbc2bf93f1561460fb5a03d2eaee977874fea98e9d15bcda9} {5cef8cb26ec0cf0cbc2bf93f1561460fb5a03d2eaee977874fea98e9d15bcda9}{5cef8cb26ec0cf0cbc2bf93f1561460fb5a03d2eaee977874fea98e9d15bcda9}sep{5cef8cb26ec0cf0cbc2bf93f1561460fb5a03d2eaee977874fea98e9d15bcda9}{5cef8cb26ec0cf0cbc2bf93f1561460fb5a03d2eaee977874fea98e9d15bcda9} {5cef8cb26ec0cf0cbc2bf93f1561460fb5a03d2eaee977874fea98e9d15bcda9}{5cef8cb26ec0cf0cbc2bf93f1561460fb5a03d2eaee977874fea98e9d15bcda9}sitename{5cef8cb26ec0cf0cbc2bf93f1561460fb5a03d2eaee977874fea98e9d15bcda9}{5cef8cb26ec0cf0cbc2bf93f1561460fb5a03d2eaee977874fea98e9d15bcda9} de Can Tho\" \/>\n<meta property=\"og:description\" content=\"Pour ses 75 ans, France \u00c9ducation international, anciennement CIEP, a organis\u00e9 du 30 novembre au 4 d\u00e9cembre une s\u00e9rie de cinq webinaires.\" \/>\n<meta property=\"og:url\" content=\"https:\/\/efip.ctu.edu.vn\/web\/webinaires-de-france-education-international\/\" \/>\n<meta property=\"og:site_name\" content=\"EFIP\" \/>\n<meta property=\"article:publisher\" content=\"https:\/\/www.facebook.com\/efipCanTho\" \/>\n<meta property=\"article:modified_time\" content=\"2025-05-03T03:06:11+00:00\" \/>\n<meta property=\"og:image\" content=\"https:\/\/efip.ctu.edu.vn\/web\/wp-content\/uploads\/2020\/12\/FranceEducationInternational5webinaires.png\" \/>\n\t<meta property=\"og:image:width\" content=\"858\" \/>\n\t<meta property=\"og:image:height\" content=\"477\" \/>\n\t<meta property=\"og:image:type\" content=\"image\/png\" \/>\n<meta name=\"twitter:card\" content=\"summary_large_image\" \/>\n<meta name=\"twitter:label1\" content=\"Est. reading time\" \/>\n\t<meta name=\"twitter:data1\" content=\"2 minutes\" \/>\n<script type=\"application\/ld+json\" class=\"yoast-schema-graph\">{\"@context\":\"https:\/\/schema.org\",\"@graph\":[{\"@type\":\"WebPage\",\"@id\":\"https:\/\/efip.ctu.edu.vn\/web\/webinaires-de-france-education-international\/\",\"url\":\"https:\/\/efip.ctu.edu.vn\/web\/webinaires-de-france-education-international\/\",\"name\":\"{5cef8cb26ec0cf0cbc2bf93f1561460fb5a03d2eaee977874fea98e9d15bcda9}{5cef8cb26ec0cf0cbc2bf93f1561460fb5a03d2eaee977874fea98e9d15bcda9}title{5cef8cb26ec0cf0cbc2bf93f1561460fb5a03d2eaee977874fea98e9d15bcda9}{5cef8cb26ec0cf0cbc2bf93f1561460fb5a03d2eaee977874fea98e9d15bcda9} {5cef8cb26ec0cf0cbc2bf93f1561460fb5a03d2eaee977874fea98e9d15bcda9}{5cef8cb26ec0cf0cbc2bf93f1561460fb5a03d2eaee977874fea98e9d15bcda9}page{5cef8cb26ec0cf0cbc2bf93f1561460fb5a03d2eaee977874fea98e9d15bcda9}{5cef8cb26ec0cf0cbc2bf93f1561460fb5a03d2eaee977874fea98e9d15bcda9} {5cef8cb26ec0cf0cbc2bf93f1561460fb5a03d2eaee977874fea98e9d15bcda9}{5cef8cb26ec0cf0cbc2bf93f1561460fb5a03d2eaee977874fea98e9d15bcda9}sep{5cef8cb26ec0cf0cbc2bf93f1561460fb5a03d2eaee977874fea98e9d15bcda9}{5cef8cb26ec0cf0cbc2bf93f1561460fb5a03d2eaee977874fea98e9d15bcda9} {5cef8cb26ec0cf0cbc2bf93f1561460fb5a03d2eaee977874fea98e9d15bcda9}{5cef8cb26ec0cf0cbc2bf93f1561460fb5a03d2eaee977874fea98e9d15bcda9}sitename{5cef8cb26ec0cf0cbc2bf93f1561460fb5a03d2eaee977874fea98e9d15bcda9}{5cef8cb26ec0cf0cbc2bf93f1561460fb5a03d2eaee977874fea98e9d15bcda9} de Can Tho\",\"isPartOf\":{\"@id\":\"https:\/\/efip.ctu.edu.vn\/web\/#website\"},\"primaryImageOfPage\":{\"@id\":\"https:\/\/efip.ctu.edu.vn\/web\/webinaires-de-france-education-international\/#primaryimage\"},\"image\":{\"@id\":\"https:\/\/efip.ctu.edu.vn\/web\/webinaires-de-france-education-international\/#primaryimage\"},\"thumbnailUrl\":\"https:\/\/efip.ctu.edu.vn\/web\/wp-content\/uploads\/2025\/05\/FranceEducationInternational-YouTube.png\",\"datePublished\":\"2020-12-11T04:20:29+00:00\",\"dateModified\":\"2025-05-03T03:06:11+00:00\",\"description\":\"Pour ses 75 ans, France \u00c9ducation international, anciennement CIEP, a organis\u00e9 du 30 novembre au 4 d\u00e9cembre une s\u00e9rie de cinq webinaires.\",\"inLanguage\":\"en-US\",\"potentialAction\":[{\"@type\":\"ReadAction\",\"target\":[\"https:\/\/efip.ctu.edu.vn\/web\/webinaires-de-france-education-international\/\"]}]},{\"@type\":\"ImageObject\",\"inLanguage\":\"en-US\",\"@id\":\"https:\/\/efip.ctu.edu.vn\/web\/webinaires-de-france-education-international\/#primaryimage\",\"url\":\"https:\/\/efip.ctu.edu.vn\/web\/wp-content\/uploads\/2025\/05\/FranceEducationInternational-YouTube.png\",\"contentUrl\":\"https:\/\/efip.ctu.edu.vn\/web\/wp-content\/uploads\/2025\/05\/FranceEducationInternational-YouTube.png\",\"width\":2224,\"height\":792},{\"@type\":\"WebSite\",\"@id\":\"https:\/\/efip.ctu.edu.vn\/web\/#website\",\"url\":\"https:\/\/efip.ctu.edu.vn\/web\/\",\"name\":\"EFIP de Can Tho\",\"description\":\"Espace Francophone d&#039;Innovation et de Partenariat\",\"publisher\":{\"@id\":\"https:\/\/efip.ctu.edu.vn\/web\/#organization\"},\"potentialAction\":[{\"@type\":\"SearchAction\",\"target\":{\"@type\":\"EntryPoint\",\"urlTemplate\":\"https:\/\/efip.ctu.edu.vn\/web\/?s={search_term_string}\"},\"query-input\":{\"@type\":\"PropertyValueSpecification\",\"valueRequired\":true,\"valueName\":\"search_term_string\"}}],\"inLanguage\":\"en-US\"},{\"@type\":\"Organization\",\"@id\":\"https:\/\/efip.ctu.edu.vn\/web\/#organization\",\"name\":\"EFIP\",\"url\":\"https:\/\/efip.ctu.edu.vn\/web\/\",\"logo\":{\"@type\":\"ImageObject\",\"inLanguage\":\"en-US\",\"@id\":\"https:\/\/efip.ctu.edu.vn\/web\/#\/schema\/logo\/image\/\",\"url\":\"https:\/\/efip.ctu.edu.vn\/web\/wp-content\/uploads\/2025\/05\/efip2-150x89-1.jpg\",\"contentUrl\":\"https:\/\/efip.ctu.edu.vn\/web\/wp-content\/uploads\/2025\/05\/efip2-150x89-1.jpg\",\"width\":150,\"height\":89,\"caption\":\"EFIP\"},\"image\":{\"@id\":\"https:\/\/efip.ctu.edu.vn\/web\/#\/schema\/logo\/image\/\"},\"sameAs\":[\"https:\/\/www.facebook.com\/efipCanTho\"]}]}<\/script>\n<!-- \/ Yoast SEO plugin. -->","yoast_head_json":{"title":"{5cef8cb26ec0cf0cbc2bf93f1561460fb5a03d2eaee977874fea98e9d15bcda9}{5cef8cb26ec0cf0cbc2bf93f1561460fb5a03d2eaee977874fea98e9d15bcda9}title{5cef8cb26ec0cf0cbc2bf93f1561460fb5a03d2eaee977874fea98e9d15bcda9}{5cef8cb26ec0cf0cbc2bf93f1561460fb5a03d2eaee977874fea98e9d15bcda9} {5cef8cb26ec0cf0cbc2bf93f1561460fb5a03d2eaee977874fea98e9d15bcda9}{5cef8cb26ec0cf0cbc2bf93f1561460fb5a03d2eaee977874fea98e9d15bcda9}page{5cef8cb26ec0cf0cbc2bf93f1561460fb5a03d2eaee977874fea98e9d15bcda9}{5cef8cb26ec0cf0cbc2bf93f1561460fb5a03d2eaee977874fea98e9d15bcda9} {5cef8cb26ec0cf0cbc2bf93f1561460fb5a03d2eaee977874fea98e9d15bcda9}{5cef8cb26ec0cf0cbc2bf93f1561460fb5a03d2eaee977874fea98e9d15bcda9}sep{5cef8cb26ec0cf0cbc2bf93f1561460fb5a03d2eaee977874fea98e9d15bcda9}{5cef8cb26ec0cf0cbc2bf93f1561460fb5a03d2eaee977874fea98e9d15bcda9} {5cef8cb26ec0cf0cbc2bf93f1561460fb5a03d2eaee977874fea98e9d15bcda9}{5cef8cb26ec0cf0cbc2bf93f1561460fb5a03d2eaee977874fea98e9d15bcda9}sitename{5cef8cb26ec0cf0cbc2bf93f1561460fb5a03d2eaee977874fea98e9d15bcda9}{5cef8cb26ec0cf0cbc2bf93f1561460fb5a03d2eaee977874fea98e9d15bcda9} de Can Tho","description":"Pour ses 75 ans, France \u00c9ducation international, anciennement CIEP, a organis\u00e9 du 30 novembre au 4 d\u00e9cembre une s\u00e9rie de cinq webinaires.","robots":{"index":"index","follow":"follow","max-snippet":"max-snippet:-1","max-image-preview":"max-image-preview:large","max-video-preview":"max-video-preview:-1"},"canonical":"https:\/\/efip.ctu.edu.vn\/web\/webinaires-de-france-education-international\/","next":"https:\/\/efip.ctu.edu.vn\/web\/webinaires-de-france-education-international\/2\/","og_locale":"en_US","og_type":"article","og_title":"{5cef8cb26ec0cf0cbc2bf93f1561460fb5a03d2eaee977874fea98e9d15bcda9}{5cef8cb26ec0cf0cbc2bf93f1561460fb5a03d2eaee977874fea98e9d15bcda9}title{5cef8cb26ec0cf0cbc2bf93f1561460fb5a03d2eaee977874fea98e9d15bcda9}{5cef8cb26ec0cf0cbc2bf93f1561460fb5a03d2eaee977874fea98e9d15bcda9} {5cef8cb26ec0cf0cbc2bf93f1561460fb5a03d2eaee977874fea98e9d15bcda9}{5cef8cb26ec0cf0cbc2bf93f1561460fb5a03d2eaee977874fea98e9d15bcda9}page{5cef8cb26ec0cf0cbc2bf93f1561460fb5a03d2eaee977874fea98e9d15bcda9}{5cef8cb26ec0cf0cbc2bf93f1561460fb5a03d2eaee977874fea98e9d15bcda9} {5cef8cb26ec0cf0cbc2bf93f1561460fb5a03d2eaee977874fea98e9d15bcda9}{5cef8cb26ec0cf0cbc2bf93f1561460fb5a03d2eaee977874fea98e9d15bcda9}sep{5cef8cb26ec0cf0cbc2bf93f1561460fb5a03d2eaee977874fea98e9d15bcda9}{5cef8cb26ec0cf0cbc2bf93f1561460fb5a03d2eaee977874fea98e9d15bcda9} {5cef8cb26ec0cf0cbc2bf93f1561460fb5a03d2eaee977874fea98e9d15bcda9}{5cef8cb26ec0cf0cbc2bf93f1561460fb5a03d2eaee977874fea98e9d15bcda9}sitename{5cef8cb26ec0cf0cbc2bf93f1561460fb5a03d2eaee977874fea98e9d15bcda9}{5cef8cb26ec0cf0cbc2bf93f1561460fb5a03d2eaee977874fea98e9d15bcda9} de Can Tho","og_description":"Pour ses 75 ans, France \u00c9ducation international, anciennement CIEP, a organis\u00e9 du 30 novembre au 4 d\u00e9cembre une s\u00e9rie de cinq webinaires.","og_url":"https:\/\/efip.ctu.edu.vn\/web\/webinaires-de-france-education-international\/","og_site_name":"EFIP","article_publisher":"https:\/\/www.facebook.com\/efipCanTho","article_modified_time":"2025-05-03T03:06:11+00:00","og_image":[{"width":858,"height":477,"url":"https:\/\/efip.ctu.edu.vn\/web\/wp-content\/uploads\/2020\/12\/FranceEducationInternational5webinaires.png","type":"image\/png"}],"twitter_card":"summary_large_image","twitter_misc":{"Est. reading time":"2 minutes"},"schema":{"@context":"https:\/\/schema.org","@graph":[{"@type":"WebPage","@id":"https:\/\/efip.ctu.edu.vn\/web\/webinaires-de-france-education-international\/","url":"https:\/\/efip.ctu.edu.vn\/web\/webinaires-de-france-education-international\/","name":"{5cef8cb26ec0cf0cbc2bf93f1561460fb5a03d2eaee977874fea98e9d15bcda9}{5cef8cb26ec0cf0cbc2bf93f1561460fb5a03d2eaee977874fea98e9d15bcda9}title{5cef8cb26ec0cf0cbc2bf93f1561460fb5a03d2eaee977874fea98e9d15bcda9}{5cef8cb26ec0cf0cbc2bf93f1561460fb5a03d2eaee977874fea98e9d15bcda9} {5cef8cb26ec0cf0cbc2bf93f1561460fb5a03d2eaee977874fea98e9d15bcda9}{5cef8cb26ec0cf0cbc2bf93f1561460fb5a03d2eaee977874fea98e9d15bcda9}page{5cef8cb26ec0cf0cbc2bf93f1561460fb5a03d2eaee977874fea98e9d15bcda9}{5cef8cb26ec0cf0cbc2bf93f1561460fb5a03d2eaee977874fea98e9d15bcda9} {5cef8cb26ec0cf0cbc2bf93f1561460fb5a03d2eaee977874fea98e9d15bcda9}{5cef8cb26ec0cf0cbc2bf93f1561460fb5a03d2eaee977874fea98e9d15bcda9}sep{5cef8cb26ec0cf0cbc2bf93f1561460fb5a03d2eaee977874fea98e9d15bcda9}{5cef8cb26ec0cf0cbc2bf93f1561460fb5a03d2eaee977874fea98e9d15bcda9} {5cef8cb26ec0cf0cbc2bf93f1561460fb5a03d2eaee977874fea98e9d15bcda9}{5cef8cb26ec0cf0cbc2bf93f1561460fb5a03d2eaee977874fea98e9d15bcda9}sitename{5cef8cb26ec0cf0cbc2bf93f1561460fb5a03d2eaee977874fea98e9d15bcda9}{5cef8cb26ec0cf0cbc2bf93f1561460fb5a03d2eaee977874fea98e9d15bcda9} de Can Tho","isPartOf":{"@id":"https:\/\/efip.ctu.edu.vn\/web\/#website"},"primaryImageOfPage":{"@id":"https:\/\/efip.ctu.edu.vn\/web\/webinaires-de-france-education-international\/#primaryimage"},"image":{"@id":"https:\/\/efip.ctu.edu.vn\/web\/webinaires-de-france-education-international\/#primaryimage"},"thumbnailUrl":"https:\/\/efip.ctu.edu.vn\/web\/wp-content\/uploads\/2025\/05\/FranceEducationInternational-YouTube.png","datePublished":"2020-12-11T04:20:29+00:00","dateModified":"2025-05-03T03:06:11+00:00","description":"Pour ses 75 ans, France \u00c9ducation international, anciennement CIEP, a organis\u00e9 du 30 novembre au 4 d\u00e9cembre une s\u00e9rie de cinq webinaires.","inLanguage":"en-US","potentialAction":[{"@type":"ReadAction","target":["https:\/\/efip.ctu.edu.vn\/web\/webinaires-de-france-education-international\/"]}]},{"@type":"ImageObject","inLanguage":"en-US","@id":"https:\/\/efip.ctu.edu.vn\/web\/webinaires-de-france-education-international\/#primaryimage","url":"https:\/\/efip.ctu.edu.vn\/web\/wp-content\/uploads\/2025\/05\/FranceEducationInternational-YouTube.png","contentUrl":"https:\/\/efip.ctu.edu.vn\/web\/wp-content\/uploads\/2025\/05\/FranceEducationInternational-YouTube.png","width":2224,"height":792},{"@type":"WebSite","@id":"https:\/\/efip.ctu.edu.vn\/web\/#website","url":"https:\/\/efip.ctu.edu.vn\/web\/","name":"EFIP de Can Tho","description":"Espace Francophone d&#039;Innovation et de Partenariat","publisher":{"@id":"https:\/\/efip.ctu.edu.vn\/web\/#organization"},"potentialAction":[{"@type":"SearchAction","target":{"@type":"EntryPoint","urlTemplate":"https:\/\/efip.ctu.edu.vn\/web\/?s={search_term_string}"},"query-input":{"@type":"PropertyValueSpecification","valueRequired":true,"valueName":"search_term_string"}}],"inLanguage":"en-US"},{"@type":"Organization","@id":"https:\/\/efip.ctu.edu.vn\/web\/#organization","name":"EFIP","url":"https:\/\/efip.ctu.edu.vn\/web\/","logo":{"@type":"ImageObject","inLanguage":"en-US","@id":"https:\/\/efip.ctu.edu.vn\/web\/#\/schema\/logo\/image\/","url":"https:\/\/efip.ctu.edu.vn\/web\/wp-content\/uploads\/2025\/05\/efip2-150x89-1.jpg","contentUrl":"https:\/\/efip.ctu.edu.vn\/web\/wp-content\/uploads\/2025\/05\/efip2-150x89-1.jpg","width":150,"height":89,"caption":"EFIP"},"image":{"@id":"https:\/\/efip.ctu.edu.vn\/web\/#\/schema\/logo\/image\/"},"sameAs":["https:\/\/www.facebook.com\/efipCanTho"]}]}},"_links":{"self":[{"href":"https:\/\/efip.ctu.edu.vn\/web\/wp-json\/wp\/v2\/pages\/2535","targetHints":{"allow":["GET"]}}],"collection":[{"href":"https:\/\/efip.ctu.edu.vn\/web\/wp-json\/wp\/v2\/pages"}],"about":[{"href":"https:\/\/efip.ctu.edu.vn\/web\/wp-json\/wp\/v2\/types\/page"}],"author":[{"embeddable":true,"href":"https:\/\/efip.ctu.edu.vn\/web\/wp-json\/wp\/v2\/users\/3"}],"replies":[{"embeddable":true,"href":"https:\/\/efip.ctu.edu.vn\/web\/wp-json\/wp\/v2\/comments?post=2535"}],"version-history":[{"count":6,"href":"https:\/\/efip.ctu.edu.vn\/web\/wp-json\/wp\/v2\/pages\/2535\/revisions"}],"predecessor-version":[{"id":4382,"href":"https:\/\/efip.ctu.edu.vn\/web\/wp-json\/wp\/v2\/pages\/2535\/revisions\/4382"}],"wp:featuredmedia":[{"embeddable":true,"href":"https:\/\/efip.ctu.edu.vn\/web\/wp-json\/wp\/v2\/media\/4381"}],"wp:attachment":[{"href":"https:\/\/efip.ctu.edu.vn\/web\/wp-json\/wp\/v2\/media?parent=2535"}],"curies":[{"name":"wp","href":"https:\/\/api.w.org\/{rel}","templated":true}]}}