{"id":24,"date":"2013-12-11T04:05:17","date_gmt":"2013-12-11T03:05:17","guid":{"rendered":"http:\/\/123.30.143.210\/web\/?page_id=24"},"modified":"2025-05-02T20:56:33","modified_gmt":"2025-05-02T13:56:33","slug":"insertion-professionnelle","status":"publish","type":"page","link":"https:\/\/efip.ctu.edu.vn\/web\/activites\/insertion-professionnelle\/","title":{"rendered":"Insertion professionnelle"},"content":{"rendered":"<p style=\"text-align: justify;\">L&#8217;EFIP \u00e0 l&#8217;Universit\u00e9 de Can Tho vous aide \u00e0\u00a0\u00e9laborer votre projet professionnel, \u00e0 r\u00e9fl\u00e9chir \u00e0 votre orientation et votre insertion professionnelle, \u00e0 avoir une meilleure connaissance des d\u00e9bouch\u00e9s et du march\u00e9 du travail.<\/p>\n<p><a href=\"https:\/\/efip.ctu.edu.vn\/web\/wp-content\/uploads\/2025\/05\/scott-graham-OQMZwNd3ThU-unsplash-scaled.jpg\"><img fetchpriority=\"high\" decoding=\"async\" class=\"wp-image-4192 size-medium aligncenter\" src=\"https:\/\/efip.ctu.edu.vn\/web\/wp-content\/uploads\/2025\/05\/scott-graham-OQMZwNd3ThU-unsplash-300x200.jpg\" alt=\"\" width=\"300\" height=\"200\" srcset=\"https:\/\/efip.ctu.edu.vn\/web\/wp-content\/uploads\/2025\/05\/scott-graham-OQMZwNd3ThU-unsplash-300x200.jpg 300w, https:\/\/efip.ctu.edu.vn\/web\/wp-content\/uploads\/2025\/05\/scott-graham-OQMZwNd3ThU-unsplash-1024x683.jpg 1024w, https:\/\/efip.ctu.edu.vn\/web\/wp-content\/uploads\/2025\/05\/scott-graham-OQMZwNd3ThU-unsplash-768x513.jpg 768w, https:\/\/efip.ctu.edu.vn\/web\/wp-content\/uploads\/2025\/05\/scott-graham-OQMZwNd3ThU-unsplash-1536x1025.jpg 1536w, https:\/\/efip.ctu.edu.vn\/web\/wp-content\/uploads\/2025\/05\/scott-graham-OQMZwNd3ThU-unsplash-2048x1367.jpg 2048w\" sizes=\"(max-width: 300px) 100vw, 300px\" \/><\/a><\/p>\n<p style=\"text-align: justify;\">Pour cela, des modules d&#8217;insertion professionnelles sont organis\u00e9s tout au long du semestre :<\/p>\n<ul style=\"text-align: justify;\">\n<li>Atelier d&#8217;\u00e9criture de CV et lettres de motivation<\/li>\n<li>E-r\u00e9putation et r\u00e9seautage<\/li>\n<li>Simulation d&#8217;entretiens d&#8217;embauche<\/li>\n<\/ul>\n<p>Nous vous proposons aussi une formation en ligne \u00a0sur <a href=\"https:\/\/efip.ctu.edu.vn\/lms\/\" target=\"_blank\" rel=\"noopener noreferrer\">https:\/\/efip.ctu.edu.vn\/lms\/<\/a><\/p>\n<p style=\"text-align: justify;\"><em>Informations, calendrier et inscriptions \u00e0 l&#8217;EFIP.<\/em><\/p>\n\n\n<p class=\"has-text-align-right\"><em>Page mise \u00e0 jour le 02 mai 2025.<\/em><\/p>\n","protected":false},"excerpt":{"rendered":"<p>L&#8217;EFIP \u00e0 l&#8217;Universit\u00e9 de Can Tho vous aide \u00e0\u00a0\u00e9laborer votre projet professionnel, \u00e0 r\u00e9fl\u00e9chir \u00e0 votre orientation et votre insertion &hellip; <br \/><a href=\"https:\/\/efip.ctu.edu.vn\/web\/activites\/insertion-professionnelle\/\" class=\"more-link\">Continue reading <span class=\"screen-reader-text\">Insertion professionnelle<\/span><\/a><\/p>\n","protected":false},"author":1,"featured_media":4192,"parent":18,"menu_order":3,"comment_status":"closed","ping_status":"open","template":"","meta":{"footnotes":""},"class_list":["post-24","page","type-page","status-publish","has-post-thumbnail","hentry"],"yoast_head":"<!-- This site is optimized with the Yoast SEO plugin v25.0 - https:\/\/yoast.com\/wordpress\/plugins\/seo\/ -->\n<title>Insertion professionnelle - EFIP<\/title>\n<meta name=\"description\" content=\"L&#039;EFIP \u00e0 l&#039;Universit\u00e9 de Can Tho facilite votre insertion professionnelle en vous aidant notamment \u00e0\u00a0\u00e9laborer votre projet professionnel.\" \/>\n<meta name=\"robots\" content=\"index, follow, max-snippet:-1, max-image-preview:large, max-video-preview:-1\" \/>\n<link rel=\"canonical\" href=\"https:\/\/efip.ctu.edu.vn\/web\/activites\/insertion-professionnelle\/\" \/>\n<meta property=\"og:locale\" content=\"en_US\" \/>\n<meta property=\"og:type\" content=\"article\" \/>\n<meta property=\"og:title\" content=\"Insertion professionnelle - EFIP\" \/>\n<meta property=\"og:description\" content=\"L&#039;EFIP \u00e0 l&#039;Universit\u00e9 de Can Tho facilite votre insertion professionnelle en vous aidant notamment \u00e0\u00a0\u00e9laborer votre projet professionnel.\" \/>\n<meta property=\"og:url\" content=\"https:\/\/efip.ctu.edu.vn\/web\/activites\/insertion-professionnelle\/\" \/>\n<meta property=\"og:site_name\" content=\"EFIP\" \/>\n<meta property=\"article:publisher\" content=\"https:\/\/www.facebook.com\/efipCanTho\" \/>\n<meta property=\"article:modified_time\" content=\"2025-05-02T13:56:33+00:00\" \/>\n<meta property=\"og:image\" content=\"https:\/\/efip.ctu.edu.vn\/web\/wp-content\/uploads\/2020\/06\/scott-graham-OQMZwNd3ThU-unsplash-300x200.jpg\" \/>\n<meta name=\"twitter:card\" content=\"summary_large_image\" \/>\n<script type=\"application\/ld+json\" class=\"yoast-schema-graph\">{\"@context\":\"https:\/\/schema.org\",\"@graph\":[{\"@type\":\"WebPage\",\"@id\":\"https:\/\/efip.ctu.edu.vn\/web\/activites\/insertion-professionnelle\/\",\"url\":\"https:\/\/efip.ctu.edu.vn\/web\/activites\/insertion-professionnelle\/\",\"name\":\"Insertion professionnelle - EFIP\",\"isPartOf\":{\"@id\":\"https:\/\/efip.ctu.edu.vn\/web\/#website\"},\"primaryImageOfPage\":{\"@id\":\"https:\/\/efip.ctu.edu.vn\/web\/activites\/insertion-professionnelle\/#primaryimage\"},\"image\":{\"@id\":\"https:\/\/efip.ctu.edu.vn\/web\/activites\/insertion-professionnelle\/#primaryimage\"},\"thumbnailUrl\":\"https:\/\/efip.ctu.edu.vn\/web\/wp-content\/uploads\/2025\/05\/scott-graham-OQMZwNd3ThU-unsplash-scaled.jpg\",\"datePublished\":\"2013-12-11T03:05:17+00:00\",\"dateModified\":\"2025-05-02T13:56:33+00:00\",\"description\":\"L'EFIP \u00e0 l'Universit\u00e9 de Can Tho facilite votre insertion professionnelle en vous aidant notamment \u00e0\u00a0\u00e9laborer votre projet professionnel.\",\"breadcrumb\":{\"@id\":\"https:\/\/efip.ctu.edu.vn\/web\/activites\/insertion-professionnelle\/#breadcrumb\"},\"inLanguage\":\"en-US\",\"potentialAction\":[{\"@type\":\"ReadAction\",\"target\":[\"https:\/\/efip.ctu.edu.vn\/web\/activites\/insertion-professionnelle\/\"]}]},{\"@type\":\"ImageObject\",\"inLanguage\":\"en-US\",\"@id\":\"https:\/\/efip.ctu.edu.vn\/web\/activites\/insertion-professionnelle\/#primaryimage\",\"url\":\"https:\/\/efip.ctu.edu.vn\/web\/wp-content\/uploads\/2025\/05\/scott-graham-OQMZwNd3ThU-unsplash-scaled.jpg\",\"contentUrl\":\"https:\/\/efip.ctu.edu.vn\/web\/wp-content\/uploads\/2025\/05\/scott-graham-OQMZwNd3ThU-unsplash-scaled.jpg\",\"width\":2560,\"height\":1709},{\"@type\":\"BreadcrumbList\",\"@id\":\"https:\/\/efip.ctu.edu.vn\/web\/activites\/insertion-professionnelle\/#breadcrumb\",\"itemListElement\":[{\"@type\":\"ListItem\",\"position\":1,\"name\":\"Accueil\",\"item\":\"https:\/\/efip.ctu.edu.vn\/web\/\"},{\"@type\":\"ListItem\",\"position\":2,\"name\":\"Activit\u00e9s\",\"item\":\"https:\/\/efip.ctu.edu.vn\/web\/activites\/\"},{\"@type\":\"ListItem\",\"position\":3,\"name\":\"Insertion professionnelle\"}]},{\"@type\":\"WebSite\",\"@id\":\"https:\/\/efip.ctu.edu.vn\/web\/#website\",\"url\":\"https:\/\/efip.ctu.edu.vn\/web\/\",\"name\":\"EFIP de Can Tho\",\"description\":\"Espace Francophone d&#039;Innovation et de Partenariat\",\"publisher\":{\"@id\":\"https:\/\/efip.ctu.edu.vn\/web\/#organization\"},\"potentialAction\":[{\"@type\":\"SearchAction\",\"target\":{\"@type\":\"EntryPoint\",\"urlTemplate\":\"https:\/\/efip.ctu.edu.vn\/web\/?s={search_term_string}\"},\"query-input\":{\"@type\":\"PropertyValueSpecification\",\"valueRequired\":true,\"valueName\":\"search_term_string\"}}],\"inLanguage\":\"en-US\"},{\"@type\":\"Organization\",\"@id\":\"https:\/\/efip.ctu.edu.vn\/web\/#organization\",\"name\":\"EFIP\",\"url\":\"https:\/\/efip.ctu.edu.vn\/web\/\",\"logo\":{\"@type\":\"ImageObject\",\"inLanguage\":\"en-US\",\"@id\":\"https:\/\/efip.ctu.edu.vn\/web\/#\/schema\/logo\/image\/\",\"url\":\"https:\/\/efip.ctu.edu.vn\/web\/wp-content\/uploads\/2025\/05\/efip2-150x89-1.jpg\",\"contentUrl\":\"https:\/\/efip.ctu.edu.vn\/web\/wp-content\/uploads\/2025\/05\/efip2-150x89-1.jpg\",\"width\":150,\"height\":89,\"caption\":\"EFIP\"},\"image\":{\"@id\":\"https:\/\/efip.ctu.edu.vn\/web\/#\/schema\/logo\/image\/\"},\"sameAs\":[\"https:\/\/www.facebook.com\/efipCanTho\"]}]}<\/script>\n<!-- \/ Yoast SEO plugin. -->","yoast_head_json":{"title":"Insertion professionnelle - EFIP","description":"L'EFIP \u00e0 l'Universit\u00e9 de Can Tho facilite votre insertion professionnelle en vous aidant notamment \u00e0\u00a0\u00e9laborer votre projet professionnel.","robots":{"index":"index","follow":"follow","max-snippet":"max-snippet:-1","max-image-preview":"max-image-preview:large","max-video-preview":"max-video-preview:-1"},"canonical":"https:\/\/efip.ctu.edu.vn\/web\/activites\/insertion-professionnelle\/","og_locale":"en_US","og_type":"article","og_title":"Insertion professionnelle - EFIP","og_description":"L'EFIP \u00e0 l'Universit\u00e9 de Can Tho facilite votre insertion professionnelle en vous aidant notamment \u00e0\u00a0\u00e9laborer votre projet professionnel.","og_url":"https:\/\/efip.ctu.edu.vn\/web\/activites\/insertion-professionnelle\/","og_site_name":"EFIP","article_publisher":"https:\/\/www.facebook.com\/efipCanTho","article_modified_time":"2025-05-02T13:56:33+00:00","og_image":[{"url":"https:\/\/efip.ctu.edu.vn\/web\/wp-content\/uploads\/2020\/06\/scott-graham-OQMZwNd3ThU-unsplash-300x200.jpg","type":"","width":"","height":""}],"twitter_card":"summary_large_image","schema":{"@context":"https:\/\/schema.org","@graph":[{"@type":"WebPage","@id":"https:\/\/efip.ctu.edu.vn\/web\/activites\/insertion-professionnelle\/","url":"https:\/\/efip.ctu.edu.vn\/web\/activites\/insertion-professionnelle\/","name":"Insertion professionnelle - EFIP","isPartOf":{"@id":"https:\/\/efip.ctu.edu.vn\/web\/#website"},"primaryImageOfPage":{"@id":"https:\/\/efip.ctu.edu.vn\/web\/activites\/insertion-professionnelle\/#primaryimage"},"image":{"@id":"https:\/\/efip.ctu.edu.vn\/web\/activites\/insertion-professionnelle\/#primaryimage"},"thumbnailUrl":"https:\/\/efip.ctu.edu.vn\/web\/wp-content\/uploads\/2025\/05\/scott-graham-OQMZwNd3ThU-unsplash-scaled.jpg","datePublished":"2013-12-11T03:05:17+00:00","dateModified":"2025-05-02T13:56:33+00:00","description":"L'EFIP \u00e0 l'Universit\u00e9 de Can Tho facilite votre insertion professionnelle en vous aidant notamment \u00e0\u00a0\u00e9laborer votre projet professionnel.","breadcrumb":{"@id":"https:\/\/efip.ctu.edu.vn\/web\/activites\/insertion-professionnelle\/#breadcrumb"},"inLanguage":"en-US","potentialAction":[{"@type":"ReadAction","target":["https:\/\/efip.ctu.edu.vn\/web\/activites\/insertion-professionnelle\/"]}]},{"@type":"ImageObject","inLanguage":"en-US","@id":"https:\/\/efip.ctu.edu.vn\/web\/activites\/insertion-professionnelle\/#primaryimage","url":"https:\/\/efip.ctu.edu.vn\/web\/wp-content\/uploads\/2025\/05\/scott-graham-OQMZwNd3ThU-unsplash-scaled.jpg","contentUrl":"https:\/\/efip.ctu.edu.vn\/web\/wp-content\/uploads\/2025\/05\/scott-graham-OQMZwNd3ThU-unsplash-scaled.jpg","width":2560,"height":1709},{"@type":"BreadcrumbList","@id":"https:\/\/efip.ctu.edu.vn\/web\/activites\/insertion-professionnelle\/#breadcrumb","itemListElement":[{"@type":"ListItem","position":1,"name":"Accueil","item":"https:\/\/efip.ctu.edu.vn\/web\/"},{"@type":"ListItem","position":2,"name":"Activit\u00e9s","item":"https:\/\/efip.ctu.edu.vn\/web\/activites\/"},{"@type":"ListItem","position":3,"name":"Insertion professionnelle"}]},{"@type":"WebSite","@id":"https:\/\/efip.ctu.edu.vn\/web\/#website","url":"https:\/\/efip.ctu.edu.vn\/web\/","name":"EFIP de Can Tho","description":"Espace Francophone d&#039;Innovation et de Partenariat","publisher":{"@id":"https:\/\/efip.ctu.edu.vn\/web\/#organization"},"potentialAction":[{"@type":"SearchAction","target":{"@type":"EntryPoint","urlTemplate":"https:\/\/efip.ctu.edu.vn\/web\/?s={search_term_string}"},"query-input":{"@type":"PropertyValueSpecification","valueRequired":true,"valueName":"search_term_string"}}],"inLanguage":"en-US"},{"@type":"Organization","@id":"https:\/\/efip.ctu.edu.vn\/web\/#organization","name":"EFIP","url":"https:\/\/efip.ctu.edu.vn\/web\/","logo":{"@type":"ImageObject","inLanguage":"en-US","@id":"https:\/\/efip.ctu.edu.vn\/web\/#\/schema\/logo\/image\/","url":"https:\/\/efip.ctu.edu.vn\/web\/wp-content\/uploads\/2025\/05\/efip2-150x89-1.jpg","contentUrl":"https:\/\/efip.ctu.edu.vn\/web\/wp-content\/uploads\/2025\/05\/efip2-150x89-1.jpg","width":150,"height":89,"caption":"EFIP"},"image":{"@id":"https:\/\/efip.ctu.edu.vn\/web\/#\/schema\/logo\/image\/"},"sameAs":["https:\/\/www.facebook.com\/efipCanTho"]}]}},"_links":{"self":[{"href":"https:\/\/efip.ctu.edu.vn\/web\/wp-json\/wp\/v2\/pages\/24","targetHints":{"allow":["GET"]}}],"collection":[{"href":"https:\/\/efip.ctu.edu.vn\/web\/wp-json\/wp\/v2\/pages"}],"about":[{"href":"https:\/\/efip.ctu.edu.vn\/web\/wp-json\/wp\/v2\/types\/page"}],"author":[{"embeddable":true,"href":"https:\/\/efip.ctu.edu.vn\/web\/wp-json\/wp\/v2\/users\/1"}],"replies":[{"embeddable":true,"href":"https:\/\/efip.ctu.edu.vn\/web\/wp-json\/wp\/v2\/comments?post=24"}],"version-history":[{"count":10,"href":"https:\/\/efip.ctu.edu.vn\/web\/wp-json\/wp\/v2\/pages\/24\/revisions"}],"predecessor-version":[{"id":4194,"href":"https:\/\/efip.ctu.edu.vn\/web\/wp-json\/wp\/v2\/pages\/24\/revisions\/4194"}],"up":[{"embeddable":true,"href":"https:\/\/efip.ctu.edu.vn\/web\/wp-json\/wp\/v2\/pages\/18"}],"wp:featuredmedia":[{"embeddable":true,"href":"https:\/\/efip.ctu.edu.vn\/web\/wp-json\/wp\/v2\/media\/4192"}],"wp:attachment":[{"href":"https:\/\/efip.ctu.edu.vn\/web\/wp-json\/wp\/v2\/media?parent=24"}],"curies":[{"name":"wp","href":"https:\/\/api.w.org\/{rel}","templated":true}]}}