{"id":22,"date":"2013-12-11T04:04:28","date_gmt":"2013-12-11T03:04:28","guid":{"rendered":"http:\/\/123.30.143.210\/web\/?page_id=22"},"modified":"2025-05-02T20:56:08","modified_gmt":"2025-05-02T13:56:08","slug":"methodologie-de-recherche","status":"publish","type":"page","link":"https:\/\/efip.ctu.edu.vn\/web\/activites\/methodologie-de-recherche\/","title":{"rendered":"M\u00e9thodologie de recherche"},"content":{"rendered":"\n<div class=\"wp-block-group\"><div class=\"wp-block-group__inner-container is-layout-flow wp-block-group-is-layout-flow\">\n<p>Que vous soyez \u00e9tudiant en licence, en Master et m\u00eame doctorant, l&#8217;EFIP vous propose d&#8217;am\u00e9liorer votre m\u00e9thodologie de recherche.<\/p>\n<p><a href=\"https:\/\/efip.ctu.edu.vn\/web\/wp-content\/uploads\/2025\/05\/daria-nepriakhina-zoCDWPuiRuA-unsplash-scaled.jpg\"><img fetchpriority=\"high\" decoding=\"async\" class=\"wp-image-4189 size-medium aligncenter\" src=\"https:\/\/efip.ctu.edu.vn\/web\/wp-content\/uploads\/2025\/05\/daria-nepriakhina-zoCDWPuiRuA-unsplash-300x200.jpg\" alt=\"\" width=\"300\" height=\"200\" srcset=\"https:\/\/efip.ctu.edu.vn\/web\/wp-content\/uploads\/2025\/05\/daria-nepriakhina-zoCDWPuiRuA-unsplash-300x200.jpg 300w, https:\/\/efip.ctu.edu.vn\/web\/wp-content\/uploads\/2025\/05\/daria-nepriakhina-zoCDWPuiRuA-unsplash-1024x683.jpg 1024w, https:\/\/efip.ctu.edu.vn\/web\/wp-content\/uploads\/2025\/05\/daria-nepriakhina-zoCDWPuiRuA-unsplash-768x512.jpg 768w, https:\/\/efip.ctu.edu.vn\/web\/wp-content\/uploads\/2025\/05\/daria-nepriakhina-zoCDWPuiRuA-unsplash-1536x1024.jpg 1536w, https:\/\/efip.ctu.edu.vn\/web\/wp-content\/uploads\/2025\/05\/daria-nepriakhina-zoCDWPuiRuA-unsplash-2048x1365.jpg 2048w\" sizes=\"(max-width: 300px) 100vw, 300px\" \/><\/a><\/p>\n<p style=\"text-align: justify;\">Une bonne m\u00e9thodologie de recherche permet de faciliter la production d&#8217;un travail universitaire, alliant \u00e0 la fois richesse documentaire et rigueur scientifique.<\/p>\n<p style=\"text-align: justify;\">Selon la nature du travail \u00e0 produire (expos\u00e9, m\u00e9moire, article, rapport d&#8217;\u00e9tudes, etc.), le niveau attendu de l&#8217;information sera diff\u00e9rent :<\/p>\n<ul style=\"text-align: justify;\">\n<li>information de base : un ou deux ouvrages et une encyclop\u00e9die suffiront<\/li>\n<li>information plus pointue ou plus d\u00e9velopp\u00e9e : se diriger vers des articles de p\u00e9riodiques, conf\u00e9rences, rapports, th\u00e8ses, normes\u2026<\/li>\n<\/ul>\n<p style=\"text-align: justify;\">Diff\u00e9rents types d&#8217;informations sont disponibles (textes, donn\u00e9es statistiques, sch\u00e9mas techniques, etc.), de m\u00eame que l&#8217;actualit\u00e9 de l&#8217;information : des documents d&#8217;archives aux derniers r\u00e9sultats connus de la recherche&#8230;<\/p>\n<p>Nous avons aussi \u00e0 votre disposition des documents (manuels, dictionnaires, ouvrages de r\u00e9f\u00e9rence dans diff\u00e9rents domaines) afin d&#8217;enrichir vos ressources.<\/p>\n<p>Vous trouverez aussi sur notre site <a href=\"https:\/\/efip.ctu.edu.vn\/web\/ressources\/bibliotheques-en-ligne\/\" target=\"_blank\" rel=\"noreferrer noopener\">une liste de biblioth\u00e8que en ligne<\/a>.<\/p>\n<p>En attendant, vous pouvez allez faire un tour sur <strong>la plateforme :\u00a0<a href=\"https:\/\/www.raccoursci.com\/\" target=\"_blank\" rel=\"noreferrer noopener\">https:\/\/www.raccoursci.com<\/a><\/strong>\u00a0. Vous y trouverez des conseils et des ressources pour rendre votre communication scientifique plus efficace.<\/p>\n<\/div><\/div>\n\n\n\n<p><\/p>\n\n\n\n<p class=\"has-text-align-right\"><em>Page mise \u00e0 jour le 02 mai 2025.<\/em><\/p>\n","protected":false},"excerpt":{"rendered":"<p>Que vous soyez \u00e9tudiant en licence, en Master et m\u00eame doctorant, l&#8217;EFIP vous propose d&#8217;am\u00e9liorer votre m\u00e9thodologie de recherche. Une &hellip; <br \/><a href=\"https:\/\/efip.ctu.edu.vn\/web\/activites\/methodologie-de-recherche\/\" class=\"more-link\">Continue reading <span class=\"screen-reader-text\">M\u00e9thodologie de recherche<\/span><\/a><\/p>\n","protected":false},"author":1,"featured_media":4189,"parent":18,"menu_order":2,"comment_status":"closed","ping_status":"open","template":"","meta":{"footnotes":""},"class_list":["post-22","page","type-page","status-publish","has-post-thumbnail","hentry"],"yoast_head":"<!-- This site is optimized with the Yoast SEO plugin v25.0 - https:\/\/yoast.com\/wordpress\/plugins\/seo\/ -->\n<title>M\u00e9thodologie de recherche - EFIP<\/title>\n<meta name=\"description\" content=\"Que vous soyez \u00e9tudiant en licence, en Master et m\u00eame doctorant, l&#039;EFIP de Can Tho vous propose d&#039;am\u00e9liorer votre m\u00e9thodologie de recherche.\" \/>\n<meta name=\"robots\" content=\"index, follow, max-snippet:-1, max-image-preview:large, max-video-preview:-1\" \/>\n<link rel=\"canonical\" href=\"https:\/\/efip.ctu.edu.vn\/web\/activites\/methodologie-de-recherche\/\" \/>\n<meta property=\"og:locale\" content=\"en_US\" \/>\n<meta property=\"og:type\" content=\"article\" \/>\n<meta property=\"og:title\" content=\"M\u00e9thodologie de recherche - EFIP\" \/>\n<meta property=\"og:description\" content=\"Que vous soyez \u00e9tudiant en licence, en Master et m\u00eame doctorant, l&#039;EFIP de Can Tho vous propose d&#039;am\u00e9liorer votre m\u00e9thodologie de recherche.\" \/>\n<meta property=\"og:url\" content=\"https:\/\/efip.ctu.edu.vn\/web\/activites\/methodologie-de-recherche\/\" \/>\n<meta property=\"og:site_name\" content=\"EFIP\" \/>\n<meta property=\"article:publisher\" content=\"https:\/\/www.facebook.com\/efipCanTho\" \/>\n<meta property=\"article:modified_time\" content=\"2025-05-02T13:56:08+00:00\" \/>\n<meta property=\"og:image\" content=\"https:\/\/efip.ctu.edu.vn\/web\/wp-content\/uploads\/2013\/12\/bng1.jpg\" \/>\n\t<meta property=\"og:image:width\" content=\"448\" \/>\n\t<meta property=\"og:image:height\" content=\"336\" \/>\n\t<meta property=\"og:image:type\" content=\"image\/jpeg\" \/>\n<meta name=\"twitter:card\" content=\"summary_large_image\" \/>\n<meta name=\"twitter:label1\" content=\"Est. reading time\" \/>\n\t<meta name=\"twitter:data1\" content=\"1 minute\" \/>\n<script type=\"application\/ld+json\" class=\"yoast-schema-graph\">{\"@context\":\"https:\/\/schema.org\",\"@graph\":[{\"@type\":\"WebPage\",\"@id\":\"https:\/\/efip.ctu.edu.vn\/web\/activites\/methodologie-de-recherche\/\",\"url\":\"https:\/\/efip.ctu.edu.vn\/web\/activites\/methodologie-de-recherche\/\",\"name\":\"M\u00e9thodologie de recherche - EFIP\",\"isPartOf\":{\"@id\":\"https:\/\/efip.ctu.edu.vn\/web\/#website\"},\"primaryImageOfPage\":{\"@id\":\"https:\/\/efip.ctu.edu.vn\/web\/activites\/methodologie-de-recherche\/#primaryimage\"},\"image\":{\"@id\":\"https:\/\/efip.ctu.edu.vn\/web\/activites\/methodologie-de-recherche\/#primaryimage\"},\"thumbnailUrl\":\"https:\/\/efip.ctu.edu.vn\/web\/wp-content\/uploads\/2025\/05\/daria-nepriakhina-zoCDWPuiRuA-unsplash-scaled.jpg\",\"datePublished\":\"2013-12-11T03:04:28+00:00\",\"dateModified\":\"2025-05-02T13:56:08+00:00\",\"description\":\"Que vous soyez \u00e9tudiant en licence, en Master et m\u00eame doctorant, l'EFIP de Can Tho vous propose d'am\u00e9liorer votre m\u00e9thodologie de recherche.\",\"breadcrumb\":{\"@id\":\"https:\/\/efip.ctu.edu.vn\/web\/activites\/methodologie-de-recherche\/#breadcrumb\"},\"inLanguage\":\"en-US\",\"potentialAction\":[{\"@type\":\"ReadAction\",\"target\":[\"https:\/\/efip.ctu.edu.vn\/web\/activites\/methodologie-de-recherche\/\"]}]},{\"@type\":\"ImageObject\",\"inLanguage\":\"en-US\",\"@id\":\"https:\/\/efip.ctu.edu.vn\/web\/activites\/methodologie-de-recherche\/#primaryimage\",\"url\":\"https:\/\/efip.ctu.edu.vn\/web\/wp-content\/uploads\/2025\/05\/daria-nepriakhina-zoCDWPuiRuA-unsplash-scaled.jpg\",\"contentUrl\":\"https:\/\/efip.ctu.edu.vn\/web\/wp-content\/uploads\/2025\/05\/daria-nepriakhina-zoCDWPuiRuA-unsplash-scaled.jpg\",\"width\":2560,\"height\":1707},{\"@type\":\"BreadcrumbList\",\"@id\":\"https:\/\/efip.ctu.edu.vn\/web\/activites\/methodologie-de-recherche\/#breadcrumb\",\"itemListElement\":[{\"@type\":\"ListItem\",\"position\":1,\"name\":\"Accueil\",\"item\":\"https:\/\/efip.ctu.edu.vn\/web\/\"},{\"@type\":\"ListItem\",\"position\":2,\"name\":\"Activit\u00e9s\",\"item\":\"https:\/\/efip.ctu.edu.vn\/web\/activites\/\"},{\"@type\":\"ListItem\",\"position\":3,\"name\":\"M\u00e9thodologie de recherche\"}]},{\"@type\":\"WebSite\",\"@id\":\"https:\/\/efip.ctu.edu.vn\/web\/#website\",\"url\":\"https:\/\/efip.ctu.edu.vn\/web\/\",\"name\":\"EFIP de Can Tho\",\"description\":\"Espace Francophone d&#039;Innovation et de Partenariat\",\"publisher\":{\"@id\":\"https:\/\/efip.ctu.edu.vn\/web\/#organization\"},\"potentialAction\":[{\"@type\":\"SearchAction\",\"target\":{\"@type\":\"EntryPoint\",\"urlTemplate\":\"https:\/\/efip.ctu.edu.vn\/web\/?s={search_term_string}\"},\"query-input\":{\"@type\":\"PropertyValueSpecification\",\"valueRequired\":true,\"valueName\":\"search_term_string\"}}],\"inLanguage\":\"en-US\"},{\"@type\":\"Organization\",\"@id\":\"https:\/\/efip.ctu.edu.vn\/web\/#organization\",\"name\":\"EFIP\",\"url\":\"https:\/\/efip.ctu.edu.vn\/web\/\",\"logo\":{\"@type\":\"ImageObject\",\"inLanguage\":\"en-US\",\"@id\":\"https:\/\/efip.ctu.edu.vn\/web\/#\/schema\/logo\/image\/\",\"url\":\"https:\/\/efip.ctu.edu.vn\/web\/wp-content\/uploads\/2025\/05\/efip2-150x89-1.jpg\",\"contentUrl\":\"https:\/\/efip.ctu.edu.vn\/web\/wp-content\/uploads\/2025\/05\/efip2-150x89-1.jpg\",\"width\":150,\"height\":89,\"caption\":\"EFIP\"},\"image\":{\"@id\":\"https:\/\/efip.ctu.edu.vn\/web\/#\/schema\/logo\/image\/\"},\"sameAs\":[\"https:\/\/www.facebook.com\/efipCanTho\"]}]}<\/script>\n<!-- \/ Yoast SEO plugin. -->","yoast_head_json":{"title":"M\u00e9thodologie de recherche - EFIP","description":"Que vous soyez \u00e9tudiant en licence, en Master et m\u00eame doctorant, l'EFIP de Can Tho vous propose d'am\u00e9liorer votre m\u00e9thodologie de recherche.","robots":{"index":"index","follow":"follow","max-snippet":"max-snippet:-1","max-image-preview":"max-image-preview:large","max-video-preview":"max-video-preview:-1"},"canonical":"https:\/\/efip.ctu.edu.vn\/web\/activites\/methodologie-de-recherche\/","og_locale":"en_US","og_type":"article","og_title":"M\u00e9thodologie de recherche - EFIP","og_description":"Que vous soyez \u00e9tudiant en licence, en Master et m\u00eame doctorant, l'EFIP de Can Tho vous propose d'am\u00e9liorer votre m\u00e9thodologie de recherche.","og_url":"https:\/\/efip.ctu.edu.vn\/web\/activites\/methodologie-de-recherche\/","og_site_name":"EFIP","article_publisher":"https:\/\/www.facebook.com\/efipCanTho","article_modified_time":"2025-05-02T13:56:08+00:00","og_image":[{"width":448,"height":336,"url":"https:\/\/efip.ctu.edu.vn\/web\/wp-content\/uploads\/2013\/12\/bng1.jpg","type":"image\/jpeg"}],"twitter_card":"summary_large_image","twitter_misc":{"Est. reading time":"1 minute"},"schema":{"@context":"https:\/\/schema.org","@graph":[{"@type":"WebPage","@id":"https:\/\/efip.ctu.edu.vn\/web\/activites\/methodologie-de-recherche\/","url":"https:\/\/efip.ctu.edu.vn\/web\/activites\/methodologie-de-recherche\/","name":"M\u00e9thodologie de recherche - EFIP","isPartOf":{"@id":"https:\/\/efip.ctu.edu.vn\/web\/#website"},"primaryImageOfPage":{"@id":"https:\/\/efip.ctu.edu.vn\/web\/activites\/methodologie-de-recherche\/#primaryimage"},"image":{"@id":"https:\/\/efip.ctu.edu.vn\/web\/activites\/methodologie-de-recherche\/#primaryimage"},"thumbnailUrl":"https:\/\/efip.ctu.edu.vn\/web\/wp-content\/uploads\/2025\/05\/daria-nepriakhina-zoCDWPuiRuA-unsplash-scaled.jpg","datePublished":"2013-12-11T03:04:28+00:00","dateModified":"2025-05-02T13:56:08+00:00","description":"Que vous soyez \u00e9tudiant en licence, en Master et m\u00eame doctorant, l'EFIP de Can Tho vous propose d'am\u00e9liorer votre m\u00e9thodologie de recherche.","breadcrumb":{"@id":"https:\/\/efip.ctu.edu.vn\/web\/activites\/methodologie-de-recherche\/#breadcrumb"},"inLanguage":"en-US","potentialAction":[{"@type":"ReadAction","target":["https:\/\/efip.ctu.edu.vn\/web\/activites\/methodologie-de-recherche\/"]}]},{"@type":"ImageObject","inLanguage":"en-US","@id":"https:\/\/efip.ctu.edu.vn\/web\/activites\/methodologie-de-recherche\/#primaryimage","url":"https:\/\/efip.ctu.edu.vn\/web\/wp-content\/uploads\/2025\/05\/daria-nepriakhina-zoCDWPuiRuA-unsplash-scaled.jpg","contentUrl":"https:\/\/efip.ctu.edu.vn\/web\/wp-content\/uploads\/2025\/05\/daria-nepriakhina-zoCDWPuiRuA-unsplash-scaled.jpg","width":2560,"height":1707},{"@type":"BreadcrumbList","@id":"https:\/\/efip.ctu.edu.vn\/web\/activites\/methodologie-de-recherche\/#breadcrumb","itemListElement":[{"@type":"ListItem","position":1,"name":"Accueil","item":"https:\/\/efip.ctu.edu.vn\/web\/"},{"@type":"ListItem","position":2,"name":"Activit\u00e9s","item":"https:\/\/efip.ctu.edu.vn\/web\/activites\/"},{"@type":"ListItem","position":3,"name":"M\u00e9thodologie de recherche"}]},{"@type":"WebSite","@id":"https:\/\/efip.ctu.edu.vn\/web\/#website","url":"https:\/\/efip.ctu.edu.vn\/web\/","name":"EFIP de Can Tho","description":"Espace Francophone d&#039;Innovation et de Partenariat","publisher":{"@id":"https:\/\/efip.ctu.edu.vn\/web\/#organization"},"potentialAction":[{"@type":"SearchAction","target":{"@type":"EntryPoint","urlTemplate":"https:\/\/efip.ctu.edu.vn\/web\/?s={search_term_string}"},"query-input":{"@type":"PropertyValueSpecification","valueRequired":true,"valueName":"search_term_string"}}],"inLanguage":"en-US"},{"@type":"Organization","@id":"https:\/\/efip.ctu.edu.vn\/web\/#organization","name":"EFIP","url":"https:\/\/efip.ctu.edu.vn\/web\/","logo":{"@type":"ImageObject","inLanguage":"en-US","@id":"https:\/\/efip.ctu.edu.vn\/web\/#\/schema\/logo\/image\/","url":"https:\/\/efip.ctu.edu.vn\/web\/wp-content\/uploads\/2025\/05\/efip2-150x89-1.jpg","contentUrl":"https:\/\/efip.ctu.edu.vn\/web\/wp-content\/uploads\/2025\/05\/efip2-150x89-1.jpg","width":150,"height":89,"caption":"EFIP"},"image":{"@id":"https:\/\/efip.ctu.edu.vn\/web\/#\/schema\/logo\/image\/"},"sameAs":["https:\/\/www.facebook.com\/efipCanTho"]}]}},"_links":{"self":[{"href":"https:\/\/efip.ctu.edu.vn\/web\/wp-json\/wp\/v2\/pages\/22","targetHints":{"allow":["GET"]}}],"collection":[{"href":"https:\/\/efip.ctu.edu.vn\/web\/wp-json\/wp\/v2\/pages"}],"about":[{"href":"https:\/\/efip.ctu.edu.vn\/web\/wp-json\/wp\/v2\/types\/page"}],"author":[{"embeddable":true,"href":"https:\/\/efip.ctu.edu.vn\/web\/wp-json\/wp\/v2\/users\/1"}],"replies":[{"embeddable":true,"href":"https:\/\/efip.ctu.edu.vn\/web\/wp-json\/wp\/v2\/comments?post=22"}],"version-history":[{"count":10,"href":"https:\/\/efip.ctu.edu.vn\/web\/wp-json\/wp\/v2\/pages\/22\/revisions"}],"predecessor-version":[{"id":4190,"href":"https:\/\/efip.ctu.edu.vn\/web\/wp-json\/wp\/v2\/pages\/22\/revisions\/4190"}],"up":[{"embeddable":true,"href":"https:\/\/efip.ctu.edu.vn\/web\/wp-json\/wp\/v2\/pages\/18"}],"wp:featuredmedia":[{"embeddable":true,"href":"https:\/\/efip.ctu.edu.vn\/web\/wp-json\/wp\/v2\/media\/4189"}],"wp:attachment":[{"href":"https:\/\/efip.ctu.edu.vn\/web\/wp-json\/wp\/v2\/media?parent=22"}],"curies":[{"name":"wp","href":"https:\/\/api.w.org\/{rel}","templated":true}]}}