{"id":2162,"date":"2020-09-22T10:12:57","date_gmt":"2020-09-22T03:12:57","guid":{"rendered":"https:\/\/efip.ctu.edu.vn\/web\/?page_id=2162"},"modified":"2025-05-03T09:13:57","modified_gmt":"2025-05-03T02:13:57","slug":"webinaires-canotech","status":"publish","type":"page","link":"https:\/\/efip.ctu.edu.vn\/web\/webinaires-canotech\/","title":{"rendered":"Webinaires Canotech"},"content":{"rendered":"<div class=\"wp-block-image\">\n<figure class=\"aligncenter size-full\"><a href=\"https:\/\/efip.ctu.edu.vn\/web\/wp-content\/uploads\/2025\/05\/Canotech.png\"><img fetchpriority=\"high\" decoding=\"async\" width=\"878\" height=\"293\" src=\"https:\/\/efip.ctu.edu.vn\/web\/wp-content\/uploads\/2025\/05\/Canotech.png\" alt=\"\" class=\"wp-image-4332\" srcset=\"https:\/\/efip.ctu.edu.vn\/web\/wp-content\/uploads\/2025\/05\/Canotech.png 878w, https:\/\/efip.ctu.edu.vn\/web\/wp-content\/uploads\/2025\/05\/Canotech-300x100.png 300w, https:\/\/efip.ctu.edu.vn\/web\/wp-content\/uploads\/2025\/05\/Canotech-768x256.png 768w\" sizes=\"(max-width: 878px) 100vw, 878px\" \/><\/a><\/figure><\/div>\n\n\n<p>La cha\u00eene YouTube CanoTech de R\u00e9seau Canop\u00e9 accompagne les enseignants et les parents pour la continuit\u00e9 p\u00e9dagogique des \u00e9l\u00e8ves pendant la fermeture des \u00e9tablissements scolaires. Elle propose des webinaires \u00e0 destination des enseignants, r\u00e9pondant aux pr\u00e9occupations p\u00e9dagogiques et techniques du moment.<\/p>\n\n\n\n<p>Aujourd&#8217;hui, elle offre 322 vid\u00e9os et webinaires concernant la classe. Il ne nous est donc pas possible de mettre un lien pour toutes les vid\u00e9os. Nous vous recommandons donc d&#8217;aller faire un tour sur leur cha\u00eene YouTube : <a href=\"http:\/\/www.youtube.com\/@canotech3235\" target=\"_blank\" rel=\"noreferrer noopener\">www.youtube.com\/@canotech3235<\/a> .<\/p>\n\n\n\n<ul class=\"wp-block-list\">\n<li><a href=\"https:\/\/youtu.be\/2nfpdbBFO7k\" target=\"_blank\" rel=\"noreferrer noopener\">Se former : des cours adapt\u00e9s pour les \u00e9l\u00e8ves dys en pr\u00e9sence ou \u00e0 distance<\/a> (7 septembre 2020);<\/li>\n\n\n\n<li><a href=\"https:\/\/youtu.be\/GBvC3sojRXM\" target=\"_blank\" rel=\"noreferrer noopener\">Accueillir les \u00e9motions des \u00e9l\u00e8ves au quotidien pour favoriser les apprentissages.<\/a> (3 septembre 2020);<\/li>\n\n\n\n<li><a href=\"https:\/\/youtu.be\/N0fr1pclbpw\" target=\"_blank\" rel=\"noreferrer noopener\">Webinaire Andr\u00e9 Tricot : quelles nouvelles compl\u00e9mentarit\u00e9s entre la pr\u00e9sence et la distance ?<\/a> (26 ao\u00fbt 2020);<\/li>\n\n\n\n<li><a href=\"https:\/\/youtu.be\/jU6RNxjjEiI\" target=\"_blank\" rel=\"noreferrer noopener\">Conf\u00e9rence de Sylvain Connac &#8211; Coop\u00e9rer et apprendre<\/a> (25 ao\u00fbt 2020);<\/li>\n\n\n\n<li><a href=\"https:\/\/youtu.be\/Gt9i0mJLHts\" target=\"_blank\" rel=\"noreferrer noopener\">Se former : le distanciel pour r\u00e9duire les distances ? \u00c0 la lumi\u00e8re du projet hybride i-voix.<\/a> (23 juillet 2020);<\/li>\n\n\n\n<li><a href=\"https:\/\/youtu.be\/d1IFMDR0NNg\" target=\"_blank\" rel=\"noreferrer noopener\">Webinaire Sylvain Joly : comprendre le rapport aux apprentissages des \u00e9l\u00e8ves vuln\u00e9rables<\/a> (23 juillet 2020);<\/li>\n\n\n\n<li><a href=\"https:\/\/youtu.be\/yPwYUZAd4nI\" target=\"_blank\" rel=\"noreferrer noopener\">Les pouvoirs du jeu vid\u00e9o dans nos pratiques p\u00e9dagogiques.<\/a> (16 juillet 2020);<\/li>\n\n\n\n<li><a href=\"https:\/\/youtu.be\/rNpyh2Exy9k\" target=\"_blank\" rel=\"noreferrer noopener\">Se former pour \u00e9duquer et enseigner dehors avec les \u00e9l\u00e8ves.<\/a> (15 juillet 2020),<\/li>\n\n\n\n<li><a href=\"https:\/\/youtu.be\/66e4VUMoo4s\" target=\"_blank\" rel=\"noreferrer noopener\">Se former aux comp\u00e9tences psychosociales : renouer avec ses \u00e9l\u00e8ves et recr\u00e9er la dynamique de groupe <\/a> (15 juillet 2020);<\/li>\n\n\n\n<li><a href=\"https:\/\/youtu.be\/YuqF76iJzl8\" target=\"_blank\" rel=\"noreferrer noopener\">Gestion du stress et relaxation, pour le bien \u00eatre dans la classe<\/a> (15 juillet 2020);<\/li>\n\n\n\n<li><a href=\"https:\/\/youtu.be\/y8ykb7o1pls\" target=\"_blank\" rel=\"noreferrer noopener\">Webinaire de Marcel Lebrun : les classes invers\u00e9es, opportunit\u00e9 p\u00e9dagogique pour le&nbsp;#RetourEnClasse?<\/a> (7 juillet 2020);<\/li>\n\n\n\n<li><a href=\"https:\/\/youtu.be\/16oTuruG34A\" target=\"_blank\" rel=\"noreferrer noopener\">Webinaire : le retour en classe des \u00e9l\u00e8ves en situation de handicap<\/a> (7 juillet 2020);<\/li>\n\n\n\n<li><a href=\"https:\/\/youtu.be\/2_eOWi3NKUE\" target=\"_blank\" rel=\"noreferrer noopener\">Webinaire anim\u00e9 par Elie Allouche : Les humanit\u00e9s num\u00e9riques &amp; pratiques dans l&#8217;\u00e9ducation<\/a> (8 juillet 2020);<\/li>\n\n\n\n<li><a href=\"https:\/\/youtu.be\/7lYpWjChbio\" target=\"_blank\" rel=\"noreferrer noopener\">Se former : jouer avec les maths entre pr\u00e9sence et distance avec Fabien Emprin<\/a> (1er juillet 2020);<\/li>\n\n\n\n<li><a href=\"https:\/\/youtu.be\/VO7Yu5kAUKY\" target=\"_blank\" rel=\"noreferrer noopener\">Attention et concentration &#8211; Webinaire Val\u00e9rie Debeaux Ferrandez<\/a> (26 juin 2020);<\/li>\n\n\n\n<li><a href=\"https:\/\/youtu.be\/c-apXisXSaw\" target=\"_blank\" rel=\"noreferrer noopener\">Gestion du stress et des \u00e9motions &#8211; Webinaire Val\u00e9rie Debeaux Ferrandez<\/a> (26 juin 2020);<\/li>\n\n\n\n<li><a href=\"https:\/\/youtu.be\/Z4AB3UTaq1Q\" target=\"_blank\" rel=\"noreferrer noopener\">Engager et suivre ses \u00e9l\u00e8ves dans le cadre d&#8217;un jeu s\u00e9rieux en ligne<\/a> (24 juin 2020);<\/li>\n\n\n\n<li><a href=\"https:\/\/youtu.be\/sDgKcKTGQ7U\" target=\"_blank\" rel=\"noreferrer noopener\">Repenser l&#8217;\u00e9valuation et la valorisation des comp\u00e9tences dans le cadre d&#8217;un enseignement hybride<\/a> (22 juin 2020);<\/li>\n\n\n\n<li><a href=\"https:\/\/youtu.be\/o4UApMWF7HU\" target=\"_blank\" rel=\"noreferrer noopener\">Sant\u00e9, libert\u00e9 : que rend visible la pand\u00e9mie ? Interview d\u2019Ali Benmakhlouf<\/a> (19 juin 2020);<\/li>\n\n\n\n<li><a href=\"https:\/\/youtu.be\/Ax2XdJBvwgU\" target=\"_blank\" rel=\"noreferrer noopener\">Webinaire hybridation anim\u00e9 par Jonas Erin, Inspecteur g\u00e9n\u00e9ral<\/a> (19 juin 2020);<\/li>\n\n\n\n<li><a href=\"https:\/\/youtu.be\/gIoL8mqDClQ\" target=\"_blank\" rel=\"noreferrer noopener\">Webinaire Apprendre par le jeu : Serious Game et Ludification<\/a> (12 juin 2020);<\/li>\n\n\n\n<li><a href=\"https:\/\/youtu.be\/cgWKfnxet2A\" target=\"_blank\" rel=\"noreferrer noopener\">Webinaire : Se former \u00e0 cr\u00e9er des capsules audio collectives<\/a> (12 juin 2020);<\/li>\n\n\n\n<li><a href=\"https:\/\/youtu.be\/tBGjqgYYBMk\" target=\"_blank\" rel=\"noreferrer noopener\">Webinaire &#8211; Cr\u00e9er un journal collaboratif avec Madmagz<\/a> (12 juin 2020);<\/li>\n\n\n\n<li><a href=\"https:\/\/youtu.be\/d8nhHxjKfD8\" target=\"_blank\" rel=\"noreferrer noopener\">Webinaire &#8211; Se former \u00e0 la classe invers\u00e9e (premier degr\u00e9)<\/a> (12 juin 2020);<\/li>\n\n\n\n<li><a href=\"https:\/\/youtu.be\/AA6y9mmA6dE\" target=\"_blank\" rel=\"noreferrer noopener\">Webinaire &#8211; Se former, introduction \u00e0 la classe invers\u00e9e<\/a> (5 juin 2020);<\/li>\n\n\n\n<li><a href=\"https:\/\/youtu.be\/_2FxqfamKJY\" target=\"_blank\" rel=\"noreferrer noopener\">Christophe Marsollier &#8211; \u00catre attentif \u00e0 la vuln\u00e9rabilit\u00e9 des \u00e9l\u00e8ves : quels enjeux, quels d\u00e9fis ?<\/a> (4 juin 2020);<\/li>\n\n\n\n<li><a href=\"https:\/\/youtu.be\/AIiisfVPhVE\" target=\"_blank\" rel=\"noreferrer noopener\">Christophe Marsollier &#8211; Rep\u00e8res pour favoriser la confiance en soi des \u00e9l\u00e8ves<\/a> (28 mai 2020);<\/li>\n\n\n\n<li><a href=\"https:\/\/youtu.be\/t_bmYFCkJL4\" target=\"_blank\" rel=\"noreferrer noopener\">Christophe Marsollier &#8211; Renforcer la r\u00e9silience des \u00e9l\u00e8ves et leurs comp\u00e9tences psychosociales : quelles pratiques, quel d\u00e9fis ?<\/a> (27 mai 2020);<\/li>\n\n\n\n<li><a href=\"https:\/\/youtu.be\/NotHWrfqEDc\" target=\"_blank\" rel=\"noreferrer noopener\">Christophe Marsollier &#8211; Respecter les besoins fondamentaux de l&#8217;enfant par la qualit\u00e9 de la relation \u00e9ducative : enjeux et pratiques.<\/a> (25 mai 2020);<\/li>\n\n\n\n<li><a href=\"https:\/\/youtu.be\/tWZ4gY1PYhM\" target=\"_blank\" rel=\"noreferrer noopener\">Christophe Marsollier &#8211; Accueillir les \u00e9motions des \u00e9l\u00e8ves<\/a> (5 mai 2020).<\/li>\n<\/ul>\n\n\n\n<p><\/p>\n\n\n\n<p>Si les liens ne fonctionnent pas, essayez ici :&nbsp;<a href=\"https:\/\/www.youtube.com\/playlist?list=PLVI5AxQ7QrAhP48KnU6iZxE-WqIIkjAxn\" target=\"_blank\" rel=\"noreferrer noopener\">https:\/\/www.youtube.com\/playlist?list=PLVI5AxQ7QrAhP48KnU6iZxE-WqIIkjAxn<\/a><\/p>\n\n\n\n<p>Pour d\u2019autres webinaires :&nbsp;<a rel=\"noreferrer noopener\" href=\"https:\/\/efip.ctu.edu.vn\/web\/webinaires\/\" target=\"_blank\">https:\/\/efip.ctu.edu.vn\/web\/webinaires\/<\/a>&nbsp;.<\/p>\n\n\n\n<p class=\"has-text-align-right\"><em>Page mise \u00e0 jour le 03 mai 2025<\/em><\/p>\n\n\n\n<p><\/p>\n","protected":false},"excerpt":{"rendered":"<p>La cha\u00eene YouTube CanoTech de R\u00e9seau Canop\u00e9 accompagne les enseignants et les parents pour la continuit\u00e9 p\u00e9dagogique des \u00e9l\u00e8ves pendant &hellip; <br \/><a href=\"https:\/\/efip.ctu.edu.vn\/web\/webinaires-canotech\/\" class=\"more-link\">Continue reading <span class=\"screen-reader-text\">Webinaires Canotech<\/span><\/a><\/p>\n","protected":false},"author":3,"featured_media":4332,"parent":0,"menu_order":0,"comment_status":"closed","ping_status":"closed","template":"","meta":{"footnotes":""},"class_list":["post-2162","page","type-page","status-publish","has-post-thumbnail","hentry"],"yoast_head":"<!-- This site is optimized with the Yoast SEO plugin v25.0 - https:\/\/yoast.com\/wordpress\/plugins\/seo\/ -->\n<title>{5cef8cb26ec0cf0cbc2bf93f1561460fb5a03d2eaee977874fea98e9d15bcda9}{5cef8cb26ec0cf0cbc2bf93f1561460fb5a03d2eaee977874fea98e9d15bcda9}title{5cef8cb26ec0cf0cbc2bf93f1561460fb5a03d2eaee977874fea98e9d15bcda9}{5cef8cb26ec0cf0cbc2bf93f1561460fb5a03d2eaee977874fea98e9d15bcda9} du r\u00e9seau Canop\u00e9 {5cef8cb26ec0cf0cbc2bf93f1561460fb5a03d2eaee977874fea98e9d15bcda9}{5cef8cb26ec0cf0cbc2bf93f1561460fb5a03d2eaee977874fea98e9d15bcda9}page{5cef8cb26ec0cf0cbc2bf93f1561460fb5a03d2eaee977874fea98e9d15bcda9}{5cef8cb26ec0cf0cbc2bf93f1561460fb5a03d2eaee977874fea98e9d15bcda9} {5cef8cb26ec0cf0cbc2bf93f1561460fb5a03d2eaee977874fea98e9d15bcda9}{5cef8cb26ec0cf0cbc2bf93f1561460fb5a03d2eaee977874fea98e9d15bcda9}sep{5cef8cb26ec0cf0cbc2bf93f1561460fb5a03d2eaee977874fea98e9d15bcda9}{5cef8cb26ec0cf0cbc2bf93f1561460fb5a03d2eaee977874fea98e9d15bcda9} {5cef8cb26ec0cf0cbc2bf93f1561460fb5a03d2eaee977874fea98e9d15bcda9}{5cef8cb26ec0cf0cbc2bf93f1561460fb5a03d2eaee977874fea98e9d15bcda9}sitename{5cef8cb26ec0cf0cbc2bf93f1561460fb5a03d2eaee977874fea98e9d15bcda9}{5cef8cb26ec0cf0cbc2bf93f1561460fb5a03d2eaee977874fea98e9d15bcda9} de Can Tho<\/title>\n<meta name=\"description\" content=\"La cha\u00eene CanoTech du r\u00e9seau Canop\u00e9 propose des ressources pour les enseignants. Vous trouverez ici la liste de leurs webinaires Canotech.\" \/>\n<meta name=\"robots\" content=\"index, follow, max-snippet:-1, max-image-preview:large, max-video-preview:-1\" \/>\n<link rel=\"canonical\" href=\"https:\/\/efip.ctu.edu.vn\/web\/webinaires-canotech\/\" \/>\n<meta property=\"og:locale\" content=\"en_US\" \/>\n<meta property=\"og:type\" content=\"article\" \/>\n<meta property=\"og:title\" content=\"{5cef8cb26ec0cf0cbc2bf93f1561460fb5a03d2eaee977874fea98e9d15bcda9}{5cef8cb26ec0cf0cbc2bf93f1561460fb5a03d2eaee977874fea98e9d15bcda9}title{5cef8cb26ec0cf0cbc2bf93f1561460fb5a03d2eaee977874fea98e9d15bcda9}{5cef8cb26ec0cf0cbc2bf93f1561460fb5a03d2eaee977874fea98e9d15bcda9} du r\u00e9seau Canop\u00e9 {5cef8cb26ec0cf0cbc2bf93f1561460fb5a03d2eaee977874fea98e9d15bcda9}{5cef8cb26ec0cf0cbc2bf93f1561460fb5a03d2eaee977874fea98e9d15bcda9}page{5cef8cb26ec0cf0cbc2bf93f1561460fb5a03d2eaee977874fea98e9d15bcda9}{5cef8cb26ec0cf0cbc2bf93f1561460fb5a03d2eaee977874fea98e9d15bcda9} {5cef8cb26ec0cf0cbc2bf93f1561460fb5a03d2eaee977874fea98e9d15bcda9}{5cef8cb26ec0cf0cbc2bf93f1561460fb5a03d2eaee977874fea98e9d15bcda9}sep{5cef8cb26ec0cf0cbc2bf93f1561460fb5a03d2eaee977874fea98e9d15bcda9}{5cef8cb26ec0cf0cbc2bf93f1561460fb5a03d2eaee977874fea98e9d15bcda9} {5cef8cb26ec0cf0cbc2bf93f1561460fb5a03d2eaee977874fea98e9d15bcda9}{5cef8cb26ec0cf0cbc2bf93f1561460fb5a03d2eaee977874fea98e9d15bcda9}sitename{5cef8cb26ec0cf0cbc2bf93f1561460fb5a03d2eaee977874fea98e9d15bcda9}{5cef8cb26ec0cf0cbc2bf93f1561460fb5a03d2eaee977874fea98e9d15bcda9} de Can Tho\" \/>\n<meta property=\"og:description\" content=\"La cha\u00eene CanoTech du r\u00e9seau Canop\u00e9 propose des ressources pour les enseignants. Vous trouverez ici la liste de leurs webinaires Canotech.\" \/>\n<meta property=\"og:url\" content=\"https:\/\/efip.ctu.edu.vn\/web\/webinaires-canotech\/\" \/>\n<meta property=\"og:site_name\" content=\"EFIP\" \/>\n<meta property=\"article:publisher\" content=\"https:\/\/www.facebook.com\/efipCanTho\" \/>\n<meta property=\"article:modified_time\" content=\"2025-05-03T02:13:57+00:00\" \/>\n<meta property=\"og:image\" content=\"https:\/\/efip.ctu.edu.vn\/web\/wp-content\/uploads\/2020\/09\/Canotech.png\" \/>\n\t<meta property=\"og:image:width\" content=\"878\" \/>\n\t<meta property=\"og:image:height\" content=\"293\" \/>\n\t<meta property=\"og:image:type\" content=\"image\/png\" \/>\n<meta name=\"twitter:card\" content=\"summary_large_image\" \/>\n<meta name=\"twitter:label1\" content=\"Est. reading time\" \/>\n\t<meta name=\"twitter:data1\" content=\"3 minutes\" \/>\n<script type=\"application\/ld+json\" class=\"yoast-schema-graph\">{\"@context\":\"https:\/\/schema.org\",\"@graph\":[{\"@type\":\"WebPage\",\"@id\":\"https:\/\/efip.ctu.edu.vn\/web\/webinaires-canotech\/\",\"url\":\"https:\/\/efip.ctu.edu.vn\/web\/webinaires-canotech\/\",\"name\":\"{5cef8cb26ec0cf0cbc2bf93f1561460fb5a03d2eaee977874fea98e9d15bcda9}{5cef8cb26ec0cf0cbc2bf93f1561460fb5a03d2eaee977874fea98e9d15bcda9}title{5cef8cb26ec0cf0cbc2bf93f1561460fb5a03d2eaee977874fea98e9d15bcda9}{5cef8cb26ec0cf0cbc2bf93f1561460fb5a03d2eaee977874fea98e9d15bcda9} du r\u00e9seau Canop\u00e9 {5cef8cb26ec0cf0cbc2bf93f1561460fb5a03d2eaee977874fea98e9d15bcda9}{5cef8cb26ec0cf0cbc2bf93f1561460fb5a03d2eaee977874fea98e9d15bcda9}page{5cef8cb26ec0cf0cbc2bf93f1561460fb5a03d2eaee977874fea98e9d15bcda9}{5cef8cb26ec0cf0cbc2bf93f1561460fb5a03d2eaee977874fea98e9d15bcda9} {5cef8cb26ec0cf0cbc2bf93f1561460fb5a03d2eaee977874fea98e9d15bcda9}{5cef8cb26ec0cf0cbc2bf93f1561460fb5a03d2eaee977874fea98e9d15bcda9}sep{5cef8cb26ec0cf0cbc2bf93f1561460fb5a03d2eaee977874fea98e9d15bcda9}{5cef8cb26ec0cf0cbc2bf93f1561460fb5a03d2eaee977874fea98e9d15bcda9} {5cef8cb26ec0cf0cbc2bf93f1561460fb5a03d2eaee977874fea98e9d15bcda9}{5cef8cb26ec0cf0cbc2bf93f1561460fb5a03d2eaee977874fea98e9d15bcda9}sitename{5cef8cb26ec0cf0cbc2bf93f1561460fb5a03d2eaee977874fea98e9d15bcda9}{5cef8cb26ec0cf0cbc2bf93f1561460fb5a03d2eaee977874fea98e9d15bcda9} de Can Tho\",\"isPartOf\":{\"@id\":\"https:\/\/efip.ctu.edu.vn\/web\/#website\"},\"primaryImageOfPage\":{\"@id\":\"https:\/\/efip.ctu.edu.vn\/web\/webinaires-canotech\/#primaryimage\"},\"image\":{\"@id\":\"https:\/\/efip.ctu.edu.vn\/web\/webinaires-canotech\/#primaryimage\"},\"thumbnailUrl\":\"https:\/\/efip.ctu.edu.vn\/web\/wp-content\/uploads\/2025\/05\/Canotech.png\",\"datePublished\":\"2020-09-22T03:12:57+00:00\",\"dateModified\":\"2025-05-03T02:13:57+00:00\",\"description\":\"La cha\u00eene CanoTech du r\u00e9seau Canop\u00e9 propose des ressources pour les enseignants. Vous trouverez ici la liste de leurs webinaires Canotech.\",\"breadcrumb\":{\"@id\":\"https:\/\/efip.ctu.edu.vn\/web\/webinaires-canotech\/#breadcrumb\"},\"inLanguage\":\"en-US\",\"potentialAction\":[{\"@type\":\"ReadAction\",\"target\":[\"https:\/\/efip.ctu.edu.vn\/web\/webinaires-canotech\/\"]}]},{\"@type\":\"ImageObject\",\"inLanguage\":\"en-US\",\"@id\":\"https:\/\/efip.ctu.edu.vn\/web\/webinaires-canotech\/#primaryimage\",\"url\":\"https:\/\/efip.ctu.edu.vn\/web\/wp-content\/uploads\/2025\/05\/Canotech.png\",\"contentUrl\":\"https:\/\/efip.ctu.edu.vn\/web\/wp-content\/uploads\/2025\/05\/Canotech.png\",\"width\":878,\"height\":293},{\"@type\":\"BreadcrumbList\",\"@id\":\"https:\/\/efip.ctu.edu.vn\/web\/webinaires-canotech\/#breadcrumb\",\"itemListElement\":[{\"@type\":\"ListItem\",\"position\":1,\"name\":\"Accueil\",\"item\":\"https:\/\/efip.ctu.edu.vn\/web\/\"},{\"@type\":\"ListItem\",\"position\":2,\"name\":\"Webinaires Canotech\"}]},{\"@type\":\"WebSite\",\"@id\":\"https:\/\/efip.ctu.edu.vn\/web\/#website\",\"url\":\"https:\/\/efip.ctu.edu.vn\/web\/\",\"name\":\"EFIP de Can Tho\",\"description\":\"Espace Francophone d&#039;Innovation et de Partenariat\",\"publisher\":{\"@id\":\"https:\/\/efip.ctu.edu.vn\/web\/#organization\"},\"potentialAction\":[{\"@type\":\"SearchAction\",\"target\":{\"@type\":\"EntryPoint\",\"urlTemplate\":\"https:\/\/efip.ctu.edu.vn\/web\/?s={search_term_string}\"},\"query-input\":{\"@type\":\"PropertyValueSpecification\",\"valueRequired\":true,\"valueName\":\"search_term_string\"}}],\"inLanguage\":\"en-US\"},{\"@type\":\"Organization\",\"@id\":\"https:\/\/efip.ctu.edu.vn\/web\/#organization\",\"name\":\"EFIP\",\"url\":\"https:\/\/efip.ctu.edu.vn\/web\/\",\"logo\":{\"@type\":\"ImageObject\",\"inLanguage\":\"en-US\",\"@id\":\"https:\/\/efip.ctu.edu.vn\/web\/#\/schema\/logo\/image\/\",\"url\":\"https:\/\/efip.ctu.edu.vn\/web\/wp-content\/uploads\/2025\/05\/efip2-150x89-1.jpg\",\"contentUrl\":\"https:\/\/efip.ctu.edu.vn\/web\/wp-content\/uploads\/2025\/05\/efip2-150x89-1.jpg\",\"width\":150,\"height\":89,\"caption\":\"EFIP\"},\"image\":{\"@id\":\"https:\/\/efip.ctu.edu.vn\/web\/#\/schema\/logo\/image\/\"},\"sameAs\":[\"https:\/\/www.facebook.com\/efipCanTho\"]}]}<\/script>\n<!-- \/ Yoast SEO plugin. -->","yoast_head_json":{"title":"{5cef8cb26ec0cf0cbc2bf93f1561460fb5a03d2eaee977874fea98e9d15bcda9}{5cef8cb26ec0cf0cbc2bf93f1561460fb5a03d2eaee977874fea98e9d15bcda9}title{5cef8cb26ec0cf0cbc2bf93f1561460fb5a03d2eaee977874fea98e9d15bcda9}{5cef8cb26ec0cf0cbc2bf93f1561460fb5a03d2eaee977874fea98e9d15bcda9} du r\u00e9seau Canop\u00e9 {5cef8cb26ec0cf0cbc2bf93f1561460fb5a03d2eaee977874fea98e9d15bcda9}{5cef8cb26ec0cf0cbc2bf93f1561460fb5a03d2eaee977874fea98e9d15bcda9}page{5cef8cb26ec0cf0cbc2bf93f1561460fb5a03d2eaee977874fea98e9d15bcda9}{5cef8cb26ec0cf0cbc2bf93f1561460fb5a03d2eaee977874fea98e9d15bcda9} {5cef8cb26ec0cf0cbc2bf93f1561460fb5a03d2eaee977874fea98e9d15bcda9}{5cef8cb26ec0cf0cbc2bf93f1561460fb5a03d2eaee977874fea98e9d15bcda9}sep{5cef8cb26ec0cf0cbc2bf93f1561460fb5a03d2eaee977874fea98e9d15bcda9}{5cef8cb26ec0cf0cbc2bf93f1561460fb5a03d2eaee977874fea98e9d15bcda9} {5cef8cb26ec0cf0cbc2bf93f1561460fb5a03d2eaee977874fea98e9d15bcda9}{5cef8cb26ec0cf0cbc2bf93f1561460fb5a03d2eaee977874fea98e9d15bcda9}sitename{5cef8cb26ec0cf0cbc2bf93f1561460fb5a03d2eaee977874fea98e9d15bcda9}{5cef8cb26ec0cf0cbc2bf93f1561460fb5a03d2eaee977874fea98e9d15bcda9} de Can Tho","description":"La cha\u00eene CanoTech du r\u00e9seau Canop\u00e9 propose des ressources pour les enseignants. Vous trouverez ici la liste de leurs webinaires Canotech.","robots":{"index":"index","follow":"follow","max-snippet":"max-snippet:-1","max-image-preview":"max-image-preview:large","max-video-preview":"max-video-preview:-1"},"canonical":"https:\/\/efip.ctu.edu.vn\/web\/webinaires-canotech\/","og_locale":"en_US","og_type":"article","og_title":"{5cef8cb26ec0cf0cbc2bf93f1561460fb5a03d2eaee977874fea98e9d15bcda9}{5cef8cb26ec0cf0cbc2bf93f1561460fb5a03d2eaee977874fea98e9d15bcda9}title{5cef8cb26ec0cf0cbc2bf93f1561460fb5a03d2eaee977874fea98e9d15bcda9}{5cef8cb26ec0cf0cbc2bf93f1561460fb5a03d2eaee977874fea98e9d15bcda9} du r\u00e9seau Canop\u00e9 {5cef8cb26ec0cf0cbc2bf93f1561460fb5a03d2eaee977874fea98e9d15bcda9}{5cef8cb26ec0cf0cbc2bf93f1561460fb5a03d2eaee977874fea98e9d15bcda9}page{5cef8cb26ec0cf0cbc2bf93f1561460fb5a03d2eaee977874fea98e9d15bcda9}{5cef8cb26ec0cf0cbc2bf93f1561460fb5a03d2eaee977874fea98e9d15bcda9} {5cef8cb26ec0cf0cbc2bf93f1561460fb5a03d2eaee977874fea98e9d15bcda9}{5cef8cb26ec0cf0cbc2bf93f1561460fb5a03d2eaee977874fea98e9d15bcda9}sep{5cef8cb26ec0cf0cbc2bf93f1561460fb5a03d2eaee977874fea98e9d15bcda9}{5cef8cb26ec0cf0cbc2bf93f1561460fb5a03d2eaee977874fea98e9d15bcda9} {5cef8cb26ec0cf0cbc2bf93f1561460fb5a03d2eaee977874fea98e9d15bcda9}{5cef8cb26ec0cf0cbc2bf93f1561460fb5a03d2eaee977874fea98e9d15bcda9}sitename{5cef8cb26ec0cf0cbc2bf93f1561460fb5a03d2eaee977874fea98e9d15bcda9}{5cef8cb26ec0cf0cbc2bf93f1561460fb5a03d2eaee977874fea98e9d15bcda9} de Can Tho","og_description":"La cha\u00eene CanoTech du r\u00e9seau Canop\u00e9 propose des ressources pour les enseignants. Vous trouverez ici la liste de leurs webinaires Canotech.","og_url":"https:\/\/efip.ctu.edu.vn\/web\/webinaires-canotech\/","og_site_name":"EFIP","article_publisher":"https:\/\/www.facebook.com\/efipCanTho","article_modified_time":"2025-05-03T02:13:57+00:00","og_image":[{"width":878,"height":293,"url":"https:\/\/efip.ctu.edu.vn\/web\/wp-content\/uploads\/2020\/09\/Canotech.png","type":"image\/png"}],"twitter_card":"summary_large_image","twitter_misc":{"Est. reading time":"3 minutes"},"schema":{"@context":"https:\/\/schema.org","@graph":[{"@type":"WebPage","@id":"https:\/\/efip.ctu.edu.vn\/web\/webinaires-canotech\/","url":"https:\/\/efip.ctu.edu.vn\/web\/webinaires-canotech\/","name":"{5cef8cb26ec0cf0cbc2bf93f1561460fb5a03d2eaee977874fea98e9d15bcda9}{5cef8cb26ec0cf0cbc2bf93f1561460fb5a03d2eaee977874fea98e9d15bcda9}title{5cef8cb26ec0cf0cbc2bf93f1561460fb5a03d2eaee977874fea98e9d15bcda9}{5cef8cb26ec0cf0cbc2bf93f1561460fb5a03d2eaee977874fea98e9d15bcda9} du r\u00e9seau Canop\u00e9 {5cef8cb26ec0cf0cbc2bf93f1561460fb5a03d2eaee977874fea98e9d15bcda9}{5cef8cb26ec0cf0cbc2bf93f1561460fb5a03d2eaee977874fea98e9d15bcda9}page{5cef8cb26ec0cf0cbc2bf93f1561460fb5a03d2eaee977874fea98e9d15bcda9}{5cef8cb26ec0cf0cbc2bf93f1561460fb5a03d2eaee977874fea98e9d15bcda9} {5cef8cb26ec0cf0cbc2bf93f1561460fb5a03d2eaee977874fea98e9d15bcda9}{5cef8cb26ec0cf0cbc2bf93f1561460fb5a03d2eaee977874fea98e9d15bcda9}sep{5cef8cb26ec0cf0cbc2bf93f1561460fb5a03d2eaee977874fea98e9d15bcda9}{5cef8cb26ec0cf0cbc2bf93f1561460fb5a03d2eaee977874fea98e9d15bcda9} {5cef8cb26ec0cf0cbc2bf93f1561460fb5a03d2eaee977874fea98e9d15bcda9}{5cef8cb26ec0cf0cbc2bf93f1561460fb5a03d2eaee977874fea98e9d15bcda9}sitename{5cef8cb26ec0cf0cbc2bf93f1561460fb5a03d2eaee977874fea98e9d15bcda9}{5cef8cb26ec0cf0cbc2bf93f1561460fb5a03d2eaee977874fea98e9d15bcda9} de Can Tho","isPartOf":{"@id":"https:\/\/efip.ctu.edu.vn\/web\/#website"},"primaryImageOfPage":{"@id":"https:\/\/efip.ctu.edu.vn\/web\/webinaires-canotech\/#primaryimage"},"image":{"@id":"https:\/\/efip.ctu.edu.vn\/web\/webinaires-canotech\/#primaryimage"},"thumbnailUrl":"https:\/\/efip.ctu.edu.vn\/web\/wp-content\/uploads\/2025\/05\/Canotech.png","datePublished":"2020-09-22T03:12:57+00:00","dateModified":"2025-05-03T02:13:57+00:00","description":"La cha\u00eene CanoTech du r\u00e9seau Canop\u00e9 propose des ressources pour les enseignants. Vous trouverez ici la liste de leurs webinaires Canotech.","breadcrumb":{"@id":"https:\/\/efip.ctu.edu.vn\/web\/webinaires-canotech\/#breadcrumb"},"inLanguage":"en-US","potentialAction":[{"@type":"ReadAction","target":["https:\/\/efip.ctu.edu.vn\/web\/webinaires-canotech\/"]}]},{"@type":"ImageObject","inLanguage":"en-US","@id":"https:\/\/efip.ctu.edu.vn\/web\/webinaires-canotech\/#primaryimage","url":"https:\/\/efip.ctu.edu.vn\/web\/wp-content\/uploads\/2025\/05\/Canotech.png","contentUrl":"https:\/\/efip.ctu.edu.vn\/web\/wp-content\/uploads\/2025\/05\/Canotech.png","width":878,"height":293},{"@type":"BreadcrumbList","@id":"https:\/\/efip.ctu.edu.vn\/web\/webinaires-canotech\/#breadcrumb","itemListElement":[{"@type":"ListItem","position":1,"name":"Accueil","item":"https:\/\/efip.ctu.edu.vn\/web\/"},{"@type":"ListItem","position":2,"name":"Webinaires Canotech"}]},{"@type":"WebSite","@id":"https:\/\/efip.ctu.edu.vn\/web\/#website","url":"https:\/\/efip.ctu.edu.vn\/web\/","name":"EFIP de Can Tho","description":"Espace Francophone d&#039;Innovation et de Partenariat","publisher":{"@id":"https:\/\/efip.ctu.edu.vn\/web\/#organization"},"potentialAction":[{"@type":"SearchAction","target":{"@type":"EntryPoint","urlTemplate":"https:\/\/efip.ctu.edu.vn\/web\/?s={search_term_string}"},"query-input":{"@type":"PropertyValueSpecification","valueRequired":true,"valueName":"search_term_string"}}],"inLanguage":"en-US"},{"@type":"Organization","@id":"https:\/\/efip.ctu.edu.vn\/web\/#organization","name":"EFIP","url":"https:\/\/efip.ctu.edu.vn\/web\/","logo":{"@type":"ImageObject","inLanguage":"en-US","@id":"https:\/\/efip.ctu.edu.vn\/web\/#\/schema\/logo\/image\/","url":"https:\/\/efip.ctu.edu.vn\/web\/wp-content\/uploads\/2025\/05\/efip2-150x89-1.jpg","contentUrl":"https:\/\/efip.ctu.edu.vn\/web\/wp-content\/uploads\/2025\/05\/efip2-150x89-1.jpg","width":150,"height":89,"caption":"EFIP"},"image":{"@id":"https:\/\/efip.ctu.edu.vn\/web\/#\/schema\/logo\/image\/"},"sameAs":["https:\/\/www.facebook.com\/efipCanTho"]}]}},"_links":{"self":[{"href":"https:\/\/efip.ctu.edu.vn\/web\/wp-json\/wp\/v2\/pages\/2162","targetHints":{"allow":["GET"]}}],"collection":[{"href":"https:\/\/efip.ctu.edu.vn\/web\/wp-json\/wp\/v2\/pages"}],"about":[{"href":"https:\/\/efip.ctu.edu.vn\/web\/wp-json\/wp\/v2\/types\/page"}],"author":[{"embeddable":true,"href":"https:\/\/efip.ctu.edu.vn\/web\/wp-json\/wp\/v2\/users\/3"}],"replies":[{"embeddable":true,"href":"https:\/\/efip.ctu.edu.vn\/web\/wp-json\/wp\/v2\/comments?post=2162"}],"version-history":[{"count":4,"href":"https:\/\/efip.ctu.edu.vn\/web\/wp-json\/wp\/v2\/pages\/2162\/revisions"}],"predecessor-version":[{"id":4366,"href":"https:\/\/efip.ctu.edu.vn\/web\/wp-json\/wp\/v2\/pages\/2162\/revisions\/4366"}],"wp:featuredmedia":[{"embeddable":true,"href":"https:\/\/efip.ctu.edu.vn\/web\/wp-json\/wp\/v2\/media\/4332"}],"wp:attachment":[{"href":"https:\/\/efip.ctu.edu.vn\/web\/wp-json\/wp\/v2\/media?parent=2162"}],"curies":[{"name":"wp","href":"https:\/\/api.w.org\/{rel}","templated":true}]}}