{"id":2001,"date":"2020-08-19T11:36:03","date_gmt":"2020-08-19T04:36:03","guid":{"rendered":"https:\/\/efip.ctu.edu.vn\/web\/?page_id=2001"},"modified":"2025-05-02T20:45:09","modified_gmt":"2025-05-02T13:45:09","slug":"ressources-numeriques-gratuites-convertisseurs","status":"publish","type":"page","link":"https:\/\/efip.ctu.edu.vn\/web\/ressources-numeriques-gratuites-convertisseurs\/","title":{"rendered":"Convertisseurs"},"content":{"rendered":"\n<p class=\"has-text-align-right\"><em>Ressources num\u00e9riques gratuites : convertisseurs de format<\/em><\/p>\n\n\n\n<p><em>Vous avez besoin de convertir votre fichier en un autre format ? Pas de panique, vous trouverez ici une liste de logiciels gratuits en ligne capables de le faire !<\/em><\/p>\n\n\n\n<hr class=\"wp-block-separator has-text-color has-pale-cyan-blue-color has-css-opacity has-pale-cyan-blue-background-color has-background is-style-dots\"\/>\n\n\n<div class=\"wp-block-image\">\n<figure class=\"aligncenter size-full is-resized\"><a href=\"https:\/\/efip.ctu.edu.vn\/web\/wp-content\/uploads\/2025\/05\/CleverPDF.png\"><img fetchpriority=\"high\" decoding=\"async\" width=\"863\" height=\"110\" src=\"https:\/\/efip.ctu.edu.vn\/web\/wp-content\/uploads\/2025\/05\/CleverPDF.png\" alt=\"\" class=\"wp-image-4240\" style=\"width:600px;height:150px\" srcset=\"https:\/\/efip.ctu.edu.vn\/web\/wp-content\/uploads\/2025\/05\/CleverPDF.png 863w, https:\/\/efip.ctu.edu.vn\/web\/wp-content\/uploads\/2025\/05\/CleverPDF-300x38.png 300w, https:\/\/efip.ctu.edu.vn\/web\/wp-content\/uploads\/2025\/05\/CleverPDF-768x98.png 768w\" sizes=\"(max-width: 863px) 100vw, 863px\" \/><\/a><\/figure><\/div>\n\n\n<h4 class=\"wp-block-heading has-text-align-center\">Logiciel en ligne d&#8217;\u00e9dition de fichiers PDF Clever PDF : <strong><a href=\"https:\/\/www.cleverpdf.com\/fr\" target=\"_blank\" rel=\"noreferrer noopener\">https:\/\/www.cleverpdf.com\/fr<\/a><\/strong><\/h4>\n\n\n\n<p>Clever PDF vous offre 44 outils gratuits en ligne pour convertir vos documents PDF en un autre format (Word, Pages, Excel, PowerPoint, images JPG, PNG, Epub, Mobi, etc.), vos documents Office ou Images en PDF, pour faire diverses manipulations sur votre PDF (d\u00e9verrouiller, prot\u00e9ger, extraire les images, fusionner, diviser, etc), ou encore pour convertir vos images. Il propose aussi une version payante \u00e0 t\u00e9l\u00e9charger sur votre ordinateur si vous ne d\u00e9sirez pas vous connecter sur Internet.<\/p>\n\n\n\n<p><\/p>\n\n\n\n<hr class=\"wp-block-separator has-text-color has-pale-cyan-blue-color has-css-opacity has-pale-cyan-blue-background-color has-background is-style-dots\"\/>\n\n\n<div class=\"wp-block-image is-style-default\">\n<figure class=\"aligncenter size-full\"><a href=\"https:\/\/efip.ctu.edu.vn\/web\/wp-content\/uploads\/2025\/05\/PDFCandy.png\"><img decoding=\"async\" width=\"223\" height=\"75\" src=\"https:\/\/efip.ctu.edu.vn\/web\/wp-content\/uploads\/2025\/05\/PDFCandy.png\" alt=\"\" class=\"wp-image-4242\"\/><\/a><\/figure><\/div>\n\n\n<h4 class=\"wp-block-heading has-text-align-center\"><strong>Logiciel en ligne d&#8217;\u00e9dition de fichiers PDF PDF Candy : <a href=\"https:\/\/pdfcandy.com\/fr\/\" target=\"_blank\" rel=\"noreferrer noopener\">https:\/\/pdfcandy.com\/fr\/<\/a><\/strong><\/h4>\n\n\n\n<p>PDF Candy vous permet d&#8217;\u00e9diter un PDF, de le fusionner, de le diviser, de le prot\u00e9ger, d&#8217;en extraire des images, etc. En tout 82 actions vous sont propos\u00e9es. C&#8217;est simple d&#8217;utilisation mais vous avez un nombre limit\u00e9 de conversions par jour.  Il n&#8217;y a rien \u00e0 installer, tout est en ligne !<\/p>\n\n\n\n<hr class=\"wp-block-separator has-text-color has-pale-cyan-blue-color has-css-opacity has-pale-cyan-blue-background-color has-background is-style-dots\"\/>\n\n\n<div class=\"wp-block-image is-style-default\">\n<figure class=\"aligncenter size-full\"><a href=\"https:\/\/efip.ctu.edu.vn\/web\/wp-content\/uploads\/2025\/05\/Audacity.jpg\"><img decoding=\"async\" width=\"225\" height=\"225\" src=\"https:\/\/efip.ctu.edu.vn\/web\/wp-content\/uploads\/2025\/05\/Audacity.jpg\" alt=\"\" class=\"wp-image-4243\" srcset=\"https:\/\/efip.ctu.edu.vn\/web\/wp-content\/uploads\/2025\/05\/Audacity.jpg 225w, https:\/\/efip.ctu.edu.vn\/web\/wp-content\/uploads\/2025\/05\/Audacity-150x150.jpg 150w, https:\/\/efip.ctu.edu.vn\/web\/wp-content\/uploads\/2025\/05\/Audacity-100x100.jpg 100w\" sizes=\"(max-width: 225px) 100vw, 225px\" \/><\/a><\/figure><\/div>\n\n\n<h4 class=\"wp-block-heading has-text-align-center\"><strong>Logiciel d\u2019enregistrement de son num\u00e9rique et d\u2019\u00e9dition Audacity :&nbsp;<a href=\"https:\/\/www.audacityteam.org\" target=\"_blank\" rel=\"noreferrer noopener\">https:\/\/www.audacityteam.org<\/a><\/strong><\/h4>\n\n\n\n<p>Audacity est un logiciel d\u2019enregistrement de son num\u00e9rique et d\u2019\u00e9dition de sources audionum\u00e9riques sous diff\u00e9rents formats. Le logiciel est distribu\u00e9 sous licence libre sur Windows, MacOS et Linux. Il vous permet de couper vos fichiers sons, de les coder sous un autre format, etc.<\/p>\n\n\n\n<hr class=\"wp-block-separator has-text-color has-pale-cyan-blue-color has-css-opacity has-pale-cyan-blue-background-color has-background is-style-dots\"\/>\n\n\n<div class=\"wp-block-image is-style-default\">\n<figure class=\"aligncenter size-full\"><a href=\"https:\/\/efip.ctu.edu.vn\/web\/wp-content\/uploads\/2025\/05\/Online-convert.png\"><img loading=\"lazy\" decoding=\"async\" width=\"364\" height=\"52\" src=\"https:\/\/efip.ctu.edu.vn\/web\/wp-content\/uploads\/2025\/05\/Online-convert.png\" alt=\"\" class=\"wp-image-4244\" srcset=\"https:\/\/efip.ctu.edu.vn\/web\/wp-content\/uploads\/2025\/05\/Online-convert.png 364w, https:\/\/efip.ctu.edu.vn\/web\/wp-content\/uploads\/2025\/05\/Online-convert-300x43.png 300w\" sizes=\"(max-width: 364px) 100vw, 364px\" \/><\/a><\/figure><\/div>\n\n\n<h4 class=\"wp-block-heading has-text-align-center\">Convertisseur gratuit de fichiers en ligne Online-convert : <a href=\"https:\/\/www.online-convert.com\/fr\" target=\"_blank\" rel=\"noreferrer noopener\">https:\/\/www.online-convert.com\/fr<\/a><\/h4>\n\n\n\n<p>Ce site Internet vous permet de convertir rapidement et gratuitement une grande vari\u00e9t\u00e9 de fichiers : audio, image, ebook, vid\u00e9o, documents&#8230; Il vous permet aussi de t\u00e9l\u00e9charger des vid\u00e9os en ligne et de modifier leurs formats. Toutefois pour les fichiers tr\u00e8s lourds, il vous faut un abonnement.<\/p>\n\n\n\n<hr class=\"wp-block-separator has-text-color has-pale-cyan-blue-color has-css-opacity has-pale-cyan-blue-background-color has-background is-style-dots\"\/>\n\n\n<div class=\"wp-block-image is-style-default\">\n<figure class=\"aligncenter size-full is-resized\"><a href=\"https:\/\/efip.ctu.edu.vn\/web\/wp-content\/uploads\/2025\/05\/notube.png\"><img loading=\"lazy\" decoding=\"async\" width=\"992\" height=\"339\" src=\"https:\/\/efip.ctu.edu.vn\/web\/wp-content\/uploads\/2025\/05\/notube.png\" alt=\"\" class=\"wp-image-4245\" style=\"width:350px;height:100px\" srcset=\"https:\/\/efip.ctu.edu.vn\/web\/wp-content\/uploads\/2025\/05\/notube.png 992w, https:\/\/efip.ctu.edu.vn\/web\/wp-content\/uploads\/2025\/05\/notube-300x103.png 300w, https:\/\/efip.ctu.edu.vn\/web\/wp-content\/uploads\/2025\/05\/notube-768x262.png 768w\" sizes=\"(max-width: 992px) 100vw, 992px\" \/><\/a><\/figure><\/div>\n\n\n<h4 class=\"wp-block-heading has-text-align-center\">Convertisseur YouTube NoTube : <a href=\"http:\/\/notube.lol\" target=\"_blank\" rel=\"noreferrer noopener\">http:\/\/notube.lol<\/a><\/h4>\n\n\n\n<p>Ce site Internet vous permet de convertir les vid\u00e9os YouTube au format MP4 (vid\u00e9o), MP3 (audio), 3GP, FLV et M4A. Il suffit de copier l&#8217;adresse de la vid\u00e9o YouTube et NoTube fait le reste !<\/p>\n\n\n\n<hr class=\"wp-block-separator has-text-color has-pale-cyan-blue-color has-css-opacity has-pale-cyan-blue-background-color has-background is-style-dots\"\/>\n\n\n\n<p><em>Pour d\u2019autres ressources num\u00e9riques gratuites :&nbsp;<a rel=\"noreferrer noopener\" href=\"https:\/\/efip.ctu.edu.vn\/web\/outils-numeriques-libres-ou-gratuits\/\" target=\"_blank\">https:\/\/efip.ctu.edu.vn\/web\/outils-numeriques-libres-ou-gratuits\/<\/a><\/em><\/p>\n\n\n\n<p class=\"has-text-align-right\"><em>Mise \u00e0 jour le 02 mai 2025<\/em><\/p>\n\n\n\n<p><\/p>\n","protected":false},"excerpt":{"rendered":"<p>Ressources num\u00e9riques gratuites : convertisseurs de format Vous avez besoin de convertir votre fichier en un autre format ? Pas &hellip; <br \/><a href=\"https:\/\/efip.ctu.edu.vn\/web\/ressources-numeriques-gratuites-convertisseurs\/\" class=\"more-link\">Continue reading <span class=\"screen-reader-text\">Convertisseurs<\/span><\/a><\/p>\n","protected":false},"author":3,"featured_media":4246,"parent":0,"menu_order":0,"comment_status":"closed","ping_status":"closed","template":"","meta":{"footnotes":""},"class_list":["post-2001","page","type-page","status-publish","has-post-thumbnail","hentry"],"yoast_head":"<!-- This site is optimized with the Yoast SEO plugin v25.0 - https:\/\/yoast.com\/wordpress\/plugins\/seo\/ -->\n<title>Ressources num\u00e9riques gratuites : convertisseurs de format - EFIP<\/title>\n<meta name=\"description\" content=\"Ressources num\u00e9riques gratuites : convertisseurs de format. Vous trouverez ici une liste de logiciels capables de convertir votre fichier.\" \/>\n<meta name=\"robots\" content=\"index, follow, max-snippet:-1, max-image-preview:large, max-video-preview:-1\" \/>\n<link rel=\"canonical\" href=\"https:\/\/efip.ctu.edu.vn\/web\/ressources-numeriques-gratuites-convertisseurs\/\" \/>\n<meta property=\"og:locale\" content=\"en_US\" \/>\n<meta property=\"og:type\" content=\"article\" \/>\n<meta property=\"og:title\" content=\"Ressources num\u00e9riques gratuites : convertisseurs de format - EFIP\" \/>\n<meta property=\"og:description\" content=\"Ressources num\u00e9riques gratuites : convertisseurs de format. Vous trouverez ici une liste de logiciels capables de convertir votre fichier.\" \/>\n<meta property=\"og:url\" content=\"https:\/\/efip.ctu.edu.vn\/web\/ressources-numeriques-gratuites-convertisseurs\/\" \/>\n<meta property=\"og:site_name\" content=\"EFIP\" \/>\n<meta property=\"article:publisher\" content=\"https:\/\/www.facebook.com\/efipCanTho\" \/>\n<meta property=\"article:modified_time\" content=\"2025-05-02T13:45:09+00:00\" \/>\n<meta property=\"og:image\" content=\"https:\/\/efip.ctu.edu.vn\/web\/wp-content\/uploads\/2020\/08\/markus-spiske-QtFAXP6z0Wk-unsplash-scaled.jpg\" \/>\n\t<meta property=\"og:image:width\" content=\"2560\" \/>\n\t<meta property=\"og:image:height\" content=\"1707\" \/>\n\t<meta property=\"og:image:type\" content=\"image\/jpeg\" \/>\n<meta name=\"twitter:card\" content=\"summary_large_image\" \/>\n<meta name=\"twitter:label1\" content=\"Est. reading time\" \/>\n\t<meta name=\"twitter:data1\" content=\"3 minutes\" \/>\n<script type=\"application\/ld+json\" class=\"yoast-schema-graph\">{\"@context\":\"https:\/\/schema.org\",\"@graph\":[{\"@type\":\"WebPage\",\"@id\":\"https:\/\/efip.ctu.edu.vn\/web\/ressources-numeriques-gratuites-convertisseurs\/\",\"url\":\"https:\/\/efip.ctu.edu.vn\/web\/ressources-numeriques-gratuites-convertisseurs\/\",\"name\":\"Ressources num\u00e9riques gratuites : convertisseurs de format - EFIP\",\"isPartOf\":{\"@id\":\"https:\/\/efip.ctu.edu.vn\/web\/#website\"},\"primaryImageOfPage\":{\"@id\":\"https:\/\/efip.ctu.edu.vn\/web\/ressources-numeriques-gratuites-convertisseurs\/#primaryimage\"},\"image\":{\"@id\":\"https:\/\/efip.ctu.edu.vn\/web\/ressources-numeriques-gratuites-convertisseurs\/#primaryimage\"},\"thumbnailUrl\":\"https:\/\/efip.ctu.edu.vn\/web\/wp-content\/uploads\/2025\/05\/markus-spiske-QtFAXP6z0Wk-unsplash-scaled.jpg\",\"datePublished\":\"2020-08-19T04:36:03+00:00\",\"dateModified\":\"2025-05-02T13:45:09+00:00\",\"description\":\"Ressources num\u00e9riques gratuites : convertisseurs de format. Vous trouverez ici une liste de logiciels capables de convertir votre fichier.\",\"breadcrumb\":{\"@id\":\"https:\/\/efip.ctu.edu.vn\/web\/ressources-numeriques-gratuites-convertisseurs\/#breadcrumb\"},\"inLanguage\":\"en-US\",\"potentialAction\":[{\"@type\":\"ReadAction\",\"target\":[\"https:\/\/efip.ctu.edu.vn\/web\/ressources-numeriques-gratuites-convertisseurs\/\"]}]},{\"@type\":\"ImageObject\",\"inLanguage\":\"en-US\",\"@id\":\"https:\/\/efip.ctu.edu.vn\/web\/ressources-numeriques-gratuites-convertisseurs\/#primaryimage\",\"url\":\"https:\/\/efip.ctu.edu.vn\/web\/wp-content\/uploads\/2025\/05\/markus-spiske-QtFAXP6z0Wk-unsplash-scaled.jpg\",\"contentUrl\":\"https:\/\/efip.ctu.edu.vn\/web\/wp-content\/uploads\/2025\/05\/markus-spiske-QtFAXP6z0Wk-unsplash-scaled.jpg\",\"width\":2560,\"height\":1707},{\"@type\":\"BreadcrumbList\",\"@id\":\"https:\/\/efip.ctu.edu.vn\/web\/ressources-numeriques-gratuites-convertisseurs\/#breadcrumb\",\"itemListElement\":[{\"@type\":\"ListItem\",\"position\":1,\"name\":\"Accueil\",\"item\":\"https:\/\/efip.ctu.edu.vn\/web\/\"},{\"@type\":\"ListItem\",\"position\":2,\"name\":\"Convertisseurs\"}]},{\"@type\":\"WebSite\",\"@id\":\"https:\/\/efip.ctu.edu.vn\/web\/#website\",\"url\":\"https:\/\/efip.ctu.edu.vn\/web\/\",\"name\":\"EFIP de Can Tho\",\"description\":\"Espace Francophone d&#039;Innovation et de Partenariat\",\"publisher\":{\"@id\":\"https:\/\/efip.ctu.edu.vn\/web\/#organization\"},\"potentialAction\":[{\"@type\":\"SearchAction\",\"target\":{\"@type\":\"EntryPoint\",\"urlTemplate\":\"https:\/\/efip.ctu.edu.vn\/web\/?s={search_term_string}\"},\"query-input\":{\"@type\":\"PropertyValueSpecification\",\"valueRequired\":true,\"valueName\":\"search_term_string\"}}],\"inLanguage\":\"en-US\"},{\"@type\":\"Organization\",\"@id\":\"https:\/\/efip.ctu.edu.vn\/web\/#organization\",\"name\":\"EFIP\",\"url\":\"https:\/\/efip.ctu.edu.vn\/web\/\",\"logo\":{\"@type\":\"ImageObject\",\"inLanguage\":\"en-US\",\"@id\":\"https:\/\/efip.ctu.edu.vn\/web\/#\/schema\/logo\/image\/\",\"url\":\"https:\/\/efip.ctu.edu.vn\/web\/wp-content\/uploads\/2025\/05\/efip2-150x89-1.jpg\",\"contentUrl\":\"https:\/\/efip.ctu.edu.vn\/web\/wp-content\/uploads\/2025\/05\/efip2-150x89-1.jpg\",\"width\":150,\"height\":89,\"caption\":\"EFIP\"},\"image\":{\"@id\":\"https:\/\/efip.ctu.edu.vn\/web\/#\/schema\/logo\/image\/\"},\"sameAs\":[\"https:\/\/www.facebook.com\/efipCanTho\"]}]}<\/script>\n<!-- \/ Yoast SEO plugin. -->","yoast_head_json":{"title":"Ressources num\u00e9riques gratuites : convertisseurs de format - EFIP","description":"Ressources num\u00e9riques gratuites : convertisseurs de format. Vous trouverez ici une liste de logiciels capables de convertir votre fichier.","robots":{"index":"index","follow":"follow","max-snippet":"max-snippet:-1","max-image-preview":"max-image-preview:large","max-video-preview":"max-video-preview:-1"},"canonical":"https:\/\/efip.ctu.edu.vn\/web\/ressources-numeriques-gratuites-convertisseurs\/","og_locale":"en_US","og_type":"article","og_title":"Ressources num\u00e9riques gratuites : convertisseurs de format - EFIP","og_description":"Ressources num\u00e9riques gratuites : convertisseurs de format. Vous trouverez ici une liste de logiciels capables de convertir votre fichier.","og_url":"https:\/\/efip.ctu.edu.vn\/web\/ressources-numeriques-gratuites-convertisseurs\/","og_site_name":"EFIP","article_publisher":"https:\/\/www.facebook.com\/efipCanTho","article_modified_time":"2025-05-02T13:45:09+00:00","og_image":[{"width":2560,"height":1707,"url":"https:\/\/efip.ctu.edu.vn\/web\/wp-content\/uploads\/2020\/08\/markus-spiske-QtFAXP6z0Wk-unsplash-scaled.jpg","type":"image\/jpeg"}],"twitter_card":"summary_large_image","twitter_misc":{"Est. reading time":"3 minutes"},"schema":{"@context":"https:\/\/schema.org","@graph":[{"@type":"WebPage","@id":"https:\/\/efip.ctu.edu.vn\/web\/ressources-numeriques-gratuites-convertisseurs\/","url":"https:\/\/efip.ctu.edu.vn\/web\/ressources-numeriques-gratuites-convertisseurs\/","name":"Ressources num\u00e9riques gratuites : convertisseurs de format - EFIP","isPartOf":{"@id":"https:\/\/efip.ctu.edu.vn\/web\/#website"},"primaryImageOfPage":{"@id":"https:\/\/efip.ctu.edu.vn\/web\/ressources-numeriques-gratuites-convertisseurs\/#primaryimage"},"image":{"@id":"https:\/\/efip.ctu.edu.vn\/web\/ressources-numeriques-gratuites-convertisseurs\/#primaryimage"},"thumbnailUrl":"https:\/\/efip.ctu.edu.vn\/web\/wp-content\/uploads\/2025\/05\/markus-spiske-QtFAXP6z0Wk-unsplash-scaled.jpg","datePublished":"2020-08-19T04:36:03+00:00","dateModified":"2025-05-02T13:45:09+00:00","description":"Ressources num\u00e9riques gratuites : convertisseurs de format. Vous trouverez ici une liste de logiciels capables de convertir votre fichier.","breadcrumb":{"@id":"https:\/\/efip.ctu.edu.vn\/web\/ressources-numeriques-gratuites-convertisseurs\/#breadcrumb"},"inLanguage":"en-US","potentialAction":[{"@type":"ReadAction","target":["https:\/\/efip.ctu.edu.vn\/web\/ressources-numeriques-gratuites-convertisseurs\/"]}]},{"@type":"ImageObject","inLanguage":"en-US","@id":"https:\/\/efip.ctu.edu.vn\/web\/ressources-numeriques-gratuites-convertisseurs\/#primaryimage","url":"https:\/\/efip.ctu.edu.vn\/web\/wp-content\/uploads\/2025\/05\/markus-spiske-QtFAXP6z0Wk-unsplash-scaled.jpg","contentUrl":"https:\/\/efip.ctu.edu.vn\/web\/wp-content\/uploads\/2025\/05\/markus-spiske-QtFAXP6z0Wk-unsplash-scaled.jpg","width":2560,"height":1707},{"@type":"BreadcrumbList","@id":"https:\/\/efip.ctu.edu.vn\/web\/ressources-numeriques-gratuites-convertisseurs\/#breadcrumb","itemListElement":[{"@type":"ListItem","position":1,"name":"Accueil","item":"https:\/\/efip.ctu.edu.vn\/web\/"},{"@type":"ListItem","position":2,"name":"Convertisseurs"}]},{"@type":"WebSite","@id":"https:\/\/efip.ctu.edu.vn\/web\/#website","url":"https:\/\/efip.ctu.edu.vn\/web\/","name":"EFIP de Can Tho","description":"Espace Francophone d&#039;Innovation et de Partenariat","publisher":{"@id":"https:\/\/efip.ctu.edu.vn\/web\/#organization"},"potentialAction":[{"@type":"SearchAction","target":{"@type":"EntryPoint","urlTemplate":"https:\/\/efip.ctu.edu.vn\/web\/?s={search_term_string}"},"query-input":{"@type":"PropertyValueSpecification","valueRequired":true,"valueName":"search_term_string"}}],"inLanguage":"en-US"},{"@type":"Organization","@id":"https:\/\/efip.ctu.edu.vn\/web\/#organization","name":"EFIP","url":"https:\/\/efip.ctu.edu.vn\/web\/","logo":{"@type":"ImageObject","inLanguage":"en-US","@id":"https:\/\/efip.ctu.edu.vn\/web\/#\/schema\/logo\/image\/","url":"https:\/\/efip.ctu.edu.vn\/web\/wp-content\/uploads\/2025\/05\/efip2-150x89-1.jpg","contentUrl":"https:\/\/efip.ctu.edu.vn\/web\/wp-content\/uploads\/2025\/05\/efip2-150x89-1.jpg","width":150,"height":89,"caption":"EFIP"},"image":{"@id":"https:\/\/efip.ctu.edu.vn\/web\/#\/schema\/logo\/image\/"},"sameAs":["https:\/\/www.facebook.com\/efipCanTho"]}]}},"_links":{"self":[{"href":"https:\/\/efip.ctu.edu.vn\/web\/wp-json\/wp\/v2\/pages\/2001","targetHints":{"allow":["GET"]}}],"collection":[{"href":"https:\/\/efip.ctu.edu.vn\/web\/wp-json\/wp\/v2\/pages"}],"about":[{"href":"https:\/\/efip.ctu.edu.vn\/web\/wp-json\/wp\/v2\/types\/page"}],"author":[{"embeddable":true,"href":"https:\/\/efip.ctu.edu.vn\/web\/wp-json\/wp\/v2\/users\/3"}],"replies":[{"embeddable":true,"href":"https:\/\/efip.ctu.edu.vn\/web\/wp-json\/wp\/v2\/comments?post=2001"}],"version-history":[{"count":23,"href":"https:\/\/efip.ctu.edu.vn\/web\/wp-json\/wp\/v2\/pages\/2001\/revisions"}],"predecessor-version":[{"id":4247,"href":"https:\/\/efip.ctu.edu.vn\/web\/wp-json\/wp\/v2\/pages\/2001\/revisions\/4247"}],"wp:featuredmedia":[{"embeddable":true,"href":"https:\/\/efip.ctu.edu.vn\/web\/wp-json\/wp\/v2\/media\/4246"}],"wp:attachment":[{"href":"https:\/\/efip.ctu.edu.vn\/web\/wp-json\/wp\/v2\/media?parent=2001"}],"curies":[{"name":"wp","href":"https:\/\/api.w.org\/{rel}","templated":true}]}}