{"id":1985,"date":"2020-08-19T11:38:08","date_gmt":"2020-08-19T04:38:08","guid":{"rendered":"https:\/\/efip.ctu.edu.vn\/web\/?page_id=1985"},"modified":"2025-05-02T20:45:31","modified_gmt":"2025-05-02T13:45:31","slug":"ressources-numeriques-gratuites-creativite","status":"publish","type":"page","link":"https:\/\/efip.ctu.edu.vn\/web\/ressources-numeriques-gratuites-creativite\/","title":{"rendered":"Cr\u00e9ativit\u00e9"},"content":{"rendered":"\n<p class=\"has-text-align-right\"><em>Ressources num\u00e9riques gratuites : cr\u00e9ativit\u00e9<\/em><\/p>\n\n\n\n<p><em>Voici une liste d&#8217;applications ou de logiciels vous permettant de laisser libre cours \u00e0 votre cr\u00e9ativit\u00e9 pour cr\u00e9er des pr\u00e9sentations, des vid\u00e9os anim\u00e9s, des brochures&#8230;<\/em><\/p>\n\n\n\n<hr class=\"wp-block-separator has-text-color has-vivid-red-color has-css-opacity has-vivid-red-background-color has-background is-style-dots\"\/>\n\n\n<div class=\"wp-block-image is-style-default\">\n<figure class=\"aligncenter size-full\"><a href=\"https:\/\/efip.ctu.edu.vn\/web\/wp-content\/uploads\/2025\/05\/Canva.png\"><img fetchpriority=\"high\" decoding=\"async\" width=\"877\" height=\"234\" src=\"https:\/\/efip.ctu.edu.vn\/web\/wp-content\/uploads\/2025\/05\/Canva.png\" alt=\"\" class=\"wp-image-4248\" srcset=\"https:\/\/efip.ctu.edu.vn\/web\/wp-content\/uploads\/2025\/05\/Canva.png 877w, https:\/\/efip.ctu.edu.vn\/web\/wp-content\/uploads\/2025\/05\/Canva-300x80.png 300w, https:\/\/efip.ctu.edu.vn\/web\/wp-content\/uploads\/2025\/05\/Canva-768x205.png 768w\" sizes=\"(max-width: 877px) 100vw, 877px\" \/><\/a><\/figure><\/div>\n\n\n<h4 class=\"wp-block-heading has-text-align-center\"><strong>Outil de cr\u00e9ation d\u2019affiches, de brochures en ligne Canva :&nbsp;<a rel=\"noreferrer noopener\" href=\"https:\/\/www.canva.com\/fr_fr\/creer\/\" target=\"_blank\">https:\/\/www.canva.com\/fr_fr\/creer\/<\/a><\/strong><\/h4>\n\n\n\n<p>Canva, dans sa version gratuite ou payante, est une application en ligne qui propose de cr\u00e9er des affiches, brochures, cartes de voeux, etc \u00e0 partir de nombreux mod\u00e8les. Tr\u00e8s facile d&#8217;utilisation, le compte Enseignant est gratuit pour tout professeur ayant un courriel institutionnel.<\/p>\n\n\n\n<hr class=\"wp-block-separator has-text-color has-vivid-red-color has-css-opacity has-vivid-red-background-color has-background is-style-dots\"\/>\n\n\n<div class=\"wp-block-image is-resized is-style-default\">\n<figure class=\"aligncenter size-full\"><a href=\"https:\/\/efip.ctu.edu.vn\/web\/wp-content\/uploads\/2025\/05\/Clips.jpg\"><img decoding=\"async\" width=\"225\" height=\"225\" src=\"https:\/\/efip.ctu.edu.vn\/web\/wp-content\/uploads\/2025\/05\/Clips.jpg\" alt=\"\" class=\"wp-image-4250\" srcset=\"https:\/\/efip.ctu.edu.vn\/web\/wp-content\/uploads\/2025\/05\/Clips.jpg 225w, https:\/\/efip.ctu.edu.vn\/web\/wp-content\/uploads\/2025\/05\/Clips-150x150.jpg 150w, https:\/\/efip.ctu.edu.vn\/web\/wp-content\/uploads\/2025\/05\/Clips-100x100.jpg 100w\" sizes=\"(max-width: 225px) 100vw, 225px\" \/><\/a><\/figure><\/div>\n\n\n<h4 class=\"wp-block-heading has-text-align-center\">Application de cr\u00e9ation et d&#8217;\u00e9dition de vid\u00e9os Clips : uniquement disponible sur iPhone et iPad.<\/h4>\n\n\n\n<p>L&#8217;application Clips d&#8217;Apple permet de cr\u00e9er facilement des vid\u00e9os \u00e0 partir de vos photos, vid\u00e9os disponibles sur votre t\u00e9l\u00e9phone. Elle int\u00e8gre une fonction prise de vid\u00e9o sur un fond anim\u00e9 de votre choix, des sous-titres instantan\u00e9es et une banque de musique pour la bande-son. Cette application n&#8217;est disponible que sur iPhone et iPad.<\/p>\n\n\n\n<hr class=\"wp-block-separator has-text-color has-vivid-red-color has-css-opacity has-vivid-red-background-color has-background is-style-dots\"\/>\n\n\n<div class=\"wp-block-image\">\n<figure class=\"aligncenter size-medium\"><a href=\"https:\/\/efip.ctu.edu.vn\/web\/wp-content\/uploads\/2025\/05\/OBSstudio.png\"><img decoding=\"async\" width=\"300\" height=\"122\" src=\"https:\/\/efip.ctu.edu.vn\/web\/wp-content\/uploads\/2025\/05\/OBSstudio-300x122.png\" alt=\"\" class=\"wp-image-4251\" srcset=\"https:\/\/efip.ctu.edu.vn\/web\/wp-content\/uploads\/2025\/05\/OBSstudio-300x122.png 300w, https:\/\/efip.ctu.edu.vn\/web\/wp-content\/uploads\/2025\/05\/OBSstudio-768x311.png 768w, https:\/\/efip.ctu.edu.vn\/web\/wp-content\/uploads\/2025\/05\/OBSstudio.png 814w\" sizes=\"(max-width: 300px) 100vw, 300px\" \/><\/a><\/figure><\/div>\n\n\n<h4 class=\"wp-block-heading has-text-align-center\">OBS Studio : <a href=\"https:\/\/obsproject.com\/fr\" target=\"_blank\" rel=\"noreferrer noopener\">https:\/\/obsproject.com\/fr<\/a><\/h4>\n\n\n\n<p>OBS Studio est un logiciel libre et open source d&#8217;enregistrement vid\u00e9o et de streaming en direct. Il fonctionne aussi bien sous Windows, MacOS que Linux. Il permet la capture et le mixage audio-vid\u00e9o haute performance en temps r\u00e9el. Vous pourrez ainsi cr\u00e9er des sc\u00e8nes \u00e0 partir de sources multiples (captures de fen\u00eatres, images, texte, fen\u00eatres de navigateur, webcams&#8230;). Vous contr\u00f4lez aussi le son  avec un mixer audio intuitif avec des filtres applicables \u00e0 chaque entr\u00e9e (noise gate, suppression de bruit, gain &#8230;).<\/p>\n\n\n\n<hr class=\"wp-block-separator has-text-color has-vivid-red-color has-css-opacity has-vivid-red-background-color has-background is-style-dots\"\/>\n\n\n<div class=\"wp-block-image is-resized is-style-default\">\n<figure class=\"aligncenter size-full\"><a href=\"https:\/\/efip.ctu.edu.vn\/web\/wp-content\/uploads\/2025\/05\/Prezi.png\"><img loading=\"lazy\" decoding=\"async\" width=\"142\" height=\"67\" src=\"https:\/\/efip.ctu.edu.vn\/web\/wp-content\/uploads\/2025\/05\/Prezi.png\" alt=\"\" class=\"wp-image-4252\"\/><\/a><\/figure><\/div>\n\n\n<h4 class=\"wp-block-heading has-text-align-center\"><strong>Logiciel de pr\u00e9sentation Prezi :<a rel=\"noreferrer noopener\" href=\"https:\/\/prezi.com\" target=\"_blank\"> https:\/\/prezi.com<\/a><\/strong><\/h4>\n\n\n\n<p>Dans sa version basique gratuite, Prezi vous permet de cr\u00e9er des pr\u00e9sentations interactives permettant les d\u00e9placements libres du lecteur. Vous pouvez y introduire de nombreux visuels : vid\u00e9os, dessins, graphiques, cartes mentales, etc. Des tarifs \u00e9tudiants et \u00e9ducateurs sont propos\u00e9s.<\/p>\n\n\n\n<hr class=\"wp-block-separator has-text-color has-vivid-red-color has-css-opacity has-vivid-red-background-color has-background is-style-dots\"\/>\n\n\n<div class=\"wp-block-image is-style-default\">\n<figure class=\"aligncenter size-full\"><a href=\"https:\/\/efip.ctu.edu.vn\/web\/wp-content\/uploads\/2025\/05\/Powtoon.png\"><img loading=\"lazy\" decoding=\"async\" width=\"686\" height=\"78\" src=\"https:\/\/efip.ctu.edu.vn\/web\/wp-content\/uploads\/2025\/05\/Powtoon.png\" alt=\"\" class=\"wp-image-4253\" srcset=\"https:\/\/efip.ctu.edu.vn\/web\/wp-content\/uploads\/2025\/05\/Powtoon.png 686w, https:\/\/efip.ctu.edu.vn\/web\/wp-content\/uploads\/2025\/05\/Powtoon-300x34.png 300w\" sizes=\"(max-width: 686px) 100vw, 686px\" \/><\/a><\/figure><\/div>\n\n\n<h4 class=\"wp-block-heading has-text-align-center\"><strong>Cr\u00e9ation de vid\u00e9os anim\u00e9es Powtoon : <a rel=\"noreferrer noopener\" href=\"https:\/\/www.powtoon.com\" target=\"_blank\">https:\/\/www.powtoon.com<\/a><\/strong><\/h4>\n\n\n\n<p>Powtoon offre dans sa version gratuite la possibilit\u00e9 de cr\u00e9er des vid\u00e9os et dessins anim\u00e9s de moins de 5 minutes et de les publier sur les r\u00e9seaux sociaux (Facebook, Twitter, YouTube, Vimeo et SlideShare). De nombreux mod\u00e8les et th\u00e8mes gratuits sont disponibles et on peut ins\u00e9rer des vid\u00e9os personnelles.<\/p>\n\n\n<div class=\"wp-block-image\">\n<figure class=\"aligncenter size-full\"><a href=\"https:\/\/efip.ctu.edu.vn\/web\/wp-content\/uploads\/2025\/05\/Veed.png\"><img loading=\"lazy\" decoding=\"async\" width=\"244\" height=\"84\" src=\"https:\/\/efip.ctu.edu.vn\/web\/wp-content\/uploads\/2025\/05\/Veed.png\" alt=\"\" class=\"wp-image-4257\"\/><\/a><\/figure><\/div>\n\n\n<hr class=\"wp-block-separator has-text-color has-vivid-red-color has-css-opacity has-vivid-red-background-color has-background is-style-dots\"\/>\n\n\n\n<h4 class=\"wp-block-heading has-text-align-center\"><strong>Outil de retouche vid\u00e9o Veed : <a href=\"https:\/\/www.veed.io\/create\/make-a-video\" target=\"_blank\" rel=\"noreferrer noopener\">https:\/\/www.veed.io\/create\/make-a-video<\/a><\/strong><\/h4>\n\n\n\n<p>Veed vous permet de cr\u00e9er, \u00e9diter et partager vos vid\u00e9os. Vous pouvez y ajouter du texte, des sous-titres, des images, des autocollants, etc. Parfait pour des tutoriels ou des pr\u00e9sentations \u00e0 destination des \u00e9l\u00e8ves. Cet outil en ligne dans sa version gratuite vous permet de cr\u00e9er des vid\u00e9os de 10 minutes dans la limite de 2G pour tous vos projets puis d&#8217;exporter votre vid\u00e9o en qualit\u00e9 720p. Facile d&#8217;utilisation, il donnera un air professionnel \u00e0 vos vid\u00e9os ! Seul b\u00e9mol le site est uniquement en anglais.<\/p>\n\n\n\n<hr class=\"wp-block-separator has-text-color has-pale-pink-color has-css-opacity has-pale-pink-background-color has-background is-style-dots\"\/>\n\n\n<div class=\"wp-block-image\">\n<figure class=\"aligncenter size-full\"><a href=\"https:\/\/efip.ctu.edu.vn\/web\/wp-content\/uploads\/2025\/05\/MotionBox.png\"><img loading=\"lazy\" decoding=\"async\" width=\"206\" height=\"69\" src=\"https:\/\/efip.ctu.edu.vn\/web\/wp-content\/uploads\/2025\/05\/MotionBox.png\" alt=\"\" class=\"wp-image-4254\"\/><\/a><\/figure><\/div>\n\n\n<h4 class=\"wp-block-heading has-text-align-center\"><strong>\u00c9diteur vid\u00e9o Motionbox : <a href=\"https:\/\/motionbox.io\" target=\"_blank\" rel=\"noreferrer noopener\">https:\/\/motionbox.io<\/a><\/strong><\/h4>\n\n\n\n<p>Motionbox est un \u00e9diteur de vid\u00e9os en ligne. Comme Canva, il vous propose de nombreux mod\u00e8les (introduction YouTube, Post Instagram, invitation vid\u00e9o&#8230;). Vous pouvez ajouter \u00e0 vos vid\u00e9os du texte, des sous-titres, des images. La version gratuite vous permet de cr\u00e9er 5 vid\u00e9os par mois dans la limite de 1G de stockage puis de les exporter en qualit\u00e9 standard. Pour le moment, le site est uniquement en anglais.<\/p>\n\n\n\n<hr class=\"wp-block-separator has-text-color has-vivid-red-color has-css-opacity has-vivid-red-background-color has-background is-style-dots\"\/>\n\n\n\n<p><em>Pour d\u2019autres ressources num\u00e9riques gratuites :&nbsp;<a href=\"https:\/\/efip.ctu.edu.vn\/web\/outils-numeriques-libres-ou-gratuits\/\" target=\"_blank\" rel=\"noreferrer noopener\">https:\/\/efip.ctu.edu.vn\/web\/outils-numeriques-libres-ou-gratuits\/<\/a><\/em><\/p>\n\n\n\n<p><\/p>\n","protected":false},"excerpt":{"rendered":"<p>Ressources num\u00e9riques gratuites : cr\u00e9ativit\u00e9 Voici une liste d&#8217;applications ou de logiciels vous permettant de laisser libre cours \u00e0 votre &hellip; <br \/><a href=\"https:\/\/efip.ctu.edu.vn\/web\/ressources-numeriques-gratuites-creativite\/\" class=\"more-link\">Continue reading <span class=\"screen-reader-text\">Cr\u00e9ativit\u00e9<\/span><\/a><\/p>\n","protected":false},"author":3,"featured_media":4255,"parent":0,"menu_order":0,"comment_status":"closed","ping_status":"closed","template":"","meta":{"footnotes":""},"class_list":["post-1985","page","type-page","status-publish","has-post-thumbnail","hentry"],"yoast_head":"<!-- This site is optimized with the Yoast SEO plugin v25.0 - https:\/\/yoast.com\/wordpress\/plugins\/seo\/ -->\n<title>Ressources num\u00e9riques gratuites : Cr\u00e9ativit\u00e9 - EFIP de Can Tho<\/title>\n<meta name=\"description\" content=\"Ressources num\u00e9riques gratuites : Cr\u00e9ativit\u00e9. Voici une liste de logiciels vous permettant de laisser libre cours \u00e0 votre cr\u00e9ativit\u00e9...\" \/>\n<meta name=\"robots\" content=\"index, follow, max-snippet:-1, max-image-preview:large, max-video-preview:-1\" \/>\n<link rel=\"canonical\" href=\"https:\/\/efip.ctu.edu.vn\/web\/ressources-numeriques-gratuites-creativite\/\" \/>\n<meta property=\"og:locale\" content=\"en_US\" \/>\n<meta property=\"og:type\" content=\"article\" \/>\n<meta property=\"og:title\" content=\"Ressources num\u00e9riques gratuites : Cr\u00e9ativit\u00e9 - EFIP de Can Tho\" \/>\n<meta property=\"og:description\" content=\"Ressources num\u00e9riques gratuites : Cr\u00e9ativit\u00e9. Voici une liste de logiciels vous permettant de laisser libre cours \u00e0 votre cr\u00e9ativit\u00e9...\" \/>\n<meta property=\"og:url\" content=\"https:\/\/efip.ctu.edu.vn\/web\/ressources-numeriques-gratuites-creativite\/\" \/>\n<meta property=\"og:site_name\" content=\"EFIP\" \/>\n<meta property=\"article:publisher\" content=\"https:\/\/www.facebook.com\/efipCanTho\" \/>\n<meta property=\"article:modified_time\" content=\"2025-05-02T13:45:31+00:00\" \/>\n<meta property=\"og:image\" content=\"https:\/\/efip.ctu.edu.vn\/web\/wp-content\/uploads\/2020\/08\/peter-feghali-XURJBJi_wDE-unsplash-scaled.jpg\" \/>\n\t<meta property=\"og:image:width\" content=\"2560\" \/>\n\t<meta property=\"og:image:height\" content=\"1763\" \/>\n\t<meta property=\"og:image:type\" content=\"image\/jpeg\" \/>\n<meta name=\"twitter:card\" content=\"summary_large_image\" \/>\n<meta name=\"twitter:label1\" content=\"Est. reading time\" \/>\n\t<meta name=\"twitter:data1\" content=\"5 minutes\" \/>\n<script type=\"application\/ld+json\" class=\"yoast-schema-graph\">{\"@context\":\"https:\/\/schema.org\",\"@graph\":[{\"@type\":\"WebPage\",\"@id\":\"https:\/\/efip.ctu.edu.vn\/web\/ressources-numeriques-gratuites-creativite\/\",\"url\":\"https:\/\/efip.ctu.edu.vn\/web\/ressources-numeriques-gratuites-creativite\/\",\"name\":\"Ressources num\u00e9riques gratuites : Cr\u00e9ativit\u00e9 - EFIP de Can Tho\",\"isPartOf\":{\"@id\":\"https:\/\/efip.ctu.edu.vn\/web\/#website\"},\"primaryImageOfPage\":{\"@id\":\"https:\/\/efip.ctu.edu.vn\/web\/ressources-numeriques-gratuites-creativite\/#primaryimage\"},\"image\":{\"@id\":\"https:\/\/efip.ctu.edu.vn\/web\/ressources-numeriques-gratuites-creativite\/#primaryimage\"},\"thumbnailUrl\":\"https:\/\/efip.ctu.edu.vn\/web\/wp-content\/uploads\/2025\/05\/peter-feghali-XURJBJi_wDE-unsplash-scaled.jpg\",\"datePublished\":\"2020-08-19T04:38:08+00:00\",\"dateModified\":\"2025-05-02T13:45:31+00:00\",\"description\":\"Ressources num\u00e9riques gratuites : Cr\u00e9ativit\u00e9. Voici une liste de logiciels vous permettant de laisser libre cours \u00e0 votre cr\u00e9ativit\u00e9...\",\"breadcrumb\":{\"@id\":\"https:\/\/efip.ctu.edu.vn\/web\/ressources-numeriques-gratuites-creativite\/#breadcrumb\"},\"inLanguage\":\"en-US\",\"potentialAction\":[{\"@type\":\"ReadAction\",\"target\":[\"https:\/\/efip.ctu.edu.vn\/web\/ressources-numeriques-gratuites-creativite\/\"]}]},{\"@type\":\"ImageObject\",\"inLanguage\":\"en-US\",\"@id\":\"https:\/\/efip.ctu.edu.vn\/web\/ressources-numeriques-gratuites-creativite\/#primaryimage\",\"url\":\"https:\/\/efip.ctu.edu.vn\/web\/wp-content\/uploads\/2025\/05\/peter-feghali-XURJBJi_wDE-unsplash-scaled.jpg\",\"contentUrl\":\"https:\/\/efip.ctu.edu.vn\/web\/wp-content\/uploads\/2025\/05\/peter-feghali-XURJBJi_wDE-unsplash-scaled.jpg\",\"width\":2560,\"height\":1763},{\"@type\":\"BreadcrumbList\",\"@id\":\"https:\/\/efip.ctu.edu.vn\/web\/ressources-numeriques-gratuites-creativite\/#breadcrumb\",\"itemListElement\":[{\"@type\":\"ListItem\",\"position\":1,\"name\":\"Accueil\",\"item\":\"https:\/\/efip.ctu.edu.vn\/web\/\"},{\"@type\":\"ListItem\",\"position\":2,\"name\":\"Cr\u00e9ativit\u00e9\"}]},{\"@type\":\"WebSite\",\"@id\":\"https:\/\/efip.ctu.edu.vn\/web\/#website\",\"url\":\"https:\/\/efip.ctu.edu.vn\/web\/\",\"name\":\"EFIP de Can Tho\",\"description\":\"Espace Francophone d&#039;Innovation et de Partenariat\",\"publisher\":{\"@id\":\"https:\/\/efip.ctu.edu.vn\/web\/#organization\"},\"potentialAction\":[{\"@type\":\"SearchAction\",\"target\":{\"@type\":\"EntryPoint\",\"urlTemplate\":\"https:\/\/efip.ctu.edu.vn\/web\/?s={search_term_string}\"},\"query-input\":{\"@type\":\"PropertyValueSpecification\",\"valueRequired\":true,\"valueName\":\"search_term_string\"}}],\"inLanguage\":\"en-US\"},{\"@type\":\"Organization\",\"@id\":\"https:\/\/efip.ctu.edu.vn\/web\/#organization\",\"name\":\"EFIP\",\"url\":\"https:\/\/efip.ctu.edu.vn\/web\/\",\"logo\":{\"@type\":\"ImageObject\",\"inLanguage\":\"en-US\",\"@id\":\"https:\/\/efip.ctu.edu.vn\/web\/#\/schema\/logo\/image\/\",\"url\":\"https:\/\/efip.ctu.edu.vn\/web\/wp-content\/uploads\/2025\/05\/efip2-150x89-1.jpg\",\"contentUrl\":\"https:\/\/efip.ctu.edu.vn\/web\/wp-content\/uploads\/2025\/05\/efip2-150x89-1.jpg\",\"width\":150,\"height\":89,\"caption\":\"EFIP\"},\"image\":{\"@id\":\"https:\/\/efip.ctu.edu.vn\/web\/#\/schema\/logo\/image\/\"},\"sameAs\":[\"https:\/\/www.facebook.com\/efipCanTho\"]}]}<\/script>\n<!-- \/ Yoast SEO plugin. -->","yoast_head_json":{"title":"Ressources num\u00e9riques gratuites : Cr\u00e9ativit\u00e9 - EFIP de Can Tho","description":"Ressources num\u00e9riques gratuites : Cr\u00e9ativit\u00e9. Voici une liste de logiciels vous permettant de laisser libre cours \u00e0 votre cr\u00e9ativit\u00e9...","robots":{"index":"index","follow":"follow","max-snippet":"max-snippet:-1","max-image-preview":"max-image-preview:large","max-video-preview":"max-video-preview:-1"},"canonical":"https:\/\/efip.ctu.edu.vn\/web\/ressources-numeriques-gratuites-creativite\/","og_locale":"en_US","og_type":"article","og_title":"Ressources num\u00e9riques gratuites : Cr\u00e9ativit\u00e9 - EFIP de Can Tho","og_description":"Ressources num\u00e9riques gratuites : Cr\u00e9ativit\u00e9. Voici une liste de logiciels vous permettant de laisser libre cours \u00e0 votre cr\u00e9ativit\u00e9...","og_url":"https:\/\/efip.ctu.edu.vn\/web\/ressources-numeriques-gratuites-creativite\/","og_site_name":"EFIP","article_publisher":"https:\/\/www.facebook.com\/efipCanTho","article_modified_time":"2025-05-02T13:45:31+00:00","og_image":[{"width":2560,"height":1763,"url":"https:\/\/efip.ctu.edu.vn\/web\/wp-content\/uploads\/2020\/08\/peter-feghali-XURJBJi_wDE-unsplash-scaled.jpg","type":"image\/jpeg"}],"twitter_card":"summary_large_image","twitter_misc":{"Est. reading time":"5 minutes"},"schema":{"@context":"https:\/\/schema.org","@graph":[{"@type":"WebPage","@id":"https:\/\/efip.ctu.edu.vn\/web\/ressources-numeriques-gratuites-creativite\/","url":"https:\/\/efip.ctu.edu.vn\/web\/ressources-numeriques-gratuites-creativite\/","name":"Ressources num\u00e9riques gratuites : Cr\u00e9ativit\u00e9 - EFIP de Can Tho","isPartOf":{"@id":"https:\/\/efip.ctu.edu.vn\/web\/#website"},"primaryImageOfPage":{"@id":"https:\/\/efip.ctu.edu.vn\/web\/ressources-numeriques-gratuites-creativite\/#primaryimage"},"image":{"@id":"https:\/\/efip.ctu.edu.vn\/web\/ressources-numeriques-gratuites-creativite\/#primaryimage"},"thumbnailUrl":"https:\/\/efip.ctu.edu.vn\/web\/wp-content\/uploads\/2025\/05\/peter-feghali-XURJBJi_wDE-unsplash-scaled.jpg","datePublished":"2020-08-19T04:38:08+00:00","dateModified":"2025-05-02T13:45:31+00:00","description":"Ressources num\u00e9riques gratuites : Cr\u00e9ativit\u00e9. Voici une liste de logiciels vous permettant de laisser libre cours \u00e0 votre cr\u00e9ativit\u00e9...","breadcrumb":{"@id":"https:\/\/efip.ctu.edu.vn\/web\/ressources-numeriques-gratuites-creativite\/#breadcrumb"},"inLanguage":"en-US","potentialAction":[{"@type":"ReadAction","target":["https:\/\/efip.ctu.edu.vn\/web\/ressources-numeriques-gratuites-creativite\/"]}]},{"@type":"ImageObject","inLanguage":"en-US","@id":"https:\/\/efip.ctu.edu.vn\/web\/ressources-numeriques-gratuites-creativite\/#primaryimage","url":"https:\/\/efip.ctu.edu.vn\/web\/wp-content\/uploads\/2025\/05\/peter-feghali-XURJBJi_wDE-unsplash-scaled.jpg","contentUrl":"https:\/\/efip.ctu.edu.vn\/web\/wp-content\/uploads\/2025\/05\/peter-feghali-XURJBJi_wDE-unsplash-scaled.jpg","width":2560,"height":1763},{"@type":"BreadcrumbList","@id":"https:\/\/efip.ctu.edu.vn\/web\/ressources-numeriques-gratuites-creativite\/#breadcrumb","itemListElement":[{"@type":"ListItem","position":1,"name":"Accueil","item":"https:\/\/efip.ctu.edu.vn\/web\/"},{"@type":"ListItem","position":2,"name":"Cr\u00e9ativit\u00e9"}]},{"@type":"WebSite","@id":"https:\/\/efip.ctu.edu.vn\/web\/#website","url":"https:\/\/efip.ctu.edu.vn\/web\/","name":"EFIP de Can Tho","description":"Espace Francophone d&#039;Innovation et de Partenariat","publisher":{"@id":"https:\/\/efip.ctu.edu.vn\/web\/#organization"},"potentialAction":[{"@type":"SearchAction","target":{"@type":"EntryPoint","urlTemplate":"https:\/\/efip.ctu.edu.vn\/web\/?s={search_term_string}"},"query-input":{"@type":"PropertyValueSpecification","valueRequired":true,"valueName":"search_term_string"}}],"inLanguage":"en-US"},{"@type":"Organization","@id":"https:\/\/efip.ctu.edu.vn\/web\/#organization","name":"EFIP","url":"https:\/\/efip.ctu.edu.vn\/web\/","logo":{"@type":"ImageObject","inLanguage":"en-US","@id":"https:\/\/efip.ctu.edu.vn\/web\/#\/schema\/logo\/image\/","url":"https:\/\/efip.ctu.edu.vn\/web\/wp-content\/uploads\/2025\/05\/efip2-150x89-1.jpg","contentUrl":"https:\/\/efip.ctu.edu.vn\/web\/wp-content\/uploads\/2025\/05\/efip2-150x89-1.jpg","width":150,"height":89,"caption":"EFIP"},"image":{"@id":"https:\/\/efip.ctu.edu.vn\/web\/#\/schema\/logo\/image\/"},"sameAs":["https:\/\/www.facebook.com\/efipCanTho"]}]}},"_links":{"self":[{"href":"https:\/\/efip.ctu.edu.vn\/web\/wp-json\/wp\/v2\/pages\/1985","targetHints":{"allow":["GET"]}}],"collection":[{"href":"https:\/\/efip.ctu.edu.vn\/web\/wp-json\/wp\/v2\/pages"}],"about":[{"href":"https:\/\/efip.ctu.edu.vn\/web\/wp-json\/wp\/v2\/types\/page"}],"author":[{"embeddable":true,"href":"https:\/\/efip.ctu.edu.vn\/web\/wp-json\/wp\/v2\/users\/3"}],"replies":[{"embeddable":true,"href":"https:\/\/efip.ctu.edu.vn\/web\/wp-json\/wp\/v2\/comments?post=1985"}],"version-history":[{"count":16,"href":"https:\/\/efip.ctu.edu.vn\/web\/wp-json\/wp\/v2\/pages\/1985\/revisions"}],"predecessor-version":[{"id":4258,"href":"https:\/\/efip.ctu.edu.vn\/web\/wp-json\/wp\/v2\/pages\/1985\/revisions\/4258"}],"wp:featuredmedia":[{"embeddable":true,"href":"https:\/\/efip.ctu.edu.vn\/web\/wp-json\/wp\/v2\/media\/4255"}],"wp:attachment":[{"href":"https:\/\/efip.ctu.edu.vn\/web\/wp-json\/wp\/v2\/media?parent=1985"}],"curies":[{"name":"wp","href":"https:\/\/api.w.org\/{rel}","templated":true}]}}