{"id":1979,"date":"2020-08-19T11:47:14","date_gmt":"2020-08-19T04:47:14","guid":{"rendered":"https:\/\/efip.ctu.edu.vn\/web\/?page_id=1979"},"modified":"2025-05-02T20:48:12","modified_gmt":"2025-05-02T13:48:12","slug":"ressources-numeriques-gratuites-illustrations","status":"publish","type":"page","link":"https:\/\/efip.ctu.edu.vn\/web\/ressources-numeriques-gratuites-illustrations\/","title":{"rendered":"Illustrations"},"content":{"rendered":"\n<p class=\"has-text-align-right\"><em>Ressources num\u00e9riques gratuites : illustrations<\/em><\/p>\n\n\n\n<p>Voici une liste de sites Internet ayant une large palette d&#8217;illustrations gratuites.<\/p>\n\n\n\n<hr class=\"wp-block-separator has-text-color has-pale-pink-color has-css-opacity has-pale-pink-background-color has-background is-style-dots\"\/>\n\n\n<div class=\"wp-block-image is-style-default\">\n<figure class=\"aligncenter size-medium\"><a href=\"https:\/\/efip.ctu.edu.vn\/web\/wp-content\/uploads\/2025\/05\/CleanPNG.png\"><img decoding=\"async\" width=\"300\" height=\"96\" src=\"https:\/\/efip.ctu.edu.vn\/web\/wp-content\/uploads\/2025\/05\/CleanPNG-300x96.png\" alt=\"\" class=\"wp-image-4281\" srcset=\"https:\/\/efip.ctu.edu.vn\/web\/wp-content\/uploads\/2025\/05\/CleanPNG-300x96.png 300w, https:\/\/efip.ctu.edu.vn\/web\/wp-content\/uploads\/2025\/05\/CleanPNG.png 676w\" sizes=\"(max-width: 300px) 100vw, 300px\" \/><\/a><\/figure><\/div>\n\n\n<h4 class=\"wp-block-heading has-text-align-center\"><strong>Images et illustrations gratuites CleanPNG : <a href=\"https:\/\/www.cleanpng.com\" target=\"_blank\" rel=\"noreferrer noopener\">https:\/\/www.cleanpng.com<\/a><\/strong><\/h4>\n\n\n\n<p>CleanPNG vous propose des images et illustrations gratuites pour un usage personnel. Pas besoin de vous inscrire, choisissez votre image puis cliquez sur T\u00e9l\u00e9charger, c&#8217;est aussi simple que \u00e7a !<\/p>\n\n\n\n<hr class=\"wp-block-separator has-text-color has-white-color has-css-opacity has-white-background-color has-background is-style-dots\"\/>\n\n\n<div class=\"wp-block-image\">\n<figure class=\"aligncenter size-medium\"><a href=\"https:\/\/efip.ctu.edu.vn\/web\/wp-content\/uploads\/2025\/05\/FreeImages.png\"><img decoding=\"async\" width=\"300\" height=\"98\" src=\"https:\/\/efip.ctu.edu.vn\/web\/wp-content\/uploads\/2025\/05\/FreeImages-300x98.png\" alt=\"\" class=\"wp-image-4283\" srcset=\"https:\/\/efip.ctu.edu.vn\/web\/wp-content\/uploads\/2025\/05\/FreeImages-300x98.png 300w, https:\/\/efip.ctu.edu.vn\/web\/wp-content\/uploads\/2025\/05\/FreeImages-1024x336.png 1024w, https:\/\/efip.ctu.edu.vn\/web\/wp-content\/uploads\/2025\/05\/FreeImages-768x252.png 768w, https:\/\/efip.ctu.edu.vn\/web\/wp-content\/uploads\/2025\/05\/FreeImages.png 1095w\" sizes=\"(max-width: 300px) 100vw, 300px\" \/><\/a><\/figure><\/div>\n\n\n<h4 class=\"wp-block-heading has-text-align-center\"><strong>Site de t\u00e9l\u00e9chargement d&#8217;images gratuites et libres de droit Free Images : <a href=\"https:\/\/www.freeimages.com\/fr\" target=\"_blank\" rel=\"noreferrer noopener\">https:\/\/www.freeimages.com\/fr<\/a><\/strong><\/h4>\n\n\n\n<p>Ce site vous permet de t\u00e9l\u00e9charger des images et photos gratuitement et libres de droit, m\u00eame pour un usage commercial. Attention toutefois, les image iStock sont des images payantes. Faites bien attention de cliquer sur Images gratuites lors de votre recherche par mot-cl\u00e9.<\/p>\n\n\n\n<hr class=\"wp-block-separator has-text-color has-white-color has-css-opacity has-white-background-color has-background is-style-dots\"\/>\n\n\n<div class=\"wp-block-image\">\n<figure class=\"aligncenter size-medium\"><a href=\"https:\/\/efip.ctu.edu.vn\/web\/wp-content\/uploads\/2025\/05\/freepik.png\"><img decoding=\"async\" width=\"300\" height=\"98\" src=\"https:\/\/efip.ctu.edu.vn\/web\/wp-content\/uploads\/2025\/05\/freepik-300x98.png\" alt=\"\" class=\"wp-image-4284\" srcset=\"https:\/\/efip.ctu.edu.vn\/web\/wp-content\/uploads\/2025\/05\/freepik-300x98.png 300w, https:\/\/efip.ctu.edu.vn\/web\/wp-content\/uploads\/2025\/05\/freepik-1024x333.png 1024w, https:\/\/efip.ctu.edu.vn\/web\/wp-content\/uploads\/2025\/05\/freepik-768x250.png 768w, https:\/\/efip.ctu.edu.vn\/web\/wp-content\/uploads\/2025\/05\/freepik.png 1126w\" sizes=\"(max-width: 300px) 100vw, 300px\" \/><\/a><\/figure><\/div>\n\n\n<h4 class=\"wp-block-heading has-text-align-center\">Site de t\u00e9l\u00e9chargement de photos et images Freepik : <a href=\"https:\/\/fr.freepik.com\" target=\"_blank\" rel=\"noreferrer noopener\">https:\/\/fr.freepik.com<\/a><\/h4>\n\n\n\n<p>Freepik propose de nombreuses photos et images gratuites. Pour cela, lors de votre recherche par mot-cl\u00e9, cliquez sur l&#8217;option gratuite pour trouver votre bonheur.<\/p>\n\n\n\n<hr class=\"wp-block-separator has-text-color has-white-color has-css-opacity has-white-background-color has-background is-style-dots\"\/>\n\n\n<div class=\"wp-block-image is-style-default\">\n<figure class=\"aligncenter size-medium\"><a href=\"https:\/\/efip.ctu.edu.vn\/web\/wp-content\/uploads\/2025\/05\/ITG.png\"><img loading=\"lazy\" decoding=\"async\" width=\"300\" height=\"100\" src=\"https:\/\/efip.ctu.edu.vn\/web\/wp-content\/uploads\/2025\/05\/ITG-300x100.png\" alt=\"\" class=\"wp-image-4285\" srcset=\"https:\/\/efip.ctu.edu.vn\/web\/wp-content\/uploads\/2025\/05\/ITG-300x100.png 300w, https:\/\/efip.ctu.edu.vn\/web\/wp-content\/uploads\/2025\/05\/ITG.png 753w\" sizes=\"(max-width: 300px) 100vw, 300px\" \/><\/a><\/figure><\/div>\n\n\n<h4 class=\"wp-block-heading has-text-align-center\"><strong>Cr\u00e9ation et recherche d&#8217;images ITG Builder : <a rel=\"noreferrer noopener\" href=\"https:\/\/itg.digital\" target=\"_blank\">https:\/\/itg.digital<\/a><\/strong><\/h4>\n\n\n\n<p>ITG Builder propose gratuitement jusqu\u2019\u00e0 100 t\u00e9l\u00e9chargement d\u2019illustrations et de dessins \u00e0 personnaliser en format jpg.<\/p>\n\n\n\n<hr class=\"wp-block-separator has-text-color has-white-color has-css-opacity has-white-background-color has-background is-style-dots\"\/>\n\n\n<div class=\"wp-block-image\">\n<figure class=\"aligncenter size-medium is-resized\"><a href=\"https:\/\/efip.ctu.edu.vn\/web\/wp-content\/uploads\/2025\/05\/Pixabay.png\"><img loading=\"lazy\" decoding=\"async\" width=\"300\" height=\"104\" src=\"https:\/\/efip.ctu.edu.vn\/web\/wp-content\/uploads\/2025\/05\/Pixabay-300x104.png\" alt=\"\" class=\"wp-image-4286\" style=\"width:512px;height:178px\" srcset=\"https:\/\/efip.ctu.edu.vn\/web\/wp-content\/uploads\/2025\/05\/Pixabay-300x104.png 300w, https:\/\/efip.ctu.edu.vn\/web\/wp-content\/uploads\/2025\/05\/Pixabay-1024x356.png 1024w, https:\/\/efip.ctu.edu.vn\/web\/wp-content\/uploads\/2025\/05\/Pixabay-768x267.png 768w, https:\/\/efip.ctu.edu.vn\/web\/wp-content\/uploads\/2025\/05\/Pixabay.png 1180w\" sizes=\"(max-width: 300px) 100vw, 300px\" \/><\/a><\/figure><\/div>\n\n\n<h4 class=\"wp-block-heading has-text-align-center\">Site de t\u00e9l\u00e9chargement gratuit de photos libres de droit Pixabay : &nbsp;<a href=\"https:\/\/pixabay.com\/fr\" target=\"_blank\" rel=\"noreferrer noopener\">https:\/\/pixabay.com\/fr<\/a><\/h4>\n\n\n\n<p>Plus de 2,4 millions de photos, illustrations, dessins, musiques ou vid\u00e9os gratuits et libres de droit que ce soit pour un usage priv\u00e9 ou commercial, vous devriez trouver votre bonheur sur ce site. Sans inscription, vous t\u00e9l\u00e9chargez la photo de votre choix et sa r\u00e9solution.<\/p>\n\n\n\n<hr class=\"wp-block-separator has-text-color has-white-color has-css-opacity has-white-background-color has-background is-style-dots\"\/>\n\n\n<div class=\"wp-block-image is-style-default\">\n<figure class=\"aligncenter size-full\"><a href=\"https:\/\/efip.ctu.edu.vn\/web\/wp-content\/uploads\/2025\/05\/Unsplash.png\"><img loading=\"lazy\" decoding=\"async\" width=\"225\" height=\"225\" src=\"https:\/\/efip.ctu.edu.vn\/web\/wp-content\/uploads\/2025\/05\/Unsplash.png\" alt=\"\" class=\"wp-image-4287\" srcset=\"https:\/\/efip.ctu.edu.vn\/web\/wp-content\/uploads\/2025\/05\/Unsplash.png 225w, https:\/\/efip.ctu.edu.vn\/web\/wp-content\/uploads\/2025\/05\/Unsplash-150x150.png 150w, https:\/\/efip.ctu.edu.vn\/web\/wp-content\/uploads\/2025\/05\/Unsplash-100x100.png 100w\" sizes=\"(max-width: 225px) 100vw, 225px\" \/><\/a><\/figure><\/div>\n\n\n<h4 class=\"wp-block-heading has-text-align-center\">Site de t\u00e9l\u00e9chargement gratuit de photos libres de droit Unsplash : <a href=\"https:\/\/unsplash.com\" target=\"_blank\" rel=\"noreferrer noopener\">https:\/\/unsplash.com <\/a><\/h4>\n\n\n\n<p>Vous trouvez sur le site Internet Unsplash une multitude de magnifiques photos professionnelles libres de droit. Toutes les photos sont disponibles en haute r\u00e9solution et sont class\u00e9es par cat\u00e9gorie. Pas besoin d&#8217;inscription, choisissez votre photo et t\u00e9l\u00e9chargez-la !  <\/p>\n\n\n\n<hr class=\"wp-block-separator has-text-color has-white-color has-css-opacity has-white-background-color has-background is-style-dots\"\/>\n\n\n<div class=\"wp-block-image is-style-default\">\n<figure class=\"aligncenter size-medium\"><a href=\"https:\/\/efip.ctu.edu.vn\/web\/wp-content\/uploads\/2025\/05\/Xia.png\"><img loading=\"lazy\" decoding=\"async\" width=\"300\" height=\"60\" src=\"https:\/\/efip.ctu.edu.vn\/web\/wp-content\/uploads\/2025\/05\/Xia-300x60.png\" alt=\"\" class=\"wp-image-4288\" srcset=\"https:\/\/efip.ctu.edu.vn\/web\/wp-content\/uploads\/2025\/05\/Xia-300x60.png 300w, https:\/\/efip.ctu.edu.vn\/web\/wp-content\/uploads\/2025\/05\/Xia-1024x203.png 1024w, https:\/\/efip.ctu.edu.vn\/web\/wp-content\/uploads\/2025\/05\/Xia-768x152.png 768w, https:\/\/efip.ctu.edu.vn\/web\/wp-content\/uploads\/2025\/05\/Xia.png 1103w\" sizes=\"(max-width: 300px) 100vw, 300px\" \/><\/a><\/figure><\/div>\n\n\n<h4 class=\"wp-block-heading has-text-align-center\"><strong>Cr\u00e9ation d&#8217;images interactives et de jeux s\u00e9rieux Xia : <a rel=\"noreferrer noopener\" href=\"http:\/\/xia.dane.ac-versailles.fr\" target=\"_blank\">http:\/\/xia.dane.ac-versailles.fr<\/a><\/strong><\/h4>\n\n\n\n<p>D\u00e9velopp\u00e9 par la DANE de Versailles, Xia permet de cr\u00e9er des images interactives et bien plus. On peut cr\u00e9er des contenus riches de grande qualit\u00e9. Il peut \u00eatre coupl\u00e9 \u00e0 Inkscpae ou encore LibreOffice Draw.<\/p>\n\n\n\n<hr class=\"wp-block-separator has-text-color has-pale-pink-color has-css-opacity has-pale-pink-background-color has-background is-style-dots\"\/>\n\n\n\n<p class=\"has-text-align-left\"><em>Pour d\u2019autres ressources num\u00e9riques gratuites :&nbsp;<a href=\"https:\/\/efip.ctu.edu.vn\/web\/outils-numeriques-libres-ou-gratuits\/\" target=\"_blank\" rel=\"noreferrer noopener\">https:\/\/efip.ctu.edu.vn\/web\/outils-numeriques-libres-ou-gratuits\/<\/a><\/em><\/p>\n","protected":false},"excerpt":{"rendered":"<p>Ressources num\u00e9riques gratuites : illustrations Voici une liste de sites Internet ayant une large palette d&#8217;illustrations gratuites. Images et illustrations &hellip; <br \/><a href=\"https:\/\/efip.ctu.edu.vn\/web\/ressources-numeriques-gratuites-illustrations\/\" class=\"more-link\">Continue reading <span class=\"screen-reader-text\">Illustrations<\/span><\/a><\/p>\n","protected":false},"author":3,"featured_media":4290,"parent":0,"menu_order":0,"comment_status":"closed","ping_status":"closed","template":"","meta":{"footnotes":""},"class_list":["post-1979","page","type-page","status-publish","has-post-thumbnail","hentry"],"yoast_head":"<!-- This site is optimized with the Yoast SEO plugin v25.0 - https:\/\/yoast.com\/wordpress\/plugins\/seo\/ -->\n<title>Ressources num\u00e9riques gratuites : illustrations - EFIP de Can Tho<\/title>\n<meta name=\"description\" content=\"Ressources num\u00e9riques gratuites : voici une liste de sites Internet vous proposant une large palette d&#039;illustrations gratuites.\" \/>\n<meta name=\"robots\" content=\"index, follow, max-snippet:-1, max-image-preview:large, max-video-preview:-1\" \/>\n<link rel=\"canonical\" href=\"https:\/\/efip.ctu.edu.vn\/web\/ressources-numeriques-gratuites-illustrations\/\" \/>\n<meta property=\"og:locale\" content=\"en_US\" \/>\n<meta property=\"og:type\" content=\"article\" \/>\n<meta property=\"og:title\" content=\"Ressources num\u00e9riques gratuites : illustrations - EFIP de Can Tho\" \/>\n<meta property=\"og:description\" content=\"Ressources num\u00e9riques gratuites : voici une liste de sites Internet vous proposant une large palette d&#039;illustrations gratuites.\" \/>\n<meta property=\"og:url\" content=\"https:\/\/efip.ctu.edu.vn\/web\/ressources-numeriques-gratuites-illustrations\/\" \/>\n<meta property=\"og:site_name\" content=\"EFIP\" \/>\n<meta property=\"article:publisher\" content=\"https:\/\/www.facebook.com\/efipCanTho\" \/>\n<meta property=\"article:modified_time\" content=\"2025-05-02T13:48:12+00:00\" \/>\n<meta property=\"og:image\" content=\"https:\/\/efip.ctu.edu.vn\/web\/wp-content\/uploads\/2020\/08\/tim-arterbury-VkwRmha1_tI-unsplash-scaled.jpg\" \/>\n\t<meta property=\"og:image:width\" content=\"2560\" \/>\n\t<meta property=\"og:image:height\" content=\"1528\" \/>\n\t<meta property=\"og:image:type\" content=\"image\/jpeg\" \/>\n<meta name=\"twitter:card\" content=\"summary_large_image\" \/>\n<meta name=\"twitter:label1\" content=\"Est. reading time\" \/>\n\t<meta name=\"twitter:data1\" content=\"3 minutes\" \/>\n<script type=\"application\/ld+json\" class=\"yoast-schema-graph\">{\"@context\":\"https:\/\/schema.org\",\"@graph\":[{\"@type\":\"WebPage\",\"@id\":\"https:\/\/efip.ctu.edu.vn\/web\/ressources-numeriques-gratuites-illustrations\/\",\"url\":\"https:\/\/efip.ctu.edu.vn\/web\/ressources-numeriques-gratuites-illustrations\/\",\"name\":\"Ressources num\u00e9riques gratuites : illustrations - EFIP de Can Tho\",\"isPartOf\":{\"@id\":\"https:\/\/efip.ctu.edu.vn\/web\/#website\"},\"primaryImageOfPage\":{\"@id\":\"https:\/\/efip.ctu.edu.vn\/web\/ressources-numeriques-gratuites-illustrations\/#primaryimage\"},\"image\":{\"@id\":\"https:\/\/efip.ctu.edu.vn\/web\/ressources-numeriques-gratuites-illustrations\/#primaryimage\"},\"thumbnailUrl\":\"https:\/\/efip.ctu.edu.vn\/web\/wp-content\/uploads\/2025\/05\/tim-arterbury-VkwRmha1_tI-unsplash-scaled.jpg\",\"datePublished\":\"2020-08-19T04:47:14+00:00\",\"dateModified\":\"2025-05-02T13:48:12+00:00\",\"description\":\"Ressources num\u00e9riques gratuites : voici une liste de sites Internet vous proposant une large palette d'illustrations gratuites.\",\"breadcrumb\":{\"@id\":\"https:\/\/efip.ctu.edu.vn\/web\/ressources-numeriques-gratuites-illustrations\/#breadcrumb\"},\"inLanguage\":\"en-US\",\"potentialAction\":[{\"@type\":\"ReadAction\",\"target\":[\"https:\/\/efip.ctu.edu.vn\/web\/ressources-numeriques-gratuites-illustrations\/\"]}]},{\"@type\":\"ImageObject\",\"inLanguage\":\"en-US\",\"@id\":\"https:\/\/efip.ctu.edu.vn\/web\/ressources-numeriques-gratuites-illustrations\/#primaryimage\",\"url\":\"https:\/\/efip.ctu.edu.vn\/web\/wp-content\/uploads\/2025\/05\/tim-arterbury-VkwRmha1_tI-unsplash-scaled.jpg\",\"contentUrl\":\"https:\/\/efip.ctu.edu.vn\/web\/wp-content\/uploads\/2025\/05\/tim-arterbury-VkwRmha1_tI-unsplash-scaled.jpg\",\"width\":2560,\"height\":1528},{\"@type\":\"BreadcrumbList\",\"@id\":\"https:\/\/efip.ctu.edu.vn\/web\/ressources-numeriques-gratuites-illustrations\/#breadcrumb\",\"itemListElement\":[{\"@type\":\"ListItem\",\"position\":1,\"name\":\"Accueil\",\"item\":\"https:\/\/efip.ctu.edu.vn\/web\/\"},{\"@type\":\"ListItem\",\"position\":2,\"name\":\"Illustrations\"}]},{\"@type\":\"WebSite\",\"@id\":\"https:\/\/efip.ctu.edu.vn\/web\/#website\",\"url\":\"https:\/\/efip.ctu.edu.vn\/web\/\",\"name\":\"EFIP de Can Tho\",\"description\":\"Espace Francophone d&#039;Innovation et de Partenariat\",\"publisher\":{\"@id\":\"https:\/\/efip.ctu.edu.vn\/web\/#organization\"},\"potentialAction\":[{\"@type\":\"SearchAction\",\"target\":{\"@type\":\"EntryPoint\",\"urlTemplate\":\"https:\/\/efip.ctu.edu.vn\/web\/?s={search_term_string}\"},\"query-input\":{\"@type\":\"PropertyValueSpecification\",\"valueRequired\":true,\"valueName\":\"search_term_string\"}}],\"inLanguage\":\"en-US\"},{\"@type\":\"Organization\",\"@id\":\"https:\/\/efip.ctu.edu.vn\/web\/#organization\",\"name\":\"EFIP\",\"url\":\"https:\/\/efip.ctu.edu.vn\/web\/\",\"logo\":{\"@type\":\"ImageObject\",\"inLanguage\":\"en-US\",\"@id\":\"https:\/\/efip.ctu.edu.vn\/web\/#\/schema\/logo\/image\/\",\"url\":\"https:\/\/efip.ctu.edu.vn\/web\/wp-content\/uploads\/2025\/05\/efip2-150x89-1.jpg\",\"contentUrl\":\"https:\/\/efip.ctu.edu.vn\/web\/wp-content\/uploads\/2025\/05\/efip2-150x89-1.jpg\",\"width\":150,\"height\":89,\"caption\":\"EFIP\"},\"image\":{\"@id\":\"https:\/\/efip.ctu.edu.vn\/web\/#\/schema\/logo\/image\/\"},\"sameAs\":[\"https:\/\/www.facebook.com\/efipCanTho\"]}]}<\/script>\n<!-- \/ Yoast SEO plugin. -->","yoast_head_json":{"title":"Ressources num\u00e9riques gratuites : illustrations - EFIP de Can Tho","description":"Ressources num\u00e9riques gratuites : voici une liste de sites Internet vous proposant une large palette d'illustrations gratuites.","robots":{"index":"index","follow":"follow","max-snippet":"max-snippet:-1","max-image-preview":"max-image-preview:large","max-video-preview":"max-video-preview:-1"},"canonical":"https:\/\/efip.ctu.edu.vn\/web\/ressources-numeriques-gratuites-illustrations\/","og_locale":"en_US","og_type":"article","og_title":"Ressources num\u00e9riques gratuites : illustrations - EFIP de Can Tho","og_description":"Ressources num\u00e9riques gratuites : voici une liste de sites Internet vous proposant une large palette d'illustrations gratuites.","og_url":"https:\/\/efip.ctu.edu.vn\/web\/ressources-numeriques-gratuites-illustrations\/","og_site_name":"EFIP","article_publisher":"https:\/\/www.facebook.com\/efipCanTho","article_modified_time":"2025-05-02T13:48:12+00:00","og_image":[{"width":2560,"height":1528,"url":"https:\/\/efip.ctu.edu.vn\/web\/wp-content\/uploads\/2020\/08\/tim-arterbury-VkwRmha1_tI-unsplash-scaled.jpg","type":"image\/jpeg"}],"twitter_card":"summary_large_image","twitter_misc":{"Est. reading time":"3 minutes"},"schema":{"@context":"https:\/\/schema.org","@graph":[{"@type":"WebPage","@id":"https:\/\/efip.ctu.edu.vn\/web\/ressources-numeriques-gratuites-illustrations\/","url":"https:\/\/efip.ctu.edu.vn\/web\/ressources-numeriques-gratuites-illustrations\/","name":"Ressources num\u00e9riques gratuites : illustrations - EFIP de Can Tho","isPartOf":{"@id":"https:\/\/efip.ctu.edu.vn\/web\/#website"},"primaryImageOfPage":{"@id":"https:\/\/efip.ctu.edu.vn\/web\/ressources-numeriques-gratuites-illustrations\/#primaryimage"},"image":{"@id":"https:\/\/efip.ctu.edu.vn\/web\/ressources-numeriques-gratuites-illustrations\/#primaryimage"},"thumbnailUrl":"https:\/\/efip.ctu.edu.vn\/web\/wp-content\/uploads\/2025\/05\/tim-arterbury-VkwRmha1_tI-unsplash-scaled.jpg","datePublished":"2020-08-19T04:47:14+00:00","dateModified":"2025-05-02T13:48:12+00:00","description":"Ressources num\u00e9riques gratuites : voici une liste de sites Internet vous proposant une large palette d'illustrations gratuites.","breadcrumb":{"@id":"https:\/\/efip.ctu.edu.vn\/web\/ressources-numeriques-gratuites-illustrations\/#breadcrumb"},"inLanguage":"en-US","potentialAction":[{"@type":"ReadAction","target":["https:\/\/efip.ctu.edu.vn\/web\/ressources-numeriques-gratuites-illustrations\/"]}]},{"@type":"ImageObject","inLanguage":"en-US","@id":"https:\/\/efip.ctu.edu.vn\/web\/ressources-numeriques-gratuites-illustrations\/#primaryimage","url":"https:\/\/efip.ctu.edu.vn\/web\/wp-content\/uploads\/2025\/05\/tim-arterbury-VkwRmha1_tI-unsplash-scaled.jpg","contentUrl":"https:\/\/efip.ctu.edu.vn\/web\/wp-content\/uploads\/2025\/05\/tim-arterbury-VkwRmha1_tI-unsplash-scaled.jpg","width":2560,"height":1528},{"@type":"BreadcrumbList","@id":"https:\/\/efip.ctu.edu.vn\/web\/ressources-numeriques-gratuites-illustrations\/#breadcrumb","itemListElement":[{"@type":"ListItem","position":1,"name":"Accueil","item":"https:\/\/efip.ctu.edu.vn\/web\/"},{"@type":"ListItem","position":2,"name":"Illustrations"}]},{"@type":"WebSite","@id":"https:\/\/efip.ctu.edu.vn\/web\/#website","url":"https:\/\/efip.ctu.edu.vn\/web\/","name":"EFIP de Can Tho","description":"Espace Francophone d&#039;Innovation et de Partenariat","publisher":{"@id":"https:\/\/efip.ctu.edu.vn\/web\/#organization"},"potentialAction":[{"@type":"SearchAction","target":{"@type":"EntryPoint","urlTemplate":"https:\/\/efip.ctu.edu.vn\/web\/?s={search_term_string}"},"query-input":{"@type":"PropertyValueSpecification","valueRequired":true,"valueName":"search_term_string"}}],"inLanguage":"en-US"},{"@type":"Organization","@id":"https:\/\/efip.ctu.edu.vn\/web\/#organization","name":"EFIP","url":"https:\/\/efip.ctu.edu.vn\/web\/","logo":{"@type":"ImageObject","inLanguage":"en-US","@id":"https:\/\/efip.ctu.edu.vn\/web\/#\/schema\/logo\/image\/","url":"https:\/\/efip.ctu.edu.vn\/web\/wp-content\/uploads\/2025\/05\/efip2-150x89-1.jpg","contentUrl":"https:\/\/efip.ctu.edu.vn\/web\/wp-content\/uploads\/2025\/05\/efip2-150x89-1.jpg","width":150,"height":89,"caption":"EFIP"},"image":{"@id":"https:\/\/efip.ctu.edu.vn\/web\/#\/schema\/logo\/image\/"},"sameAs":["https:\/\/www.facebook.com\/efipCanTho"]}]}},"_links":{"self":[{"href":"https:\/\/efip.ctu.edu.vn\/web\/wp-json\/wp\/v2\/pages\/1979","targetHints":{"allow":["GET"]}}],"collection":[{"href":"https:\/\/efip.ctu.edu.vn\/web\/wp-json\/wp\/v2\/pages"}],"about":[{"href":"https:\/\/efip.ctu.edu.vn\/web\/wp-json\/wp\/v2\/types\/page"}],"author":[{"embeddable":true,"href":"https:\/\/efip.ctu.edu.vn\/web\/wp-json\/wp\/v2\/users\/3"}],"replies":[{"embeddable":true,"href":"https:\/\/efip.ctu.edu.vn\/web\/wp-json\/wp\/v2\/comments?post=1979"}],"version-history":[{"count":11,"href":"https:\/\/efip.ctu.edu.vn\/web\/wp-json\/wp\/v2\/pages\/1979\/revisions"}],"predecessor-version":[{"id":4289,"href":"https:\/\/efip.ctu.edu.vn\/web\/wp-json\/wp\/v2\/pages\/1979\/revisions\/4289"}],"wp:featuredmedia":[{"embeddable":true,"href":"https:\/\/efip.ctu.edu.vn\/web\/wp-json\/wp\/v2\/media\/4290"}],"wp:attachment":[{"href":"https:\/\/efip.ctu.edu.vn\/web\/wp-json\/wp\/v2\/media?parent=1979"}],"curies":[{"name":"wp","href":"https:\/\/api.w.org\/{rel}","templated":true}]}}