{"id":1947,"date":"2020-08-19T11:48:50","date_gmt":"2020-08-19T04:48:50","guid":{"rendered":"https:\/\/efip.ctu.edu.vn\/web\/?page_id=1947"},"modified":"2025-05-02T21:18:45","modified_gmt":"2025-05-02T14:18:45","slug":"ressources-numeriques-gratuites-visioconferences","status":"publish","type":"page","link":"https:\/\/efip.ctu.edu.vn\/web\/ressources-numeriques-gratuites-visioconferences\/","title":{"rendered":"Visioconf\u00e9rences"},"content":{"rendered":"\n<p class=\"has-text-align-right\"><em>Ressources num\u00e9riques gratuites : visioconf\u00e9rences<\/em><\/p>\n\n\n\n<p><em>Outre les applications d&#8217;appels vid\u00e9o que vous connaissez sans doute comme Skype, FaceTime, WhatApp et Messenger, il existe des applications permettant de faire des conf\u00e9rences vid\u00e9o \u00e0 plusieurs gratuitement.  Il y est m\u00eame possible de faire des pr\u00e9sentations et de faire modifier un m\u00eame document par les participants.<\/em><\/p>\n\n\n\n<hr class=\"wp-block-separator has-text-color has-vivid-green-cyan-color has-css-opacity has-vivid-green-cyan-background-color has-background is-style-dots\"\/>\n\n\n<div class=\"wp-block-image\">\n<figure class=\"aligncenter size-full\"><a href=\"https:\/\/efip.ctu.edu.vn\/web\/wp-content\/uploads\/2025\/05\/GoogleMeet.png\"><img decoding=\"async\" width=\"210\" height=\"60\" src=\"https:\/\/efip.ctu.edu.vn\/web\/wp-content\/uploads\/2025\/05\/GoogleMeet.png\" alt=\"\" class=\"wp-image-4327\"\/><\/a><\/figure><\/div>\n\n\n<h4 class=\"wp-block-heading has-text-align-center\"><strong>Visioconf\u00e9rence Meet de Google : <a rel=\"noreferrer noopener\" href=\"https:\/\/meet.google.com\" target=\"_blank\">https:\/\/meet.google.com<\/a><\/strong><\/h4>\n\n\n\n<p>Google propose maintenant gratuitement \u00e0 toute personne poss\u00e9dant un compte Google d&#8217;acc\u00e9der \u00e0 un service de visioconf\u00e9rence de qualit\u00e9 pour une dur\u00e9e limit\u00e9e \u00e0 1h et \u00e0 100 participants. Ses fonctionnalit\u00e9s sont multiples : pr\u00e9sentation de documents, sous-titrages instantan\u00e9s des r\u00e9unions, gestion des participants par l&#8217;animateur, partage d&#8217;\u00e9cran, fen\u00eatre de chat&#8230; D&#8217;autres fonctionnalit\u00e9s sont aussi offertes aux comptes \u00c9ducation et Entreprise. <\/p>\n\n\n\n<hr class=\"wp-block-separator has-text-color has-vivid-green-cyan-color has-css-opacity has-vivid-green-cyan-background-color has-background is-style-dots\"\/>\n\n\n\n<p><\/p>\n\n\n<div class=\"wp-block-image\">\n<figure class=\"aligncenter size-full is-resized\"><a href=\"https:\/\/efip.ctu.edu.vn\/web\/wp-content\/uploads\/2025\/05\/zoom.png\"><img fetchpriority=\"high\" decoding=\"async\" width=\"428\" height=\"181\" src=\"https:\/\/efip.ctu.edu.vn\/web\/wp-content\/uploads\/2025\/05\/zoom.png\" alt=\"\" class=\"wp-image-4328\" style=\"width:214px;height:91px\" srcset=\"https:\/\/efip.ctu.edu.vn\/web\/wp-content\/uploads\/2025\/05\/zoom.png 428w, https:\/\/efip.ctu.edu.vn\/web\/wp-content\/uploads\/2025\/05\/zoom-300x127.png 300w\" sizes=\"(max-width: 428px) 100vw, 428px\" \/><\/a><\/figure><\/div>\n\n\n<h4 class=\"wp-block-heading has-text-align-center\">Visioconf\u00e9rence Zoom : <a href=\"https:\/\/zoom.us\" target=\"_blank\" rel=\"noreferrer noopener\">https:\/\/zoom.us<\/a><\/h4>\n\n\n\n<p>Zoom est une application permettant d&#8217;accueillir gratuitement des centaines de participants pour une dur\u00e9e limit\u00e9e \u00e0 40 minutes. <\/p>\n\n\n\n<p>Avantage : seul l&#8217;animateur a besoin de cr\u00e9er un compte. Les participants ont juste besoin de conna\u00eetre le code de la r\u00e9union et le mot de passe (s&#8217;il y en a un) et de se connecter sur le site Internet de Zoom ou bien de t\u00e9l\u00e9charger gratuitement l&#8217;application sur leur t\u00e9l\u00e9phone. <\/p>\n\n\n\n<p>Par ailleurs, les fonctionnalit\u00e9s sont multiples : partage d&#8217;\u00e9crans et de fichiers, pr\u00e9sentation, vid\u00e9o, modification d&#8217;un m\u00eame document par les participants, tableau blanc, fen\u00eatre de chat&#8230; L&#8217;animateur peut aussi g\u00e9rer les participants en coupant leur micro et m\u00eame en les excluant.<\/p>\n\n\n\n<p><\/p>\n\n\n\n<hr class=\"wp-block-separator has-text-color has-vivid-green-cyan-color has-css-opacity has-vivid-green-cyan-background-color has-background is-style-dots\"\/>\n\n\n\n<p class=\"has-text-align-left\"><em>Pour d&#8217;autres ressources num\u00e9riques gratuites : <a href=\"https:\/\/efip.ctu.edu.vn\/web\/outils-numeriques-libres-ou-gratuits\/\" target=\"_blank\" rel=\"noreferrer noopener\">https:\/\/efip.ctu.edu.vn\/web\/outils-numeriques-libres-ou-gratuits\/<\/a><\/em><\/p>\n","protected":false},"excerpt":{"rendered":"<p>Ressources num\u00e9riques gratuites : visioconf\u00e9rences Outre les applications d&#8217;appels vid\u00e9o que vous connaissez sans doute comme Skype, FaceTime, WhatApp et &hellip; <br \/><a href=\"https:\/\/efip.ctu.edu.vn\/web\/ressources-numeriques-gratuites-visioconferences\/\" class=\"more-link\">Continue reading <span class=\"screen-reader-text\">Visioconf\u00e9rences<\/span><\/a><\/p>\n","protected":false},"author":3,"featured_media":4325,"parent":0,"menu_order":0,"comment_status":"closed","ping_status":"closed","template":"","meta":{"footnotes":""},"class_list":["post-1947","page","type-page","status-publish","has-post-thumbnail","hentry"],"yoast_head":"<!-- This site is optimized with the Yoast SEO plugin v25.0 - https:\/\/yoast.com\/wordpress\/plugins\/seo\/ -->\n<title>Ressources num\u00e9riques gratuites : {5cef8cb26ec0cf0cbc2bf93f1561460fb5a03d2eaee977874fea98e9d15bcda9}{5cef8cb26ec0cf0cbc2bf93f1561460fb5a03d2eaee977874fea98e9d15bcda9}title{5cef8cb26ec0cf0cbc2bf93f1561460fb5a03d2eaee977874fea98e9d15bcda9}{5cef8cb26ec0cf0cbc2bf93f1561460fb5a03d2eaee977874fea98e9d15bcda9} {5cef8cb26ec0cf0cbc2bf93f1561460fb5a03d2eaee977874fea98e9d15bcda9}{5cef8cb26ec0cf0cbc2bf93f1561460fb5a03d2eaee977874fea98e9d15bcda9}page{5cef8cb26ec0cf0cbc2bf93f1561460fb5a03d2eaee977874fea98e9d15bcda9}{5cef8cb26ec0cf0cbc2bf93f1561460fb5a03d2eaee977874fea98e9d15bcda9} {5cef8cb26ec0cf0cbc2bf93f1561460fb5a03d2eaee977874fea98e9d15bcda9}{5cef8cb26ec0cf0cbc2bf93f1561460fb5a03d2eaee977874fea98e9d15bcda9}sep{5cef8cb26ec0cf0cbc2bf93f1561460fb5a03d2eaee977874fea98e9d15bcda9}{5cef8cb26ec0cf0cbc2bf93f1561460fb5a03d2eaee977874fea98e9d15bcda9} {5cef8cb26ec0cf0cbc2bf93f1561460fb5a03d2eaee977874fea98e9d15bcda9}{5cef8cb26ec0cf0cbc2bf93f1561460fb5a03d2eaee977874fea98e9d15bcda9}sitename{5cef8cb26ec0cf0cbc2bf93f1561460fb5a03d2eaee977874fea98e9d15bcda9}{5cef8cb26ec0cf0cbc2bf93f1561460fb5a03d2eaee977874fea98e9d15bcda9} de Can Tho<\/title>\n<meta name=\"description\" content=\"Ressources num\u00e9riques gratuites : il existe des applications gratuites permettant de faire des visioconf\u00e9rences.\" \/>\n<meta name=\"robots\" content=\"index, follow, max-snippet:-1, max-image-preview:large, max-video-preview:-1\" \/>\n<link rel=\"canonical\" href=\"https:\/\/efip.ctu.edu.vn\/web\/ressources-numeriques-gratuites-visioconferences\/\" \/>\n<meta property=\"og:locale\" content=\"en_US\" \/>\n<meta property=\"og:type\" content=\"article\" \/>\n<meta property=\"og:title\" content=\"Ressources num\u00e9riques gratuites : {5cef8cb26ec0cf0cbc2bf93f1561460fb5a03d2eaee977874fea98e9d15bcda9}{5cef8cb26ec0cf0cbc2bf93f1561460fb5a03d2eaee977874fea98e9d15bcda9}title{5cef8cb26ec0cf0cbc2bf93f1561460fb5a03d2eaee977874fea98e9d15bcda9}{5cef8cb26ec0cf0cbc2bf93f1561460fb5a03d2eaee977874fea98e9d15bcda9} {5cef8cb26ec0cf0cbc2bf93f1561460fb5a03d2eaee977874fea98e9d15bcda9}{5cef8cb26ec0cf0cbc2bf93f1561460fb5a03d2eaee977874fea98e9d15bcda9}page{5cef8cb26ec0cf0cbc2bf93f1561460fb5a03d2eaee977874fea98e9d15bcda9}{5cef8cb26ec0cf0cbc2bf93f1561460fb5a03d2eaee977874fea98e9d15bcda9} {5cef8cb26ec0cf0cbc2bf93f1561460fb5a03d2eaee977874fea98e9d15bcda9}{5cef8cb26ec0cf0cbc2bf93f1561460fb5a03d2eaee977874fea98e9d15bcda9}sep{5cef8cb26ec0cf0cbc2bf93f1561460fb5a03d2eaee977874fea98e9d15bcda9}{5cef8cb26ec0cf0cbc2bf93f1561460fb5a03d2eaee977874fea98e9d15bcda9} {5cef8cb26ec0cf0cbc2bf93f1561460fb5a03d2eaee977874fea98e9d15bcda9}{5cef8cb26ec0cf0cbc2bf93f1561460fb5a03d2eaee977874fea98e9d15bcda9}sitename{5cef8cb26ec0cf0cbc2bf93f1561460fb5a03d2eaee977874fea98e9d15bcda9}{5cef8cb26ec0cf0cbc2bf93f1561460fb5a03d2eaee977874fea98e9d15bcda9} de Can Tho\" \/>\n<meta property=\"og:description\" content=\"Ressources num\u00e9riques gratuites : il existe des applications gratuites permettant de faire des visioconf\u00e9rences.\" \/>\n<meta property=\"og:url\" content=\"https:\/\/efip.ctu.edu.vn\/web\/ressources-numeriques-gratuites-visioconferences\/\" \/>\n<meta property=\"og:site_name\" content=\"EFIP\" \/>\n<meta property=\"article:publisher\" content=\"https:\/\/www.facebook.com\/efipCanTho\" \/>\n<meta property=\"article:modified_time\" content=\"2025-05-02T14:18:45+00:00\" \/>\n<meta property=\"og:image\" content=\"https:\/\/efip.ctu.edu.vn\/web\/wp-content\/uploads\/2020\/08\/chris-montgomery-smgTvepind4-unsplash-scaled.jpg\" \/>\n\t<meta property=\"og:image:width\" content=\"2560\" \/>\n\t<meta property=\"og:image:height\" content=\"1920\" \/>\n\t<meta property=\"og:image:type\" content=\"image\/jpeg\" \/>\n<meta name=\"twitter:card\" content=\"summary_large_image\" \/>\n<meta name=\"twitter:label1\" content=\"Est. reading time\" \/>\n\t<meta name=\"twitter:data1\" content=\"1 minute\" \/>\n<script type=\"application\/ld+json\" class=\"yoast-schema-graph\">{\"@context\":\"https:\/\/schema.org\",\"@graph\":[{\"@type\":\"WebPage\",\"@id\":\"https:\/\/efip.ctu.edu.vn\/web\/ressources-numeriques-gratuites-visioconferences\/\",\"url\":\"https:\/\/efip.ctu.edu.vn\/web\/ressources-numeriques-gratuites-visioconferences\/\",\"name\":\"Ressources num\u00e9riques gratuites : {5cef8cb26ec0cf0cbc2bf93f1561460fb5a03d2eaee977874fea98e9d15bcda9}{5cef8cb26ec0cf0cbc2bf93f1561460fb5a03d2eaee977874fea98e9d15bcda9}title{5cef8cb26ec0cf0cbc2bf93f1561460fb5a03d2eaee977874fea98e9d15bcda9}{5cef8cb26ec0cf0cbc2bf93f1561460fb5a03d2eaee977874fea98e9d15bcda9} {5cef8cb26ec0cf0cbc2bf93f1561460fb5a03d2eaee977874fea98e9d15bcda9}{5cef8cb26ec0cf0cbc2bf93f1561460fb5a03d2eaee977874fea98e9d15bcda9}page{5cef8cb26ec0cf0cbc2bf93f1561460fb5a03d2eaee977874fea98e9d15bcda9}{5cef8cb26ec0cf0cbc2bf93f1561460fb5a03d2eaee977874fea98e9d15bcda9} {5cef8cb26ec0cf0cbc2bf93f1561460fb5a03d2eaee977874fea98e9d15bcda9}{5cef8cb26ec0cf0cbc2bf93f1561460fb5a03d2eaee977874fea98e9d15bcda9}sep{5cef8cb26ec0cf0cbc2bf93f1561460fb5a03d2eaee977874fea98e9d15bcda9}{5cef8cb26ec0cf0cbc2bf93f1561460fb5a03d2eaee977874fea98e9d15bcda9} {5cef8cb26ec0cf0cbc2bf93f1561460fb5a03d2eaee977874fea98e9d15bcda9}{5cef8cb26ec0cf0cbc2bf93f1561460fb5a03d2eaee977874fea98e9d15bcda9}sitename{5cef8cb26ec0cf0cbc2bf93f1561460fb5a03d2eaee977874fea98e9d15bcda9}{5cef8cb26ec0cf0cbc2bf93f1561460fb5a03d2eaee977874fea98e9d15bcda9} de Can Tho\",\"isPartOf\":{\"@id\":\"https:\/\/efip.ctu.edu.vn\/web\/#website\"},\"primaryImageOfPage\":{\"@id\":\"https:\/\/efip.ctu.edu.vn\/web\/ressources-numeriques-gratuites-visioconferences\/#primaryimage\"},\"image\":{\"@id\":\"https:\/\/efip.ctu.edu.vn\/web\/ressources-numeriques-gratuites-visioconferences\/#primaryimage\"},\"thumbnailUrl\":\"https:\/\/efip.ctu.edu.vn\/web\/wp-content\/uploads\/2025\/05\/chris-montgomery-smgTvepind4-unsplash-scaled.jpg\",\"datePublished\":\"2020-08-19T04:48:50+00:00\",\"dateModified\":\"2025-05-02T14:18:45+00:00\",\"description\":\"Ressources num\u00e9riques gratuites : il existe des applications gratuites permettant de faire des visioconf\u00e9rences.\",\"breadcrumb\":{\"@id\":\"https:\/\/efip.ctu.edu.vn\/web\/ressources-numeriques-gratuites-visioconferences\/#breadcrumb\"},\"inLanguage\":\"en-US\",\"potentialAction\":[{\"@type\":\"ReadAction\",\"target\":[\"https:\/\/efip.ctu.edu.vn\/web\/ressources-numeriques-gratuites-visioconferences\/\"]}]},{\"@type\":\"ImageObject\",\"inLanguage\":\"en-US\",\"@id\":\"https:\/\/efip.ctu.edu.vn\/web\/ressources-numeriques-gratuites-visioconferences\/#primaryimage\",\"url\":\"https:\/\/efip.ctu.edu.vn\/web\/wp-content\/uploads\/2025\/05\/chris-montgomery-smgTvepind4-unsplash-scaled.jpg\",\"contentUrl\":\"https:\/\/efip.ctu.edu.vn\/web\/wp-content\/uploads\/2025\/05\/chris-montgomery-smgTvepind4-unsplash-scaled.jpg\",\"width\":2560,\"height\":1920},{\"@type\":\"BreadcrumbList\",\"@id\":\"https:\/\/efip.ctu.edu.vn\/web\/ressources-numeriques-gratuites-visioconferences\/#breadcrumb\",\"itemListElement\":[{\"@type\":\"ListItem\",\"position\":1,\"name\":\"Accueil\",\"item\":\"https:\/\/efip.ctu.edu.vn\/web\/\"},{\"@type\":\"ListItem\",\"position\":2,\"name\":\"Visioconf\u00e9rences\"}]},{\"@type\":\"WebSite\",\"@id\":\"https:\/\/efip.ctu.edu.vn\/web\/#website\",\"url\":\"https:\/\/efip.ctu.edu.vn\/web\/\",\"name\":\"EFIP de Can Tho\",\"description\":\"Espace Francophone d&#039;Innovation et de Partenariat\",\"publisher\":{\"@id\":\"https:\/\/efip.ctu.edu.vn\/web\/#organization\"},\"potentialAction\":[{\"@type\":\"SearchAction\",\"target\":{\"@type\":\"EntryPoint\",\"urlTemplate\":\"https:\/\/efip.ctu.edu.vn\/web\/?s={search_term_string}\"},\"query-input\":{\"@type\":\"PropertyValueSpecification\",\"valueRequired\":true,\"valueName\":\"search_term_string\"}}],\"inLanguage\":\"en-US\"},{\"@type\":\"Organization\",\"@id\":\"https:\/\/efip.ctu.edu.vn\/web\/#organization\",\"name\":\"EFIP\",\"url\":\"https:\/\/efip.ctu.edu.vn\/web\/\",\"logo\":{\"@type\":\"ImageObject\",\"inLanguage\":\"en-US\",\"@id\":\"https:\/\/efip.ctu.edu.vn\/web\/#\/schema\/logo\/image\/\",\"url\":\"https:\/\/efip.ctu.edu.vn\/web\/wp-content\/uploads\/2025\/05\/efip2-150x89-1.jpg\",\"contentUrl\":\"https:\/\/efip.ctu.edu.vn\/web\/wp-content\/uploads\/2025\/05\/efip2-150x89-1.jpg\",\"width\":150,\"height\":89,\"caption\":\"EFIP\"},\"image\":{\"@id\":\"https:\/\/efip.ctu.edu.vn\/web\/#\/schema\/logo\/image\/\"},\"sameAs\":[\"https:\/\/www.facebook.com\/efipCanTho\"]}]}<\/script>\n<!-- \/ Yoast SEO plugin. -->","yoast_head_json":{"title":"Ressources num\u00e9riques gratuites : {5cef8cb26ec0cf0cbc2bf93f1561460fb5a03d2eaee977874fea98e9d15bcda9}{5cef8cb26ec0cf0cbc2bf93f1561460fb5a03d2eaee977874fea98e9d15bcda9}title{5cef8cb26ec0cf0cbc2bf93f1561460fb5a03d2eaee977874fea98e9d15bcda9}{5cef8cb26ec0cf0cbc2bf93f1561460fb5a03d2eaee977874fea98e9d15bcda9} {5cef8cb26ec0cf0cbc2bf93f1561460fb5a03d2eaee977874fea98e9d15bcda9}{5cef8cb26ec0cf0cbc2bf93f1561460fb5a03d2eaee977874fea98e9d15bcda9}page{5cef8cb26ec0cf0cbc2bf93f1561460fb5a03d2eaee977874fea98e9d15bcda9}{5cef8cb26ec0cf0cbc2bf93f1561460fb5a03d2eaee977874fea98e9d15bcda9} {5cef8cb26ec0cf0cbc2bf93f1561460fb5a03d2eaee977874fea98e9d15bcda9}{5cef8cb26ec0cf0cbc2bf93f1561460fb5a03d2eaee977874fea98e9d15bcda9}sep{5cef8cb26ec0cf0cbc2bf93f1561460fb5a03d2eaee977874fea98e9d15bcda9}{5cef8cb26ec0cf0cbc2bf93f1561460fb5a03d2eaee977874fea98e9d15bcda9} {5cef8cb26ec0cf0cbc2bf93f1561460fb5a03d2eaee977874fea98e9d15bcda9}{5cef8cb26ec0cf0cbc2bf93f1561460fb5a03d2eaee977874fea98e9d15bcda9}sitename{5cef8cb26ec0cf0cbc2bf93f1561460fb5a03d2eaee977874fea98e9d15bcda9}{5cef8cb26ec0cf0cbc2bf93f1561460fb5a03d2eaee977874fea98e9d15bcda9} de Can Tho","description":"Ressources num\u00e9riques gratuites : il existe des applications gratuites permettant de faire des visioconf\u00e9rences.","robots":{"index":"index","follow":"follow","max-snippet":"max-snippet:-1","max-image-preview":"max-image-preview:large","max-video-preview":"max-video-preview:-1"},"canonical":"https:\/\/efip.ctu.edu.vn\/web\/ressources-numeriques-gratuites-visioconferences\/","og_locale":"en_US","og_type":"article","og_title":"Ressources num\u00e9riques gratuites : {5cef8cb26ec0cf0cbc2bf93f1561460fb5a03d2eaee977874fea98e9d15bcda9}{5cef8cb26ec0cf0cbc2bf93f1561460fb5a03d2eaee977874fea98e9d15bcda9}title{5cef8cb26ec0cf0cbc2bf93f1561460fb5a03d2eaee977874fea98e9d15bcda9}{5cef8cb26ec0cf0cbc2bf93f1561460fb5a03d2eaee977874fea98e9d15bcda9} {5cef8cb26ec0cf0cbc2bf93f1561460fb5a03d2eaee977874fea98e9d15bcda9}{5cef8cb26ec0cf0cbc2bf93f1561460fb5a03d2eaee977874fea98e9d15bcda9}page{5cef8cb26ec0cf0cbc2bf93f1561460fb5a03d2eaee977874fea98e9d15bcda9}{5cef8cb26ec0cf0cbc2bf93f1561460fb5a03d2eaee977874fea98e9d15bcda9} {5cef8cb26ec0cf0cbc2bf93f1561460fb5a03d2eaee977874fea98e9d15bcda9}{5cef8cb26ec0cf0cbc2bf93f1561460fb5a03d2eaee977874fea98e9d15bcda9}sep{5cef8cb26ec0cf0cbc2bf93f1561460fb5a03d2eaee977874fea98e9d15bcda9}{5cef8cb26ec0cf0cbc2bf93f1561460fb5a03d2eaee977874fea98e9d15bcda9} {5cef8cb26ec0cf0cbc2bf93f1561460fb5a03d2eaee977874fea98e9d15bcda9}{5cef8cb26ec0cf0cbc2bf93f1561460fb5a03d2eaee977874fea98e9d15bcda9}sitename{5cef8cb26ec0cf0cbc2bf93f1561460fb5a03d2eaee977874fea98e9d15bcda9}{5cef8cb26ec0cf0cbc2bf93f1561460fb5a03d2eaee977874fea98e9d15bcda9} de Can Tho","og_description":"Ressources num\u00e9riques gratuites : il existe des applications gratuites permettant de faire des visioconf\u00e9rences.","og_url":"https:\/\/efip.ctu.edu.vn\/web\/ressources-numeriques-gratuites-visioconferences\/","og_site_name":"EFIP","article_publisher":"https:\/\/www.facebook.com\/efipCanTho","article_modified_time":"2025-05-02T14:18:45+00:00","og_image":[{"width":2560,"height":1920,"url":"https:\/\/efip.ctu.edu.vn\/web\/wp-content\/uploads\/2020\/08\/chris-montgomery-smgTvepind4-unsplash-scaled.jpg","type":"image\/jpeg"}],"twitter_card":"summary_large_image","twitter_misc":{"Est. reading time":"1 minute"},"schema":{"@context":"https:\/\/schema.org","@graph":[{"@type":"WebPage","@id":"https:\/\/efip.ctu.edu.vn\/web\/ressources-numeriques-gratuites-visioconferences\/","url":"https:\/\/efip.ctu.edu.vn\/web\/ressources-numeriques-gratuites-visioconferences\/","name":"Ressources num\u00e9riques gratuites : {5cef8cb26ec0cf0cbc2bf93f1561460fb5a03d2eaee977874fea98e9d15bcda9}{5cef8cb26ec0cf0cbc2bf93f1561460fb5a03d2eaee977874fea98e9d15bcda9}title{5cef8cb26ec0cf0cbc2bf93f1561460fb5a03d2eaee977874fea98e9d15bcda9}{5cef8cb26ec0cf0cbc2bf93f1561460fb5a03d2eaee977874fea98e9d15bcda9} {5cef8cb26ec0cf0cbc2bf93f1561460fb5a03d2eaee977874fea98e9d15bcda9}{5cef8cb26ec0cf0cbc2bf93f1561460fb5a03d2eaee977874fea98e9d15bcda9}page{5cef8cb26ec0cf0cbc2bf93f1561460fb5a03d2eaee977874fea98e9d15bcda9}{5cef8cb26ec0cf0cbc2bf93f1561460fb5a03d2eaee977874fea98e9d15bcda9} {5cef8cb26ec0cf0cbc2bf93f1561460fb5a03d2eaee977874fea98e9d15bcda9}{5cef8cb26ec0cf0cbc2bf93f1561460fb5a03d2eaee977874fea98e9d15bcda9}sep{5cef8cb26ec0cf0cbc2bf93f1561460fb5a03d2eaee977874fea98e9d15bcda9}{5cef8cb26ec0cf0cbc2bf93f1561460fb5a03d2eaee977874fea98e9d15bcda9} {5cef8cb26ec0cf0cbc2bf93f1561460fb5a03d2eaee977874fea98e9d15bcda9}{5cef8cb26ec0cf0cbc2bf93f1561460fb5a03d2eaee977874fea98e9d15bcda9}sitename{5cef8cb26ec0cf0cbc2bf93f1561460fb5a03d2eaee977874fea98e9d15bcda9}{5cef8cb26ec0cf0cbc2bf93f1561460fb5a03d2eaee977874fea98e9d15bcda9} de Can Tho","isPartOf":{"@id":"https:\/\/efip.ctu.edu.vn\/web\/#website"},"primaryImageOfPage":{"@id":"https:\/\/efip.ctu.edu.vn\/web\/ressources-numeriques-gratuites-visioconferences\/#primaryimage"},"image":{"@id":"https:\/\/efip.ctu.edu.vn\/web\/ressources-numeriques-gratuites-visioconferences\/#primaryimage"},"thumbnailUrl":"https:\/\/efip.ctu.edu.vn\/web\/wp-content\/uploads\/2025\/05\/chris-montgomery-smgTvepind4-unsplash-scaled.jpg","datePublished":"2020-08-19T04:48:50+00:00","dateModified":"2025-05-02T14:18:45+00:00","description":"Ressources num\u00e9riques gratuites : il existe des applications gratuites permettant de faire des visioconf\u00e9rences.","breadcrumb":{"@id":"https:\/\/efip.ctu.edu.vn\/web\/ressources-numeriques-gratuites-visioconferences\/#breadcrumb"},"inLanguage":"en-US","potentialAction":[{"@type":"ReadAction","target":["https:\/\/efip.ctu.edu.vn\/web\/ressources-numeriques-gratuites-visioconferences\/"]}]},{"@type":"ImageObject","inLanguage":"en-US","@id":"https:\/\/efip.ctu.edu.vn\/web\/ressources-numeriques-gratuites-visioconferences\/#primaryimage","url":"https:\/\/efip.ctu.edu.vn\/web\/wp-content\/uploads\/2025\/05\/chris-montgomery-smgTvepind4-unsplash-scaled.jpg","contentUrl":"https:\/\/efip.ctu.edu.vn\/web\/wp-content\/uploads\/2025\/05\/chris-montgomery-smgTvepind4-unsplash-scaled.jpg","width":2560,"height":1920},{"@type":"BreadcrumbList","@id":"https:\/\/efip.ctu.edu.vn\/web\/ressources-numeriques-gratuites-visioconferences\/#breadcrumb","itemListElement":[{"@type":"ListItem","position":1,"name":"Accueil","item":"https:\/\/efip.ctu.edu.vn\/web\/"},{"@type":"ListItem","position":2,"name":"Visioconf\u00e9rences"}]},{"@type":"WebSite","@id":"https:\/\/efip.ctu.edu.vn\/web\/#website","url":"https:\/\/efip.ctu.edu.vn\/web\/","name":"EFIP de Can Tho","description":"Espace Francophone d&#039;Innovation et de Partenariat","publisher":{"@id":"https:\/\/efip.ctu.edu.vn\/web\/#organization"},"potentialAction":[{"@type":"SearchAction","target":{"@type":"EntryPoint","urlTemplate":"https:\/\/efip.ctu.edu.vn\/web\/?s={search_term_string}"},"query-input":{"@type":"PropertyValueSpecification","valueRequired":true,"valueName":"search_term_string"}}],"inLanguage":"en-US"},{"@type":"Organization","@id":"https:\/\/efip.ctu.edu.vn\/web\/#organization","name":"EFIP","url":"https:\/\/efip.ctu.edu.vn\/web\/","logo":{"@type":"ImageObject","inLanguage":"en-US","@id":"https:\/\/efip.ctu.edu.vn\/web\/#\/schema\/logo\/image\/","url":"https:\/\/efip.ctu.edu.vn\/web\/wp-content\/uploads\/2025\/05\/efip2-150x89-1.jpg","contentUrl":"https:\/\/efip.ctu.edu.vn\/web\/wp-content\/uploads\/2025\/05\/efip2-150x89-1.jpg","width":150,"height":89,"caption":"EFIP"},"image":{"@id":"https:\/\/efip.ctu.edu.vn\/web\/#\/schema\/logo\/image\/"},"sameAs":["https:\/\/www.facebook.com\/efipCanTho"]}]}},"_links":{"self":[{"href":"https:\/\/efip.ctu.edu.vn\/web\/wp-json\/wp\/v2\/pages\/1947","targetHints":{"allow":["GET"]}}],"collection":[{"href":"https:\/\/efip.ctu.edu.vn\/web\/wp-json\/wp\/v2\/pages"}],"about":[{"href":"https:\/\/efip.ctu.edu.vn\/web\/wp-json\/wp\/v2\/types\/page"}],"author":[{"embeddable":true,"href":"https:\/\/efip.ctu.edu.vn\/web\/wp-json\/wp\/v2\/users\/3"}],"replies":[{"embeddable":true,"href":"https:\/\/efip.ctu.edu.vn\/web\/wp-json\/wp\/v2\/comments?post=1947"}],"version-history":[{"count":14,"href":"https:\/\/efip.ctu.edu.vn\/web\/wp-json\/wp\/v2\/pages\/1947\/revisions"}],"predecessor-version":[{"id":4329,"href":"https:\/\/efip.ctu.edu.vn\/web\/wp-json\/wp\/v2\/pages\/1947\/revisions\/4329"}],"wp:featuredmedia":[{"embeddable":true,"href":"https:\/\/efip.ctu.edu.vn\/web\/wp-json\/wp\/v2\/media\/4325"}],"wp:attachment":[{"href":"https:\/\/efip.ctu.edu.vn\/web\/wp-json\/wp\/v2\/media?parent=1947"}],"curies":[{"name":"wp","href":"https:\/\/api.w.org\/{rel}","templated":true}]}}