{"id":1737,"date":"2020-07-08T10:03:59","date_gmt":"2020-07-08T03:03:59","guid":{"rendered":"https:\/\/efip.ctu.edu.vn\/web\/?page_id=1737"},"modified":"2020-07-08T10:03:59","modified_gmt":"2020-07-08T03:03:59","slug":"webinaire-ase-2018-bilan-enjeux-et-perspectives","status":"publish","type":"page","link":"https:\/\/efip.ctu.edu.vn\/web\/webinaire-ase-2018-bilan-enjeux-et-perspectives\/","title":{"rendered":"L\u2019Asie du Sud-Est 2018 &#8211; Bilan, enjeux et perspectives"},"content":{"rendered":"\n<p><em>Lors d&#8217;une conf\u00e9rence donn\u00e9e \u00e0 l&#8217;Alliance fran\u00e7aise de Bangkok le 21 mai 2018, Claire Thi Li\u00ean TRAN, Abiga\u00ebl PESSES et St\u00e9phane RENNESSON ont pr\u00e9sent\u00e9 leur ouvrage L&#8217;Asie du Sud-Est 2018 &#8211; Bilan, enjeux et perspectives.<\/em><\/p>\n\n\n\n<figure class=\"wp-block-embed-youtube wp-block-embed is-type-video is-provider-youtube wp-embed-aspect-16-9 wp-has-aspect-ratio\"><div class=\"wp-block-embed__wrapper\">\n<iframe title=\"L\u2019Asie du Sud-Est 2018 - Bilan, enjeux et perspectives\" width=\"660\" height=\"371\" src=\"https:\/\/www.youtube.com\/embed\/t-cpGSDxoPs?feature=oembed\" frameborder=\"0\" allow=\"accelerometer; autoplay; clipboard-write; encrypted-media; gyroscope; picture-in-picture; web-share\" referrerpolicy=\"strict-origin-when-cross-origin\" allowfullscreen><\/iframe>\n<\/div><\/figure>\n\n\n\n<p>L\u2019Asie du Sud-Est 2018 propose une analyse synth\u00e9tique et d\u00e9taill\u00e9e des principaux \u00e9v\u00e9nements politiques, \u00e9conomiques et sociaux survenus en 2017 dans les onze pays de la r\u00e9gion. Elle est compl\u00e9t\u00e9e par une mise en lumi\u00e8re de personnalit\u00e9s marquantes et de l&#8217;actualit\u00e9 significative. Ce livre propose \u00e9galement des dossiers th\u00e9matiques : la question des classes moyennes, celle des populismes et des usages d\u2019Internet, le d\u00e9veloppement des relations Asean-Union europ\u00e9enne et les enjeux sanitaires pos\u00e9s par l\u2019\u00e9rosion de la biodiversit\u00e9. Une chronologie des \u00e9v\u00e9nements des douze derniers mois, une fiche de donn\u00e9es socio-\u00e9conomiques actualis\u00e9es par pays et un inventaire des conflits territoriaux dans la r\u00e9gion sont aussi joints \u00e0 l&#8217;ouvrage.<\/p>\n\n\n\n<p>Pour plus d&#8217;informations sur ce livre : <a href=\"https:\/\/www.youtube.com\/redirect?q=http{5cef8cb26ec0cf0cbc2bf93f1561460fb5a03d2eaee977874fea98e9d15bcda9}3A{5cef8cb26ec0cf0cbc2bf93f1561460fb5a03d2eaee977874fea98e9d15bcda9}2F{5cef8cb26ec0cf0cbc2bf93f1561460fb5a03d2eaee977874fea98e9d15bcda9}2Fwww.irasec.com{5cef8cb26ec0cf0cbc2bf93f1561460fb5a03d2eaee977874fea98e9d15bcda9}2Fouvrage145&amp;event=video_description&amp;v=t-cpGSDxoPs&amp;redir_token=-ejZpsx4qJEbm8SLL_Enkq1LvU18MTU5NDI2MDI4NUAxNTk0MTczODg1\" rel=\"noreferrer noopener\" target=\"_blank\">http:\/\/www.irasec.com\/ouvrage145<\/a><\/p>\n\n\n\n<p><\/p>\n\n\n\n<p>Si la vid\u00e9o n\u2019appara\u00eet pas, cliquez ici pour voir la pr\u00e9sentation : <a href=\"https:\/\/youtu.be\/t-cpGSDxoPs\" target=\"_blank\" aria-label=\"undefined (s\u2019ouvre dans un nouvel onglet)\" rel=\"noreferrer noopener\">https:\/\/youtu.be\/t-cpGSDxoPs<\/a>.<\/p>\n\n\n\n<p>Pour d\u2019autres webinaires :\u00a0<a rel=\"noreferrer noopener\" href=\"https:\/\/efip.ctu.edu.vn\/web\/webinaires\/\" target=\"_blank\">https:\/\/efip.ctu.edu.vn\/web\/webinaires\/<\/a><\/p>\n\n\n\n<p><\/p>\n\n\n\n<p class=\"has-text-align-right\"><em>Mise \u00e0 jour le 8 juillet 2020.<\/em><\/p>\n","protected":false},"excerpt":{"rendered":"<p>Lors d&#8217;une conf\u00e9rence donn\u00e9e \u00e0 l&#8217;Alliance fran\u00e7aise de Bangkok le 21 mai 2018, Claire Thi Li\u00ean TRAN, Abiga\u00ebl PESSES et &hellip; <br \/><a href=\"https:\/\/efip.ctu.edu.vn\/web\/webinaire-ase-2018-bilan-enjeux-et-perspectives\/\" class=\"more-link\">Continue reading <span class=\"screen-reader-text\">L\u2019Asie du Sud-Est 2018 &#8211; Bilan, enjeux et perspectives<\/span><\/a><\/p>\n","protected":false},"author":3,"featured_media":1739,"parent":0,"menu_order":0,"comment_status":"closed","ping_status":"closed","template":"","meta":{"footnotes":""},"class_list":["post-1737","page","type-page","status-publish","has-post-thumbnail","hentry"],"yoast_head":"<!-- This site is optimized with the Yoast SEO plugin v25.0 - https:\/\/yoast.com\/wordpress\/plugins\/seo\/ -->\n<title>L\u2019Asie du Sud-Est 2018 - Bilan, enjeux et perspectives - EFIP<\/title>\n<meta name=\"description\" content=\"Claire Thi Li\u00ean TRAN, Abiga\u00ebl PESSES et St\u00e9phane RENNESSON ont pr\u00e9sent\u00e9 leur ouvrage L&#039;Asie du Sud-Est 2018 - Bilan, enjeux et perspectives.\" \/>\n<meta name=\"robots\" content=\"index, follow, max-snippet:-1, max-image-preview:large, max-video-preview:-1\" \/>\n<link rel=\"canonical\" href=\"https:\/\/efip.ctu.edu.vn\/web\/webinaire-ase-2018-bilan-enjeux-et-perspectives\/\" \/>\n<meta property=\"og:locale\" content=\"en_US\" \/>\n<meta property=\"og:type\" content=\"article\" \/>\n<meta property=\"og:title\" content=\"L\u2019Asie du Sud-Est 2018 - Bilan, enjeux et perspectives - EFIP\" \/>\n<meta property=\"og:description\" content=\"Claire Thi Li\u00ean TRAN, Abiga\u00ebl PESSES et St\u00e9phane RENNESSON ont pr\u00e9sent\u00e9 leur ouvrage L&#039;Asie du Sud-Est 2018 - Bilan, enjeux et perspectives.\" \/>\n<meta property=\"og:url\" content=\"https:\/\/efip.ctu.edu.vn\/web\/webinaire-ase-2018-bilan-enjeux-et-perspectives\/\" \/>\n<meta property=\"og:site_name\" content=\"EFIP\" \/>\n<meta property=\"article:publisher\" content=\"https:\/\/www.facebook.com\/efipCanTho\" \/>\n<meta property=\"og:image\" content=\"https:\/\/efip.ctu.edu.vn\/web\/wp-content\/uploads\/2020\/07\/ASE2018BilanEnjeuxPerspectives.jpg\" \/>\n\t<meta property=\"og:image:width\" content=\"192\" \/>\n\t<meta property=\"og:image:height\" content=\"262\" \/>\n\t<meta property=\"og:image:type\" content=\"image\/jpeg\" \/>\n<meta name=\"twitter:card\" content=\"summary_large_image\" \/>\n<meta name=\"twitter:label1\" content=\"Est. reading time\" \/>\n\t<meta name=\"twitter:data1\" content=\"1 minute\" \/>\n<script type=\"application\/ld+json\" class=\"yoast-schema-graph\">{\"@context\":\"https:\/\/schema.org\",\"@graph\":[{\"@type\":\"WebPage\",\"@id\":\"https:\/\/efip.ctu.edu.vn\/web\/webinaire-ase-2018-bilan-enjeux-et-perspectives\/\",\"url\":\"https:\/\/efip.ctu.edu.vn\/web\/webinaire-ase-2018-bilan-enjeux-et-perspectives\/\",\"name\":\"L\u2019Asie du Sud-Est 2018 - Bilan, enjeux et perspectives - EFIP\",\"isPartOf\":{\"@id\":\"https:\/\/efip.ctu.edu.vn\/web\/#website\"},\"primaryImageOfPage\":{\"@id\":\"https:\/\/efip.ctu.edu.vn\/web\/webinaire-ase-2018-bilan-enjeux-et-perspectives\/#primaryimage\"},\"image\":{\"@id\":\"https:\/\/efip.ctu.edu.vn\/web\/webinaire-ase-2018-bilan-enjeux-et-perspectives\/#primaryimage\"},\"thumbnailUrl\":\"https:\/\/efip.ctu.edu.vn\/web\/wp-content\/uploads\/2020\/07\/ASE2018BilanEnjeuxPerspectives.jpg\",\"datePublished\":\"2020-07-08T03:03:59+00:00\",\"description\":\"Claire Thi Li\u00ean TRAN, Abiga\u00ebl PESSES et St\u00e9phane RENNESSON ont pr\u00e9sent\u00e9 leur ouvrage L'Asie du Sud-Est 2018 - Bilan, enjeux et perspectives.\",\"breadcrumb\":{\"@id\":\"https:\/\/efip.ctu.edu.vn\/web\/webinaire-ase-2018-bilan-enjeux-et-perspectives\/#breadcrumb\"},\"inLanguage\":\"en-US\",\"potentialAction\":[{\"@type\":\"ReadAction\",\"target\":[\"https:\/\/efip.ctu.edu.vn\/web\/webinaire-ase-2018-bilan-enjeux-et-perspectives\/\"]}]},{\"@type\":\"ImageObject\",\"inLanguage\":\"en-US\",\"@id\":\"https:\/\/efip.ctu.edu.vn\/web\/webinaire-ase-2018-bilan-enjeux-et-perspectives\/#primaryimage\",\"url\":\"https:\/\/efip.ctu.edu.vn\/web\/wp-content\/uploads\/2020\/07\/ASE2018BilanEnjeuxPerspectives.jpg\",\"contentUrl\":\"https:\/\/efip.ctu.edu.vn\/web\/wp-content\/uploads\/2020\/07\/ASE2018BilanEnjeuxPerspectives.jpg\",\"width\":192,\"height\":262,\"caption\":\"Asie du Sud-Est 2018 - Bilan, enjeux et perspectives\"},{\"@type\":\"BreadcrumbList\",\"@id\":\"https:\/\/efip.ctu.edu.vn\/web\/webinaire-ase-2018-bilan-enjeux-et-perspectives\/#breadcrumb\",\"itemListElement\":[{\"@type\":\"ListItem\",\"position\":1,\"name\":\"Accueil\",\"item\":\"https:\/\/efip.ctu.edu.vn\/web\/\"},{\"@type\":\"ListItem\",\"position\":2,\"name\":\"L\u2019Asie du Sud-Est 2018 &#8211; Bilan, enjeux et perspectives\"}]},{\"@type\":\"WebSite\",\"@id\":\"https:\/\/efip.ctu.edu.vn\/web\/#website\",\"url\":\"https:\/\/efip.ctu.edu.vn\/web\/\",\"name\":\"EFIP de Can Tho\",\"description\":\"Espace Francophone d&#039;Innovation et de Partenariat\",\"publisher\":{\"@id\":\"https:\/\/efip.ctu.edu.vn\/web\/#organization\"},\"potentialAction\":[{\"@type\":\"SearchAction\",\"target\":{\"@type\":\"EntryPoint\",\"urlTemplate\":\"https:\/\/efip.ctu.edu.vn\/web\/?s={search_term_string}\"},\"query-input\":{\"@type\":\"PropertyValueSpecification\",\"valueRequired\":true,\"valueName\":\"search_term_string\"}}],\"inLanguage\":\"en-US\"},{\"@type\":\"Organization\",\"@id\":\"https:\/\/efip.ctu.edu.vn\/web\/#organization\",\"name\":\"EFIP\",\"url\":\"https:\/\/efip.ctu.edu.vn\/web\/\",\"logo\":{\"@type\":\"ImageObject\",\"inLanguage\":\"en-US\",\"@id\":\"https:\/\/efip.ctu.edu.vn\/web\/#\/schema\/logo\/image\/\",\"url\":\"https:\/\/efip.ctu.edu.vn\/web\/wp-content\/uploads\/2025\/05\/efip2-150x89-1.jpg\",\"contentUrl\":\"https:\/\/efip.ctu.edu.vn\/web\/wp-content\/uploads\/2025\/05\/efip2-150x89-1.jpg\",\"width\":150,\"height\":89,\"caption\":\"EFIP\"},\"image\":{\"@id\":\"https:\/\/efip.ctu.edu.vn\/web\/#\/schema\/logo\/image\/\"},\"sameAs\":[\"https:\/\/www.facebook.com\/efipCanTho\"]}]}<\/script>\n<!-- \/ Yoast SEO plugin. -->","yoast_head_json":{"title":"L\u2019Asie du Sud-Est 2018 - Bilan, enjeux et perspectives - EFIP","description":"Claire Thi Li\u00ean TRAN, Abiga\u00ebl PESSES et St\u00e9phane RENNESSON ont pr\u00e9sent\u00e9 leur ouvrage L'Asie du Sud-Est 2018 - Bilan, enjeux et perspectives.","robots":{"index":"index","follow":"follow","max-snippet":"max-snippet:-1","max-image-preview":"max-image-preview:large","max-video-preview":"max-video-preview:-1"},"canonical":"https:\/\/efip.ctu.edu.vn\/web\/webinaire-ase-2018-bilan-enjeux-et-perspectives\/","og_locale":"en_US","og_type":"article","og_title":"L\u2019Asie du Sud-Est 2018 - Bilan, enjeux et perspectives - EFIP","og_description":"Claire Thi Li\u00ean TRAN, Abiga\u00ebl PESSES et St\u00e9phane RENNESSON ont pr\u00e9sent\u00e9 leur ouvrage L'Asie du Sud-Est 2018 - Bilan, enjeux et perspectives.","og_url":"https:\/\/efip.ctu.edu.vn\/web\/webinaire-ase-2018-bilan-enjeux-et-perspectives\/","og_site_name":"EFIP","article_publisher":"https:\/\/www.facebook.com\/efipCanTho","og_image":[{"width":192,"height":262,"url":"https:\/\/efip.ctu.edu.vn\/web\/wp-content\/uploads\/2020\/07\/ASE2018BilanEnjeuxPerspectives.jpg","type":"image\/jpeg"}],"twitter_card":"summary_large_image","twitter_misc":{"Est. reading time":"1 minute"},"schema":{"@context":"https:\/\/schema.org","@graph":[{"@type":"WebPage","@id":"https:\/\/efip.ctu.edu.vn\/web\/webinaire-ase-2018-bilan-enjeux-et-perspectives\/","url":"https:\/\/efip.ctu.edu.vn\/web\/webinaire-ase-2018-bilan-enjeux-et-perspectives\/","name":"L\u2019Asie du Sud-Est 2018 - Bilan, enjeux et perspectives - EFIP","isPartOf":{"@id":"https:\/\/efip.ctu.edu.vn\/web\/#website"},"primaryImageOfPage":{"@id":"https:\/\/efip.ctu.edu.vn\/web\/webinaire-ase-2018-bilan-enjeux-et-perspectives\/#primaryimage"},"image":{"@id":"https:\/\/efip.ctu.edu.vn\/web\/webinaire-ase-2018-bilan-enjeux-et-perspectives\/#primaryimage"},"thumbnailUrl":"https:\/\/efip.ctu.edu.vn\/web\/wp-content\/uploads\/2020\/07\/ASE2018BilanEnjeuxPerspectives.jpg","datePublished":"2020-07-08T03:03:59+00:00","description":"Claire Thi Li\u00ean TRAN, Abiga\u00ebl PESSES et St\u00e9phane RENNESSON ont pr\u00e9sent\u00e9 leur ouvrage L'Asie du Sud-Est 2018 - Bilan, enjeux et perspectives.","breadcrumb":{"@id":"https:\/\/efip.ctu.edu.vn\/web\/webinaire-ase-2018-bilan-enjeux-et-perspectives\/#breadcrumb"},"inLanguage":"en-US","potentialAction":[{"@type":"ReadAction","target":["https:\/\/efip.ctu.edu.vn\/web\/webinaire-ase-2018-bilan-enjeux-et-perspectives\/"]}]},{"@type":"ImageObject","inLanguage":"en-US","@id":"https:\/\/efip.ctu.edu.vn\/web\/webinaire-ase-2018-bilan-enjeux-et-perspectives\/#primaryimage","url":"https:\/\/efip.ctu.edu.vn\/web\/wp-content\/uploads\/2020\/07\/ASE2018BilanEnjeuxPerspectives.jpg","contentUrl":"https:\/\/efip.ctu.edu.vn\/web\/wp-content\/uploads\/2020\/07\/ASE2018BilanEnjeuxPerspectives.jpg","width":192,"height":262,"caption":"Asie du Sud-Est 2018 - Bilan, enjeux et perspectives"},{"@type":"BreadcrumbList","@id":"https:\/\/efip.ctu.edu.vn\/web\/webinaire-ase-2018-bilan-enjeux-et-perspectives\/#breadcrumb","itemListElement":[{"@type":"ListItem","position":1,"name":"Accueil","item":"https:\/\/efip.ctu.edu.vn\/web\/"},{"@type":"ListItem","position":2,"name":"L\u2019Asie du Sud-Est 2018 &#8211; Bilan, enjeux et perspectives"}]},{"@type":"WebSite","@id":"https:\/\/efip.ctu.edu.vn\/web\/#website","url":"https:\/\/efip.ctu.edu.vn\/web\/","name":"EFIP de Can Tho","description":"Espace Francophone d&#039;Innovation et de Partenariat","publisher":{"@id":"https:\/\/efip.ctu.edu.vn\/web\/#organization"},"potentialAction":[{"@type":"SearchAction","target":{"@type":"EntryPoint","urlTemplate":"https:\/\/efip.ctu.edu.vn\/web\/?s={search_term_string}"},"query-input":{"@type":"PropertyValueSpecification","valueRequired":true,"valueName":"search_term_string"}}],"inLanguage":"en-US"},{"@type":"Organization","@id":"https:\/\/efip.ctu.edu.vn\/web\/#organization","name":"EFIP","url":"https:\/\/efip.ctu.edu.vn\/web\/","logo":{"@type":"ImageObject","inLanguage":"en-US","@id":"https:\/\/efip.ctu.edu.vn\/web\/#\/schema\/logo\/image\/","url":"https:\/\/efip.ctu.edu.vn\/web\/wp-content\/uploads\/2025\/05\/efip2-150x89-1.jpg","contentUrl":"https:\/\/efip.ctu.edu.vn\/web\/wp-content\/uploads\/2025\/05\/efip2-150x89-1.jpg","width":150,"height":89,"caption":"EFIP"},"image":{"@id":"https:\/\/efip.ctu.edu.vn\/web\/#\/schema\/logo\/image\/"},"sameAs":["https:\/\/www.facebook.com\/efipCanTho"]}]}},"_links":{"self":[{"href":"https:\/\/efip.ctu.edu.vn\/web\/wp-json\/wp\/v2\/pages\/1737","targetHints":{"allow":["GET"]}}],"collection":[{"href":"https:\/\/efip.ctu.edu.vn\/web\/wp-json\/wp\/v2\/pages"}],"about":[{"href":"https:\/\/efip.ctu.edu.vn\/web\/wp-json\/wp\/v2\/types\/page"}],"author":[{"embeddable":true,"href":"https:\/\/efip.ctu.edu.vn\/web\/wp-json\/wp\/v2\/users\/3"}],"replies":[{"embeddable":true,"href":"https:\/\/efip.ctu.edu.vn\/web\/wp-json\/wp\/v2\/comments?post=1737"}],"version-history":[{"count":1,"href":"https:\/\/efip.ctu.edu.vn\/web\/wp-json\/wp\/v2\/pages\/1737\/revisions"}],"predecessor-version":[{"id":1740,"href":"https:\/\/efip.ctu.edu.vn\/web\/wp-json\/wp\/v2\/pages\/1737\/revisions\/1740"}],"wp:featuredmedia":[{"embeddable":true,"href":"https:\/\/efip.ctu.edu.vn\/web\/wp-json\/wp\/v2\/media\/1739"}],"wp:attachment":[{"href":"https:\/\/efip.ctu.edu.vn\/web\/wp-json\/wp\/v2\/media?parent=1737"}],"curies":[{"name":"wp","href":"https:\/\/api.w.org\/{rel}","templated":true}]}}