{"id":1722,"date":"2020-07-08T08:57:54","date_gmt":"2020-07-08T01:57:54","guid":{"rendered":"https:\/\/efip.ctu.edu.vn\/web\/?page_id=1722"},"modified":"2020-07-08T08:57:55","modified_gmt":"2020-07-08T01:57:55","slug":"webinaire-comprendre-la-thailande","status":"publish","type":"page","link":"https:\/\/efip.ctu.edu.vn\/web\/webinaire-comprendre-la-thailande\/","title":{"rendered":"Comprendre la Tha\u00eflande avec Eug\u00e9nie M\u00c9RIEAU"},"content":{"rendered":"\n<p><em>Dans une conf\u00e9rence pr\u00e9sent\u00e9e le 10 janvier 2019 \u00e0 l&#8217;Alliance Fran\u00e7aise de Bangkok, Eug\u00e9nie M\u00e9rieau analyse la Tha\u00eflande au regard de ses mythes fondateurs, son rapport \u00e0 la \u00abkhwampenthai\u00bb et sa dimension institutionnelle avec une analyse de la fonction royale.<\/em> <em>Carol Isoux et St\u00e9phane Rennesson participent \u00e0 cette discussion-d\u00e9bat.<\/em><\/p>\n\n\n\n<figure class=\"wp-block-embed-youtube wp-block-embed is-type-video is-provider-youtube wp-embed-aspect-16-9 wp-has-aspect-ratio\"><div class=\"wp-block-embed__wrapper\">\n<iframe title=\"Comprendre la Tha\u00eflande avec Eug\u00e9nie M\u00c9RIEAU\" width=\"660\" height=\"371\" src=\"https:\/\/www.youtube.com\/embed\/6iW6LDyriKM?feature=oembed\" frameborder=\"0\" allow=\"accelerometer; autoplay; clipboard-write; encrypted-media; gyroscope; picture-in-picture; web-share\" referrerpolicy=\"strict-origin-when-cross-origin\" allowfullscreen><\/iframe>\n<\/div><\/figure>\n\n\n\n<p><strong>Eug\u00e9nie M\u00e9rieau<\/strong> est politiste et juriste sp\u00e9cialiste de la Tha\u00eflande o\u00f9 elle a pass\u00e9 pr\u00e8s de 10 ans. Docteure de l&#8217;INALCO (\u00c9cole des Langues Orientales de Paris), enseignante \u00e0 Sciences-Po, elle est actuellement post-doctorante \u00e0 l&#8217;universit\u00e9 de G\u00f6ttingen en Allemagne. Elle est l&#8217;auteure d&#8217;<em>Id\u00e9es re\u00e7ues sur la Tha\u00eflande<\/em> ( \u00c9ditions Le Cavalier Bleu ), de <em>Tha\u00eflandais, lignes de vie d&#8217;un peuple <\/em>( \u00c9ditions ) et de <em>Le constitutionnalisme tha\u00eflandais au prisme de ses emprunts \u00e9trangers &#8211; une analyse de la fonction royale<\/em> ( \u00c9ditions Institut Universitaire Varenne, Collection des th\u00e8ses ).<\/p>\n\n\n\n<p><strong>Carol Isoux<\/strong>, dipl\u00f4m\u00e9e de Sciences-Po et de Lettres classiques, est journaliste en Asie depuis pr\u00e8s d&#8217;une d\u00e9cennie, en Chine puis en Tha\u00eflande, son pays de r\u00e9sidence actuelle. Elle est sp\u00e9cialis\u00e9e dans l&#8217;actualit\u00e9 politique, \u00e9conomique et culturelle de l&#8217;Asie du Sud-Est et publie dans de nombreux m\u00e9dias internationaux (Lib\u00e9ration, L&#8217;Obs, Europe 1, South China Morning Past, &#8230; ).<\/p>\n\n\n\n<p><strong>St\u00e9phane Rennesson<\/strong>, sp\u00e9cialiste de la Tha\u00eflande, est anthropologue et charg\u00e9 de recherche au CNRS et \u00e0 l&#8217;IRASEC. Il participe \u00e0 la publication annuelle de l&#8217;IRASEC <em>Asie du Sud-Est : bilan, enjeux et perspectives<\/em>. Il est aussi l&#8217;auteur de <em>Les coulisses du Muay Thai. Anthropologie d&#8217;un art martial tha\u00eflandais<\/em> (\u00c9ditions Les Indes Savantes, 2013).<\/p>\n\n\n\n<p>Si la vid\u00e9o n\u2019appara\u00eet pas, cliquez ici pour voir la pr\u00e9sentation : <a href=\"https:\/\/youtu.be\/6iW6LDyriKM\" target=\"_blank\" aria-label=\"undefined (s\u2019ouvre dans un nouvel onglet)\" rel=\"noreferrer noopener\">https:\/\/youtu.be\/6iW6LDyriKM<\/a><\/p>\n\n\n\n<p>Pour d\u2019autres webinaires :\u00a0<a rel=\"noreferrer noopener\" href=\"https:\/\/efip.ctu.edu.vn\/web\/webinaires\/\" target=\"_blank\">https:\/\/efip.ctu.edu.vn\/web\/webinaires\/<\/a><\/p>\n\n\n\n<p><\/p>\n\n\n\n<p class=\"has-text-align-right\"><em>Mise \u00e0 jour le 8 juillet 2020.<\/em><\/p>\n","protected":false},"excerpt":{"rendered":"<p>Dans une conf\u00e9rence pr\u00e9sent\u00e9e le 10 janvier 2019 \u00e0 l&#8217;Alliance Fran\u00e7aise de Bangkok, Eug\u00e9nie M\u00e9rieau analyse la Tha\u00eflande au regard &hellip; <br \/><a href=\"https:\/\/efip.ctu.edu.vn\/web\/webinaire-comprendre-la-thailande\/\" class=\"more-link\">Continue reading <span class=\"screen-reader-text\">Comprendre la Tha\u00eflande avec Eug\u00e9nie M\u00c9RIEAU<\/span><\/a><\/p>\n","protected":false},"author":3,"featured_media":1724,"parent":0,"menu_order":0,"comment_status":"closed","ping_status":"closed","template":"","meta":{"footnotes":""},"class_list":["post-1722","page","type-page","status-publish","has-post-thumbnail","hentry"],"yoast_head":"<!-- This site is optimized with the Yoast SEO plugin v25.0 - https:\/\/yoast.com\/wordpress\/plugins\/seo\/ -->\n<title>Comprendre la Tha\u00eflande avec Eug\u00e9nie M\u00c9RIEAU - EFIP<\/title>\n<meta name=\"description\" content=\"Eug\u00e9nie M\u00c9RIEAU analyse la Tha\u00eflande au regard de ses mythes fondateurs, son rapport \u00e0 la \u00abkhwampenthai\u00bb et sa dimension institutionnelle...\" \/>\n<meta name=\"robots\" content=\"index, follow, max-snippet:-1, max-image-preview:large, max-video-preview:-1\" \/>\n<link rel=\"canonical\" href=\"https:\/\/efip.ctu.edu.vn\/web\/webinaire-comprendre-la-thailande\/\" \/>\n<meta property=\"og:locale\" content=\"en_US\" \/>\n<meta property=\"og:type\" content=\"article\" \/>\n<meta property=\"og:title\" content=\"Comprendre la Tha\u00eflande avec Eug\u00e9nie M\u00c9RIEAU - EFIP\" \/>\n<meta property=\"og:description\" content=\"Eug\u00e9nie M\u00c9RIEAU analyse la Tha\u00eflande au regard de ses mythes fondateurs, son rapport \u00e0 la \u00abkhwampenthai\u00bb et sa dimension institutionnelle...\" \/>\n<meta property=\"og:url\" content=\"https:\/\/efip.ctu.edu.vn\/web\/webinaire-comprendre-la-thailande\/\" \/>\n<meta property=\"og:site_name\" content=\"EFIP\" \/>\n<meta property=\"article:publisher\" content=\"https:\/\/www.facebook.com\/efipCanTho\" \/>\n<meta property=\"article:modified_time\" content=\"2020-07-08T01:57:55+00:00\" \/>\n<meta property=\"og:image\" content=\"https:\/\/efip.ctu.edu.vn\/web\/wp-content\/uploads\/2020\/07\/ComprendreThailande.jpg\" \/>\n\t<meta property=\"og:image:width\" content=\"189\" \/>\n\t<meta property=\"og:image:height\" content=\"267\" \/>\n\t<meta property=\"og:image:type\" content=\"image\/jpeg\" \/>\n<meta name=\"twitter:card\" content=\"summary_large_image\" \/>\n<meta name=\"twitter:label1\" content=\"Est. reading time\" \/>\n\t<meta name=\"twitter:data1\" content=\"2 minutes\" \/>\n<script type=\"application\/ld+json\" class=\"yoast-schema-graph\">{\"@context\":\"https:\/\/schema.org\",\"@graph\":[{\"@type\":\"WebPage\",\"@id\":\"https:\/\/efip.ctu.edu.vn\/web\/webinaire-comprendre-la-thailande\/\",\"url\":\"https:\/\/efip.ctu.edu.vn\/web\/webinaire-comprendre-la-thailande\/\",\"name\":\"Comprendre la Tha\u00eflande avec Eug\u00e9nie M\u00c9RIEAU - EFIP\",\"isPartOf\":{\"@id\":\"https:\/\/efip.ctu.edu.vn\/web\/#website\"},\"primaryImageOfPage\":{\"@id\":\"https:\/\/efip.ctu.edu.vn\/web\/webinaire-comprendre-la-thailande\/#primaryimage\"},\"image\":{\"@id\":\"https:\/\/efip.ctu.edu.vn\/web\/webinaire-comprendre-la-thailande\/#primaryimage\"},\"thumbnailUrl\":\"https:\/\/efip.ctu.edu.vn\/web\/wp-content\/uploads\/2020\/07\/ComprendreThailande.jpg\",\"datePublished\":\"2020-07-08T01:57:54+00:00\",\"dateModified\":\"2020-07-08T01:57:55+00:00\",\"description\":\"Eug\u00e9nie M\u00c9RIEAU analyse la Tha\u00eflande au regard de ses mythes fondateurs, son rapport \u00e0 la \u00abkhwampenthai\u00bb et sa dimension institutionnelle...\",\"breadcrumb\":{\"@id\":\"https:\/\/efip.ctu.edu.vn\/web\/webinaire-comprendre-la-thailande\/#breadcrumb\"},\"inLanguage\":\"en-US\",\"potentialAction\":[{\"@type\":\"ReadAction\",\"target\":[\"https:\/\/efip.ctu.edu.vn\/web\/webinaire-comprendre-la-thailande\/\"]}]},{\"@type\":\"ImageObject\",\"inLanguage\":\"en-US\",\"@id\":\"https:\/\/efip.ctu.edu.vn\/web\/webinaire-comprendre-la-thailande\/#primaryimage\",\"url\":\"https:\/\/efip.ctu.edu.vn\/web\/wp-content\/uploads\/2020\/07\/ComprendreThailande.jpg\",\"contentUrl\":\"https:\/\/efip.ctu.edu.vn\/web\/wp-content\/uploads\/2020\/07\/ComprendreThailande.jpg\",\"width\":189,\"height\":267,\"caption\":\"Comprendre la Tha\u00eflande avec Eug\u00e9nie M\u00e9rieau\"},{\"@type\":\"BreadcrumbList\",\"@id\":\"https:\/\/efip.ctu.edu.vn\/web\/webinaire-comprendre-la-thailande\/#breadcrumb\",\"itemListElement\":[{\"@type\":\"ListItem\",\"position\":1,\"name\":\"Accueil\",\"item\":\"https:\/\/efip.ctu.edu.vn\/web\/\"},{\"@type\":\"ListItem\",\"position\":2,\"name\":\"Comprendre la Tha\u00eflande avec Eug\u00e9nie M\u00c9RIEAU\"}]},{\"@type\":\"WebSite\",\"@id\":\"https:\/\/efip.ctu.edu.vn\/web\/#website\",\"url\":\"https:\/\/efip.ctu.edu.vn\/web\/\",\"name\":\"EFIP de Can Tho\",\"description\":\"Espace Francophone d&#039;Innovation et de Partenariat\",\"publisher\":{\"@id\":\"https:\/\/efip.ctu.edu.vn\/web\/#organization\"},\"potentialAction\":[{\"@type\":\"SearchAction\",\"target\":{\"@type\":\"EntryPoint\",\"urlTemplate\":\"https:\/\/efip.ctu.edu.vn\/web\/?s={search_term_string}\"},\"query-input\":{\"@type\":\"PropertyValueSpecification\",\"valueRequired\":true,\"valueName\":\"search_term_string\"}}],\"inLanguage\":\"en-US\"},{\"@type\":\"Organization\",\"@id\":\"https:\/\/efip.ctu.edu.vn\/web\/#organization\",\"name\":\"EFIP\",\"url\":\"https:\/\/efip.ctu.edu.vn\/web\/\",\"logo\":{\"@type\":\"ImageObject\",\"inLanguage\":\"en-US\",\"@id\":\"https:\/\/efip.ctu.edu.vn\/web\/#\/schema\/logo\/image\/\",\"url\":\"https:\/\/efip.ctu.edu.vn\/web\/wp-content\/uploads\/2025\/05\/efip2-150x89-1.jpg\",\"contentUrl\":\"https:\/\/efip.ctu.edu.vn\/web\/wp-content\/uploads\/2025\/05\/efip2-150x89-1.jpg\",\"width\":150,\"height\":89,\"caption\":\"EFIP\"},\"image\":{\"@id\":\"https:\/\/efip.ctu.edu.vn\/web\/#\/schema\/logo\/image\/\"},\"sameAs\":[\"https:\/\/www.facebook.com\/efipCanTho\"]}]}<\/script>\n<!-- \/ Yoast SEO plugin. -->","yoast_head_json":{"title":"Comprendre la Tha\u00eflande avec Eug\u00e9nie M\u00c9RIEAU - EFIP","description":"Eug\u00e9nie M\u00c9RIEAU analyse la Tha\u00eflande au regard de ses mythes fondateurs, son rapport \u00e0 la \u00abkhwampenthai\u00bb et sa dimension institutionnelle...","robots":{"index":"index","follow":"follow","max-snippet":"max-snippet:-1","max-image-preview":"max-image-preview:large","max-video-preview":"max-video-preview:-1"},"canonical":"https:\/\/efip.ctu.edu.vn\/web\/webinaire-comprendre-la-thailande\/","og_locale":"en_US","og_type":"article","og_title":"Comprendre la Tha\u00eflande avec Eug\u00e9nie M\u00c9RIEAU - EFIP","og_description":"Eug\u00e9nie M\u00c9RIEAU analyse la Tha\u00eflande au regard de ses mythes fondateurs, son rapport \u00e0 la \u00abkhwampenthai\u00bb et sa dimension institutionnelle...","og_url":"https:\/\/efip.ctu.edu.vn\/web\/webinaire-comprendre-la-thailande\/","og_site_name":"EFIP","article_publisher":"https:\/\/www.facebook.com\/efipCanTho","article_modified_time":"2020-07-08T01:57:55+00:00","og_image":[{"width":189,"height":267,"url":"https:\/\/efip.ctu.edu.vn\/web\/wp-content\/uploads\/2020\/07\/ComprendreThailande.jpg","type":"image\/jpeg"}],"twitter_card":"summary_large_image","twitter_misc":{"Est. reading time":"2 minutes"},"schema":{"@context":"https:\/\/schema.org","@graph":[{"@type":"WebPage","@id":"https:\/\/efip.ctu.edu.vn\/web\/webinaire-comprendre-la-thailande\/","url":"https:\/\/efip.ctu.edu.vn\/web\/webinaire-comprendre-la-thailande\/","name":"Comprendre la Tha\u00eflande avec Eug\u00e9nie M\u00c9RIEAU - EFIP","isPartOf":{"@id":"https:\/\/efip.ctu.edu.vn\/web\/#website"},"primaryImageOfPage":{"@id":"https:\/\/efip.ctu.edu.vn\/web\/webinaire-comprendre-la-thailande\/#primaryimage"},"image":{"@id":"https:\/\/efip.ctu.edu.vn\/web\/webinaire-comprendre-la-thailande\/#primaryimage"},"thumbnailUrl":"https:\/\/efip.ctu.edu.vn\/web\/wp-content\/uploads\/2020\/07\/ComprendreThailande.jpg","datePublished":"2020-07-08T01:57:54+00:00","dateModified":"2020-07-08T01:57:55+00:00","description":"Eug\u00e9nie M\u00c9RIEAU analyse la Tha\u00eflande au regard de ses mythes fondateurs, son rapport \u00e0 la \u00abkhwampenthai\u00bb et sa dimension institutionnelle...","breadcrumb":{"@id":"https:\/\/efip.ctu.edu.vn\/web\/webinaire-comprendre-la-thailande\/#breadcrumb"},"inLanguage":"en-US","potentialAction":[{"@type":"ReadAction","target":["https:\/\/efip.ctu.edu.vn\/web\/webinaire-comprendre-la-thailande\/"]}]},{"@type":"ImageObject","inLanguage":"en-US","@id":"https:\/\/efip.ctu.edu.vn\/web\/webinaire-comprendre-la-thailande\/#primaryimage","url":"https:\/\/efip.ctu.edu.vn\/web\/wp-content\/uploads\/2020\/07\/ComprendreThailande.jpg","contentUrl":"https:\/\/efip.ctu.edu.vn\/web\/wp-content\/uploads\/2020\/07\/ComprendreThailande.jpg","width":189,"height":267,"caption":"Comprendre la Tha\u00eflande avec Eug\u00e9nie M\u00e9rieau"},{"@type":"BreadcrumbList","@id":"https:\/\/efip.ctu.edu.vn\/web\/webinaire-comprendre-la-thailande\/#breadcrumb","itemListElement":[{"@type":"ListItem","position":1,"name":"Accueil","item":"https:\/\/efip.ctu.edu.vn\/web\/"},{"@type":"ListItem","position":2,"name":"Comprendre la Tha\u00eflande avec Eug\u00e9nie M\u00c9RIEAU"}]},{"@type":"WebSite","@id":"https:\/\/efip.ctu.edu.vn\/web\/#website","url":"https:\/\/efip.ctu.edu.vn\/web\/","name":"EFIP de Can Tho","description":"Espace Francophone d&#039;Innovation et de Partenariat","publisher":{"@id":"https:\/\/efip.ctu.edu.vn\/web\/#organization"},"potentialAction":[{"@type":"SearchAction","target":{"@type":"EntryPoint","urlTemplate":"https:\/\/efip.ctu.edu.vn\/web\/?s={search_term_string}"},"query-input":{"@type":"PropertyValueSpecification","valueRequired":true,"valueName":"search_term_string"}}],"inLanguage":"en-US"},{"@type":"Organization","@id":"https:\/\/efip.ctu.edu.vn\/web\/#organization","name":"EFIP","url":"https:\/\/efip.ctu.edu.vn\/web\/","logo":{"@type":"ImageObject","inLanguage":"en-US","@id":"https:\/\/efip.ctu.edu.vn\/web\/#\/schema\/logo\/image\/","url":"https:\/\/efip.ctu.edu.vn\/web\/wp-content\/uploads\/2025\/05\/efip2-150x89-1.jpg","contentUrl":"https:\/\/efip.ctu.edu.vn\/web\/wp-content\/uploads\/2025\/05\/efip2-150x89-1.jpg","width":150,"height":89,"caption":"EFIP"},"image":{"@id":"https:\/\/efip.ctu.edu.vn\/web\/#\/schema\/logo\/image\/"},"sameAs":["https:\/\/www.facebook.com\/efipCanTho"]}]}},"_links":{"self":[{"href":"https:\/\/efip.ctu.edu.vn\/web\/wp-json\/wp\/v2\/pages\/1722","targetHints":{"allow":["GET"]}}],"collection":[{"href":"https:\/\/efip.ctu.edu.vn\/web\/wp-json\/wp\/v2\/pages"}],"about":[{"href":"https:\/\/efip.ctu.edu.vn\/web\/wp-json\/wp\/v2\/types\/page"}],"author":[{"embeddable":true,"href":"https:\/\/efip.ctu.edu.vn\/web\/wp-json\/wp\/v2\/users\/3"}],"replies":[{"embeddable":true,"href":"https:\/\/efip.ctu.edu.vn\/web\/wp-json\/wp\/v2\/comments?post=1722"}],"version-history":[{"count":1,"href":"https:\/\/efip.ctu.edu.vn\/web\/wp-json\/wp\/v2\/pages\/1722\/revisions"}],"predecessor-version":[{"id":1725,"href":"https:\/\/efip.ctu.edu.vn\/web\/wp-json\/wp\/v2\/pages\/1722\/revisions\/1725"}],"wp:featuredmedia":[{"embeddable":true,"href":"https:\/\/efip.ctu.edu.vn\/web\/wp-json\/wp\/v2\/media\/1724"}],"wp:attachment":[{"href":"https:\/\/efip.ctu.edu.vn\/web\/wp-json\/wp\/v2\/media?parent=1722"}],"curies":[{"name":"wp","href":"https:\/\/api.w.org\/{rel}","templated":true}]}}