{"id":1718,"date":"2020-07-08T08:30:49","date_gmt":"2020-07-08T01:30:49","guid":{"rendered":"https:\/\/efip.ctu.edu.vn\/web\/?page_id=1718"},"modified":"2020-07-08T10:08:24","modified_gmt":"2020-07-08T03:08:24","slug":"webinaire-enjeux-energetiques-defis-societaux-en-ase","status":"publish","type":"page","link":"https:\/\/efip.ctu.edu.vn\/web\/webinaire-enjeux-energetiques-defis-societaux-en-ase\/","title":{"rendered":"Enjeux \u00e9nerg\u00e9tiques et d\u00e9fis soci\u00e9taux en Asie du Sud-Est"},"content":{"rendered":"\n<p><em>Cette conf\u00e9rence, organis\u00e9e le 16 juin 2015, par l\u2019Alliance fran\u00e7aise et l\u2019Institut de Recherche sur l&#8217;Asie du Sud-Est Contemporaine (IRASEC) en partenariat avec le Service de coop\u00e9ration et d\u2019action culturelle de l\u2019Ambassade de France en Tha\u00eflande, porte sur l\u2019interd\u00e9pendance entre les enjeux \u00e9nerg\u00e9tiques et les d\u00e9fis soci\u00e9taux en ASE.<\/em><\/p>\n\n\n\n<figure class=\"wp-block-embed-youtube wp-block-embed is-type-video is-provider-youtube wp-embed-aspect-16-9 wp-has-aspect-ratio\"><div class=\"wp-block-embed__wrapper\">\n<iframe title=\"Enjeux \u00e9nerg\u00e9tiques et d\u00e9fis soci\u00e9taux en Asie du Sud-Est\" width=\"660\" height=\"371\" src=\"https:\/\/www.youtube.com\/embed\/He8oh2cpLug?feature=oembed\" frameborder=\"0\" allow=\"accelerometer; autoplay; clipboard-write; encrypted-media; gyroscope; picture-in-picture; web-share\" referrerpolicy=\"strict-origin-when-cross-origin\" allowfullscreen><\/iframe>\n<\/div><\/figure>\n\n\n\n<p>Quatre \u00e9minents experts en sciences politiques, \u00e9conomiques et sociales illustrent leurs propos d\u2019\u00e9tudes de cas, pr\u00e9cis, mais de port\u00e9e beaucoup plus globale. <\/p>\n\n\n\n<p>Participants \u00e0 la table ronde : <\/p>\n\n\n\n<ul class=\"wp-block-list\"><li>Dr. Thitisak Boonpramote (Head of the Department of Mining and Petroleum Engineering, Chulalongkorn University); <\/li><li>Prof Dr. Marie-Sybille de Vienne (Vice-pr\u00e9sidente, INALCO); <\/li><li>Prof. Dr. Eric Mottet (Professeur en g\u00e9opolitique, Universit\u00e9 du Qu\u00e9bec \u00e0 Montr\u00e9al); <\/li><li>Prof. Dr. Nawal Kamel (Visiting Professor, Faculty of Economics, Chulalongkorn University and Coordinator of the AEMI Project);<\/li><li>Mod\u00e9rateur: Dr. Fran\u00e7ois Robinne (Directeur Irasec).<\/li><\/ul>\n\n\n\n<p><\/p>\n\n\n\n<p>Si la vid\u00e9o n\u2019appara\u00eet pas, cliquez ici pour voir la pr\u00e9sentation :<a aria-label=\"undefined (s\u2019ouvre dans un nouvel onglet)\" href=\"https:\/\/youtu.be\/He8oh2cpLug\" target=\"_blank\" rel=\"noreferrer noopener\"> https:\/\/youtu.be\/He8oh2cpLug<\/a>.<\/p>\n\n\n\n<p>Pour d\u2019autres webinaires :&nbsp;<a rel=\"noreferrer noopener\" href=\"https:\/\/efip.ctu.edu.vn\/web\/webinaires\/\" target=\"_blank\">https:\/\/efip.ctu.edu.vn\/web\/webinaires\/<\/a><\/p>\n","protected":false},"excerpt":{"rendered":"<p>Cette conf\u00e9rence, organis\u00e9e le 16 juin 2015, par l\u2019Alliance fran\u00e7aise et l\u2019Institut de Recherche sur l&#8217;Asie du Sud-Est Contemporaine (IRASEC) &hellip; <br \/><a href=\"https:\/\/efip.ctu.edu.vn\/web\/webinaire-enjeux-energetiques-defis-societaux-en-ase\/\" class=\"more-link\">Continue reading <span class=\"screen-reader-text\">Enjeux \u00e9nerg\u00e9tiques et d\u00e9fis soci\u00e9taux en Asie du Sud-Est<\/span><\/a><\/p>\n","protected":false},"author":3,"featured_media":1720,"parent":0,"menu_order":0,"comment_status":"closed","ping_status":"closed","template":"","meta":{"footnotes":""},"class_list":["post-1718","page","type-page","status-publish","has-post-thumbnail","hentry"],"yoast_head":"<!-- This site is optimized with the Yoast SEO plugin v25.0 - https:\/\/yoast.com\/wordpress\/plugins\/seo\/ -->\n<title>Enjeux \u00e9nerg\u00e9tiques et d\u00e9fis soci\u00e9taux en Asie du Sud-Est - EFIP<\/title>\n<meta name=\"description\" content=\"Cette conf\u00e9rence, organis\u00e9e le 16 juin 2015 porte sur l\u2019interd\u00e9pendance entre les enjeux \u00e9nerg\u00e9tiques et les d\u00e9fis soci\u00e9taux en ASE.\" \/>\n<meta name=\"robots\" content=\"index, follow, max-snippet:-1, max-image-preview:large, max-video-preview:-1\" \/>\n<link rel=\"canonical\" href=\"https:\/\/efip.ctu.edu.vn\/web\/webinaire-enjeux-energetiques-defis-societaux-en-ase\/\" \/>\n<meta property=\"og:locale\" content=\"en_US\" \/>\n<meta property=\"og:type\" content=\"article\" \/>\n<meta property=\"og:title\" content=\"Enjeux \u00e9nerg\u00e9tiques et d\u00e9fis soci\u00e9taux en Asie du Sud-Est - EFIP\" \/>\n<meta property=\"og:description\" content=\"Cette conf\u00e9rence, organis\u00e9e le 16 juin 2015 porte sur l\u2019interd\u00e9pendance entre les enjeux \u00e9nerg\u00e9tiques et les d\u00e9fis soci\u00e9taux en ASE.\" \/>\n<meta property=\"og:url\" content=\"https:\/\/efip.ctu.edu.vn\/web\/webinaire-enjeux-energetiques-defis-societaux-en-ase\/\" \/>\n<meta property=\"og:site_name\" content=\"EFIP\" \/>\n<meta property=\"article:publisher\" content=\"https:\/\/www.facebook.com\/efipCanTho\" \/>\n<meta property=\"article:modified_time\" content=\"2020-07-08T03:08:24+00:00\" \/>\n<meta property=\"og:image\" content=\"https:\/\/efip.ctu.edu.vn\/web\/wp-content\/uploads\/2020\/07\/EnjeuxASE2015.jpg\" \/>\n\t<meta property=\"og:image:width\" content=\"1280\" \/>\n\t<meta property=\"og:image:height\" content=\"720\" \/>\n\t<meta property=\"og:image:type\" content=\"image\/jpeg\" \/>\n<meta name=\"twitter:card\" content=\"summary_large_image\" \/>\n<meta name=\"twitter:label1\" content=\"Est. reading time\" \/>\n\t<meta name=\"twitter:data1\" content=\"1 minute\" \/>\n<script type=\"application\/ld+json\" class=\"yoast-schema-graph\">{\"@context\":\"https:\/\/schema.org\",\"@graph\":[{\"@type\":\"WebPage\",\"@id\":\"https:\/\/efip.ctu.edu.vn\/web\/webinaire-enjeux-energetiques-defis-societaux-en-ase\/\",\"url\":\"https:\/\/efip.ctu.edu.vn\/web\/webinaire-enjeux-energetiques-defis-societaux-en-ase\/\",\"name\":\"Enjeux \u00e9nerg\u00e9tiques et d\u00e9fis soci\u00e9taux en Asie du Sud-Est - EFIP\",\"isPartOf\":{\"@id\":\"https:\/\/efip.ctu.edu.vn\/web\/#website\"},\"primaryImageOfPage\":{\"@id\":\"https:\/\/efip.ctu.edu.vn\/web\/webinaire-enjeux-energetiques-defis-societaux-en-ase\/#primaryimage\"},\"image\":{\"@id\":\"https:\/\/efip.ctu.edu.vn\/web\/webinaire-enjeux-energetiques-defis-societaux-en-ase\/#primaryimage\"},\"thumbnailUrl\":\"https:\/\/efip.ctu.edu.vn\/web\/wp-content\/uploads\/2020\/07\/EnjeuxASE2015.jpg\",\"datePublished\":\"2020-07-08T01:30:49+00:00\",\"dateModified\":\"2020-07-08T03:08:24+00:00\",\"description\":\"Cette conf\u00e9rence, organis\u00e9e le 16 juin 2015 porte sur l\u2019interd\u00e9pendance entre les enjeux \u00e9nerg\u00e9tiques et les d\u00e9fis soci\u00e9taux en ASE.\",\"breadcrumb\":{\"@id\":\"https:\/\/efip.ctu.edu.vn\/web\/webinaire-enjeux-energetiques-defis-societaux-en-ase\/#breadcrumb\"},\"inLanguage\":\"en-US\",\"potentialAction\":[{\"@type\":\"ReadAction\",\"target\":[\"https:\/\/efip.ctu.edu.vn\/web\/webinaire-enjeux-energetiques-defis-societaux-en-ase\/\"]}]},{\"@type\":\"ImageObject\",\"inLanguage\":\"en-US\",\"@id\":\"https:\/\/efip.ctu.edu.vn\/web\/webinaire-enjeux-energetiques-defis-societaux-en-ase\/#primaryimage\",\"url\":\"https:\/\/efip.ctu.edu.vn\/web\/wp-content\/uploads\/2020\/07\/EnjeuxASE2015.jpg\",\"contentUrl\":\"https:\/\/efip.ctu.edu.vn\/web\/wp-content\/uploads\/2020\/07\/EnjeuxASE2015.jpg\",\"width\":1280,\"height\":720,\"caption\":\"Enjeux \u00e9nerg\u00e9tiques et d\u00e9fis soci\u00e9taux en Asie du Sud-Est\"},{\"@type\":\"BreadcrumbList\",\"@id\":\"https:\/\/efip.ctu.edu.vn\/web\/webinaire-enjeux-energetiques-defis-societaux-en-ase\/#breadcrumb\",\"itemListElement\":[{\"@type\":\"ListItem\",\"position\":1,\"name\":\"Accueil\",\"item\":\"https:\/\/efip.ctu.edu.vn\/web\/\"},{\"@type\":\"ListItem\",\"position\":2,\"name\":\"Enjeux \u00e9nerg\u00e9tiques et d\u00e9fis soci\u00e9taux en Asie du Sud-Est\"}]},{\"@type\":\"WebSite\",\"@id\":\"https:\/\/efip.ctu.edu.vn\/web\/#website\",\"url\":\"https:\/\/efip.ctu.edu.vn\/web\/\",\"name\":\"EFIP de Can Tho\",\"description\":\"Espace Francophone d&#039;Innovation et de Partenariat\",\"publisher\":{\"@id\":\"https:\/\/efip.ctu.edu.vn\/web\/#organization\"},\"potentialAction\":[{\"@type\":\"SearchAction\",\"target\":{\"@type\":\"EntryPoint\",\"urlTemplate\":\"https:\/\/efip.ctu.edu.vn\/web\/?s={search_term_string}\"},\"query-input\":{\"@type\":\"PropertyValueSpecification\",\"valueRequired\":true,\"valueName\":\"search_term_string\"}}],\"inLanguage\":\"en-US\"},{\"@type\":\"Organization\",\"@id\":\"https:\/\/efip.ctu.edu.vn\/web\/#organization\",\"name\":\"EFIP\",\"url\":\"https:\/\/efip.ctu.edu.vn\/web\/\",\"logo\":{\"@type\":\"ImageObject\",\"inLanguage\":\"en-US\",\"@id\":\"https:\/\/efip.ctu.edu.vn\/web\/#\/schema\/logo\/image\/\",\"url\":\"https:\/\/efip.ctu.edu.vn\/web\/wp-content\/uploads\/2025\/05\/efip2-150x89-1.jpg\",\"contentUrl\":\"https:\/\/efip.ctu.edu.vn\/web\/wp-content\/uploads\/2025\/05\/efip2-150x89-1.jpg\",\"width\":150,\"height\":89,\"caption\":\"EFIP\"},\"image\":{\"@id\":\"https:\/\/efip.ctu.edu.vn\/web\/#\/schema\/logo\/image\/\"},\"sameAs\":[\"https:\/\/www.facebook.com\/efipCanTho\"]}]}<\/script>\n<!-- \/ Yoast SEO plugin. -->","yoast_head_json":{"title":"Enjeux \u00e9nerg\u00e9tiques et d\u00e9fis soci\u00e9taux en Asie du Sud-Est - EFIP","description":"Cette conf\u00e9rence, organis\u00e9e le 16 juin 2015 porte sur l\u2019interd\u00e9pendance entre les enjeux \u00e9nerg\u00e9tiques et les d\u00e9fis soci\u00e9taux en ASE.","robots":{"index":"index","follow":"follow","max-snippet":"max-snippet:-1","max-image-preview":"max-image-preview:large","max-video-preview":"max-video-preview:-1"},"canonical":"https:\/\/efip.ctu.edu.vn\/web\/webinaire-enjeux-energetiques-defis-societaux-en-ase\/","og_locale":"en_US","og_type":"article","og_title":"Enjeux \u00e9nerg\u00e9tiques et d\u00e9fis soci\u00e9taux en Asie du Sud-Est - EFIP","og_description":"Cette conf\u00e9rence, organis\u00e9e le 16 juin 2015 porte sur l\u2019interd\u00e9pendance entre les enjeux \u00e9nerg\u00e9tiques et les d\u00e9fis soci\u00e9taux en ASE.","og_url":"https:\/\/efip.ctu.edu.vn\/web\/webinaire-enjeux-energetiques-defis-societaux-en-ase\/","og_site_name":"EFIP","article_publisher":"https:\/\/www.facebook.com\/efipCanTho","article_modified_time":"2020-07-08T03:08:24+00:00","og_image":[{"width":1280,"height":720,"url":"https:\/\/efip.ctu.edu.vn\/web\/wp-content\/uploads\/2020\/07\/EnjeuxASE2015.jpg","type":"image\/jpeg"}],"twitter_card":"summary_large_image","twitter_misc":{"Est. reading time":"1 minute"},"schema":{"@context":"https:\/\/schema.org","@graph":[{"@type":"WebPage","@id":"https:\/\/efip.ctu.edu.vn\/web\/webinaire-enjeux-energetiques-defis-societaux-en-ase\/","url":"https:\/\/efip.ctu.edu.vn\/web\/webinaire-enjeux-energetiques-defis-societaux-en-ase\/","name":"Enjeux \u00e9nerg\u00e9tiques et d\u00e9fis soci\u00e9taux en Asie du Sud-Est - EFIP","isPartOf":{"@id":"https:\/\/efip.ctu.edu.vn\/web\/#website"},"primaryImageOfPage":{"@id":"https:\/\/efip.ctu.edu.vn\/web\/webinaire-enjeux-energetiques-defis-societaux-en-ase\/#primaryimage"},"image":{"@id":"https:\/\/efip.ctu.edu.vn\/web\/webinaire-enjeux-energetiques-defis-societaux-en-ase\/#primaryimage"},"thumbnailUrl":"https:\/\/efip.ctu.edu.vn\/web\/wp-content\/uploads\/2020\/07\/EnjeuxASE2015.jpg","datePublished":"2020-07-08T01:30:49+00:00","dateModified":"2020-07-08T03:08:24+00:00","description":"Cette conf\u00e9rence, organis\u00e9e le 16 juin 2015 porte sur l\u2019interd\u00e9pendance entre les enjeux \u00e9nerg\u00e9tiques et les d\u00e9fis soci\u00e9taux en ASE.","breadcrumb":{"@id":"https:\/\/efip.ctu.edu.vn\/web\/webinaire-enjeux-energetiques-defis-societaux-en-ase\/#breadcrumb"},"inLanguage":"en-US","potentialAction":[{"@type":"ReadAction","target":["https:\/\/efip.ctu.edu.vn\/web\/webinaire-enjeux-energetiques-defis-societaux-en-ase\/"]}]},{"@type":"ImageObject","inLanguage":"en-US","@id":"https:\/\/efip.ctu.edu.vn\/web\/webinaire-enjeux-energetiques-defis-societaux-en-ase\/#primaryimage","url":"https:\/\/efip.ctu.edu.vn\/web\/wp-content\/uploads\/2020\/07\/EnjeuxASE2015.jpg","contentUrl":"https:\/\/efip.ctu.edu.vn\/web\/wp-content\/uploads\/2020\/07\/EnjeuxASE2015.jpg","width":1280,"height":720,"caption":"Enjeux \u00e9nerg\u00e9tiques et d\u00e9fis soci\u00e9taux en Asie du Sud-Est"},{"@type":"BreadcrumbList","@id":"https:\/\/efip.ctu.edu.vn\/web\/webinaire-enjeux-energetiques-defis-societaux-en-ase\/#breadcrumb","itemListElement":[{"@type":"ListItem","position":1,"name":"Accueil","item":"https:\/\/efip.ctu.edu.vn\/web\/"},{"@type":"ListItem","position":2,"name":"Enjeux \u00e9nerg\u00e9tiques et d\u00e9fis soci\u00e9taux en Asie du Sud-Est"}]},{"@type":"WebSite","@id":"https:\/\/efip.ctu.edu.vn\/web\/#website","url":"https:\/\/efip.ctu.edu.vn\/web\/","name":"EFIP de Can Tho","description":"Espace Francophone d&#039;Innovation et de Partenariat","publisher":{"@id":"https:\/\/efip.ctu.edu.vn\/web\/#organization"},"potentialAction":[{"@type":"SearchAction","target":{"@type":"EntryPoint","urlTemplate":"https:\/\/efip.ctu.edu.vn\/web\/?s={search_term_string}"},"query-input":{"@type":"PropertyValueSpecification","valueRequired":true,"valueName":"search_term_string"}}],"inLanguage":"en-US"},{"@type":"Organization","@id":"https:\/\/efip.ctu.edu.vn\/web\/#organization","name":"EFIP","url":"https:\/\/efip.ctu.edu.vn\/web\/","logo":{"@type":"ImageObject","inLanguage":"en-US","@id":"https:\/\/efip.ctu.edu.vn\/web\/#\/schema\/logo\/image\/","url":"https:\/\/efip.ctu.edu.vn\/web\/wp-content\/uploads\/2025\/05\/efip2-150x89-1.jpg","contentUrl":"https:\/\/efip.ctu.edu.vn\/web\/wp-content\/uploads\/2025\/05\/efip2-150x89-1.jpg","width":150,"height":89,"caption":"EFIP"},"image":{"@id":"https:\/\/efip.ctu.edu.vn\/web\/#\/schema\/logo\/image\/"},"sameAs":["https:\/\/www.facebook.com\/efipCanTho"]}]}},"_links":{"self":[{"href":"https:\/\/efip.ctu.edu.vn\/web\/wp-json\/wp\/v2\/pages\/1718","targetHints":{"allow":["GET"]}}],"collection":[{"href":"https:\/\/efip.ctu.edu.vn\/web\/wp-json\/wp\/v2\/pages"}],"about":[{"href":"https:\/\/efip.ctu.edu.vn\/web\/wp-json\/wp\/v2\/types\/page"}],"author":[{"embeddable":true,"href":"https:\/\/efip.ctu.edu.vn\/web\/wp-json\/wp\/v2\/users\/3"}],"replies":[{"embeddable":true,"href":"https:\/\/efip.ctu.edu.vn\/web\/wp-json\/wp\/v2\/comments?post=1718"}],"version-history":[{"count":3,"href":"https:\/\/efip.ctu.edu.vn\/web\/wp-json\/wp\/v2\/pages\/1718\/revisions"}],"predecessor-version":[{"id":1745,"href":"https:\/\/efip.ctu.edu.vn\/web\/wp-json\/wp\/v2\/pages\/1718\/revisions\/1745"}],"wp:featuredmedia":[{"embeddable":true,"href":"https:\/\/efip.ctu.edu.vn\/web\/wp-json\/wp\/v2\/media\/1720"}],"wp:attachment":[{"href":"https:\/\/efip.ctu.edu.vn\/web\/wp-json\/wp\/v2\/media?parent=1718"}],"curies":[{"name":"wp","href":"https:\/\/api.w.org\/{rel}","templated":true}]}}