{"id":1477,"date":"2020-06-13T20:13:53","date_gmt":"2020-06-13T13:13:53","guid":{"rendered":"https:\/\/efip.ctu.edu.vn\/web\/?page_id=1477"},"modified":"2020-07-03T20:30:07","modified_gmt":"2020-07-03T13:30:07","slug":"webinaire-jeux-et-apprentissages-est-ce-bien-serieux","status":"publish","type":"page","link":"https:\/\/efip.ctu.edu.vn\/web\/webinaire-jeux-et-apprentissages-est-ce-bien-serieux\/","title":{"rendered":"Webinaire : Jeux et apprentissages : est-ce bien s\u00e9rieux ?"},"content":{"rendered":"\n<figure class=\"wp-block-embed-youtube wp-block-embed is-type-video is-provider-youtube wp-embed-aspect-16-9 wp-has-aspect-ratio\"><div class=\"wp-block-embed__wrapper\">\n<iframe title=\"&quot;Jeux et apprentissages : est-ce bien s\u00e9rieux ?&quot; - Margarida Romero\" width=\"660\" height=\"371\" src=\"https:\/\/www.youtube.com\/embed\/ruqa2PDeFEk?feature=oembed\" frameborder=\"0\" allow=\"accelerometer; autoplay; clipboard-write; encrypted-media; gyroscope; picture-in-picture; web-share\" referrerpolicy=\"strict-origin-when-cross-origin\" allowfullscreen><\/iframe>\n<\/div><\/figure>\n\n\n\n<p><em>Je joue, tu joues, nous jouons ! Petits et grands, individuellement ou collectivement, autour d&#8217;une table ou sur des supports \u00e9lectroniques, le jeu est l&#8217;une des activit\u00e9s humaines incontournables. Mais pourquoi jouons-nous ?<\/em><\/p>\n\n\n\n<p>Margarida Romero pr\u00e9sente dans ce webinaire &#8220;Jeux et apprentissages : est-ce bien s\u00e9rieux ?&#8221;, organis\u00e9 par Invent@UCA et l&#8217;Universit\u00e9 C\u00f4te d&#8217;Azur le 5 mai 2020.<\/p>\n\n\n\n<p>Si la vid\u00e9o n&#8217;appara\u00eet pas, cliquez ici pour voir le webinaire : <a href=\"https:\/\/youtu.be\/ruqa2PDeFEk\" target=\"_blank\" rel=\"noreferrer noopener\">https:\/\/youtu.be\/ruqa2PDeFEk<\/a><\/p>\n\n\n\n<p>Pour d\u2019autres webinaires :&nbsp;<a rel=\"noreferrer noopener\" href=\"https:\/\/efip.ctu.edu.vn\/web\/webinaires\/\" target=\"_blank\">https:\/\/efip.ctu.edu.vn\/web\/webinaires\/<\/a><\/p>\n\n\n\n<p class=\"has-text-align-right\"><em>Mise \u00e0 jour le 13 juin 2020<\/em><\/p>\n","protected":false},"excerpt":{"rendered":"<p>Je joue, tu joues, nous jouons ! Petits et grands, individuellement ou collectivement, autour d&#8217;une table ou sur des supports &hellip; <br \/><a href=\"https:\/\/efip.ctu.edu.vn\/web\/webinaire-jeux-et-apprentissages-est-ce-bien-serieux\/\" class=\"more-link\">Continue reading <span class=\"screen-reader-text\">Webinaire : Jeux et apprentissages : est-ce bien s\u00e9rieux ?<\/span><\/a><\/p>\n","protected":false},"author":3,"featured_media":1584,"parent":0,"menu_order":0,"comment_status":"closed","ping_status":"closed","template":"","meta":{"footnotes":""},"class_list":["post-1477","page","type-page","status-publish","has-post-thumbnail","hentry"],"yoast_head":"<!-- This site is optimized with the Yoast SEO plugin v25.0 - https:\/\/yoast.com\/wordpress\/plugins\/seo\/ -->\n<title>Webinaire : Jeux et apprentissages : est-ce bien s\u00e9rieux ? - EFIP<\/title>\n<meta name=\"description\" content=\"Vous vous posez la question d&#039;int\u00e9grer des jeux dans votre classe ? Le webinaire &quot;Jeux et apprentissages : est-ce bien s\u00e9rieux ?&quot; r\u00e9pond \u00e0 vos questions.\" \/>\n<meta name=\"robots\" content=\"index, follow, max-snippet:-1, max-image-preview:large, max-video-preview:-1\" \/>\n<link rel=\"canonical\" href=\"https:\/\/efip.ctu.edu.vn\/web\/webinaire-jeux-et-apprentissages-est-ce-bien-serieux\/\" \/>\n<meta property=\"og:locale\" content=\"en_US\" \/>\n<meta property=\"og:type\" content=\"article\" \/>\n<meta property=\"og:title\" content=\"Webinaire : Jeux et apprentissages : est-ce bien s\u00e9rieux ? - EFIP\" \/>\n<meta property=\"og:description\" content=\"Vous vous posez la question d&#039;int\u00e9grer des jeux dans votre classe ? Le webinaire &quot;Jeux et apprentissages : est-ce bien s\u00e9rieux ?&quot; r\u00e9pond \u00e0 vos questions.\" \/>\n<meta property=\"og:url\" content=\"https:\/\/efip.ctu.edu.vn\/web\/webinaire-jeux-et-apprentissages-est-ce-bien-serieux\/\" \/>\n<meta property=\"og:site_name\" content=\"EFIP\" \/>\n<meta property=\"article:publisher\" content=\"https:\/\/www.facebook.com\/efipCanTho\" \/>\n<meta property=\"article:modified_time\" content=\"2020-07-03T13:30:07+00:00\" \/>\n<meta property=\"og:image\" content=\"https:\/\/efip.ctu.edu.vn\/web\/wp-content\/uploads\/2020\/06\/JeuxEtApprentissage.png\" \/>\n\t<meta property=\"og:image:width\" content=\"643\" \/>\n\t<meta property=\"og:image:height\" content=\"366\" \/>\n\t<meta property=\"og:image:type\" content=\"image\/png\" \/>\n<meta name=\"twitter:card\" content=\"summary_large_image\" \/>\n<script type=\"application\/ld+json\" class=\"yoast-schema-graph\">{\"@context\":\"https:\/\/schema.org\",\"@graph\":[{\"@type\":\"WebPage\",\"@id\":\"https:\/\/efip.ctu.edu.vn\/web\/webinaire-jeux-et-apprentissages-est-ce-bien-serieux\/\",\"url\":\"https:\/\/efip.ctu.edu.vn\/web\/webinaire-jeux-et-apprentissages-est-ce-bien-serieux\/\",\"name\":\"Webinaire : Jeux et apprentissages : est-ce bien s\u00e9rieux ? - EFIP\",\"isPartOf\":{\"@id\":\"https:\/\/efip.ctu.edu.vn\/web\/#website\"},\"primaryImageOfPage\":{\"@id\":\"https:\/\/efip.ctu.edu.vn\/web\/webinaire-jeux-et-apprentissages-est-ce-bien-serieux\/#primaryimage\"},\"image\":{\"@id\":\"https:\/\/efip.ctu.edu.vn\/web\/webinaire-jeux-et-apprentissages-est-ce-bien-serieux\/#primaryimage\"},\"thumbnailUrl\":\"https:\/\/efip.ctu.edu.vn\/web\/wp-content\/uploads\/2020\/06\/JeuxEtApprentissage.png\",\"datePublished\":\"2020-06-13T13:13:53+00:00\",\"dateModified\":\"2020-07-03T13:30:07+00:00\",\"description\":\"Vous vous posez la question d'int\u00e9grer des jeux dans votre classe ? Le webinaire \\\"Jeux et apprentissages : est-ce bien s\u00e9rieux ?\\\" r\u00e9pond \u00e0 vos questions.\",\"breadcrumb\":{\"@id\":\"https:\/\/efip.ctu.edu.vn\/web\/webinaire-jeux-et-apprentissages-est-ce-bien-serieux\/#breadcrumb\"},\"inLanguage\":\"en-US\",\"potentialAction\":[{\"@type\":\"ReadAction\",\"target\":[\"https:\/\/efip.ctu.edu.vn\/web\/webinaire-jeux-et-apprentissages-est-ce-bien-serieux\/\"]}]},{\"@type\":\"ImageObject\",\"inLanguage\":\"en-US\",\"@id\":\"https:\/\/efip.ctu.edu.vn\/web\/webinaire-jeux-et-apprentissages-est-ce-bien-serieux\/#primaryimage\",\"url\":\"https:\/\/efip.ctu.edu.vn\/web\/wp-content\/uploads\/2020\/06\/JeuxEtApprentissage.png\",\"contentUrl\":\"https:\/\/efip.ctu.edu.vn\/web\/wp-content\/uploads\/2020\/06\/JeuxEtApprentissage.png\",\"width\":643,\"height\":366,\"caption\":\"Jeux et Apprentissages\"},{\"@type\":\"BreadcrumbList\",\"@id\":\"https:\/\/efip.ctu.edu.vn\/web\/webinaire-jeux-et-apprentissages-est-ce-bien-serieux\/#breadcrumb\",\"itemListElement\":[{\"@type\":\"ListItem\",\"position\":1,\"name\":\"Accueil\",\"item\":\"https:\/\/efip.ctu.edu.vn\/web\/\"},{\"@type\":\"ListItem\",\"position\":2,\"name\":\"Webinaire : Jeux et apprentissages : est-ce bien s\u00e9rieux ?\"}]},{\"@type\":\"WebSite\",\"@id\":\"https:\/\/efip.ctu.edu.vn\/web\/#website\",\"url\":\"https:\/\/efip.ctu.edu.vn\/web\/\",\"name\":\"EFIP de Can Tho\",\"description\":\"Espace Francophone d&#039;Innovation et de Partenariat\",\"publisher\":{\"@id\":\"https:\/\/efip.ctu.edu.vn\/web\/#organization\"},\"potentialAction\":[{\"@type\":\"SearchAction\",\"target\":{\"@type\":\"EntryPoint\",\"urlTemplate\":\"https:\/\/efip.ctu.edu.vn\/web\/?s={search_term_string}\"},\"query-input\":{\"@type\":\"PropertyValueSpecification\",\"valueRequired\":true,\"valueName\":\"search_term_string\"}}],\"inLanguage\":\"en-US\"},{\"@type\":\"Organization\",\"@id\":\"https:\/\/efip.ctu.edu.vn\/web\/#organization\",\"name\":\"EFIP\",\"url\":\"https:\/\/efip.ctu.edu.vn\/web\/\",\"logo\":{\"@type\":\"ImageObject\",\"inLanguage\":\"en-US\",\"@id\":\"https:\/\/efip.ctu.edu.vn\/web\/#\/schema\/logo\/image\/\",\"url\":\"https:\/\/efip.ctu.edu.vn\/web\/wp-content\/uploads\/2025\/05\/efip2-150x89-1.jpg\",\"contentUrl\":\"https:\/\/efip.ctu.edu.vn\/web\/wp-content\/uploads\/2025\/05\/efip2-150x89-1.jpg\",\"width\":150,\"height\":89,\"caption\":\"EFIP\"},\"image\":{\"@id\":\"https:\/\/efip.ctu.edu.vn\/web\/#\/schema\/logo\/image\/\"},\"sameAs\":[\"https:\/\/www.facebook.com\/efipCanTho\"]}]}<\/script>\n<!-- \/ Yoast SEO plugin. -->","yoast_head_json":{"title":"Webinaire : Jeux et apprentissages : est-ce bien s\u00e9rieux ? - EFIP","description":"Vous vous posez la question d'int\u00e9grer des jeux dans votre classe ? Le webinaire \"Jeux et apprentissages : est-ce bien s\u00e9rieux ?\" r\u00e9pond \u00e0 vos questions.","robots":{"index":"index","follow":"follow","max-snippet":"max-snippet:-1","max-image-preview":"max-image-preview:large","max-video-preview":"max-video-preview:-1"},"canonical":"https:\/\/efip.ctu.edu.vn\/web\/webinaire-jeux-et-apprentissages-est-ce-bien-serieux\/","og_locale":"en_US","og_type":"article","og_title":"Webinaire : Jeux et apprentissages : est-ce bien s\u00e9rieux ? - EFIP","og_description":"Vous vous posez la question d'int\u00e9grer des jeux dans votre classe ? Le webinaire \"Jeux et apprentissages : est-ce bien s\u00e9rieux ?\" r\u00e9pond \u00e0 vos questions.","og_url":"https:\/\/efip.ctu.edu.vn\/web\/webinaire-jeux-et-apprentissages-est-ce-bien-serieux\/","og_site_name":"EFIP","article_publisher":"https:\/\/www.facebook.com\/efipCanTho","article_modified_time":"2020-07-03T13:30:07+00:00","og_image":[{"width":643,"height":366,"url":"https:\/\/efip.ctu.edu.vn\/web\/wp-content\/uploads\/2020\/06\/JeuxEtApprentissage.png","type":"image\/png"}],"twitter_card":"summary_large_image","schema":{"@context":"https:\/\/schema.org","@graph":[{"@type":"WebPage","@id":"https:\/\/efip.ctu.edu.vn\/web\/webinaire-jeux-et-apprentissages-est-ce-bien-serieux\/","url":"https:\/\/efip.ctu.edu.vn\/web\/webinaire-jeux-et-apprentissages-est-ce-bien-serieux\/","name":"Webinaire : Jeux et apprentissages : est-ce bien s\u00e9rieux ? - EFIP","isPartOf":{"@id":"https:\/\/efip.ctu.edu.vn\/web\/#website"},"primaryImageOfPage":{"@id":"https:\/\/efip.ctu.edu.vn\/web\/webinaire-jeux-et-apprentissages-est-ce-bien-serieux\/#primaryimage"},"image":{"@id":"https:\/\/efip.ctu.edu.vn\/web\/webinaire-jeux-et-apprentissages-est-ce-bien-serieux\/#primaryimage"},"thumbnailUrl":"https:\/\/efip.ctu.edu.vn\/web\/wp-content\/uploads\/2020\/06\/JeuxEtApprentissage.png","datePublished":"2020-06-13T13:13:53+00:00","dateModified":"2020-07-03T13:30:07+00:00","description":"Vous vous posez la question d'int\u00e9grer des jeux dans votre classe ? Le webinaire \"Jeux et apprentissages : est-ce bien s\u00e9rieux ?\" r\u00e9pond \u00e0 vos questions.","breadcrumb":{"@id":"https:\/\/efip.ctu.edu.vn\/web\/webinaire-jeux-et-apprentissages-est-ce-bien-serieux\/#breadcrumb"},"inLanguage":"en-US","potentialAction":[{"@type":"ReadAction","target":["https:\/\/efip.ctu.edu.vn\/web\/webinaire-jeux-et-apprentissages-est-ce-bien-serieux\/"]}]},{"@type":"ImageObject","inLanguage":"en-US","@id":"https:\/\/efip.ctu.edu.vn\/web\/webinaire-jeux-et-apprentissages-est-ce-bien-serieux\/#primaryimage","url":"https:\/\/efip.ctu.edu.vn\/web\/wp-content\/uploads\/2020\/06\/JeuxEtApprentissage.png","contentUrl":"https:\/\/efip.ctu.edu.vn\/web\/wp-content\/uploads\/2020\/06\/JeuxEtApprentissage.png","width":643,"height":366,"caption":"Jeux et Apprentissages"},{"@type":"BreadcrumbList","@id":"https:\/\/efip.ctu.edu.vn\/web\/webinaire-jeux-et-apprentissages-est-ce-bien-serieux\/#breadcrumb","itemListElement":[{"@type":"ListItem","position":1,"name":"Accueil","item":"https:\/\/efip.ctu.edu.vn\/web\/"},{"@type":"ListItem","position":2,"name":"Webinaire : Jeux et apprentissages : est-ce bien s\u00e9rieux ?"}]},{"@type":"WebSite","@id":"https:\/\/efip.ctu.edu.vn\/web\/#website","url":"https:\/\/efip.ctu.edu.vn\/web\/","name":"EFIP de Can Tho","description":"Espace Francophone d&#039;Innovation et de Partenariat","publisher":{"@id":"https:\/\/efip.ctu.edu.vn\/web\/#organization"},"potentialAction":[{"@type":"SearchAction","target":{"@type":"EntryPoint","urlTemplate":"https:\/\/efip.ctu.edu.vn\/web\/?s={search_term_string}"},"query-input":{"@type":"PropertyValueSpecification","valueRequired":true,"valueName":"search_term_string"}}],"inLanguage":"en-US"},{"@type":"Organization","@id":"https:\/\/efip.ctu.edu.vn\/web\/#organization","name":"EFIP","url":"https:\/\/efip.ctu.edu.vn\/web\/","logo":{"@type":"ImageObject","inLanguage":"en-US","@id":"https:\/\/efip.ctu.edu.vn\/web\/#\/schema\/logo\/image\/","url":"https:\/\/efip.ctu.edu.vn\/web\/wp-content\/uploads\/2025\/05\/efip2-150x89-1.jpg","contentUrl":"https:\/\/efip.ctu.edu.vn\/web\/wp-content\/uploads\/2025\/05\/efip2-150x89-1.jpg","width":150,"height":89,"caption":"EFIP"},"image":{"@id":"https:\/\/efip.ctu.edu.vn\/web\/#\/schema\/logo\/image\/"},"sameAs":["https:\/\/www.facebook.com\/efipCanTho"]}]}},"_links":{"self":[{"href":"https:\/\/efip.ctu.edu.vn\/web\/wp-json\/wp\/v2\/pages\/1477","targetHints":{"allow":["GET"]}}],"collection":[{"href":"https:\/\/efip.ctu.edu.vn\/web\/wp-json\/wp\/v2\/pages"}],"about":[{"href":"https:\/\/efip.ctu.edu.vn\/web\/wp-json\/wp\/v2\/types\/page"}],"author":[{"embeddable":true,"href":"https:\/\/efip.ctu.edu.vn\/web\/wp-json\/wp\/v2\/users\/3"}],"replies":[{"embeddable":true,"href":"https:\/\/efip.ctu.edu.vn\/web\/wp-json\/wp\/v2\/comments?post=1477"}],"version-history":[{"count":1,"href":"https:\/\/efip.ctu.edu.vn\/web\/wp-json\/wp\/v2\/pages\/1477\/revisions"}],"predecessor-version":[{"id":1478,"href":"https:\/\/efip.ctu.edu.vn\/web\/wp-json\/wp\/v2\/pages\/1477\/revisions\/1478"}],"wp:featuredmedia":[{"embeddable":true,"href":"https:\/\/efip.ctu.edu.vn\/web\/wp-json\/wp\/v2\/media\/1584"}],"wp:attachment":[{"href":"https:\/\/efip.ctu.edu.vn\/web\/wp-json\/wp\/v2\/media?parent=1477"}],"curies":[{"name":"wp","href":"https:\/\/api.w.org\/{rel}","templated":true}]}}