{"id":1441,"date":"2020-06-13T19:06:57","date_gmt":"2020-06-13T12:06:57","guid":{"rendered":"https:\/\/efip.ctu.edu.vn\/web\/?page_id=1441"},"modified":"2025-05-02T22:03:08","modified_gmt":"2025-05-02T15:03:08","slug":"webinaire-covid-19-quel-developpement-soutenable-pour-demain","status":"publish","type":"page","link":"https:\/\/efip.ctu.edu.vn\/web\/webinaire-covid-19-quel-developpement-soutenable-pour-demain\/","title":{"rendered":"Covid-19 : quel d\u00e9veloppement soutenable pour demain?"},"content":{"rendered":"\n<p>Dans le cadre de la mobilisation actuelle et des r\u00e9flexions collectives que suscite la pand\u00e9mie de Covid-19, la s\u00e9rie de webinaires \u00ab Covid -19 : quel d\u00e9veloppement soutenable pour demain? \u00bb, organis\u00e9s par l\u2019Universit\u00e9 Paris-Saclay en collaboration avec le m\u00e9dia en ligne The Conversation et l\u2019Agence universitaire de la Francophonie, donne la parole \u00e0 de nombreux experts de l\u2019Universit\u00e9 Paris-Saclay. Ces webinaires ont pour but de croiser les disciplines et les exp\u00e9riences, de mani\u00e8re \u00e0 \u00e9clairer les multiples aspects de cette crise sanitaire \u00e0 l\u2019aune des enjeux environnementaux.<\/p>\n\n\n\n<p>Cinq webinaires sont disponibles :<\/p>\n\n\n\n<ul class=\"wp-block-list\">\n<li><strong>Biodiversit\u00e9 et climat : l&#8217;urgence !<\/strong> (Page 1);<\/li>\n\n\n\n<li><strong>Quelle alimentation pour demain ? Circuits courts, production, s\u00e9curit\u00e9<\/strong> (<a href=\"https:\/\/efip.ctu.edu.vn\/web\/webinaire-covid-19-quel-developpement-soutenable-pour-demain\/2\/\">Page 2<\/a>);<\/li>\n\n\n\n<li><strong>Quelles mutations \u00e9conomiques et sociales ?<\/strong> (<a href=\"https:\/\/efip.ctu.edu.vn\/web\/webinaire-covid-19-quel-developpement-soutenable-pour-demain\/3\/\">Page 3<\/a>);<\/li>\n\n\n\n<li><strong>Enjeu local et\/ou enjeu global ?<\/strong> (<a href=\"https:\/\/efip.ctu.edu.vn\/web\/webinaire-covid-19-quel-developpement-soutenable-pour-demain\/4\/\">Page 4<\/a>).<\/li>\n\n\n\n<li><strong>Les d\u00e9fis de la sant\u00e9 globale<\/strong> (<a href=\"https:\/\/efip.ctu.edu.vn\/web\/webinaire-covid-19-quel-developpement-soutenable-pour-demain\/5\/\">Page 5<\/a>).<\/li>\n<\/ul>\n\n\n\n<p><\/p>\n\n\n\n<figure class=\"wp-block-embed is-type-video is-provider-youtube wp-block-embed-youtube wp-embed-aspect-16-9 wp-has-aspect-ratio\"><div class=\"wp-block-embed__wrapper\">\n<iframe title=\"Webinaire #1 &quot;Biodiversit\u00e9 et climat : l&#039;urgence !\" width=\"660\" height=\"371\" src=\"https:\/\/www.youtube.com\/embed\/iTcn8Nv-gL4?feature=oembed\" frameborder=\"0\" allow=\"accelerometer; autoplay; clipboard-write; encrypted-media; gyroscope; picture-in-picture; web-share\" referrerpolicy=\"strict-origin-when-cross-origin\" allowfullscreen><\/iframe>\n<\/div><\/figure>\n\n\n\n<p><a rel=\"noreferrer noopener\" href=\"https:\/\/youtu.be\/iTcn8Nv-gL4\" target=\"_blank\">Webinaire #1 : Biodiversit\u00e9 et climat : l&#8217;urgence !<\/a> (9 juin 2020)<\/p>\n\n\n\n<p>Le premier webinaire a \u00e9t\u00e9 organis\u00e9 le 9 juin 2020 et avait pour th\u00e8me : &#8220;<strong>Biodiversit\u00e9 et climat : l\u2019urgence !<\/strong>&#8220;.<\/p>\n\n\n\n<p><\/p>\n\n\n\n<p>Il \u00e9tait anim\u00e9 par Fabrice ROUSSELOT, directeur de la r\u00e9daction <em>The Conversation France.<\/em><\/p>\n\n\n\n<p>Il \u00e9tait entour\u00e9 de 5 sp\u00e9cialistes :<\/p>\n\n\n\n<ul class=\"wp-block-list\">\n<li>Anne Charlotte VAISSI\u00c8RE, \u00e9conomiste \u00e9cologique;<\/li>\n\n\n\n<li>Laurent FONBAUSTIER, juriste;<\/li>\n\n\n\n<li>Mat\u00e9o CORDIER, \u00e9conomiste;<\/li>\n\n\n\n<li>Val\u00e9rie MASSON-DELMOTTE, climatologue;<\/li>\n\n\n\n<li>Jane LECOMTE, Vice-Pr\u00e9sidente d\u00e9veloppement soutenable, Universit\u00e9 Paris-Saclay.<\/li>\n<\/ul>\n\n\n\n<!--nextpage-->\n\n\n\n<p><\/p>\n\n\n\n<figure class=\"wp-block-embed is-type-video is-provider-youtube wp-block-embed-youtube wp-embed-aspect-16-9 wp-has-aspect-ratio\"><div class=\"wp-block-embed__wrapper\">\n<iframe title=\"Webinaire participatif &quot;Quelle alimentation pour demain ? Circuits courts \u2013 S\u00e9curit\u00e9 \u2013 Production&quot;\" width=\"660\" height=\"371\" src=\"https:\/\/www.youtube.com\/embed\/e7lj-MuH1vw?feature=oembed\" frameborder=\"0\" allow=\"accelerometer; autoplay; clipboard-write; encrypted-media; gyroscope; picture-in-picture; web-share\" referrerpolicy=\"strict-origin-when-cross-origin\" allowfullscreen><\/iframe>\n<\/div><\/figure>\n\n\n\n<p>Webinaire #2 : <a aria-label=\"undefined (s\u2019ouvre dans un nouvel onglet)\" href=\"https:\/\/youtu.be\/e7lj-MuH1vw\" target=\"_blank\" rel=\"noreferrer noopener\">Quelle alimentation pour demain ? Circuits courts \u2013 S\u00e9curit\u00e9 \u2013 Production<\/a> (24 juin 2020)<\/p>\n\n\n\n<p>Le second webinaire a eu lieu le 24 juin 2020 et avait pour th\u00e8me : &#8220;<strong>Quelle alimentation pour demain ? Circuits courts \u2013 S\u00e9curit\u00e9 \u2013 Production<\/strong>&#8220;. <\/p>\n\n\n\n<p><\/p>\n\n\n\n<p>Il \u00e9tait anim\u00e9 par Jennifer Gall\u00e9, Cheffe de rubrique Environnement \u2013 \u00c9nergie \u00e0 <em>The Conversation France<\/em>. <\/p>\n\n\n\n<p>Elle \u00e9tait entour\u00e9e de 4 sp\u00e9cialites : <\/p>\n\n\n\n<ul class=\"wp-block-list\">\n<li>Caroline ORSET, \u00e9conomiste, Universit\u00e9 Paris-Saclay; <\/li>\n\n\n\n<li>Marianne LE BAIL, agronome, Universit\u00e9 Paris-Saclay; <\/li>\n\n\n\n<li>Philippe CIAIS, climatologue, Universit\u00e9 Paris-Saclay; <\/li>\n\n\n\n<li>Jane LECOMTE, Vice-Pr\u00e9sidente d\u00e9veloppement soutenable, Universit\u00e9 Paris-Saclay.<\/li>\n<\/ul>\n\n\n\n<!--nextpage-->\n\n\n\n<figure class=\"wp-block-embed is-type-video is-provider-youtube wp-block-embed-youtube wp-embed-aspect-16-9 wp-has-aspect-ratio\"><div class=\"wp-block-embed__wrapper\">\n<iframe title=\"Webinaire participatif : &quot;COVID-19 : Quelles mutations \u00e9conomiques et sociales ?&quot;\" width=\"660\" height=\"371\" src=\"https:\/\/www.youtube.com\/embed\/QVFZI3fnGPI?feature=oembed\" frameborder=\"0\" allow=\"accelerometer; autoplay; clipboard-write; encrypted-media; gyroscope; picture-in-picture; web-share\" referrerpolicy=\"strict-origin-when-cross-origin\" allowfullscreen><\/iframe>\n<\/div><\/figure>\n\n\n\n<p>Webinaire #3 : <a aria-label=\"undefined (s\u2019ouvre dans un nouvel onglet)\" href=\"https:\/\/youtu.be\/QVFZI3fnGPI\" target=\"_blank\" rel=\"noreferrer noopener\">Quelles mutations \u00e9conomiques et sociales ?<\/a> (7 juillet 2020)<\/p>\n\n\n\n<p>Le troisi\u00e8me webinaire a \u00e9t\u00e9 organis\u00e9 le 7 juillet 2020 et avait pour th\u00e8me : &#8220;<strong>Quelles mutations \u00e9conomiques et sociales ?<\/strong>&#8220;. <\/p>\n\n\n\n<p><\/p>\n\n\n\n<p>Il \u00e9tait anim\u00e9 par Thibault LIEURADE, Chef de rubrique \u00c9conomie \u2013 Entreprise, \u00e0 <em>The Conversation France<\/em>. <\/p>\n\n\n\n<p>Il \u00e9tait entour\u00e9 de 4 sp\u00e9cialistes:<\/p>\n\n\n\n<ul class=\"wp-block-list\">\n<li>Patrick SCHEMBRI, \u00e9conomiste, UVSQ;<\/li>\n\n\n\n<li>Jean-Paul MAR\u00c9CHAL, \u00e9conomiste, Facult\u00e9 Jean Monnet Droit-Economie-Gestion;<\/li>\n\n\n\n<li>Franck LECOCQ, Directeur du CIRED, AgroParisTech;<\/li>\n\n\n\n<li>Alexandre RAMBAUD, Docteur en math\u00e9matiques et en sciences de gestion, sp\u00e9cialis\u00e9 en comptabilit\u00e9 financi\u00e8re et \u00e9cologique, AgroParisTech;<\/li>\n\n\n\n<li>Jane LECOMTE, Vice-Pr\u00e9sidente d\u00e9veloppement soutenable, Universit\u00e9 Paris-Saclay.<\/li>\n<\/ul>\n\n\n\n<!--nextpage-->\n\n\n\n<figure class=\"wp-block-embed is-type-video is-provider-youtube wp-block-embed-youtube wp-embed-aspect-16-9 wp-has-aspect-ratio\"><div class=\"wp-block-embed__wrapper\">\n<iframe title=\"Webinaire participatif &quot;Enjeu  local ou enjeu global&#039; montage&quot;\" width=\"660\" height=\"371\" src=\"https:\/\/www.youtube.com\/embed\/--L1Hv6POSQ?feature=oembed\" frameborder=\"0\" allow=\"accelerometer; autoplay; clipboard-write; encrypted-media; gyroscope; picture-in-picture; web-share\" referrerpolicy=\"strict-origin-when-cross-origin\" allowfullscreen><\/iframe>\n<\/div><\/figure>\n\n\n\n<p>Webinaire #4 : Enjeu local et\/ou enjeu global ?<\/p>\n\n\n\n<p>Ce quatri\u00e8me webinaire a \u00e9t\u00e9 organis\u00e9 le mercredi 21 octobre 2020 \u00e0 14h et a \u00e9t\u00e9 anim\u00e9 par anim\u00e9 par&nbsp;Thibault Lieurade,&nbsp;Chef de rubrique \u00c9conomie \u2013 Entreprise,&nbsp;The Conversation France.<\/p>\n\n\n\n<p>Il a r\u00e9uni :<\/p>\n\n\n\n<ul class=\"wp-block-list\">\n<li>Nathalie de Noblet, bioclimatologue, CEA;<\/li>\n\n\n\n<li>Andr\u00e9 Torre, \u00e9conomiste, INRA;<\/li>\n\n\n\n<li>Jean-Marc Meynard, agronome, INRA;<\/li>\n\n\n\n<li>Jane Lecomte, Vice-Pr\u00e9sidente d\u00e9veloppement soutenable,\u00a0Universit\u00e9 Paris-Saclay.<\/li>\n<\/ul>\n\n\n\n<p><\/p>\n\n\n\n<!--nextpage-->\n\n\n\n<figure class=\"wp-block-embed is-type-video is-provider-youtube wp-block-embed-youtube wp-embed-aspect-16-9 wp-has-aspect-ratio\"><div class=\"wp-block-embed__wrapper\">\n<iframe title=\"Webinaire #5 &quot;Les d\u00e9fis de la sant\u00e9 globale&quot;\" width=\"660\" height=\"371\" src=\"https:\/\/www.youtube.com\/embed\/8vqjo0AY7ME?feature=oembed\" frameborder=\"0\" allow=\"accelerometer; autoplay; clipboard-write; encrypted-media; gyroscope; picture-in-picture; web-share\" referrerpolicy=\"strict-origin-when-cross-origin\" allowfullscreen><\/iframe>\n<\/div><\/figure>\n\n\n\n<p><strong>Webinaire #5 &#8220;Les d\u00e9fis de la sant\u00e9 globale&#8221;<\/strong> (12 janvier 2021)<\/p>\n\n\n\n<p>Ce cinqui\u00e8me et dernier webinaire de ce cycle a \u00e9t\u00e9 anim\u00e9 par Lionel Cavicchhioli, Chef de rubrique Sant\u00e9 \u00e0 The Conversation France, avec la participation de Jane Lecomte, Vice-Pr\u00e9sidente D\u00e9veloppement Soutenable de l&#8217;Universit\u00e9 Paris-Saclay le 12 janvier 2021. <\/p>\n\n\n\n<p>Quatre expert(e)s ont \u00e9t\u00e9 invit\u00e9(e)s : <\/p>\n\n\n\n<ul class=\"wp-block-list\">\n<li>Yves Gaudin (Virologue, Directeur de recherche au CNRS) ; <\/li>\n\n\n\n<li>Yves L\u00e9vi (Pharmacien en sant\u00e9 publique-environnement, Professeur Facult\u00e9 de Pharmacie UPSaclay) ; <\/li>\n\n\n\n<li>Claire Rogel-Gaillard (G\u00e9n\u00e9ticienne animale, Directrice de recherche INRAE) ;<\/li>\n\n\n\n<li>Gianluca Severi (Epid\u00e9miologiste, Directeur de recherche \u00e0 l&#8217;INSERM).<\/li>\n<\/ul>\n\n\n\n<p><\/p>\n\n\n\n<p><\/p>\n\n\n\n<p>Pour d\u2019autres webinaires :&nbsp;<a rel=\"noreferrer noopener\" href=\"https:\/\/efip.ctu.edu.vn\/web\/webinaires\/\" target=\"_blank\">https:\/\/efip.ctu.edu.vn\/web\/webinaires\/<\/a><\/p>\n\n\n\n<p class=\"has-text-align-right\"><em>Mise \u00e0 jour le 3 ao\u00fbt 2021.<\/em><\/p>\n","protected":false},"excerpt":{"rendered":"<p>Dans le cadre de la mobilisation actuelle et des r\u00e9flexions collectives que suscite la pand\u00e9mie de Covid-19, la s\u00e9rie de &hellip; <br \/><a href=\"https:\/\/efip.ctu.edu.vn\/web\/webinaire-covid-19-quel-developpement-soutenable-pour-demain\/\" class=\"more-link\">Continue reading <span class=\"screen-reader-text\">Covid-19 : quel d\u00e9veloppement soutenable pour demain?<\/span><\/a><\/p>\n","protected":false},"author":3,"featured_media":1689,"parent":0,"menu_order":0,"comment_status":"closed","ping_status":"closed","template":"","meta":{"footnotes":""},"class_list":["post-1441","page","type-page","status-publish","has-post-thumbnail","hentry"],"yoast_head":"<!-- This site is optimized with the Yoast SEO plugin v25.0 - https:\/\/yoast.com\/wordpress\/plugins\/seo\/ -->\n<title>Webinaires COVID-19 : quel d\u00e9veloppement soutenable pour demain ?<\/title>\n<meta name=\"description\" content=\"La s\u00e9rie de webinaires \u00ab Covid -19 : quel d\u00e9veloppement soutenable pour demain? \u00bb, est organis\u00e9e par l\u2019Universit\u00e9 Paris-Saclay en collaboration avec le m\u00e9dia en ligne The Conversation et l\u2019Agence universitaire de la Francophonie.\" \/>\n<meta name=\"robots\" content=\"index, follow, max-snippet:-1, max-image-preview:large, max-video-preview:-1\" \/>\n<link rel=\"canonical\" href=\"https:\/\/efip.ctu.edu.vn\/web\/webinaire-covid-19-quel-developpement-soutenable-pour-demain\/\" \/>\n<link rel=\"next\" href=\"https:\/\/efip.ctu.edu.vn\/web\/webinaire-covid-19-quel-developpement-soutenable-pour-demain\/2\/\" \/>\n<meta property=\"og:locale\" content=\"en_US\" \/>\n<meta property=\"og:type\" content=\"article\" \/>\n<meta property=\"og:title\" content=\"Webinaires COVID-19 : quel d\u00e9veloppement soutenable pour demain ?\" \/>\n<meta property=\"og:description\" content=\"La s\u00e9rie de webinaires \u00ab Covid -19 : quel d\u00e9veloppement soutenable pour demain? \u00bb, est organis\u00e9e par l\u2019Universit\u00e9 Paris-Saclay en collaboration avec le m\u00e9dia en ligne The Conversation et l\u2019Agence universitaire de la Francophonie.\" \/>\n<meta property=\"og:url\" content=\"https:\/\/efip.ctu.edu.vn\/web\/webinaire-covid-19-quel-developpement-soutenable-pour-demain\/\" \/>\n<meta property=\"og:site_name\" content=\"EFIP\" \/>\n<meta property=\"article:publisher\" content=\"https:\/\/www.facebook.com\/efipCanTho\" \/>\n<meta property=\"article:modified_time\" content=\"2025-05-02T15:03:08+00:00\" \/>\n<meta property=\"og:image\" content=\"https:\/\/efip.ctu.edu.vn\/web\/wp-content\/uploads\/2020\/07\/Capture-d\u2019\u00e9cran-2020-07-07-\u00e0-12.07.46.png\" \/>\n\t<meta property=\"og:image:width\" content=\"969\" \/>\n\t<meta property=\"og:image:height\" content=\"764\" \/>\n\t<meta property=\"og:image:type\" content=\"image\/png\" \/>\n<meta name=\"twitter:card\" content=\"summary_large_image\" \/>\n<meta name=\"twitter:label1\" content=\"Est. reading time\" \/>\n\t<meta name=\"twitter:data1\" content=\"3 minutes\" \/>\n<script type=\"application\/ld+json\" class=\"yoast-schema-graph\">{\"@context\":\"https:\/\/schema.org\",\"@graph\":[{\"@type\":\"WebPage\",\"@id\":\"https:\/\/efip.ctu.edu.vn\/web\/webinaire-covid-19-quel-developpement-soutenable-pour-demain\/\",\"url\":\"https:\/\/efip.ctu.edu.vn\/web\/webinaire-covid-19-quel-developpement-soutenable-pour-demain\/\",\"name\":\"Webinaires COVID-19 : quel d\u00e9veloppement soutenable pour demain ?\",\"isPartOf\":{\"@id\":\"https:\/\/efip.ctu.edu.vn\/web\/#website\"},\"primaryImageOfPage\":{\"@id\":\"https:\/\/efip.ctu.edu.vn\/web\/webinaire-covid-19-quel-developpement-soutenable-pour-demain\/#primaryimage\"},\"image\":{\"@id\":\"https:\/\/efip.ctu.edu.vn\/web\/webinaire-covid-19-quel-developpement-soutenable-pour-demain\/#primaryimage\"},\"thumbnailUrl\":\"https:\/\/efip.ctu.edu.vn\/web\/wp-content\/uploads\/2020\/07\/Capture-d\u2019\u00e9cran-2020-07-07-\u00e0-12.07.46.png\",\"datePublished\":\"2020-06-13T12:06:57+00:00\",\"dateModified\":\"2025-05-02T15:03:08+00:00\",\"description\":\"La s\u00e9rie de webinaires \u00ab Covid -19 : quel d\u00e9veloppement soutenable pour demain? \u00bb, est organis\u00e9e par l\u2019Universit\u00e9 Paris-Saclay en collaboration avec le m\u00e9dia en ligne The Conversation et l\u2019Agence universitaire de la Francophonie.\",\"inLanguage\":\"en-US\",\"potentialAction\":[{\"@type\":\"ReadAction\",\"target\":[\"https:\/\/efip.ctu.edu.vn\/web\/webinaire-covid-19-quel-developpement-soutenable-pour-demain\/\"]}]},{\"@type\":\"ImageObject\",\"inLanguage\":\"en-US\",\"@id\":\"https:\/\/efip.ctu.edu.vn\/web\/webinaire-covid-19-quel-developpement-soutenable-pour-demain\/#primaryimage\",\"url\":\"https:\/\/efip.ctu.edu.vn\/web\/wp-content\/uploads\/2020\/07\/Capture-d\u2019\u00e9cran-2020-07-07-\u00e0-12.07.46.png\",\"contentUrl\":\"https:\/\/efip.ctu.edu.vn\/web\/wp-content\/uploads\/2020\/07\/Capture-d\u2019\u00e9cran-2020-07-07-\u00e0-12.07.46.png\",\"width\":969,\"height\":764,\"caption\":\"Quelle alimentation pour demain\"},{\"@type\":\"WebSite\",\"@id\":\"https:\/\/efip.ctu.edu.vn\/web\/#website\",\"url\":\"https:\/\/efip.ctu.edu.vn\/web\/\",\"name\":\"EFIP de Can Tho\",\"description\":\"Espace Francophone d&#039;Innovation et de Partenariat\",\"publisher\":{\"@id\":\"https:\/\/efip.ctu.edu.vn\/web\/#organization\"},\"potentialAction\":[{\"@type\":\"SearchAction\",\"target\":{\"@type\":\"EntryPoint\",\"urlTemplate\":\"https:\/\/efip.ctu.edu.vn\/web\/?s={search_term_string}\"},\"query-input\":{\"@type\":\"PropertyValueSpecification\",\"valueRequired\":true,\"valueName\":\"search_term_string\"}}],\"inLanguage\":\"en-US\"},{\"@type\":\"Organization\",\"@id\":\"https:\/\/efip.ctu.edu.vn\/web\/#organization\",\"name\":\"EFIP\",\"url\":\"https:\/\/efip.ctu.edu.vn\/web\/\",\"logo\":{\"@type\":\"ImageObject\",\"inLanguage\":\"en-US\",\"@id\":\"https:\/\/efip.ctu.edu.vn\/web\/#\/schema\/logo\/image\/\",\"url\":\"https:\/\/efip.ctu.edu.vn\/web\/wp-content\/uploads\/2025\/05\/efip2-150x89-1.jpg\",\"contentUrl\":\"https:\/\/efip.ctu.edu.vn\/web\/wp-content\/uploads\/2025\/05\/efip2-150x89-1.jpg\",\"width\":150,\"height\":89,\"caption\":\"EFIP\"},\"image\":{\"@id\":\"https:\/\/efip.ctu.edu.vn\/web\/#\/schema\/logo\/image\/\"},\"sameAs\":[\"https:\/\/www.facebook.com\/efipCanTho\"]}]}<\/script>\n<!-- \/ Yoast SEO plugin. -->","yoast_head_json":{"title":"Webinaires COVID-19 : quel d\u00e9veloppement soutenable pour demain ?","description":"La s\u00e9rie de webinaires \u00ab Covid -19 : quel d\u00e9veloppement soutenable pour demain? \u00bb, est organis\u00e9e par l\u2019Universit\u00e9 Paris-Saclay en collaboration avec le m\u00e9dia en ligne The Conversation et l\u2019Agence universitaire de la Francophonie.","robots":{"index":"index","follow":"follow","max-snippet":"max-snippet:-1","max-image-preview":"max-image-preview:large","max-video-preview":"max-video-preview:-1"},"canonical":"https:\/\/efip.ctu.edu.vn\/web\/webinaire-covid-19-quel-developpement-soutenable-pour-demain\/","next":"https:\/\/efip.ctu.edu.vn\/web\/webinaire-covid-19-quel-developpement-soutenable-pour-demain\/2\/","og_locale":"en_US","og_type":"article","og_title":"Webinaires COVID-19 : quel d\u00e9veloppement soutenable pour demain ?","og_description":"La s\u00e9rie de webinaires \u00ab Covid -19 : quel d\u00e9veloppement soutenable pour demain? \u00bb, est organis\u00e9e par l\u2019Universit\u00e9 Paris-Saclay en collaboration avec le m\u00e9dia en ligne The Conversation et l\u2019Agence universitaire de la Francophonie.","og_url":"https:\/\/efip.ctu.edu.vn\/web\/webinaire-covid-19-quel-developpement-soutenable-pour-demain\/","og_site_name":"EFIP","article_publisher":"https:\/\/www.facebook.com\/efipCanTho","article_modified_time":"2025-05-02T15:03:08+00:00","og_image":[{"width":969,"height":764,"url":"https:\/\/efip.ctu.edu.vn\/web\/wp-content\/uploads\/2020\/07\/Capture-d\u2019\u00e9cran-2020-07-07-\u00e0-12.07.46.png","type":"image\/png"}],"twitter_card":"summary_large_image","twitter_misc":{"Est. reading time":"3 minutes"},"schema":{"@context":"https:\/\/schema.org","@graph":[{"@type":"WebPage","@id":"https:\/\/efip.ctu.edu.vn\/web\/webinaire-covid-19-quel-developpement-soutenable-pour-demain\/","url":"https:\/\/efip.ctu.edu.vn\/web\/webinaire-covid-19-quel-developpement-soutenable-pour-demain\/","name":"Webinaires COVID-19 : quel d\u00e9veloppement soutenable pour demain ?","isPartOf":{"@id":"https:\/\/efip.ctu.edu.vn\/web\/#website"},"primaryImageOfPage":{"@id":"https:\/\/efip.ctu.edu.vn\/web\/webinaire-covid-19-quel-developpement-soutenable-pour-demain\/#primaryimage"},"image":{"@id":"https:\/\/efip.ctu.edu.vn\/web\/webinaire-covid-19-quel-developpement-soutenable-pour-demain\/#primaryimage"},"thumbnailUrl":"https:\/\/efip.ctu.edu.vn\/web\/wp-content\/uploads\/2020\/07\/Capture-d\u2019\u00e9cran-2020-07-07-\u00e0-12.07.46.png","datePublished":"2020-06-13T12:06:57+00:00","dateModified":"2025-05-02T15:03:08+00:00","description":"La s\u00e9rie de webinaires \u00ab Covid -19 : quel d\u00e9veloppement soutenable pour demain? \u00bb, est organis\u00e9e par l\u2019Universit\u00e9 Paris-Saclay en collaboration avec le m\u00e9dia en ligne The Conversation et l\u2019Agence universitaire de la Francophonie.","inLanguage":"en-US","potentialAction":[{"@type":"ReadAction","target":["https:\/\/efip.ctu.edu.vn\/web\/webinaire-covid-19-quel-developpement-soutenable-pour-demain\/"]}]},{"@type":"ImageObject","inLanguage":"en-US","@id":"https:\/\/efip.ctu.edu.vn\/web\/webinaire-covid-19-quel-developpement-soutenable-pour-demain\/#primaryimage","url":"https:\/\/efip.ctu.edu.vn\/web\/wp-content\/uploads\/2020\/07\/Capture-d\u2019\u00e9cran-2020-07-07-\u00e0-12.07.46.png","contentUrl":"https:\/\/efip.ctu.edu.vn\/web\/wp-content\/uploads\/2020\/07\/Capture-d\u2019\u00e9cran-2020-07-07-\u00e0-12.07.46.png","width":969,"height":764,"caption":"Quelle alimentation pour demain"},{"@type":"WebSite","@id":"https:\/\/efip.ctu.edu.vn\/web\/#website","url":"https:\/\/efip.ctu.edu.vn\/web\/","name":"EFIP de Can Tho","description":"Espace Francophone d&#039;Innovation et de Partenariat","publisher":{"@id":"https:\/\/efip.ctu.edu.vn\/web\/#organization"},"potentialAction":[{"@type":"SearchAction","target":{"@type":"EntryPoint","urlTemplate":"https:\/\/efip.ctu.edu.vn\/web\/?s={search_term_string}"},"query-input":{"@type":"PropertyValueSpecification","valueRequired":true,"valueName":"search_term_string"}}],"inLanguage":"en-US"},{"@type":"Organization","@id":"https:\/\/efip.ctu.edu.vn\/web\/#organization","name":"EFIP","url":"https:\/\/efip.ctu.edu.vn\/web\/","logo":{"@type":"ImageObject","inLanguage":"en-US","@id":"https:\/\/efip.ctu.edu.vn\/web\/#\/schema\/logo\/image\/","url":"https:\/\/efip.ctu.edu.vn\/web\/wp-content\/uploads\/2025\/05\/efip2-150x89-1.jpg","contentUrl":"https:\/\/efip.ctu.edu.vn\/web\/wp-content\/uploads\/2025\/05\/efip2-150x89-1.jpg","width":150,"height":89,"caption":"EFIP"},"image":{"@id":"https:\/\/efip.ctu.edu.vn\/web\/#\/schema\/logo\/image\/"},"sameAs":["https:\/\/www.facebook.com\/efipCanTho"]}]}},"_links":{"self":[{"href":"https:\/\/efip.ctu.edu.vn\/web\/wp-json\/wp\/v2\/pages\/1441","targetHints":{"allow":["GET"]}}],"collection":[{"href":"https:\/\/efip.ctu.edu.vn\/web\/wp-json\/wp\/v2\/pages"}],"about":[{"href":"https:\/\/efip.ctu.edu.vn\/web\/wp-json\/wp\/v2\/types\/page"}],"author":[{"embeddable":true,"href":"https:\/\/efip.ctu.edu.vn\/web\/wp-json\/wp\/v2\/users\/3"}],"replies":[{"embeddable":true,"href":"https:\/\/efip.ctu.edu.vn\/web\/wp-json\/wp\/v2\/comments?post=1441"}],"version-history":[{"count":16,"href":"https:\/\/efip.ctu.edu.vn\/web\/wp-json\/wp\/v2\/pages\/1441\/revisions"}],"predecessor-version":[{"id":4351,"href":"https:\/\/efip.ctu.edu.vn\/web\/wp-json\/wp\/v2\/pages\/1441\/revisions\/4351"}],"wp:featuredmedia":[{"embeddable":true,"href":"https:\/\/efip.ctu.edu.vn\/web\/wp-json\/wp\/v2\/media\/1689"}],"wp:attachment":[{"href":"https:\/\/efip.ctu.edu.vn\/web\/wp-json\/wp\/v2\/media?parent=1441"}],"curies":[{"name":"wp","href":"https:\/\/api.w.org\/{rel}","templated":true}]}}