{"id":1407,"date":"2020-06-13T16:35:49","date_gmt":"2020-06-13T09:35:49","guid":{"rendered":"https:\/\/efip.ctu.edu.vn\/web\/?page_id=1407"},"modified":"2025-05-07T08:34:54","modified_gmt":"2025-05-07T01:34:54","slug":"webinaires-fle","status":"publish","type":"page","link":"https:\/\/efip.ctu.edu.vn\/web\/webinaires-fle\/","title":{"rendered":"FLE"},"content":{"rendered":"<div class=\"wp-block-image\">\n<figure class=\"aligncenter size-large is-resized\"><a href=\"https:\/\/efip.ctu.edu.vn\/web\/wp-content\/uploads\/2025\/05\/FLE.jpg\"><img fetchpriority=\"high\" decoding=\"async\" width=\"1024\" height=\"683\" src=\"https:\/\/efip.ctu.edu.vn\/web\/wp-content\/uploads\/2025\/05\/FLE-1024x683.jpg\" alt=\"\" class=\"wp-image-4362\" style=\"width:512px;height:342px\" srcset=\"https:\/\/efip.ctu.edu.vn\/web\/wp-content\/uploads\/2025\/05\/FLE-1024x683.jpg 1024w, https:\/\/efip.ctu.edu.vn\/web\/wp-content\/uploads\/2025\/05\/FLE-300x200.jpg 300w, https:\/\/efip.ctu.edu.vn\/web\/wp-content\/uploads\/2025\/05\/FLE-768x512.jpg 768w, https:\/\/efip.ctu.edu.vn\/web\/wp-content\/uploads\/2025\/05\/FLE-1536x1024.jpg 1536w, https:\/\/efip.ctu.edu.vn\/web\/wp-content\/uploads\/2025\/05\/FLE.jpg 1800w\" sizes=\"(max-width: 1024px) 100vw, 1024px\" \/><\/a><\/figure><\/div>\n\n\n<p>Dans cette rubrique FLE (Fran\u00e7ais Langue \u00e9trang\u00e8re), nous regrouperons tous les webinaires en lien avec cette mati\u00e8re :<\/p>\n\n\n\n<ul class=\"wp-block-list\">\n<li><a href=\"https:\/\/efip.ctu.edu.vn\/web\/webinaires-canotech\/\" target=\"_blank\" rel=\"noreferrer noopener\">Webinaires CanoTech<\/a><\/li>\n\n\n\n<li><a href=\"https:\/\/efip.ctu.edu.vn\/web\/webinaire-la-communication-interculturelle\/\" target=\"_blank\" rel=\"noreferrer noopener\">Webinaire : La communication interculturelle<\/a><\/li>\n\n\n\n<li><a href=\"https:\/\/efip.ctu.edu.vn\/web\/webinaires-e-learning-auf\/\" target=\"_blank\" rel=\"noreferrer noopener\">Webinaires : E-learning AUF<\/a><\/li>\n\n\n\n<li><a href=\"https:\/\/efip.ctu.edu.vn\/web\/webinaire-enseigner-a-distance-transformations-enjeux-et-creativite\/\" target=\"_blank\" rel=\"noreferrer noopener\">Webinaire : Enseigner \u00e0 distance : transformations, enjeux et cr\u00e9ativit\u00e9&nbsp;<\/a><\/li>\n\n\n\n<li><a href=\"https:\/\/efip.ctu.edu.vn\/web\/webinaire-environnements-numeriques-pour-lenseignement-apprentissage-des-langues\/\" target=\"_blank\" rel=\"noreferrer noopener\">Webinaire : Environnements num\u00e9riques pour l\u2019enseignement-apprentissage des langues<\/a><\/li>\n\n\n\n<li><a href=\"https:\/\/efip.ctu.edu.vn\/web\/webinaire-jeux-et-apprentissages-est-ce-bien-serieux\/\" target=\"_blank\" rel=\"noreferrer noopener\">Webinaire : Jeux et apprentissages : est-ce bien s\u00e9rieux ?<\/a><\/li>\n\n\n\n<li><a aria-label=\"undefined (s\u2019ouvre dans un nouvel onglet)\" href=\"https:\/\/efip.ctu.edu.vn\/web\/webinaires-ifprofs-coronafle\/\" target=\"_blank\" rel=\"noreferrer noopener\">Webinaires : <\/a><a href=\"https:\/\/efip.ctu.edu.vn\/web\/webinaires-ifprofs-coronafle\/\" data-type=\"page\" data-id=\"1678\">IFprofs #CoronaFLE et IFprofs webinaires<\/a><\/li>\n\n\n\n<li><a href=\"https:\/\/efip.ctu.edu.vn\/web\/webinaires-de-france-education-international\/\" target=\"_blank\" rel=\"noreferrer noopener\">Webinaires de France Education International<\/a><\/li>\n\n\n\n<li><a href=\"https:\/\/efip.ctu.edu.vn\/web\/webinaires-de-la-maison-des-langues\/\" target=\"_blank\" rel=\"noreferrer noopener\">Webinaires de la maison des langues<\/a><\/li>\n<\/ul>\n\n\n\n<p><\/p>\n\n\n\n<p class=\"has-text-align-right\"><em>Mise \u00e0 jour le 3 mai 2025<\/em><\/p>\n\n\n\n<p><\/p>\n","protected":false},"excerpt":{"rendered":"<p>Dans cette rubrique FLE (Fran\u00e7ais Langue \u00e9trang\u00e8re), nous regrouperons tous les webinaires en lien avec cette mati\u00e8re : Mise \u00e0 &hellip; <br \/><a href=\"https:\/\/efip.ctu.edu.vn\/web\/webinaires-fle\/\" class=\"more-link\">Continue reading <span class=\"screen-reader-text\">FLE<\/span><\/a><\/p>\n","protected":false},"author":3,"featured_media":4362,"parent":0,"menu_order":0,"comment_status":"closed","ping_status":"closed","template":"","meta":{"footnotes":""},"class_list":["post-1407","page","type-page","status-publish","has-post-thumbnail","hentry"],"yoast_head":"<!-- This site is optimized with the Yoast SEO plugin v25.0 - https:\/\/yoast.com\/wordpress\/plugins\/seo\/ -->\n<title>Webinaires - Webinaires FLE - EFIP de Can Tho<\/title>\n<meta name=\"description\" content=\"Dans cette rubrique FLE (Fran\u00e7ais Langue \u00e9trang\u00e8re), nous regrouperons tous les webinaires gratuits en ligne en lien avec cette mati\u00e8re.\" \/>\n<meta name=\"robots\" content=\"index, follow, max-snippet:-1, max-image-preview:large, max-video-preview:-1\" \/>\n<link rel=\"canonical\" href=\"https:\/\/efip.ctu.edu.vn\/web\/webinaires-fle\/\" \/>\n<meta property=\"og:locale\" content=\"en_US\" \/>\n<meta property=\"og:type\" content=\"article\" \/>\n<meta property=\"og:title\" content=\"Webinaires - Webinaires FLE - EFIP de Can Tho\" \/>\n<meta property=\"og:description\" content=\"Dans cette rubrique FLE (Fran\u00e7ais Langue \u00e9trang\u00e8re), nous regrouperons tous les webinaires gratuits en ligne en lien avec cette mati\u00e8re.\" \/>\n<meta property=\"og:url\" content=\"https:\/\/efip.ctu.edu.vn\/web\/webinaires-fle\/\" \/>\n<meta property=\"og:site_name\" content=\"EFIP\" \/>\n<meta property=\"article:publisher\" content=\"https:\/\/www.facebook.com\/efipCanTho\" \/>\n<meta property=\"article:modified_time\" content=\"2025-05-07T01:34:54+00:00\" \/>\n<meta property=\"og:image\" content=\"https:\/\/efip.ctu.edu.vn\/web\/wp-content\/uploads\/2025\/05\/FLE.jpg\" \/>\n\t<meta property=\"og:image:width\" content=\"1800\" \/>\n\t<meta property=\"og:image:height\" content=\"1200\" \/>\n\t<meta property=\"og:image:type\" content=\"image\/jpeg\" \/>\n<meta name=\"twitter:card\" content=\"summary_large_image\" \/>\n<meta name=\"twitter:label1\" content=\"Est. reading time\" \/>\n\t<meta name=\"twitter:data1\" content=\"1 minute\" \/>\n<script type=\"application\/ld+json\" class=\"yoast-schema-graph\">{\"@context\":\"https:\/\/schema.org\",\"@graph\":[{\"@type\":\"WebPage\",\"@id\":\"https:\/\/efip.ctu.edu.vn\/web\/webinaires-fle\/\",\"url\":\"https:\/\/efip.ctu.edu.vn\/web\/webinaires-fle\/\",\"name\":\"Webinaires - Webinaires FLE - EFIP de Can Tho\",\"isPartOf\":{\"@id\":\"https:\/\/efip.ctu.edu.vn\/web\/#website\"},\"primaryImageOfPage\":{\"@id\":\"https:\/\/efip.ctu.edu.vn\/web\/webinaires-fle\/#primaryimage\"},\"image\":{\"@id\":\"https:\/\/efip.ctu.edu.vn\/web\/webinaires-fle\/#primaryimage\"},\"thumbnailUrl\":\"https:\/\/efip.ctu.edu.vn\/web\/wp-content\/uploads\/2025\/05\/FLE.jpg\",\"datePublished\":\"2020-06-13T09:35:49+00:00\",\"dateModified\":\"2025-05-07T01:34:54+00:00\",\"description\":\"Dans cette rubrique FLE (Fran\u00e7ais Langue \u00e9trang\u00e8re), nous regrouperons tous les webinaires gratuits en ligne en lien avec cette mati\u00e8re.\",\"breadcrumb\":{\"@id\":\"https:\/\/efip.ctu.edu.vn\/web\/webinaires-fle\/#breadcrumb\"},\"inLanguage\":\"en-US\",\"potentialAction\":[{\"@type\":\"ReadAction\",\"target\":[\"https:\/\/efip.ctu.edu.vn\/web\/webinaires-fle\/\"]}]},{\"@type\":\"ImageObject\",\"inLanguage\":\"en-US\",\"@id\":\"https:\/\/efip.ctu.edu.vn\/web\/webinaires-fle\/#primaryimage\",\"url\":\"https:\/\/efip.ctu.edu.vn\/web\/wp-content\/uploads\/2025\/05\/FLE.jpg\",\"contentUrl\":\"https:\/\/efip.ctu.edu.vn\/web\/wp-content\/uploads\/2025\/05\/FLE.jpg\",\"width\":1800,\"height\":1200},{\"@type\":\"BreadcrumbList\",\"@id\":\"https:\/\/efip.ctu.edu.vn\/web\/webinaires-fle\/#breadcrumb\",\"itemListElement\":[{\"@type\":\"ListItem\",\"position\":1,\"name\":\"Accueil\",\"item\":\"https:\/\/efip.ctu.edu.vn\/web\/\"},{\"@type\":\"ListItem\",\"position\":2,\"name\":\"FLE\"}]},{\"@type\":\"WebSite\",\"@id\":\"https:\/\/efip.ctu.edu.vn\/web\/#website\",\"url\":\"https:\/\/efip.ctu.edu.vn\/web\/\",\"name\":\"EFIP de Can Tho\",\"description\":\"Espace Francophone d&#039;Innovation et de Partenariat\",\"publisher\":{\"@id\":\"https:\/\/efip.ctu.edu.vn\/web\/#organization\"},\"potentialAction\":[{\"@type\":\"SearchAction\",\"target\":{\"@type\":\"EntryPoint\",\"urlTemplate\":\"https:\/\/efip.ctu.edu.vn\/web\/?s={search_term_string}\"},\"query-input\":{\"@type\":\"PropertyValueSpecification\",\"valueRequired\":true,\"valueName\":\"search_term_string\"}}],\"inLanguage\":\"en-US\"},{\"@type\":\"Organization\",\"@id\":\"https:\/\/efip.ctu.edu.vn\/web\/#organization\",\"name\":\"EFIP\",\"url\":\"https:\/\/efip.ctu.edu.vn\/web\/\",\"logo\":{\"@type\":\"ImageObject\",\"inLanguage\":\"en-US\",\"@id\":\"https:\/\/efip.ctu.edu.vn\/web\/#\/schema\/logo\/image\/\",\"url\":\"https:\/\/efip.ctu.edu.vn\/web\/wp-content\/uploads\/2025\/05\/efip2-150x89-1.jpg\",\"contentUrl\":\"https:\/\/efip.ctu.edu.vn\/web\/wp-content\/uploads\/2025\/05\/efip2-150x89-1.jpg\",\"width\":150,\"height\":89,\"caption\":\"EFIP\"},\"image\":{\"@id\":\"https:\/\/efip.ctu.edu.vn\/web\/#\/schema\/logo\/image\/\"},\"sameAs\":[\"https:\/\/www.facebook.com\/efipCanTho\"]}]}<\/script>\n<!-- \/ Yoast SEO plugin. -->","yoast_head_json":{"title":"Webinaires - Webinaires FLE - EFIP de Can Tho","description":"Dans cette rubrique FLE (Fran\u00e7ais Langue \u00e9trang\u00e8re), nous regrouperons tous les webinaires gratuits en ligne en lien avec cette mati\u00e8re.","robots":{"index":"index","follow":"follow","max-snippet":"max-snippet:-1","max-image-preview":"max-image-preview:large","max-video-preview":"max-video-preview:-1"},"canonical":"https:\/\/efip.ctu.edu.vn\/web\/webinaires-fle\/","og_locale":"en_US","og_type":"article","og_title":"Webinaires - Webinaires FLE - EFIP de Can Tho","og_description":"Dans cette rubrique FLE (Fran\u00e7ais Langue \u00e9trang\u00e8re), nous regrouperons tous les webinaires gratuits en ligne en lien avec cette mati\u00e8re.","og_url":"https:\/\/efip.ctu.edu.vn\/web\/webinaires-fle\/","og_site_name":"EFIP","article_publisher":"https:\/\/www.facebook.com\/efipCanTho","article_modified_time":"2025-05-07T01:34:54+00:00","og_image":[{"width":1800,"height":1200,"url":"https:\/\/efip.ctu.edu.vn\/web\/wp-content\/uploads\/2025\/05\/FLE.jpg","type":"image\/jpeg"}],"twitter_card":"summary_large_image","twitter_misc":{"Est. reading time":"1 minute"},"schema":{"@context":"https:\/\/schema.org","@graph":[{"@type":"WebPage","@id":"https:\/\/efip.ctu.edu.vn\/web\/webinaires-fle\/","url":"https:\/\/efip.ctu.edu.vn\/web\/webinaires-fle\/","name":"Webinaires - Webinaires FLE - EFIP de Can Tho","isPartOf":{"@id":"https:\/\/efip.ctu.edu.vn\/web\/#website"},"primaryImageOfPage":{"@id":"https:\/\/efip.ctu.edu.vn\/web\/webinaires-fle\/#primaryimage"},"image":{"@id":"https:\/\/efip.ctu.edu.vn\/web\/webinaires-fle\/#primaryimage"},"thumbnailUrl":"https:\/\/efip.ctu.edu.vn\/web\/wp-content\/uploads\/2025\/05\/FLE.jpg","datePublished":"2020-06-13T09:35:49+00:00","dateModified":"2025-05-07T01:34:54+00:00","description":"Dans cette rubrique FLE (Fran\u00e7ais Langue \u00e9trang\u00e8re), nous regrouperons tous les webinaires gratuits en ligne en lien avec cette mati\u00e8re.","breadcrumb":{"@id":"https:\/\/efip.ctu.edu.vn\/web\/webinaires-fle\/#breadcrumb"},"inLanguage":"en-US","potentialAction":[{"@type":"ReadAction","target":["https:\/\/efip.ctu.edu.vn\/web\/webinaires-fle\/"]}]},{"@type":"ImageObject","inLanguage":"en-US","@id":"https:\/\/efip.ctu.edu.vn\/web\/webinaires-fle\/#primaryimage","url":"https:\/\/efip.ctu.edu.vn\/web\/wp-content\/uploads\/2025\/05\/FLE.jpg","contentUrl":"https:\/\/efip.ctu.edu.vn\/web\/wp-content\/uploads\/2025\/05\/FLE.jpg","width":1800,"height":1200},{"@type":"BreadcrumbList","@id":"https:\/\/efip.ctu.edu.vn\/web\/webinaires-fle\/#breadcrumb","itemListElement":[{"@type":"ListItem","position":1,"name":"Accueil","item":"https:\/\/efip.ctu.edu.vn\/web\/"},{"@type":"ListItem","position":2,"name":"FLE"}]},{"@type":"WebSite","@id":"https:\/\/efip.ctu.edu.vn\/web\/#website","url":"https:\/\/efip.ctu.edu.vn\/web\/","name":"EFIP de Can Tho","description":"Espace Francophone d&#039;Innovation et de Partenariat","publisher":{"@id":"https:\/\/efip.ctu.edu.vn\/web\/#organization"},"potentialAction":[{"@type":"SearchAction","target":{"@type":"EntryPoint","urlTemplate":"https:\/\/efip.ctu.edu.vn\/web\/?s={search_term_string}"},"query-input":{"@type":"PropertyValueSpecification","valueRequired":true,"valueName":"search_term_string"}}],"inLanguage":"en-US"},{"@type":"Organization","@id":"https:\/\/efip.ctu.edu.vn\/web\/#organization","name":"EFIP","url":"https:\/\/efip.ctu.edu.vn\/web\/","logo":{"@type":"ImageObject","inLanguage":"en-US","@id":"https:\/\/efip.ctu.edu.vn\/web\/#\/schema\/logo\/image\/","url":"https:\/\/efip.ctu.edu.vn\/web\/wp-content\/uploads\/2025\/05\/efip2-150x89-1.jpg","contentUrl":"https:\/\/efip.ctu.edu.vn\/web\/wp-content\/uploads\/2025\/05\/efip2-150x89-1.jpg","width":150,"height":89,"caption":"EFIP"},"image":{"@id":"https:\/\/efip.ctu.edu.vn\/web\/#\/schema\/logo\/image\/"},"sameAs":["https:\/\/www.facebook.com\/efipCanTho"]}]}},"_links":{"self":[{"href":"https:\/\/efip.ctu.edu.vn\/web\/wp-json\/wp\/v2\/pages\/1407","targetHints":{"allow":["GET"]}}],"collection":[{"href":"https:\/\/efip.ctu.edu.vn\/web\/wp-json\/wp\/v2\/pages"}],"about":[{"href":"https:\/\/efip.ctu.edu.vn\/web\/wp-json\/wp\/v2\/types\/page"}],"author":[{"embeddable":true,"href":"https:\/\/efip.ctu.edu.vn\/web\/wp-json\/wp\/v2\/users\/3"}],"replies":[{"embeddable":true,"href":"https:\/\/efip.ctu.edu.vn\/web\/wp-json\/wp\/v2\/comments?post=1407"}],"version-history":[{"count":20,"href":"https:\/\/efip.ctu.edu.vn\/web\/wp-json\/wp\/v2\/pages\/1407\/revisions"}],"predecessor-version":[{"id":4380,"href":"https:\/\/efip.ctu.edu.vn\/web\/wp-json\/wp\/v2\/pages\/1407\/revisions\/4380"}],"wp:featuredmedia":[{"embeddable":true,"href":"https:\/\/efip.ctu.edu.vn\/web\/wp-json\/wp\/v2\/media\/4362"}],"wp:attachment":[{"href":"https:\/\/efip.ctu.edu.vn\/web\/wp-json\/wp\/v2\/media?parent=1407"}],"curies":[{"name":"wp","href":"https:\/\/api.w.org\/{rel}","templated":true}]}}