{"id":1177,"date":"2020-06-04T08:56:15","date_gmt":"2020-06-04T01:56:15","guid":{"rendered":"https:\/\/efip.ctu.edu.vn\/web\/?page_id=1177"},"modified":"2025-05-03T09:05:05","modified_gmt":"2025-05-03T02:05:05","slug":"un-jour-une-question","status":"publish","type":"page","link":"https:\/\/efip.ctu.edu.vn\/web\/un-jour-une-question\/","title":{"rendered":"Un jour, une question"},"content":{"rendered":"\n<figure class=\"wp-block-image size-large\"><a href=\"https:\/\/efip.ctu.edu.vn\/web\/wp-content\/uploads\/2025\/05\/UnjourUnequestion.png\"><img fetchpriority=\"high\" decoding=\"async\" width=\"1024\" height=\"498\" src=\"https:\/\/efip.ctu.edu.vn\/web\/wp-content\/uploads\/2025\/05\/UnjourUnequestion-1024x498.png\" alt=\"\" class=\"wp-image-4359\" srcset=\"https:\/\/efip.ctu.edu.vn\/web\/wp-content\/uploads\/2025\/05\/UnjourUnequestion-1024x498.png 1024w, https:\/\/efip.ctu.edu.vn\/web\/wp-content\/uploads\/2025\/05\/UnjourUnequestion-300x146.png 300w, https:\/\/efip.ctu.edu.vn\/web\/wp-content\/uploads\/2025\/05\/UnjourUnequestion-768x373.png 768w, https:\/\/efip.ctu.edu.vn\/web\/wp-content\/uploads\/2025\/05\/UnjourUnequestion.png 1259w\" sizes=\"(max-width: 1024px) 100vw, 1024px\" \/><\/a><\/figure>\n\n\n\n<p class=\"has-text-align-left\">&#8220;Un jour, une question&#8221; est une s\u00e9rie de vid\u00e9os \u00e9ducatives propos\u00e9e par Lumni.<\/p>\n\n\n\n<p><a rel=\"noreferrer noopener\" href=\"https:\/\/www.lumni.fr\" target=\"_blank\">Lumni<\/a> est la nouvelle offre de l\u2019audiovisuel public au service de l\u2019\u00e9ducation pour les \u00e9l\u00e8ves, les enseignants et les \u00e9ducateurs. Il regroupe tous les acteurs de l\u2019audiovisuel public. <\/p>\n\n\n\n<p>Cette offre \u00e9ducative in\u00e9dite, gratuite, expertis\u00e9e et sans publicit\u00e9 donne acc\u00e8s \u00e0 la culture, au savoir et \u00e0 la connaissance. Elle est destin\u00e9e \u00e0 tous les enfants de 3 \u00e0 18 ans. Elle couvre l\u2019ensemble des disciplines scolaires de la maternelle \u00e0 la terminale. Adapt\u00e9e \u00e0 chaque univers, Lumni enrichit r\u00e9guli\u00e8rement son offre avec des programmes en ligne, des cours, des jeux, des quiz, ainsi que des programmes et des op\u00e9rations \u00e0 forte valeur \u00e9ducative.<\/p>\n\n\n\n<p><\/p>\n\n\n\n<p>Nous vous proposons dans cette rubrique une vid\u00e9o, suivie d&#8217;un quiz pour am\u00e9liorer vos connaissances en fran\u00e7ais : <a rel=\"noreferrer noopener\" href=\"https:\/\/efip.ctu.edu.vn\/web\/category\/quiz-video\/\" target=\"_blank\">https:\/\/efip.ctu.edu.vn\/web\/category\/quiz-video\/<\/a>&nbsp;.<\/p>\n","protected":false},"excerpt":{"rendered":"<p>&#8220;Un jour, une question&#8221; est une s\u00e9rie de vid\u00e9os \u00e9ducatives propos\u00e9e par Lumni. Lumni est la nouvelle offre de l\u2019audiovisuel &hellip; <br \/><a href=\"https:\/\/efip.ctu.edu.vn\/web\/un-jour-une-question\/\" class=\"more-link\">Continue reading <span class=\"screen-reader-text\">Un jour, une question<\/span><\/a><\/p>\n","protected":false},"author":3,"featured_media":4359,"parent":0,"menu_order":0,"comment_status":"closed","ping_status":"closed","template":"","meta":{"footnotes":""},"class_list":["post-1177","page","type-page","status-publish","has-post-thumbnail","hentry"],"yoast_head":"<!-- This site is optimized with the Yoast SEO plugin v25.0 - https:\/\/yoast.com\/wordpress\/plugins\/seo\/ -->\n<title>Un jour, une question - Vid\u00e9o et Quiz - EFIP de Can Tho<\/title>\n<meta name=\"description\" content=\"Apprenez un nouveau mot ou une nouvelle notion avec &quot;Un jour, une question&quot;, une s\u00e9rie de vid\u00e9os \u00e9ducatives propos\u00e9e Lumni.\" \/>\n<meta name=\"robots\" content=\"index, follow, max-snippet:-1, max-image-preview:large, max-video-preview:-1\" \/>\n<link rel=\"canonical\" href=\"https:\/\/efip.ctu.edu.vn\/web\/un-jour-une-question\/\" \/>\n<meta property=\"og:locale\" content=\"en_US\" \/>\n<meta property=\"og:type\" content=\"article\" \/>\n<meta property=\"og:title\" content=\"Un jour, une question - Vid\u00e9o et Quiz - EFIP de Can Tho\" \/>\n<meta property=\"og:description\" content=\"Apprenez un nouveau mot ou une nouvelle notion avec &quot;Un jour, une question&quot;, une s\u00e9rie de vid\u00e9os \u00e9ducatives propos\u00e9e Lumni.\" \/>\n<meta property=\"og:url\" content=\"https:\/\/efip.ctu.edu.vn\/web\/un-jour-une-question\/\" \/>\n<meta property=\"og:site_name\" content=\"EFIP\" \/>\n<meta property=\"article:publisher\" content=\"https:\/\/www.facebook.com\/efipCanTho\" \/>\n<meta property=\"article:modified_time\" content=\"2025-05-03T02:05:05+00:00\" \/>\n<meta property=\"og:image\" content=\"https:\/\/efip.ctu.edu.vn\/web\/wp-content\/uploads\/2020\/06\/UnjourUnequestion.png\" \/>\n\t<meta property=\"og:image:width\" content=\"1259\" \/>\n\t<meta property=\"og:image:height\" content=\"612\" \/>\n\t<meta property=\"og:image:type\" content=\"image\/png\" \/>\n<meta name=\"twitter:card\" content=\"summary_large_image\" \/>\n<meta name=\"twitter:label1\" content=\"Est. reading time\" \/>\n\t<meta name=\"twitter:data1\" content=\"1 minute\" \/>\n<script type=\"application\/ld+json\" class=\"yoast-schema-graph\">{\"@context\":\"https:\/\/schema.org\",\"@graph\":[{\"@type\":\"WebPage\",\"@id\":\"https:\/\/efip.ctu.edu.vn\/web\/un-jour-une-question\/\",\"url\":\"https:\/\/efip.ctu.edu.vn\/web\/un-jour-une-question\/\",\"name\":\"Un jour, une question - Vid\u00e9o et Quiz - EFIP de Can Tho\",\"isPartOf\":{\"@id\":\"https:\/\/efip.ctu.edu.vn\/web\/#website\"},\"primaryImageOfPage\":{\"@id\":\"https:\/\/efip.ctu.edu.vn\/web\/un-jour-une-question\/#primaryimage\"},\"image\":{\"@id\":\"https:\/\/efip.ctu.edu.vn\/web\/un-jour-une-question\/#primaryimage\"},\"thumbnailUrl\":\"https:\/\/efip.ctu.edu.vn\/web\/wp-content\/uploads\/2025\/05\/UnjourUnequestion.png\",\"datePublished\":\"2020-06-04T01:56:15+00:00\",\"dateModified\":\"2025-05-03T02:05:05+00:00\",\"description\":\"Apprenez un nouveau mot ou une nouvelle notion avec \\\"Un jour, une question\\\", une s\u00e9rie de vid\u00e9os \u00e9ducatives propos\u00e9e Lumni.\",\"breadcrumb\":{\"@id\":\"https:\/\/efip.ctu.edu.vn\/web\/un-jour-une-question\/#breadcrumb\"},\"inLanguage\":\"en-US\",\"potentialAction\":[{\"@type\":\"ReadAction\",\"target\":[\"https:\/\/efip.ctu.edu.vn\/web\/un-jour-une-question\/\"]}]},{\"@type\":\"ImageObject\",\"inLanguage\":\"en-US\",\"@id\":\"https:\/\/efip.ctu.edu.vn\/web\/un-jour-une-question\/#primaryimage\",\"url\":\"https:\/\/efip.ctu.edu.vn\/web\/wp-content\/uploads\/2025\/05\/UnjourUnequestion.png\",\"contentUrl\":\"https:\/\/efip.ctu.edu.vn\/web\/wp-content\/uploads\/2025\/05\/UnjourUnequestion.png\",\"width\":1259,\"height\":612},{\"@type\":\"BreadcrumbList\",\"@id\":\"https:\/\/efip.ctu.edu.vn\/web\/un-jour-une-question\/#breadcrumb\",\"itemListElement\":[{\"@type\":\"ListItem\",\"position\":1,\"name\":\"Accueil\",\"item\":\"https:\/\/efip.ctu.edu.vn\/web\/\"},{\"@type\":\"ListItem\",\"position\":2,\"name\":\"Un jour, une question\"}]},{\"@type\":\"WebSite\",\"@id\":\"https:\/\/efip.ctu.edu.vn\/web\/#website\",\"url\":\"https:\/\/efip.ctu.edu.vn\/web\/\",\"name\":\"EFIP de Can Tho\",\"description\":\"Espace Francophone d&#039;Innovation et de Partenariat\",\"publisher\":{\"@id\":\"https:\/\/efip.ctu.edu.vn\/web\/#organization\"},\"potentialAction\":[{\"@type\":\"SearchAction\",\"target\":{\"@type\":\"EntryPoint\",\"urlTemplate\":\"https:\/\/efip.ctu.edu.vn\/web\/?s={search_term_string}\"},\"query-input\":{\"@type\":\"PropertyValueSpecification\",\"valueRequired\":true,\"valueName\":\"search_term_string\"}}],\"inLanguage\":\"en-US\"},{\"@type\":\"Organization\",\"@id\":\"https:\/\/efip.ctu.edu.vn\/web\/#organization\",\"name\":\"EFIP\",\"url\":\"https:\/\/efip.ctu.edu.vn\/web\/\",\"logo\":{\"@type\":\"ImageObject\",\"inLanguage\":\"en-US\",\"@id\":\"https:\/\/efip.ctu.edu.vn\/web\/#\/schema\/logo\/image\/\",\"url\":\"https:\/\/efip.ctu.edu.vn\/web\/wp-content\/uploads\/2025\/05\/efip2-150x89-1.jpg\",\"contentUrl\":\"https:\/\/efip.ctu.edu.vn\/web\/wp-content\/uploads\/2025\/05\/efip2-150x89-1.jpg\",\"width\":150,\"height\":89,\"caption\":\"EFIP\"},\"image\":{\"@id\":\"https:\/\/efip.ctu.edu.vn\/web\/#\/schema\/logo\/image\/\"},\"sameAs\":[\"https:\/\/www.facebook.com\/efipCanTho\"]}]}<\/script>\n<!-- \/ Yoast SEO plugin. -->","yoast_head_json":{"title":"Un jour, une question - Vid\u00e9o et Quiz - EFIP de Can Tho","description":"Apprenez un nouveau mot ou une nouvelle notion avec \"Un jour, une question\", une s\u00e9rie de vid\u00e9os \u00e9ducatives propos\u00e9e Lumni.","robots":{"index":"index","follow":"follow","max-snippet":"max-snippet:-1","max-image-preview":"max-image-preview:large","max-video-preview":"max-video-preview:-1"},"canonical":"https:\/\/efip.ctu.edu.vn\/web\/un-jour-une-question\/","og_locale":"en_US","og_type":"article","og_title":"Un jour, une question - Vid\u00e9o et Quiz - EFIP de Can Tho","og_description":"Apprenez un nouveau mot ou une nouvelle notion avec \"Un jour, une question\", une s\u00e9rie de vid\u00e9os \u00e9ducatives propos\u00e9e Lumni.","og_url":"https:\/\/efip.ctu.edu.vn\/web\/un-jour-une-question\/","og_site_name":"EFIP","article_publisher":"https:\/\/www.facebook.com\/efipCanTho","article_modified_time":"2025-05-03T02:05:05+00:00","og_image":[{"width":1259,"height":612,"url":"https:\/\/efip.ctu.edu.vn\/web\/wp-content\/uploads\/2020\/06\/UnjourUnequestion.png","type":"image\/png"}],"twitter_card":"summary_large_image","twitter_misc":{"Est. reading time":"1 minute"},"schema":{"@context":"https:\/\/schema.org","@graph":[{"@type":"WebPage","@id":"https:\/\/efip.ctu.edu.vn\/web\/un-jour-une-question\/","url":"https:\/\/efip.ctu.edu.vn\/web\/un-jour-une-question\/","name":"Un jour, une question - Vid\u00e9o et Quiz - EFIP de Can Tho","isPartOf":{"@id":"https:\/\/efip.ctu.edu.vn\/web\/#website"},"primaryImageOfPage":{"@id":"https:\/\/efip.ctu.edu.vn\/web\/un-jour-une-question\/#primaryimage"},"image":{"@id":"https:\/\/efip.ctu.edu.vn\/web\/un-jour-une-question\/#primaryimage"},"thumbnailUrl":"https:\/\/efip.ctu.edu.vn\/web\/wp-content\/uploads\/2025\/05\/UnjourUnequestion.png","datePublished":"2020-06-04T01:56:15+00:00","dateModified":"2025-05-03T02:05:05+00:00","description":"Apprenez un nouveau mot ou une nouvelle notion avec \"Un jour, une question\", une s\u00e9rie de vid\u00e9os \u00e9ducatives propos\u00e9e Lumni.","breadcrumb":{"@id":"https:\/\/efip.ctu.edu.vn\/web\/un-jour-une-question\/#breadcrumb"},"inLanguage":"en-US","potentialAction":[{"@type":"ReadAction","target":["https:\/\/efip.ctu.edu.vn\/web\/un-jour-une-question\/"]}]},{"@type":"ImageObject","inLanguage":"en-US","@id":"https:\/\/efip.ctu.edu.vn\/web\/un-jour-une-question\/#primaryimage","url":"https:\/\/efip.ctu.edu.vn\/web\/wp-content\/uploads\/2025\/05\/UnjourUnequestion.png","contentUrl":"https:\/\/efip.ctu.edu.vn\/web\/wp-content\/uploads\/2025\/05\/UnjourUnequestion.png","width":1259,"height":612},{"@type":"BreadcrumbList","@id":"https:\/\/efip.ctu.edu.vn\/web\/un-jour-une-question\/#breadcrumb","itemListElement":[{"@type":"ListItem","position":1,"name":"Accueil","item":"https:\/\/efip.ctu.edu.vn\/web\/"},{"@type":"ListItem","position":2,"name":"Un jour, une question"}]},{"@type":"WebSite","@id":"https:\/\/efip.ctu.edu.vn\/web\/#website","url":"https:\/\/efip.ctu.edu.vn\/web\/","name":"EFIP de Can Tho","description":"Espace Francophone d&#039;Innovation et de Partenariat","publisher":{"@id":"https:\/\/efip.ctu.edu.vn\/web\/#organization"},"potentialAction":[{"@type":"SearchAction","target":{"@type":"EntryPoint","urlTemplate":"https:\/\/efip.ctu.edu.vn\/web\/?s={search_term_string}"},"query-input":{"@type":"PropertyValueSpecification","valueRequired":true,"valueName":"search_term_string"}}],"inLanguage":"en-US"},{"@type":"Organization","@id":"https:\/\/efip.ctu.edu.vn\/web\/#organization","name":"EFIP","url":"https:\/\/efip.ctu.edu.vn\/web\/","logo":{"@type":"ImageObject","inLanguage":"en-US","@id":"https:\/\/efip.ctu.edu.vn\/web\/#\/schema\/logo\/image\/","url":"https:\/\/efip.ctu.edu.vn\/web\/wp-content\/uploads\/2025\/05\/efip2-150x89-1.jpg","contentUrl":"https:\/\/efip.ctu.edu.vn\/web\/wp-content\/uploads\/2025\/05\/efip2-150x89-1.jpg","width":150,"height":89,"caption":"EFIP"},"image":{"@id":"https:\/\/efip.ctu.edu.vn\/web\/#\/schema\/logo\/image\/"},"sameAs":["https:\/\/www.facebook.com\/efipCanTho"]}]}},"_links":{"self":[{"href":"https:\/\/efip.ctu.edu.vn\/web\/wp-json\/wp\/v2\/pages\/1177","targetHints":{"allow":["GET"]}}],"collection":[{"href":"https:\/\/efip.ctu.edu.vn\/web\/wp-json\/wp\/v2\/pages"}],"about":[{"href":"https:\/\/efip.ctu.edu.vn\/web\/wp-json\/wp\/v2\/types\/page"}],"author":[{"embeddable":true,"href":"https:\/\/efip.ctu.edu.vn\/web\/wp-json\/wp\/v2\/users\/3"}],"replies":[{"embeddable":true,"href":"https:\/\/efip.ctu.edu.vn\/web\/wp-json\/wp\/v2\/comments?post=1177"}],"version-history":[{"count":19,"href":"https:\/\/efip.ctu.edu.vn\/web\/wp-json\/wp\/v2\/pages\/1177\/revisions"}],"predecessor-version":[{"id":4361,"href":"https:\/\/efip.ctu.edu.vn\/web\/wp-json\/wp\/v2\/pages\/1177\/revisions\/4361"}],"wp:featuredmedia":[{"embeddable":true,"href":"https:\/\/efip.ctu.edu.vn\/web\/wp-json\/wp\/v2\/media\/4359"}],"wp:attachment":[{"href":"https:\/\/efip.ctu.edu.vn\/web\/wp-json\/wp\/v2\/media?parent=1177"}],"curies":[{"name":"wp","href":"https:\/\/api.w.org\/{rel}","templated":true}]}}