{"id":1113,"date":"2020-05-19T08:18:04","date_gmt":"2020-05-19T01:18:04","guid":{"rendered":"https:\/\/efip.ctu.edu.vn\/web\/?page_id=1113"},"modified":"2020-07-03T20:36:02","modified_gmt":"2020-07-03T13:36:02","slug":"auf-va-van-phong-chau-a-thai-binh-duong","status":"publish","type":"page","link":"https:\/\/efip.ctu.edu.vn\/web\/auf-va-van-phong-chau-a-thai-binh-duong\/","title":{"rendered":"AUF v\u00e0 v\u0103n ph\u00f2ng Ch\u00e2u \u00c1 \u2013 Th\u00e1i B\u00ecnh D\u01b0\u01a1ng"},"content":{"rendered":"\n<h2 class=\"has-vivid-red-color has-text-color wp-block-heading\"><strong>L\u2018Agence universitaire de la francophonie<\/strong><\/h2>\n\n\n\n<div class=\"wp-block-image\"><figure class=\"aligncenter size-large\"><img decoding=\"async\" src=\"https:\/\/efip.ctu.edu.vn\/web\/wp-content\/uploads\/2013\/12\/logodefaut.jpg\" alt=\"\"\/><\/figure><\/div>\n\n\n\n<p>T\u1ed5 ch\u1ee9c \u0111\u1ea1i h\u1ecdc ph\u00e1p ng\u1eef&nbsp;(AUF) l\u00e0 m\u1ed9t m\u1ea1ng l\u01b0\u1edbi to\u00e0n c\u1ea7u c\u00e1c c\u01a1 s\u1edf gi\u1ea3ng d\u1ea1y b\u1eadc \u0111\u1ea1i h\u1ecdc v\u00e0 c\u00e1c c\u01a1 s\u1edf nghi\u00ean c\u1ee9u s\u1eed d\u1ee5ng ng\u00f4n ng\u1eef l\u00e0 ti\u1ebfng ph\u00e1p. V\u1edbi <strong>944 th\u00e0nh vi\u00ean<\/strong> hi\u1ec7n t\u1ea1i \u1edf <strong>116 n\u01b0\u1edbc<\/strong>, \u0111\u00e2y l\u00e0 m\u1ed9t trong nh\u1eefng t\u1ed5 ch\u1ee9c \u0111\u1ea1i h\u1ecdc ph\u00e1p ng\u1eef l\u1edbn nh\u1ea5t s\u1eed d\u1ee5ng m\u1ed9t ng\u00f4n ng\u1eef chung \u0111\u1ec3 gi\u1ea3ng d\u1ea1y v\u00e0 nghi\u00ean c\u1ee9u.<\/p>\n\n\n\n<p>AUF \u0111\u00e3 c\u00f3 m\u1eb7t \u1edf <strong>40 qu\u1ed1c gia<\/strong> v\u1edbi <strong>59 v\u0103n ph\u00f2ng \u0111\u1ea1i di\u1ec7n<\/strong>. Tr\u1ee5 s\u1edf ch\u00ednh \u0111\u1eb7t t\u1ea1i khu\u00f4n vi\u00ean c\u1ee7a \u0110\u1ea1i h\u1ecdc Montr\u00e9al, c\u00e1c d\u1ecbch v\u1ee5 c\u1ee7a t\u1ed5 ch\u1ee9c \u0111\u01b0\u1ee3c t\u1eadp trung \u1edf Paris.<\/p>\n\n\n\n<p>Nhi\u1ec7m v\u1ee5 c\u1ee7a AUF l\u00e0 \u0111\u00f3ng g\u00f3p cho <strong>s\u1ef1 \u0111o\u00e0n k\u1ebft gi\u1eefa c\u00e1c tr\u01b0\u1eddng \u0111\u1ea1i h\u1ecdc s\u1eed d\u1ee5ng ng\u00f4n ng\u1eef gi\u1ea3ng d\u1ea1y l\u00e0 ti\u1ebfng ph\u00e1p v\u00e0 t\u1ea1o ra m\u00f4i tr\u01b0\u1eddng nghi\u00ean c\u1ee9u khoa h\u1ecdc <\/strong>m\u00e0 v\u1eabn t\u00f4n tr\u1ecdng s\u1ef1 \u0111a d\u1ea1ng v\u1ec1 v\u0103n h\u00f3a v\u00e0 ng\u00f4n ng\u1eef. Theo chi\u1ebfn l\u01b0\u1ee3c t\u1eeb n\u0103m 2017 \u0111\u1ebfn n\u0103m 2021, AUF h\u1ed7 tr\u1ee3 cho nh\u1eefng c\u01a1 s\u1edf v\u1ec1 gi\u1ea3ng d\u1ea1y b\u1eadc \u0111\u1ea1i h\u1ecdc v\u00e0 c\u00e1c c\u01a1 s\u1edf nghi\u00ean c\u1ee9u nh\u1eb1m gi\u1ea3i quy\u1ebft 3 th\u00e1ch th\u1ee9c l\u1edbn: ch\u1ea5t l\u01b0\u1ee3ng \u0111\u00e0o t\u1ea1o, nghi\u00ean c\u1ee9u v\u00e0 qu\u1ea3n tr\u1ecb \u0111\u1ea1i h\u1ecdc; h\u1ed9i nh\u1eadp chuy\u00ean m\u00f4n v\u00e0 vi\u1ec7c l\u00e0m c\u1ee7a sinh vi\u00ean \u0111\u00e3 t\u1ed1t nghi\u1ec7p; k\u00e9o theo ph\u00e1t tri\u1ec3n x\u00e3 h\u1ed9i.&nbsp;<\/p>\n\n\n\n<p>Trong s\u1ed1 c\u00e1c ho\u1ea1t \u0111\u1ed9ng h\u1ed7 tr\u1ee3 c\u1ee7a AUF \u0111\u1ed1i v\u1edbi c\u00e1c th\u00e0nh vi\u00ean t\u1ea1i Vi\u1ec7t Nam, trong \u0111\u00f3 c\u00f3 vi\u1ec7c s\u00e1ng t\u1ea1o v\u00e0 linh ho\u1ea1t c\u1ee7a trung t\u00e2m chuy\u1ec3n giao c\u00f4ng ngh\u1ec7 ph\u00e1p ng\u1eef, trung t\u00e2m th\u00f4ng tin v\u00e0 trung t\u00e2m \u0111\u1ed5i m\u1edbi v\u00e0 h\u1ee3p t\u00e1c ph\u00e1p ng\u1eef.<\/p>\n\n\n\n<p>C\u00e1c gi\u1ea3ng vi\u00ean v\u00e0 sinh vi\u00ean \u1edf b\u1eadc \u0111\u1ea1i h\u1ecdc \u0111\u01b0\u1ee3c th\u1ee5 h\u01b0\u1edfng c\u00e1c l\u1edbp t\u1eadp hu\u1ea5n t\u1eeb AUF v\u1ec1 kh\u1ea3 n\u0103ng t\u1ef1 h\u1ecdc c\u00f4ng ngh\u1ec7 truy\u1ec1n th\u00f4ng v\u00e0 th\u00f4ng tin; ph\u00e1t tri\u1ec3n thi\u1ebft b\u1ecb c\u00f4ng ngh\u1ec7 h\u1ed7 tr\u1ee3 cho vi\u1ec7c gi\u1ea3ng d\u1ea1y \u1edf b\u1eadc \u0111\u1ea1i h\u1ecdc v\u00e0 cho ph\u00e9p \u0111\u00e0o t\u1ea1o \u1edf tr\u00ecnh \u0111\u1ed9 c\u1eed nh\u00e2n v\u00e0 th\u1ea1c s\u0129 t\u1eeb xa ho\u1eb7c tr\u1ef1c ti\u1ebfp h\u1ee3p t\u00e1c v\u1edbi c\u00e1c tr\u01b0\u1eddng \u0111\u1ea1i h\u1ecdc th\u00e0nh vi\u00ean.&nbsp;<\/p>\n\n\n\n<p class=\"has-text-align-right\"><strong>Truy c\u1eadp v\u00e0o trang sau \u0111\u1ec3 bi\u1ebft th\u00eam th\u00f4ng tin :&nbsp;<\/strong><a rel=\"noreferrer noopener\" href=\"http:\/\/www.auf.org\/\" target=\"_blank\"><strong>http:\/\/www.auf.org\/<\/strong><\/a><\/p>\n\n\n\n<p><\/p>\n\n\n\n<h2 class=\"has-vivid-red-color has-text-color wp-block-heading\"><strong>V\u0103n ph\u00f2ng \u0111\u1ea1i di\u1ec7n khu v\u1ef1c Ch\u00e2u \u00c1 \u2013 Th\u00e1i B\u00ecnh D\u01b0\u01a1ng c\u1ee7a AUF<\/strong><\/h2>\n\n\n\n<blockquote class=\"wp-block-quote is-layout-flow wp-block-quote-is-layout-flow\"><p>\u00ab&nbsp;Ti\u1ebfng Ph\u00e1p, ngo\u1ea1i ng\u1eef th\u00e0nh c\u00f4ng t\u1ea1i Ch\u00e2u \u00c1 \u2013 Th\u00e1i B\u00ecnh D\u01b0\u01a1ng&nbsp;\u00bb<\/p><\/blockquote>\n\n\n\n<p>AUF \u0111\u00e3 \u0111\u1eb7t V\u0103n ph\u00f2ng khu v\u1ef1c Ch\u00e2u \u00c1 \u2013 Th\u00e1i B\u00ecnh D\u01b0\u01a1ng t\u1ea1i th\u1ee7 \u0111\u00f4 H\u00e0 N\u1ed9i, Vi\u1ec7t Nam, v\u00e0o n\u0103m 1993.<\/p>\n\n\n\n<p>T\u00ednh \u0111\u1ebfn nay \u0111\u00e3 c\u00f3&nbsp;<strong>79 tr\u01b0\u1eddng \u0111\u1ea1i h\u1ecdc<\/strong>&nbsp;th\u00e0nh vi\u00ean&nbsp;\u0111\u1ebfn t\u1eeb&nbsp;<strong>11 qu\u1ed1c gia trong khu v\u1ef1c&nbsp;<\/strong>(Cam-pu-chia, Trung Qu\u1ed1c, H\u00e0n Qu\u1ed1c, Fiji, In-\u0111\u00f4-ne-xi-a, Nh\u1eadt B\u1ea3n, L\u00e0o,&nbsp; M\u00f4ng C\u1ed5, Th\u00e1i Lan, Vanuatu v\u00e0 Vi\u1ec7t Nam) c\u0169ng nh\u01b0&nbsp;<strong>2 C\u1ed9ng \u0111\u1ed3ng h\u1ea3i ngo\u1ea1i c\u1ee7a n\u01b0\u1edbc C\u1ed9ng h\u00f2a Ph\u00e1p<\/strong>, T\u00e2n Ca-l\u00ea-\u0111\u00f4-ni-a v\u00e0 x\u1ee9 P\u00f4-li-n\u00ea-si thu\u1ed9c n\u01b0\u1edbc C\u1ed9ng h\u00f2a Ph\u00e1p.<\/p>\n\n\n\n<p>AUF t\u1eadp trung c\u00e1c ho\u1ea1t \u0111\u1ed9ng li\u00ean quan \u0111\u1ebfn c\u00e1c ch\u1ee7 \u0111\u1ec1 quan tr\u1ecdng trong c\u1ed9ng \u0111\u1ed3ng Ph\u00e1p ng\u1eef :<\/p>\n\n\n\n<ul class=\"wp-block-list\"><li>T\u1ea1o c\u01a1 h\u1ed9i vi\u1ec7c l\u00e0m v\u00e0 h\u1ed9i nh\u1eadp chuy\u00ean m\u00f4n qua s\u1ef1 c\u1ee7ng c\u1ed1 c\u1ee7a c\u00e1c \u0111\u1ed1i t\u00e1c v\u1edbi nh\u1eefng chuy\u00ean gia trong l\u0129nh v\u1ef1c kinh t\u1ebf &#8211; x\u00e3 h\u1ed9i.&nbsp;<\/li><li>H\u1ed7 tr\u1ee3 trong vi\u1ec7c s\u00e1ng t\u1ea1o c\u00e1c ch\u01b0\u01a1ng tr\u00ecnh \u0111\u00e0o t\u1ea1o ngu\u1ed3n nh\u00e2n l\u1ef1c chuy\u00ean nghi\u1ec7p v\u00e0 c\u1ee7ng c\u1ed1 c\u00e1c b\u1ed9 m\u00f4n ti\u1ebfng ph\u00e1p \u1edf c\u00e1c tr\u01b0\u1eddng \u0111\u1ea1i h\u1ecdc.<\/li><li>H\u1ed7 tr\u1ee3 x\u00e2y d\u1ef1ng v\u00e0 ph\u00e1t tri\u1ec3n m\u00f4 h\u00ecnh \u0111\u00e0o t\u1ea1o h\u1ed7n h\u1ee3p t\u1eeb m\u1ed9t m\u00f4 h\u00ecnh \u0111\u00e0o t\u1ea1o truy\u1ec1n th\u1ed1ng c\u00f3 s\u1eb5n.<\/li><li>H\u1ed7 tr\u1ee3 vi\u1ec7c s\u00e1ng t\u1ea1o gi\u1ea3ng d\u1ea1y \u1edf b\u1eadc \u0111\u1ea1i h\u1ecdc trong khu v\u1ef1c Th\u00e1i B\u00ecnh D\u01b0\u01a1ng.<\/li><li>H\u1ed7 tr\u1ee3 c\u00e1c d\u1ef1 \u00e1n nghi\u00ean c\u1ee9u v\u1ec1 d\u1ecbch v\u1ee5 ph\u00e1t tri\u1ec3n \u1edf \u0111\u1ecba ph\u01b0\u01a1ng v\u00e0 to\u00e0n c\u1ea7u.<\/li><li>H\u1ed7 tr\u1ee3 x\u00e2y d\u1ef1ng v\u1ea7 ph\u00e1t tri\u1ec3n c\u00e1c d\u1ef1 \u00e1n \u0111\u1ed5i m\u1edbi ch\u01b0\u01a1ng tr\u00ecnh \u0111\u00e0o t\u1ea1o h\u1ec7 ti\u1ebfn s\u0129.<\/li><li>H\u1ed7 tr\u1ee3 c\u00e1c c\u01a1 s\u1edf \u0111\u00e0o t\u1ea1o trong vi\u1ec7c th\u1ef1c hi\u1ec7n k\u1ebf ho\u1ea1ch ph\u00e1t tri\u1ec3n chi\u1ebfn l\u01b0\u1ee3c c\u1ee7a h\u1ecd \u0111\u1ec3 ph\u1ee5c v\u1ee5 cho nh\u1eefng th\u00e1ch th\u1ee9c m\u00e0 h\u1ecd g\u1eb7p ph\u1ea3i.<\/li><\/ul>\n\n\n\n<p>\u0110\u1ec3 th\u1ef1c hi\u1ec7n mong mu\u1ed1n c\u1ee7a m\u00ecnh, AUF \u1edf ch\u00e2u \u00c1-Th\u00e1i B\u00ecnh D\u01b0\u01a1ng \u0111ang ph\u00e1t tri\u1ec3n quan h\u1ec7 \u0111\u1ed1i t\u00e1c v\u1edbi c\u00e1c m\u1ea1ng l\u01b0\u1edbi h\u1ed7 tr\u1ee3 t\u00e0i ch\u00ednh v\u00e0 k\u1ef9 thu\u1eadt v\u00e0 th\u1ebf gi\u1edbi kinh t\u1ebf x\u00e3 h\u1ed9i: Ng\u00e2n h\u00e0ng Th\u1ebf gi\u1edbi, c\u00e1c hi\u1ec7p h\u1ed9i b\u1eadc \u0111\u1ea1i h\u1ecdc, c\u00e1c v\u0103n ph\u00f2ng th\u01b0\u01a1ng m\u1ea1i,\u2026<\/p>\n\n\n\n<p class=\"has-text-align-right\"><strong>Truy c\u1eadp v\u00e0o trang sau \u0111\u1ec3 bi\u1ebft th\u00eam th\u00f4ng tin&nbsp; :&nbsp;<\/strong><a href=\"http:\/\/www.auf.org\/bureau-asie-pacifique\/\"><strong>http:\/\/www.auf.org\/bureau-asie-pacifique\/<\/strong><\/a><\/p>\n\n\n\n<p class=\"has-text-align-right\"><em>\u0110\u01b0\u1ee3c c\u1eadp nh\u1eadt ng\u00e0y 12 th\u00e1ng 8 n\u0103m 2019<\/em><\/p>\n","protected":false},"excerpt":{"rendered":"<p>L\u2018Agence universitaire de la francophonie T\u1ed5 ch\u1ee9c \u0111\u1ea1i h\u1ecdc ph\u00e1p ng\u1eef&nbsp;(AUF) l\u00e0 m\u1ed9t m\u1ea1ng l\u01b0\u1edbi to\u00e0n c\u1ea7u c\u00e1c c\u01a1 s\u1edf &hellip; <br \/><a href=\"https:\/\/efip.ctu.edu.vn\/web\/auf-va-van-phong-chau-a-thai-binh-duong\/\" class=\"more-link\">Continue reading <span class=\"screen-reader-text\">AUF v\u00e0 v\u0103n ph\u00f2ng Ch\u00e2u \u00c1 \u2013 Th\u00e1i B\u00ecnh D\u01b0\u01a1ng<\/span><\/a><\/p>\n","protected":false},"author":3,"featured_media":0,"parent":0,"menu_order":1,"comment_status":"closed","ping_status":"closed","template":"","meta":{"footnotes":""},"class_list":["post-1113","page","type-page","status-publish","hentry"],"yoast_head":"<!-- This site is optimized with the Yoast SEO plugin v25.0 - https:\/\/yoast.com\/wordpress\/plugins\/seo\/ -->\n<title>AUF v\u00e0 v\u0103n ph\u00f2ng Ch\u00e2u \u00c1 \u2013 Th\u00e1i B\u00ecnh D\u01b0\u01a1ng - EFIP<\/title>\n<meta name=\"robots\" content=\"index, follow, max-snippet:-1, max-image-preview:large, max-video-preview:-1\" \/>\n<link rel=\"canonical\" href=\"https:\/\/efip.ctu.edu.vn\/web\/vi\/auf-va-van-phong-chau-a-thai-binh-duong\/\" \/>\n<meta property=\"og:locale\" content=\"en_US\" \/>\n<meta property=\"og:type\" content=\"article\" \/>\n<meta property=\"og:title\" content=\"AUF v\u00e0 v\u0103n ph\u00f2ng Ch\u00e2u \u00c1 \u2013 Th\u00e1i B\u00ecnh D\u01b0\u01a1ng - EFIP\" \/>\n<meta property=\"og:description\" content=\"L\u2018Agence universitaire de la francophonie T\u1ed5 ch\u1ee9c \u0111\u1ea1i h\u1ecdc ph\u00e1p ng\u1eef&nbsp;(AUF) l\u00e0 m\u1ed9t m\u1ea1ng l\u01b0\u1edbi to\u00e0n c\u1ea7u c\u00e1c c\u01a1 s\u1edf &hellip; Continue reading AUF v\u00e0 v\u0103n ph\u00f2ng Ch\u00e2u \u00c1 \u2013 Th\u00e1i B\u00ecnh D\u01b0\u01a1ng\" \/>\n<meta property=\"og:url\" content=\"https:\/\/efip.ctu.edu.vn\/web\/vi\/auf-va-van-phong-chau-a-thai-binh-duong\/\" \/>\n<meta property=\"og:site_name\" content=\"EFIP\" \/>\n<meta property=\"article:publisher\" content=\"https:\/\/www.facebook.com\/efipCanTho\" \/>\n<meta property=\"article:modified_time\" content=\"2020-07-03T13:36:02+00:00\" \/>\n<meta property=\"og:image\" content=\"https:\/\/efip.ctu.edu.vn\/web\/wp-content\/uploads\/2013\/12\/logodefaut.jpg\" \/>\n<meta name=\"twitter:card\" content=\"summary_large_image\" \/>\n<meta name=\"twitter:label1\" content=\"Est. reading time\" \/>\n\t<meta name=\"twitter:data1\" content=\"6 minutes\" \/>\n<script type=\"application\/ld+json\" class=\"yoast-schema-graph\">{\"@context\":\"https:\/\/schema.org\",\"@graph\":[{\"@type\":\"WebPage\",\"@id\":\"https:\/\/efip.ctu.edu.vn\/web\/vi\/auf-va-van-phong-chau-a-thai-binh-duong\/\",\"url\":\"https:\/\/efip.ctu.edu.vn\/web\/vi\/auf-va-van-phong-chau-a-thai-binh-duong\/\",\"name\":\"AUF v\u00e0 v\u0103n ph\u00f2ng Ch\u00e2u \u00c1 \u2013 Th\u00e1i B\u00ecnh D\u01b0\u01a1ng - EFIP\",\"isPartOf\":{\"@id\":\"https:\/\/efip.ctu.edu.vn\/web\/#website\"},\"primaryImageOfPage\":{\"@id\":\"https:\/\/efip.ctu.edu.vn\/web\/vi\/auf-va-van-phong-chau-a-thai-binh-duong\/#primaryimage\"},\"image\":{\"@id\":\"https:\/\/efip.ctu.edu.vn\/web\/vi\/auf-va-van-phong-chau-a-thai-binh-duong\/#primaryimage\"},\"thumbnailUrl\":\"https:\/\/efip.ctu.edu.vn\/web\/wp-content\/uploads\/2013\/12\/logodefaut.jpg\",\"datePublished\":\"2020-05-19T01:18:04+00:00\",\"dateModified\":\"2020-07-03T13:36:02+00:00\",\"breadcrumb\":{\"@id\":\"https:\/\/efip.ctu.edu.vn\/web\/vi\/auf-va-van-phong-chau-a-thai-binh-duong\/#breadcrumb\"},\"inLanguage\":\"en-US\",\"potentialAction\":[{\"@type\":\"ReadAction\",\"target\":[\"https:\/\/efip.ctu.edu.vn\/web\/vi\/auf-va-van-phong-chau-a-thai-binh-duong\/\"]}]},{\"@type\":\"ImageObject\",\"inLanguage\":\"en-US\",\"@id\":\"https:\/\/efip.ctu.edu.vn\/web\/vi\/auf-va-van-phong-chau-a-thai-binh-duong\/#primaryimage\",\"url\":\"\",\"contentUrl\":\"\"},{\"@type\":\"BreadcrumbList\",\"@id\":\"https:\/\/efip.ctu.edu.vn\/web\/vi\/auf-va-van-phong-chau-a-thai-binh-duong\/#breadcrumb\",\"itemListElement\":[{\"@type\":\"ListItem\",\"position\":1,\"name\":\"Accueil\",\"item\":\"https:\/\/efip.ctu.edu.vn\/web\/\"},{\"@type\":\"ListItem\",\"position\":2,\"name\":\"AUF v\u00e0 v\u0103n ph\u00f2ng Ch\u00e2u \u00c1 \u2013 Th\u00e1i B\u00ecnh D\u01b0\u01a1ng\"}]},{\"@type\":\"WebSite\",\"@id\":\"https:\/\/efip.ctu.edu.vn\/web\/#website\",\"url\":\"https:\/\/efip.ctu.edu.vn\/web\/\",\"name\":\"EFIP de Can Tho\",\"description\":\"Espace Francophone d&#039;Innovation et de Partenariat\",\"publisher\":{\"@id\":\"https:\/\/efip.ctu.edu.vn\/web\/#organization\"},\"potentialAction\":[{\"@type\":\"SearchAction\",\"target\":{\"@type\":\"EntryPoint\",\"urlTemplate\":\"https:\/\/efip.ctu.edu.vn\/web\/?s={search_term_string}\"},\"query-input\":{\"@type\":\"PropertyValueSpecification\",\"valueRequired\":true,\"valueName\":\"search_term_string\"}}],\"inLanguage\":\"en-US\"},{\"@type\":\"Organization\",\"@id\":\"https:\/\/efip.ctu.edu.vn\/web\/#organization\",\"name\":\"EFIP\",\"url\":\"https:\/\/efip.ctu.edu.vn\/web\/\",\"logo\":{\"@type\":\"ImageObject\",\"inLanguage\":\"en-US\",\"@id\":\"https:\/\/efip.ctu.edu.vn\/web\/#\/schema\/logo\/image\/\",\"url\":\"https:\/\/efip.ctu.edu.vn\/web\/wp-content\/uploads\/2025\/05\/efip2-150x89-1.jpg\",\"contentUrl\":\"https:\/\/efip.ctu.edu.vn\/web\/wp-content\/uploads\/2025\/05\/efip2-150x89-1.jpg\",\"width\":150,\"height\":89,\"caption\":\"EFIP\"},\"image\":{\"@id\":\"https:\/\/efip.ctu.edu.vn\/web\/#\/schema\/logo\/image\/\"},\"sameAs\":[\"https:\/\/www.facebook.com\/efipCanTho\"]}]}<\/script>\n<!-- \/ Yoast SEO plugin. -->","yoast_head_json":{"title":"AUF v\u00e0 v\u0103n ph\u00f2ng Ch\u00e2u \u00c1 \u2013 Th\u00e1i B\u00ecnh D\u01b0\u01a1ng - EFIP","robots":{"index":"index","follow":"follow","max-snippet":"max-snippet:-1","max-image-preview":"max-image-preview:large","max-video-preview":"max-video-preview:-1"},"canonical":"https:\/\/efip.ctu.edu.vn\/web\/vi\/auf-va-van-phong-chau-a-thai-binh-duong\/","og_locale":"en_US","og_type":"article","og_title":"AUF v\u00e0 v\u0103n ph\u00f2ng Ch\u00e2u \u00c1 \u2013 Th\u00e1i B\u00ecnh D\u01b0\u01a1ng - EFIP","og_description":"L\u2018Agence universitaire de la francophonie T\u1ed5 ch\u1ee9c \u0111\u1ea1i h\u1ecdc ph\u00e1p ng\u1eef&nbsp;(AUF) l\u00e0 m\u1ed9t m\u1ea1ng l\u01b0\u1edbi to\u00e0n c\u1ea7u c\u00e1c c\u01a1 s\u1edf &hellip; Continue reading AUF v\u00e0 v\u0103n ph\u00f2ng Ch\u00e2u \u00c1 \u2013 Th\u00e1i B\u00ecnh D\u01b0\u01a1ng","og_url":"https:\/\/efip.ctu.edu.vn\/web\/vi\/auf-va-van-phong-chau-a-thai-binh-duong\/","og_site_name":"EFIP","article_publisher":"https:\/\/www.facebook.com\/efipCanTho","article_modified_time":"2020-07-03T13:36:02+00:00","og_image":[{"url":"https:\/\/efip.ctu.edu.vn\/web\/wp-content\/uploads\/2013\/12\/logodefaut.jpg","type":"","width":"","height":""}],"twitter_card":"summary_large_image","twitter_misc":{"Est. reading time":"6 minutes"},"schema":{"@context":"https:\/\/schema.org","@graph":[{"@type":"WebPage","@id":"https:\/\/efip.ctu.edu.vn\/web\/vi\/auf-va-van-phong-chau-a-thai-binh-duong\/","url":"https:\/\/efip.ctu.edu.vn\/web\/vi\/auf-va-van-phong-chau-a-thai-binh-duong\/","name":"AUF v\u00e0 v\u0103n ph\u00f2ng Ch\u00e2u \u00c1 \u2013 Th\u00e1i B\u00ecnh D\u01b0\u01a1ng - EFIP","isPartOf":{"@id":"https:\/\/efip.ctu.edu.vn\/web\/#website"},"primaryImageOfPage":{"@id":"https:\/\/efip.ctu.edu.vn\/web\/vi\/auf-va-van-phong-chau-a-thai-binh-duong\/#primaryimage"},"image":{"@id":"https:\/\/efip.ctu.edu.vn\/web\/vi\/auf-va-van-phong-chau-a-thai-binh-duong\/#primaryimage"},"thumbnailUrl":"https:\/\/efip.ctu.edu.vn\/web\/wp-content\/uploads\/2013\/12\/logodefaut.jpg","datePublished":"2020-05-19T01:18:04+00:00","dateModified":"2020-07-03T13:36:02+00:00","breadcrumb":{"@id":"https:\/\/efip.ctu.edu.vn\/web\/vi\/auf-va-van-phong-chau-a-thai-binh-duong\/#breadcrumb"},"inLanguage":"en-US","potentialAction":[{"@type":"ReadAction","target":["https:\/\/efip.ctu.edu.vn\/web\/vi\/auf-va-van-phong-chau-a-thai-binh-duong\/"]}]},{"@type":"ImageObject","inLanguage":"en-US","@id":"https:\/\/efip.ctu.edu.vn\/web\/vi\/auf-va-van-phong-chau-a-thai-binh-duong\/#primaryimage","url":"","contentUrl":""},{"@type":"BreadcrumbList","@id":"https:\/\/efip.ctu.edu.vn\/web\/vi\/auf-va-van-phong-chau-a-thai-binh-duong\/#breadcrumb","itemListElement":[{"@type":"ListItem","position":1,"name":"Accueil","item":"https:\/\/efip.ctu.edu.vn\/web\/"},{"@type":"ListItem","position":2,"name":"AUF v\u00e0 v\u0103n ph\u00f2ng Ch\u00e2u \u00c1 \u2013 Th\u00e1i B\u00ecnh D\u01b0\u01a1ng"}]},{"@type":"WebSite","@id":"https:\/\/efip.ctu.edu.vn\/web\/#website","url":"https:\/\/efip.ctu.edu.vn\/web\/","name":"EFIP de Can Tho","description":"Espace Francophone d&#039;Innovation et de Partenariat","publisher":{"@id":"https:\/\/efip.ctu.edu.vn\/web\/#organization"},"potentialAction":[{"@type":"SearchAction","target":{"@type":"EntryPoint","urlTemplate":"https:\/\/efip.ctu.edu.vn\/web\/?s={search_term_string}"},"query-input":{"@type":"PropertyValueSpecification","valueRequired":true,"valueName":"search_term_string"}}],"inLanguage":"en-US"},{"@type":"Organization","@id":"https:\/\/efip.ctu.edu.vn\/web\/#organization","name":"EFIP","url":"https:\/\/efip.ctu.edu.vn\/web\/","logo":{"@type":"ImageObject","inLanguage":"en-US","@id":"https:\/\/efip.ctu.edu.vn\/web\/#\/schema\/logo\/image\/","url":"https:\/\/efip.ctu.edu.vn\/web\/wp-content\/uploads\/2025\/05\/efip2-150x89-1.jpg","contentUrl":"https:\/\/efip.ctu.edu.vn\/web\/wp-content\/uploads\/2025\/05\/efip2-150x89-1.jpg","width":150,"height":89,"caption":"EFIP"},"image":{"@id":"https:\/\/efip.ctu.edu.vn\/web\/#\/schema\/logo\/image\/"},"sameAs":["https:\/\/www.facebook.com\/efipCanTho"]}]}},"_links":{"self":[{"href":"https:\/\/efip.ctu.edu.vn\/web\/wp-json\/wp\/v2\/pages\/1113","targetHints":{"allow":["GET"]}}],"collection":[{"href":"https:\/\/efip.ctu.edu.vn\/web\/wp-json\/wp\/v2\/pages"}],"about":[{"href":"https:\/\/efip.ctu.edu.vn\/web\/wp-json\/wp\/v2\/types\/page"}],"author":[{"embeddable":true,"href":"https:\/\/efip.ctu.edu.vn\/web\/wp-json\/wp\/v2\/users\/3"}],"replies":[{"embeddable":true,"href":"https:\/\/efip.ctu.edu.vn\/web\/wp-json\/wp\/v2\/comments?post=1113"}],"version-history":[{"count":3,"href":"https:\/\/efip.ctu.edu.vn\/web\/wp-json\/wp\/v2\/pages\/1113\/revisions"}],"predecessor-version":[{"id":1163,"href":"https:\/\/efip.ctu.edu.vn\/web\/wp-json\/wp\/v2\/pages\/1113\/revisions\/1163"}],"wp:attachment":[{"href":"https:\/\/efip.ctu.edu.vn\/web\/wp-json\/wp\/v2\/media?parent=1113"}],"curies":[{"name":"wp","href":"https:\/\/api.w.org\/{rel}","templated":true}]}}