{"id":11,"date":"2013-12-11T03:58:36","date_gmt":"2013-12-11T02:58:36","guid":{"rendered":"http:\/\/123.30.143.210\/web\/?page_id=11"},"modified":"2025-05-02T09:52:48","modified_gmt":"2025-05-02T02:52:48","slug":"luniversite-de-can-tho","status":"publish","type":"page","link":"https:\/\/efip.ctu.edu.vn\/web\/presentation\/luniversite-de-can-tho\/","title":{"rendered":"L&#8217;Universit\u00e9 de Can Tho"},"content":{"rendered":"<p style=\"text-align: justify;\"><a href=\"https:\/\/efip.ctu.edu.vn\/web\/wp-content\/uploads\/2025\/05\/CTU_logo2024.png\"><img fetchpriority=\"high\" decoding=\"async\" class=\"alignnone wp-image-4162 size-medium\" src=\"https:\/\/efip.ctu.edu.vn\/web\/wp-content\/uploads\/2025\/05\/CTU_logo2024-300x300.png\" alt=\"\" width=\"300\" height=\"300\" srcset=\"https:\/\/efip.ctu.edu.vn\/web\/wp-content\/uploads\/2025\/05\/CTU_logo2024-300x300.png 300w, https:\/\/efip.ctu.edu.vn\/web\/wp-content\/uploads\/2025\/05\/CTU_logo2024-1024x1024.png 1024w, https:\/\/efip.ctu.edu.vn\/web\/wp-content\/uploads\/2025\/05\/CTU_logo2024-150x150.png 150w, https:\/\/efip.ctu.edu.vn\/web\/wp-content\/uploads\/2025\/05\/CTU_logo2024-768x768.png 768w, https:\/\/efip.ctu.edu.vn\/web\/wp-content\/uploads\/2025\/05\/CTU_logo2024-1536x1536.png 1536w, https:\/\/efip.ctu.edu.vn\/web\/wp-content\/uploads\/2025\/05\/CTU_logo2024-2048x2048.png 2048w, https:\/\/efip.ctu.edu.vn\/web\/wp-content\/uploads\/2025\/05\/CTU_logo2024-100x100.png 100w\" sizes=\"(max-width: 300px) 100vw, 300px\" \/><\/a>L\u2019Universit\u00e9 de Can Tho, reconnue\u00a0par l\u2019Etat comme \u00e9tablissement\u00a0principal de formation universitaire\u00a0et post-universitaire du Delta du\u00a0M\u00e9kong, est le centre culturel,\u00a0scientifique et technique de la\u00a0r\u00e9gion.<\/p>\n<div style=\"width: 640px;\" class=\"wp-video\"><!--[if lt IE 9]><script>document.createElement('video');<\/script><![endif]-->\n<video class=\"wp-video-shortcode\" id=\"video-11-1\" width=\"640\" height=\"360\" preload=\"metadata\" controls=\"controls\"><source type=\"video\/mp4\" src=\"https:\/\/en.ctu.edu.vn\/images\/upload\/Video\/ctu.mp4?_=1\" \/><a href=\"https:\/\/en.ctu.edu.vn\/images\/upload\/Video\/ctu.mp4\">https:\/\/en.ctu.edu.vn\/images\/upload\/Video\/ctu.mp4<\/a><\/video><\/div>\n<p>\u00a0<\/p>\n<p style=\"text-align: justify;\">Avec 121 programmes de formations universitaires, 58 Masters et 22 doctorats, elle a accueilli en 2025 pr\u00e8s de 44 000 \u00e9tudiants en licence et plus de 3 000 en master et doctorat.<\/p>\n<p style=\"text-align: justify;\">Elle a d\u00e9velopp\u00e9 de nombreuses coop\u00e9rations internationales dont francophones : l&#8217;AUF, l\u2019OIF, universit\u00e9s et\u00a0instituts de recherche dans le\u00a0monde.<\/p>\n<p style=\"text-align: justify;\">C\u2019est une des universit\u00e9s les plus\u00a0dynamiques au Sud du Vietnam,\u00a0situ\u00e9e dans une ville en plein essor\u00a0(plus d\u2019un million d\u2019habitants),\u00a0drainant tout le bassin du Delta du\u00a0M\u00e9kong. Elle est tr\u00e8s ancr\u00e9e dans la\u00a0Francophonie.<\/p>\n<p style=\"text-align: justify;\">Depuis 2016, les deux sections de fran\u00e7ais (le d\u00e9partement de didactique du fran\u00e7ais et le d\u00e9partement de langue et civilisation fran\u00e7aises) sont pass\u00e9es sous l&#8217;\u00e9gide de la facult\u00e9 des langues \u00e9trang\u00e8res.<\/p>\n<p style=\"text-align: justify;\">Depuis plusieurs d\u00e9cennies, l\u2019Universit\u00e9 de Can\u00a0Tho a \u00e9mis le besoin et a accueilli\u00a0nombre de formations aux TICE\u00a0dispens\u00e9es en fran\u00e7ais et assur\u00e9es\u00a0directement par le CNF de H\u00f4 Chi\u00a0Minh-Ville, ou des formateurs\u00a0ext\u00e9rieurs convi\u00e9s par l\u2019AUF. Elle a notamment d\u00e9velopp\u00e9 un projet de\u00a0soutien \u00e0 distance des enseignants\u00a0et des apprenants de fran\u00e7ais du\u00a0Delta du M\u00e9kong\u00a0(<a href=\"http:\/\/lefrancaispourtous.edu.vn\">Le Fran\u00e7ais pour tous<\/a>).<\/p>\n<p style=\"text-align: justify;\">Depuis 2012, l\u2019Universit\u00e9 de Can\u00a0Tho (avec deux universit\u00e9s\u00a0cambodgiennes et une laotienne)\u00a0s\u2019est engag\u00e9e dans le projet de\u00a0<a href=\"http:\/\/www.auf.org\/bureau-asie-pacifique\/actualites-regionales\/seminaire-plateforme-CALAVI\/\">cr\u00e9ation d\u2019une plate-forme\u00a0multifonctions de ressources en\u00a0ligne<\/a> \u00e0 destination des chercheurs,\u00a0enseignants et apprenants de\u00a0fran\u00e7ais de la r\u00e9gion Asie du Sud-Est\u00a0\u00e0 travers le projet Fond Francophone\u00a0des Inforoutes de l\u2019OIF.<\/p>\n<p>En 2013, la cr\u00e9ation du Campus Num\u00e9rique Francophone partenaire (CNFp) de Can Tho a \u00e9t\u00e9 le r\u00e9sultat de ces coop\u00e9rations et \u00e9changes fructueux entre l&#8217;AUF et l&#8217;Universit\u00e9 de Can Tho.<\/p>\n<p>L&#8217;EFIP est ainsi la continuit\u00e9 logique de cette politique d&#8217;excellence dans la formation et l&#8217;innovation de l&#8217;Universit\u00e9 de Can Tho.<\/p>\n<p style=\"text-align: right;\"><strong>En savoir plus :\u00a0<a href=\"http:\/\/www.ctu.edu.vn\/en\/\">http:\/\/www.ctu.edu.vn\/en\/<\/a><\/strong><\/p>\n\n\n<p class=\"has-text-align-right\"><em>Page mise \u00e0 jour le 02 mai 2025.<\/em><\/p>\n","protected":false},"excerpt":{"rendered":"<p>L\u2019Universit\u00e9 de Can Tho, reconnue\u00a0par l\u2019Etat comme \u00e9tablissement\u00a0principal de formation universitaire\u00a0et post-universitaire du Delta du\u00a0M\u00e9kong, est le centre culturel,\u00a0scientifique et &hellip; <br \/><a href=\"https:\/\/efip.ctu.edu.vn\/web\/presentation\/luniversite-de-can-tho\/\" class=\"more-link\">Continue reading <span class=\"screen-reader-text\">L&#8217;Universit\u00e9 de Can Tho<\/span><\/a><\/p>\n","protected":false},"author":1,"featured_media":0,"parent":7,"menu_order":2,"comment_status":"closed","ping_status":"open","template":"","meta":{"footnotes":""},"class_list":["post-11","page","type-page","status-publish","hentry"],"yoast_head":"<!-- This site is optimized with the Yoast SEO plugin v25.0 - https:\/\/yoast.com\/wordpress\/plugins\/seo\/ -->\n<title>L&#039;Universit\u00e9 de Can Tho - EFIP<\/title>\n<meta name=\"description\" content=\"L&#039;EFIP a \u00e9t\u00e9 cr\u00e9\u00e9 en partenariat avec l&#039;Universit\u00e9 de Can Tho. Celle-ci est la plus importante universit\u00e9 du delta du M\u00e9kong et accueille plus de 45 800 \u00e9tudiants chaque ann\u00e9e.\" \/>\n<meta name=\"robots\" content=\"index, follow, max-snippet:-1, max-image-preview:large, max-video-preview:-1\" \/>\n<link rel=\"canonical\" href=\"https:\/\/efip.ctu.edu.vn\/web\/presentation\/luniversite-de-can-tho\/\" \/>\n<meta property=\"og:locale\" content=\"en_US\" \/>\n<meta property=\"og:type\" content=\"article\" \/>\n<meta property=\"og:title\" content=\"L&#039;Universit\u00e9 de Can Tho - EFIP\" \/>\n<meta property=\"og:description\" content=\"L&#039;EFIP a \u00e9t\u00e9 cr\u00e9\u00e9 en partenariat avec l&#039;Universit\u00e9 de Can Tho. Celle-ci est la plus importante universit\u00e9 du delta du M\u00e9kong et accueille plus de 45 800 \u00e9tudiants chaque ann\u00e9e.\" \/>\n<meta property=\"og:url\" content=\"https:\/\/efip.ctu.edu.vn\/web\/presentation\/luniversite-de-can-tho\/\" \/>\n<meta property=\"og:site_name\" content=\"EFIP\" \/>\n<meta property=\"article:publisher\" content=\"https:\/\/www.facebook.com\/efipCanTho\" \/>\n<meta property=\"article:modified_time\" content=\"2025-05-02T02:52:48+00:00\" \/>\n<meta property=\"og:image\" content=\"http:\/\/123.30.143.210\/web\/wp-content\/uploads\/2013\/12\/logo_ctu-OK-300x300.png\" \/>\n<meta name=\"twitter:card\" content=\"summary_large_image\" \/>\n<meta name=\"twitter:label1\" content=\"Est. reading time\" \/>\n\t<meta name=\"twitter:data1\" content=\"2 minutes\" \/>\n<script type=\"application\/ld+json\" class=\"yoast-schema-graph\">{\"@context\":\"https:\/\/schema.org\",\"@graph\":[{\"@type\":\"WebPage\",\"@id\":\"https:\/\/efip.ctu.edu.vn\/web\/presentation\/luniversite-de-can-tho\/\",\"url\":\"https:\/\/efip.ctu.edu.vn\/web\/presentation\/luniversite-de-can-tho\/\",\"name\":\"L'Universit\u00e9 de Can Tho - EFIP\",\"isPartOf\":{\"@id\":\"https:\/\/efip.ctu.edu.vn\/web\/#website\"},\"primaryImageOfPage\":{\"@id\":\"https:\/\/efip.ctu.edu.vn\/web\/presentation\/luniversite-de-can-tho\/#primaryimage\"},\"image\":{\"@id\":\"https:\/\/efip.ctu.edu.vn\/web\/presentation\/luniversite-de-can-tho\/#primaryimage\"},\"thumbnailUrl\":\"https:\/\/efip.ctu.edu.vn\/web\/wp-content\/uploads\/2025\/05\/CTU_logo2024-300x300.png\",\"datePublished\":\"2013-12-11T02:58:36+00:00\",\"dateModified\":\"2025-05-02T02:52:48+00:00\",\"description\":\"L'EFIP a \u00e9t\u00e9 cr\u00e9\u00e9 en partenariat avec l'Universit\u00e9 de Can Tho. Celle-ci est la plus importante universit\u00e9 du delta du M\u00e9kong et accueille plus de 45 800 \u00e9tudiants chaque ann\u00e9e.\",\"breadcrumb\":{\"@id\":\"https:\/\/efip.ctu.edu.vn\/web\/presentation\/luniversite-de-can-tho\/#breadcrumb\"},\"inLanguage\":\"en-US\",\"potentialAction\":[{\"@type\":\"ReadAction\",\"target\":[\"https:\/\/efip.ctu.edu.vn\/web\/presentation\/luniversite-de-can-tho\/\"]}]},{\"@type\":\"ImageObject\",\"inLanguage\":\"en-US\",\"@id\":\"https:\/\/efip.ctu.edu.vn\/web\/presentation\/luniversite-de-can-tho\/#primaryimage\",\"url\":\"https:\/\/efip.ctu.edu.vn\/web\/wp-content\/uploads\/2025\/05\/CTU_logo2024.png\",\"contentUrl\":\"https:\/\/efip.ctu.edu.vn\/web\/wp-content\/uploads\/2025\/05\/CTU_logo2024.png\",\"width\":3840,\"height\":3841},{\"@type\":\"BreadcrumbList\",\"@id\":\"https:\/\/efip.ctu.edu.vn\/web\/presentation\/luniversite-de-can-tho\/#breadcrumb\",\"itemListElement\":[{\"@type\":\"ListItem\",\"position\":1,\"name\":\"Accueil\",\"item\":\"https:\/\/efip.ctu.edu.vn\/web\/\"},{\"@type\":\"ListItem\",\"position\":2,\"name\":\"Pr\u00e9sentation\",\"item\":\"https:\/\/efip.ctu.edu.vn\/web\/presentation\/\"},{\"@type\":\"ListItem\",\"position\":3,\"name\":\"L&#8217;Universit\u00e9 de Can Tho\"}]},{\"@type\":\"WebSite\",\"@id\":\"https:\/\/efip.ctu.edu.vn\/web\/#website\",\"url\":\"https:\/\/efip.ctu.edu.vn\/web\/\",\"name\":\"EFIP de Can Tho\",\"description\":\"Espace Francophone d&#039;Innovation et de Partenariat\",\"publisher\":{\"@id\":\"https:\/\/efip.ctu.edu.vn\/web\/#organization\"},\"potentialAction\":[{\"@type\":\"SearchAction\",\"target\":{\"@type\":\"EntryPoint\",\"urlTemplate\":\"https:\/\/efip.ctu.edu.vn\/web\/?s={search_term_string}\"},\"query-input\":{\"@type\":\"PropertyValueSpecification\",\"valueRequired\":true,\"valueName\":\"search_term_string\"}}],\"inLanguage\":\"en-US\"},{\"@type\":\"Organization\",\"@id\":\"https:\/\/efip.ctu.edu.vn\/web\/#organization\",\"name\":\"EFIP\",\"url\":\"https:\/\/efip.ctu.edu.vn\/web\/\",\"logo\":{\"@type\":\"ImageObject\",\"inLanguage\":\"en-US\",\"@id\":\"https:\/\/efip.ctu.edu.vn\/web\/#\/schema\/logo\/image\/\",\"url\":\"https:\/\/efip.ctu.edu.vn\/web\/wp-content\/uploads\/2025\/05\/efip2-150x89-1.jpg\",\"contentUrl\":\"https:\/\/efip.ctu.edu.vn\/web\/wp-content\/uploads\/2025\/05\/efip2-150x89-1.jpg\",\"width\":150,\"height\":89,\"caption\":\"EFIP\"},\"image\":{\"@id\":\"https:\/\/efip.ctu.edu.vn\/web\/#\/schema\/logo\/image\/\"},\"sameAs\":[\"https:\/\/www.facebook.com\/efipCanTho\"]}]}<\/script>\n<!-- \/ Yoast SEO plugin. -->","yoast_head_json":{"title":"L'Universit\u00e9 de Can Tho - EFIP","description":"L'EFIP a \u00e9t\u00e9 cr\u00e9\u00e9 en partenariat avec l'Universit\u00e9 de Can Tho. Celle-ci est la plus importante universit\u00e9 du delta du M\u00e9kong et accueille plus de 45 800 \u00e9tudiants chaque ann\u00e9e.","robots":{"index":"index","follow":"follow","max-snippet":"max-snippet:-1","max-image-preview":"max-image-preview:large","max-video-preview":"max-video-preview:-1"},"canonical":"https:\/\/efip.ctu.edu.vn\/web\/presentation\/luniversite-de-can-tho\/","og_locale":"en_US","og_type":"article","og_title":"L'Universit\u00e9 de Can Tho - EFIP","og_description":"L'EFIP a \u00e9t\u00e9 cr\u00e9\u00e9 en partenariat avec l'Universit\u00e9 de Can Tho. Celle-ci est la plus importante universit\u00e9 du delta du M\u00e9kong et accueille plus de 45 800 \u00e9tudiants chaque ann\u00e9e.","og_url":"https:\/\/efip.ctu.edu.vn\/web\/presentation\/luniversite-de-can-tho\/","og_site_name":"EFIP","article_publisher":"https:\/\/www.facebook.com\/efipCanTho","article_modified_time":"2025-05-02T02:52:48+00:00","og_image":[{"url":"http:\/\/123.30.143.210\/web\/wp-content\/uploads\/2013\/12\/logo_ctu-OK-300x300.png","type":"","width":"","height":""}],"twitter_card":"summary_large_image","twitter_misc":{"Est. reading time":"2 minutes"},"schema":{"@context":"https:\/\/schema.org","@graph":[{"@type":"WebPage","@id":"https:\/\/efip.ctu.edu.vn\/web\/presentation\/luniversite-de-can-tho\/","url":"https:\/\/efip.ctu.edu.vn\/web\/presentation\/luniversite-de-can-tho\/","name":"L'Universit\u00e9 de Can Tho - EFIP","isPartOf":{"@id":"https:\/\/efip.ctu.edu.vn\/web\/#website"},"primaryImageOfPage":{"@id":"https:\/\/efip.ctu.edu.vn\/web\/presentation\/luniversite-de-can-tho\/#primaryimage"},"image":{"@id":"https:\/\/efip.ctu.edu.vn\/web\/presentation\/luniversite-de-can-tho\/#primaryimage"},"thumbnailUrl":"https:\/\/efip.ctu.edu.vn\/web\/wp-content\/uploads\/2025\/05\/CTU_logo2024-300x300.png","datePublished":"2013-12-11T02:58:36+00:00","dateModified":"2025-05-02T02:52:48+00:00","description":"L'EFIP a \u00e9t\u00e9 cr\u00e9\u00e9 en partenariat avec l'Universit\u00e9 de Can Tho. Celle-ci est la plus importante universit\u00e9 du delta du M\u00e9kong et accueille plus de 45 800 \u00e9tudiants chaque ann\u00e9e.","breadcrumb":{"@id":"https:\/\/efip.ctu.edu.vn\/web\/presentation\/luniversite-de-can-tho\/#breadcrumb"},"inLanguage":"en-US","potentialAction":[{"@type":"ReadAction","target":["https:\/\/efip.ctu.edu.vn\/web\/presentation\/luniversite-de-can-tho\/"]}]},{"@type":"ImageObject","inLanguage":"en-US","@id":"https:\/\/efip.ctu.edu.vn\/web\/presentation\/luniversite-de-can-tho\/#primaryimage","url":"https:\/\/efip.ctu.edu.vn\/web\/wp-content\/uploads\/2025\/05\/CTU_logo2024.png","contentUrl":"https:\/\/efip.ctu.edu.vn\/web\/wp-content\/uploads\/2025\/05\/CTU_logo2024.png","width":3840,"height":3841},{"@type":"BreadcrumbList","@id":"https:\/\/efip.ctu.edu.vn\/web\/presentation\/luniversite-de-can-tho\/#breadcrumb","itemListElement":[{"@type":"ListItem","position":1,"name":"Accueil","item":"https:\/\/efip.ctu.edu.vn\/web\/"},{"@type":"ListItem","position":2,"name":"Pr\u00e9sentation","item":"https:\/\/efip.ctu.edu.vn\/web\/presentation\/"},{"@type":"ListItem","position":3,"name":"L&#8217;Universit\u00e9 de Can Tho"}]},{"@type":"WebSite","@id":"https:\/\/efip.ctu.edu.vn\/web\/#website","url":"https:\/\/efip.ctu.edu.vn\/web\/","name":"EFIP de Can Tho","description":"Espace Francophone d&#039;Innovation et de Partenariat","publisher":{"@id":"https:\/\/efip.ctu.edu.vn\/web\/#organization"},"potentialAction":[{"@type":"SearchAction","target":{"@type":"EntryPoint","urlTemplate":"https:\/\/efip.ctu.edu.vn\/web\/?s={search_term_string}"},"query-input":{"@type":"PropertyValueSpecification","valueRequired":true,"valueName":"search_term_string"}}],"inLanguage":"en-US"},{"@type":"Organization","@id":"https:\/\/efip.ctu.edu.vn\/web\/#organization","name":"EFIP","url":"https:\/\/efip.ctu.edu.vn\/web\/","logo":{"@type":"ImageObject","inLanguage":"en-US","@id":"https:\/\/efip.ctu.edu.vn\/web\/#\/schema\/logo\/image\/","url":"https:\/\/efip.ctu.edu.vn\/web\/wp-content\/uploads\/2025\/05\/efip2-150x89-1.jpg","contentUrl":"https:\/\/efip.ctu.edu.vn\/web\/wp-content\/uploads\/2025\/05\/efip2-150x89-1.jpg","width":150,"height":89,"caption":"EFIP"},"image":{"@id":"https:\/\/efip.ctu.edu.vn\/web\/#\/schema\/logo\/image\/"},"sameAs":["https:\/\/www.facebook.com\/efipCanTho"]}]}},"_links":{"self":[{"href":"https:\/\/efip.ctu.edu.vn\/web\/wp-json\/wp\/v2\/pages\/11","targetHints":{"allow":["GET"]}}],"collection":[{"href":"https:\/\/efip.ctu.edu.vn\/web\/wp-json\/wp\/v2\/pages"}],"about":[{"href":"https:\/\/efip.ctu.edu.vn\/web\/wp-json\/wp\/v2\/types\/page"}],"author":[{"embeddable":true,"href":"https:\/\/efip.ctu.edu.vn\/web\/wp-json\/wp\/v2\/users\/1"}],"replies":[{"embeddable":true,"href":"https:\/\/efip.ctu.edu.vn\/web\/wp-json\/wp\/v2\/comments?post=11"}],"version-history":[{"count":10,"href":"https:\/\/efip.ctu.edu.vn\/web\/wp-json\/wp\/v2\/pages\/11\/revisions"}],"predecessor-version":[{"id":4173,"href":"https:\/\/efip.ctu.edu.vn\/web\/wp-json\/wp\/v2\/pages\/11\/revisions\/4173"}],"up":[{"embeddable":true,"href":"https:\/\/efip.ctu.edu.vn\/web\/wp-json\/wp\/v2\/pages\/7"}],"wp:attachment":[{"href":"https:\/\/efip.ctu.edu.vn\/web\/wp-json\/wp\/v2\/media?parent=11"}],"curies":[{"name":"wp","href":"https:\/\/api.w.org\/{rel}","templated":true}]}}